{"id":3574,"date":"2020-08-24T16:40:20","date_gmt":"2020-08-24T20:40:20","guid":{"rendered":"https:\/\/modernniagara.com\/?page_id=3574"},"modified":"2020-08-24T16:44:11","modified_gmt":"2020-08-24T20:44:11","slug":"notre-impact","status":"publish","type":"page","link":"https:\/\/modernniagara.com\/fr\/carrieres\/notre-impact\/","title":{"rendered":"Notre impact"},"content":{"rendered":"<p>Modern Niagara, une perle rare parmi les entrepreneurs. En tant qu\u2019entreprise nationale, nous sommes en mesure d\u2019entreprendre des projets de toutes les tailles. Nous sommes suffisamment souples pour nous adapter, changer de cap ou agir rapidement selon l\u2019\u00e9volution des conditions et des besoins. C\u2019est une combinaison unique qui nous distingue.<\/p>\n<h3>Nos comp\u00e9tences<\/h3>\n<p>Modern Niagara r\u00e9alise des projets de services de m\u00e9canique, d\u2019\u00e9lectricit\u00e9, de contr\u00f4le des b\u00e2timents et de services d\u2019immeubles qu\u2019ils soient grands ou petits. Nos \u00e9quipes exp\u00e9riment\u00e9es, compos\u00e9es des meilleurs dans leur domaine, mettent \u00e0 profit leurs vastes connaissances, leur passion et leur ing\u00e9niosit\u00e9 pour mener \u00e0 bien chaque projet.<\/p>\n<h3>Notre offre<\/h3>\n<p>Nous sommes un employeur de choix offrant une r\u00e9mun\u00e9ration et des avantages sociaux concurrentiels. Toutefois, ce qui nous distingue vraiment, c\u2019est notre culture. Lorsque vous travaillez pour Modern Niagara, vous contribuez \u00e0 un objectif qui vous d\u00e9passe, \u00e0 quelque chose de plus grand que vous\u00a0: une \u00e9quipe qui incarne ses valeurs, qui s\u2019engage aupr\u00e8s de la communaut\u00e9 et qui travaille ensemble pour contribuer \u00e0 l\u2019infrastructure du pays.<\/p>\n<p>Nous savons que nos employ\u00e9s sont les meilleurs de l\u2019industrie et nous leur offrons tout ce dont ils ont besoin pour continuer d\u2019exceller. Notamment\u00a0:<\/p>\n<ul>\n<li>Occasions de partage des b\u00e9n\u00e9fices<\/li>\n<li>R\u00e9gimes de retraite et d\u2019assurance maladie financ\u00e9s par l\u2019entreprise<\/li>\n<li>Formation professionnelle et technique continue<\/li>\n<li>Planification de carri\u00e8re \u00e0 long terme<\/li>\n<li>Engagement envers la sant\u00e9 et la s\u00e9curit\u00e9 et la sant\u00e9 mentale au travail<\/li>\n<li>Programme d\u2019aide aux employ\u00e9s et aux familles (PAEF)<\/li>\n<li>Arrangements de travail adapt\u00e9s aux familles<\/li>\n<li>Rabais d\u2019entreprise<\/li>\n<li>\u00c9v\u00e9nements sociaux internes<\/li>\n<li>Occasions de s\u2019engager aupr\u00e8s de la communaut\u00e9 et de soutenir des causes ch\u00e8res<\/li>\n<\/ul>\n<h3>Joignez-vous \u00e0 notre \u00e9quipe<\/h3>\n<p>Nous sommes toujours \u00e0 la recherche de personnes partageant nos valeurs qui souhaitent mettre \u00e0 profit leurs comp\u00e9tences et leurs talents pour que Modern Niagara devienne plus forte. Nous avons des bureaux \u00e0 Vancouver, Calgary, Edmonton, Toronto et Ottawa. Consultez notre liste d\u2019offres d\u2019emploi actuelles.<\/p>\n","protected":false},"excerpt":{"rendered":"<p>Modern Niagara est un employeur de choix offrant une culture d\u2019entreprise forte, des salaires et des avantages sociaux concurrentiels, des occasions de partage des b\u00e9n\u00e9fices, un r\u00e9gime de retraite, etc.<\/p>\n","protected":false},"author":1,"featured_media":4829,"parent":3256,"menu_order":2,"comment_status":"closed","ping_status":"closed","template":"","meta":{"_acf_changed":false,"footnotes":""},"class_list":["post-3574","page","type-page","status-publish","has-post-thumbnail","hentry"],"acf":[],"yoast_head":"<!-- This site is optimized with the Yoast SEO plugin v27.3 - https:\/\/yoast.com\/product\/yoast-seo-wordpress\/ -->\n<title>Notre impact | Modern Niagara | M\u00e9canique, \u00e9lectricit\u00e9, CVC et plomberie<\/title>\n<meta name=\"description\" content=\"Modern Niagara est un employeur de choix offrant une culture d\u2019entreprise forte, des salaires et des avantages sociaux concurrentiels, des occasions de partage des b\u00e9n\u00e9fices, un r\u00e9gime de retraite, etc.\" \/>\n<meta name=\"robots\" content=\"index, follow, max-snippet:-1, max-image-preview:large, max-video-preview:-1\" \/>\n<link rel=\"canonical\" href=\"https:\/\/modernniagara.com\/fr\/carrieres\/notre-impact\/\" \/>\n<meta property=\"og:locale\" content=\"fr_FR\" \/>\n<meta property=\"og:type\" content=\"article\" \/>\n<meta property=\"og:title\" content=\"Notre impact | Modern Niagara | M\u00e9canique, \u00e9lectricit\u00e9, CVC et plomberie\" \/>\n<meta property=\"og:description\" content=\"Modern Niagara est un employeur de choix offrant une culture d\u2019entreprise forte, des salaires et des avantages sociaux concurrentiels, des occasions de partage des b\u00e9n\u00e9fices, un r\u00e9gime de retraite, etc.\" \/>\n<meta property=\"og:url\" content=\"https:\/\/modernniagara.com\/fr\/carrieres\/notre-impact\/\" \/>\n<meta property=\"og:site_name\" content=\"Modern Niagara\" \/>\n<meta property=\"article:modified_time\" content=\"2020-08-24T20:44:11+00:00\" \/>\n<meta property=\"og:image\" content=\"https:\/\/modernniagara.com\/wp-content\/uploads\/careers_our_impact_feature_317x195_blue_f.jpg\" \/>\n\t<meta property=\"og:image:width\" content=\"317\" \/>\n\t<meta property=\"og:image:height\" content=\"195\" \/>\n\t<meta property=\"og:image:type\" content=\"image\/jpeg\" \/>\n<meta name=\"twitter:card\" content=\"summary_large_image\" \/>\n<script type=\"application\/ld+json\" class=\"yoast-schema-graph\">{\"@context\":\"https:\\\/\\\/schema.org\",\"@graph\":[{\"@type\":\"WebPage\",\"@id\":\"https:\\\/\\\/modernniagara.com\\\/fr\\\/carrieres\\\/notre-impact\\\/\",\"url\":\"https:\\\/\\\/modernniagara.com\\\/fr\\\/carrieres\\\/notre-impact\\\/\",\"name\":\"Notre impact | Modern Niagara | M\u00e9canique, \u00e9lectricit\u00e9, CVC et plomberie\",\"isPartOf\":{\"@id\":\"https:\\\/\\\/modernniagara.com\\\/#website\"},\"primaryImageOfPage\":{\"@id\":\"https:\\\/\\\/modernniagara.com\\\/fr\\\/carrieres\\\/notre-impact\\\/#primaryimage\"},\"image\":{\"@id\":\"https:\\\/\\\/modernniagara.com\\\/fr\\\/carrieres\\\/notre-impact\\\/#primaryimage\"},\"thumbnailUrl\":\"https:\\\/\\\/modernniagara.com\\\/wp-content\\\/uploads\\\/careers_our_impact_feature_317x195_blue_f.jpg\",\"datePublished\":\"2020-08-24T20:40:20+00:00\",\"dateModified\":\"2020-08-24T20:44:11+00:00\",\"description\":\"Modern Niagara est un employeur de choix offrant une culture d\u2019entreprise forte, des salaires et des avantages sociaux concurrentiels, des occasions de partage des b\u00e9n\u00e9fices, un r\u00e9gime de retraite, etc.\",\"breadcrumb\":{\"@id\":\"https:\\\/\\\/modernniagara.com\\\/fr\\\/carrieres\\\/notre-impact\\\/#breadcrumb\"},\"inLanguage\":\"fr-FR\",\"potentialAction\":[{\"@type\":\"ReadAction\",\"target\":[\"https:\\\/\\\/modernniagara.com\\\/fr\\\/carrieres\\\/notre-impact\\\/\"]}]},{\"@type\":\"ImageObject\",\"inLanguage\":\"fr-FR\",\"@id\":\"https:\\\/\\\/modernniagara.com\\\/fr\\\/carrieres\\\/notre-impact\\\/#primaryimage\",\"url\":\"https:\\\/\\\/modernniagara.com\\\/wp-content\\\/uploads\\\/careers_our_impact_feature_317x195_blue_f.jpg\",\"contentUrl\":\"https:\\\/\\\/modernniagara.com\\\/wp-content\\\/uploads\\\/careers_our_impact_feature_317x195_blue_f.jpg\",\"width\":317,\"height\":195},{\"@type\":\"BreadcrumbList\",\"@id\":\"https:\\\/\\\/modernniagara.com\\\/fr\\\/carrieres\\\/notre-impact\\\/#breadcrumb\",\"itemListElement\":[{\"@type\":\"ListItem\",\"position\":1,\"name\":\"Accueil\",\"item\":\"https:\\\/\\\/modernniagara.com\\\/fr\\\/\"},{\"@type\":\"ListItem\",\"position\":2,\"name\":\"Carri\u00e8res\",\"item\":\"https:\\\/\\\/modernniagara.com\\\/fr\\\/carrieres\\\/\"},{\"@type\":\"ListItem\",\"position\":3,\"name\":\"Notre impact\"}]},{\"@type\":\"WebSite\",\"@id\":\"https:\\\/\\\/modernniagara.com\\\/#website\",\"url\":\"https:\\\/\\\/modernniagara.com\\\/\",\"name\":\"Modern Niagara\",\"description\":\"\",\"potentialAction\":[{\"@type\":\"SearchAction\",\"target\":{\"@type\":\"EntryPoint\",\"urlTemplate\":\"https:\\\/\\\/modernniagara.com\\\/?s={search_term_string}\"},\"query-input\":{\"@type\":\"PropertyValueSpecification\",\"valueRequired\":true,\"valueName\":\"search_term_string\"}}],\"inLanguage\":\"fr-FR\"}]}<\/script>\n<!-- \/ Yoast SEO plugin. -->","yoast_head_json":{"title":"Notre impact | Modern Niagara | M\u00e9canique, \u00e9lectricit\u00e9, CVC et plomberie","description":"Modern Niagara est un employeur de choix offrant une culture d\u2019entreprise forte, des salaires et des avantages sociaux concurrentiels, des occasions de partage des b\u00e9n\u00e9fices, un r\u00e9gime de retraite, etc.","robots":{"index":"index","follow":"follow","max-snippet":"max-snippet:-1","max-image-preview":"max-image-preview:large","max-video-preview":"max-video-preview:-1"},"canonical":"https:\/\/modernniagara.com\/fr\/carrieres\/notre-impact\/","og_locale":"fr_FR","og_type":"article","og_title":"Notre impact | Modern Niagara | M\u00e9canique, \u00e9lectricit\u00e9, CVC et plomberie","og_description":"Modern Niagara est un employeur de choix offrant une culture d\u2019entreprise forte, des salaires et des avantages sociaux concurrentiels, des occasions de partage des b\u00e9n\u00e9fices, un r\u00e9gime de retraite, etc.","og_url":"https:\/\/modernniagara.com\/fr\/carrieres\/notre-impact\/","og_site_name":"Modern Niagara","article_modified_time":"2020-08-24T20:44:11+00:00","og_image":[{"width":317,"height":195,"url":"https:\/\/modernniagara.com\/wp-content\/uploads\/careers_our_impact_feature_317x195_blue_f.jpg","type":"image\/jpeg"}],"twitter_card":"summary_large_image","schema":{"@context":"https:\/\/schema.org","@graph":[{"@type":"WebPage","@id":"https:\/\/modernniagara.com\/fr\/carrieres\/notre-impact\/","url":"https:\/\/modernniagara.com\/fr\/carrieres\/notre-impact\/","name":"Notre impact | Modern Niagara | M\u00e9canique, \u00e9lectricit\u00e9, CVC et plomberie","isPartOf":{"@id":"https:\/\/modernniagara.com\/#website"},"primaryImageOfPage":{"@id":"https:\/\/modernniagara.com\/fr\/carrieres\/notre-impact\/#primaryimage"},"image":{"@id":"https:\/\/modernniagara.com\/fr\/carrieres\/notre-impact\/#primaryimage"},"thumbnailUrl":"https:\/\/modernniagara.com\/wp-content\/uploads\/careers_our_impact_feature_317x195_blue_f.jpg","datePublished":"2020-08-24T20:40:20+00:00","dateModified":"2020-08-24T20:44:11+00:00","description":"Modern Niagara est un employeur de choix offrant une culture d\u2019entreprise forte, des salaires et des avantages sociaux concurrentiels, des occasions de partage des b\u00e9n\u00e9fices, un r\u00e9gime de retraite, etc.","breadcrumb":{"@id":"https:\/\/modernniagara.com\/fr\/carrieres\/notre-impact\/#breadcrumb"},"inLanguage":"fr-FR","potentialAction":[{"@type":"ReadAction","target":["https:\/\/modernniagara.com\/fr\/carrieres\/notre-impact\/"]}]},{"@type":"ImageObject","inLanguage":"fr-FR","@id":"https:\/\/modernniagara.com\/fr\/carrieres\/notre-impact\/#primaryimage","url":"https:\/\/modernniagara.com\/wp-content\/uploads\/careers_our_impact_feature_317x195_blue_f.jpg","contentUrl":"https:\/\/modernniagara.com\/wp-content\/uploads\/careers_our_impact_feature_317x195_blue_f.jpg","width":317,"height":195},{"@type":"BreadcrumbList","@id":"https:\/\/modernniagara.com\/fr\/carrieres\/notre-impact\/#breadcrumb","itemListElement":[{"@type":"ListItem","position":1,"name":"Accueil","item":"https:\/\/modernniagara.com\/fr\/"},{"@type":"ListItem","position":2,"name":"Carri\u00e8res","item":"https:\/\/modernniagara.com\/fr\/carrieres\/"},{"@type":"ListItem","position":3,"name":"Notre impact"}]},{"@type":"WebSite","@id":"https:\/\/modernniagara.com\/#website","url":"https:\/\/modernniagara.com\/","name":"Modern Niagara","description":"","potentialAction":[{"@type":"SearchAction","target":{"@type":"EntryPoint","urlTemplate":"https:\/\/modernniagara.com\/?s={search_term_string}"},"query-input":{"@type":"PropertyValueSpecification","valueRequired":true,"valueName":"search_term_string"}}],"inLanguage":"fr-FR"}]}},"_links":{"self":[{"href":"https:\/\/modernniagara.com\/fr\/wp-json\/wp\/v2\/pages\/3574","targetHints":{"allow":["GET"]}}],"collection":[{"href":"https:\/\/modernniagara.com\/fr\/wp-json\/wp\/v2\/pages"}],"about":[{"href":"https:\/\/modernniagara.com\/fr\/wp-json\/wp\/v2\/types\/page"}],"author":[{"embeddable":true,"href":"https:\/\/modernniagara.com\/fr\/wp-json\/wp\/v2\/users\/1"}],"replies":[{"embeddable":true,"href":"https:\/\/modernniagara.com\/fr\/wp-json\/wp\/v2\/comments?post=3574"}],"version-history":[{"count":4,"href":"https:\/\/modernniagara.com\/fr\/wp-json\/wp\/v2\/pages\/3574\/revisions"}],"predecessor-version":[{"id":3578,"href":"https:\/\/modernniagara.com\/fr\/wp-json\/wp\/v2\/pages\/3574\/revisions\/3578"}],"up":[{"embeddable":true,"href":"https:\/\/modernniagara.com\/fr\/wp-json\/wp\/v2\/pages\/3256"}],"wp:featuredmedia":[{"embeddable":true,"href":"https:\/\/modernniagara.com\/fr\/wp-json\/wp\/v2\/media\/4829"}],"wp:attachment":[{"href":"https:\/\/modernniagara.com\/fr\/wp-json\/wp\/v2\/media?parent=3574"}],"curies":[{"name":"wp","href":"https:\/\/api.w.org\/{rel}","templated":true}]}}