{"id":3514,"date":"2020-08-24T15:58:00","date_gmt":"2020-08-24T19:58:00","guid":{"rendered":"https:\/\/modernniagara.com\/?page_id=3514"},"modified":"2020-08-24T16:00:35","modified_gmt":"2020-08-24T20:00:35","slug":"notre-culture","status":"publish","type":"page","link":"https:\/\/modernniagara.com\/fr\/notre-culture\/","title":{"rendered":"Notre culture"},"content":{"rendered":"<h2>Contribuez \u00e0 un objectif qui vous d\u00e9passe.<\/h2>\n<p>Lorsque vous travaillez pour Modern Niagara, vous appartenez \u00e0 une entreprise unique fond\u00e9e sur une culture exceptionnelle ax\u00e9e sur le travail d\u2019\u00e9quipe, l\u2019initiative, la d\u00e9termination, le professionnalisme et la passion que nous avons b\u00e2tie ensemble.<\/p>\n<p>Modern Niagara repr\u00e9sente plus qu&rsquo;un simple lieu de travail. C\u2019est un endroit o\u00f9 vous pouvez apprendre et vous d\u00e9velopper, tant sur le plan personnel que professionnel. Nous investissons dans nos employ\u00e9s gr\u00e2ce \u00e0 des programmes de mentorat structur\u00e9s et d&rsquo;autres occasions d\u2019apprentissage. Nous redonnons aux collectivit\u00e9s dont nous faisons partie au moyen de dons de bienfaisance et de b\u00e9n\u00e9volat. De tels engagements ont contribu\u00e9 \u00e0 faire de Modern Niagara un employeur de choix.<\/p>\n","protected":false},"excerpt":{"rendered":"<p>Joignez-vous \u00e0 une \u00e9quipe unie par des objectifs communs, la confiance mutuelle et le respect.<\/p>\n","protected":false},"author":1,"featured_media":4823,"parent":0,"menu_order":999,"comment_status":"closed","ping_status":"closed","template":"","meta":{"_acf_changed":false,"footnotes":""},"class_list":["post-3514","page","type-page","status-publish","has-post-thumbnail","hentry"],"acf":[],"yoast_head":"<!-- This site is optimized with the Yoast SEO plugin v27.3 - https:\/\/yoast.com\/product\/yoast-seo-wordpress\/ -->\n<title>Notre culture | Modern Niagara | M\u00e9canique, \u00e9lectricit\u00e9, CVC et plomberie<\/title>\n<meta name=\"description\" content=\"En travaillant pour Modern Niagara, vous contribuez \u00e0 un objectif qui vous d\u00e9passe, participez \u00e0 une culture gagnante, et profitez d\u2019occasions pour vous engager aupr\u00e8s de la communaut\u00e9, apprendre et \u00e9voluer.\" \/>\n<meta name=\"robots\" content=\"index, follow, max-snippet:-1, max-image-preview:large, max-video-preview:-1\" \/>\n<link rel=\"canonical\" href=\"https:\/\/modernniagara.com\/fr\/notre-culture\/\" \/>\n<meta property=\"og:locale\" content=\"fr_FR\" \/>\n<meta property=\"og:type\" content=\"article\" \/>\n<meta property=\"og:title\" content=\"Notre culture | Modern Niagara | M\u00e9canique, \u00e9lectricit\u00e9, CVC et plomberie\" \/>\n<meta property=\"og:description\" content=\"En travaillant pour Modern Niagara, vous contribuez \u00e0 un objectif qui vous d\u00e9passe, participez \u00e0 une culture gagnante, et profitez d\u2019occasions pour vous engager aupr\u00e8s de la communaut\u00e9, apprendre et \u00e9voluer.\" \/>\n<meta property=\"og:url\" content=\"https:\/\/modernniagara.com\/fr\/notre-culture\/\" \/>\n<meta property=\"og:site_name\" content=\"Modern Niagara\" \/>\n<meta property=\"article:modified_time\" content=\"2020-08-24T20:00:35+00:00\" \/>\n<meta property=\"og:image\" content=\"https:\/\/modernniagara.com\/wp-content\/uploads\/careers_culture_blue_feature_317x195_blue_f.jpg\" \/>\n\t<meta property=\"og:image:width\" content=\"317\" \/>\n\t<meta property=\"og:image:height\" content=\"195\" \/>\n\t<meta property=\"og:image:type\" content=\"image\/jpeg\" \/>\n<meta name=\"twitter:card\" content=\"summary_large_image\" \/>\n<script type=\"application\/ld+json\" class=\"yoast-schema-graph\">{\"@context\":\"https:\\\/\\\/schema.org\",\"@graph\":[{\"@type\":\"WebPage\",\"@id\":\"https:\\\/\\\/modernniagara.com\\\/fr\\\/notre-culture\\\/\",\"url\":\"https:\\\/\\\/modernniagara.com\\\/fr\\\/notre-culture\\\/\",\"name\":\"Notre culture | Modern Niagara | M\u00e9canique, \u00e9lectricit\u00e9, CVC et plomberie\",\"isPartOf\":{\"@id\":\"https:\\\/\\\/modernniagara.com\\\/#website\"},\"primaryImageOfPage\":{\"@id\":\"https:\\\/\\\/modernniagara.com\\\/fr\\\/notre-culture\\\/#primaryimage\"},\"image\":{\"@id\":\"https:\\\/\\\/modernniagara.com\\\/fr\\\/notre-culture\\\/#primaryimage\"},\"thumbnailUrl\":\"https:\\\/\\\/modernniagara.com\\\/wp-content\\\/uploads\\\/careers_culture_blue_feature_317x195_blue_f.jpg\",\"datePublished\":\"2020-08-24T19:58:00+00:00\",\"dateModified\":\"2020-08-24T20:00:35+00:00\",\"description\":\"En travaillant pour Modern Niagara, vous contribuez \u00e0 un objectif qui vous d\u00e9passe, participez \u00e0 une culture gagnante, et profitez d\u2019occasions pour vous engager aupr\u00e8s de la communaut\u00e9, apprendre et \u00e9voluer.\",\"breadcrumb\":{\"@id\":\"https:\\\/\\\/modernniagara.com\\\/fr\\\/notre-culture\\\/#breadcrumb\"},\"inLanguage\":\"fr-FR\",\"potentialAction\":[{\"@type\":\"ReadAction\",\"target\":[\"https:\\\/\\\/modernniagara.com\\\/fr\\\/notre-culture\\\/\"]}]},{\"@type\":\"ImageObject\",\"inLanguage\":\"fr-FR\",\"@id\":\"https:\\\/\\\/modernniagara.com\\\/fr\\\/notre-culture\\\/#primaryimage\",\"url\":\"https:\\\/\\\/modernniagara.com\\\/wp-content\\\/uploads\\\/careers_culture_blue_feature_317x195_blue_f.jpg\",\"contentUrl\":\"https:\\\/\\\/modernniagara.com\\\/wp-content\\\/uploads\\\/careers_culture_blue_feature_317x195_blue_f.jpg\",\"width\":317,\"height\":195},{\"@type\":\"BreadcrumbList\",\"@id\":\"https:\\\/\\\/modernniagara.com\\\/fr\\\/notre-culture\\\/#breadcrumb\",\"itemListElement\":[{\"@type\":\"ListItem\",\"position\":1,\"name\":\"Accueil\",\"item\":\"https:\\\/\\\/modernniagara.com\\\/fr\\\/\"},{\"@type\":\"ListItem\",\"position\":2,\"name\":\"Notre culture\"}]},{\"@type\":\"WebSite\",\"@id\":\"https:\\\/\\\/modernniagara.com\\\/#website\",\"url\":\"https:\\\/\\\/modernniagara.com\\\/\",\"name\":\"Modern Niagara\",\"description\":\"\",\"potentialAction\":[{\"@type\":\"SearchAction\",\"target\":{\"@type\":\"EntryPoint\",\"urlTemplate\":\"https:\\\/\\\/modernniagara.com\\\/?s={search_term_string}\"},\"query-input\":{\"@type\":\"PropertyValueSpecification\",\"valueRequired\":true,\"valueName\":\"search_term_string\"}}],\"inLanguage\":\"fr-FR\"}]}<\/script>\n<!-- \/ Yoast SEO plugin. -->","yoast_head_json":{"title":"Notre culture | Modern Niagara | M\u00e9canique, \u00e9lectricit\u00e9, CVC et plomberie","description":"En travaillant pour Modern Niagara, vous contribuez \u00e0 un objectif qui vous d\u00e9passe, participez \u00e0 une culture gagnante, et profitez d\u2019occasions pour vous engager aupr\u00e8s de la communaut\u00e9, apprendre et \u00e9voluer.","robots":{"index":"index","follow":"follow","max-snippet":"max-snippet:-1","max-image-preview":"max-image-preview:large","max-video-preview":"max-video-preview:-1"},"canonical":"https:\/\/modernniagara.com\/fr\/notre-culture\/","og_locale":"fr_FR","og_type":"article","og_title":"Notre culture | Modern Niagara | M\u00e9canique, \u00e9lectricit\u00e9, CVC et plomberie","og_description":"En travaillant pour Modern Niagara, vous contribuez \u00e0 un objectif qui vous d\u00e9passe, participez \u00e0 une culture gagnante, et profitez d\u2019occasions pour vous engager aupr\u00e8s de la communaut\u00e9, apprendre et \u00e9voluer.","og_url":"https:\/\/modernniagara.com\/fr\/notre-culture\/","og_site_name":"Modern Niagara","article_modified_time":"2020-08-24T20:00:35+00:00","og_image":[{"width":317,"height":195,"url":"https:\/\/modernniagara.com\/wp-content\/uploads\/careers_culture_blue_feature_317x195_blue_f.jpg","type":"image\/jpeg"}],"twitter_card":"summary_large_image","schema":{"@context":"https:\/\/schema.org","@graph":[{"@type":"WebPage","@id":"https:\/\/modernniagara.com\/fr\/notre-culture\/","url":"https:\/\/modernniagara.com\/fr\/notre-culture\/","name":"Notre culture | Modern Niagara | M\u00e9canique, \u00e9lectricit\u00e9, CVC et plomberie","isPartOf":{"@id":"https:\/\/modernniagara.com\/#website"},"primaryImageOfPage":{"@id":"https:\/\/modernniagara.com\/fr\/notre-culture\/#primaryimage"},"image":{"@id":"https:\/\/modernniagara.com\/fr\/notre-culture\/#primaryimage"},"thumbnailUrl":"https:\/\/modernniagara.com\/wp-content\/uploads\/careers_culture_blue_feature_317x195_blue_f.jpg","datePublished":"2020-08-24T19:58:00+00:00","dateModified":"2020-08-24T20:00:35+00:00","description":"En travaillant pour Modern Niagara, vous contribuez \u00e0 un objectif qui vous d\u00e9passe, participez \u00e0 une culture gagnante, et profitez d\u2019occasions pour vous engager aupr\u00e8s de la communaut\u00e9, apprendre et \u00e9voluer.","breadcrumb":{"@id":"https:\/\/modernniagara.com\/fr\/notre-culture\/#breadcrumb"},"inLanguage":"fr-FR","potentialAction":[{"@type":"ReadAction","target":["https:\/\/modernniagara.com\/fr\/notre-culture\/"]}]},{"@type":"ImageObject","inLanguage":"fr-FR","@id":"https:\/\/modernniagara.com\/fr\/notre-culture\/#primaryimage","url":"https:\/\/modernniagara.com\/wp-content\/uploads\/careers_culture_blue_feature_317x195_blue_f.jpg","contentUrl":"https:\/\/modernniagara.com\/wp-content\/uploads\/careers_culture_blue_feature_317x195_blue_f.jpg","width":317,"height":195},{"@type":"BreadcrumbList","@id":"https:\/\/modernniagara.com\/fr\/notre-culture\/#breadcrumb","itemListElement":[{"@type":"ListItem","position":1,"name":"Accueil","item":"https:\/\/modernniagara.com\/fr\/"},{"@type":"ListItem","position":2,"name":"Notre culture"}]},{"@type":"WebSite","@id":"https:\/\/modernniagara.com\/#website","url":"https:\/\/modernniagara.com\/","name":"Modern Niagara","description":"","potentialAction":[{"@type":"SearchAction","target":{"@type":"EntryPoint","urlTemplate":"https:\/\/modernniagara.com\/?s={search_term_string}"},"query-input":{"@type":"PropertyValueSpecification","valueRequired":true,"valueName":"search_term_string"}}],"inLanguage":"fr-FR"}]}},"_links":{"self":[{"href":"https:\/\/modernniagara.com\/fr\/wp-json\/wp\/v2\/pages\/3514","targetHints":{"allow":["GET"]}}],"collection":[{"href":"https:\/\/modernniagara.com\/fr\/wp-json\/wp\/v2\/pages"}],"about":[{"href":"https:\/\/modernniagara.com\/fr\/wp-json\/wp\/v2\/types\/page"}],"author":[{"embeddable":true,"href":"https:\/\/modernniagara.com\/fr\/wp-json\/wp\/v2\/users\/1"}],"replies":[{"embeddable":true,"href":"https:\/\/modernniagara.com\/fr\/wp-json\/wp\/v2\/comments?post=3514"}],"version-history":[{"count":4,"href":"https:\/\/modernniagara.com\/fr\/wp-json\/wp\/v2\/pages\/3514\/revisions"}],"predecessor-version":[{"id":3518,"href":"https:\/\/modernniagara.com\/fr\/wp-json\/wp\/v2\/pages\/3514\/revisions\/3518"}],"wp:featuredmedia":[{"embeddable":true,"href":"https:\/\/modernniagara.com\/fr\/wp-json\/wp\/v2\/media\/4823"}],"wp:attachment":[{"href":"https:\/\/modernniagara.com\/fr\/wp-json\/wp\/v2\/media?parent=3514"}],"curies":[{"name":"wp","href":"https:\/\/api.w.org\/{rel}","templated":true}]}}