{"id":3407,"date":"2020-08-21T17:43:04","date_gmt":"2020-08-21T21:43:04","guid":{"rendered":"https:\/\/modernniagara.com\/?page_id=3407"},"modified":"2020-08-21T17:46:01","modified_gmt":"2020-08-21T21:46:01","slug":"coordonnees","status":"publish","type":"page","link":"https:\/\/modernniagara.com\/fr\/coordonnees\/","title":{"rendered":"Coordonn\u00e9es"},"content":{"rendered":"<p>Modern Niagara Group offre les avantages d\u2019un bassin de ressources national et la culture d\u2019une entreprise locale g\u00e9r\u00e9e par ses propri\u00e9taires. Notre \u00e9quipe est impatiente de vous aider \u00e0 r\u00e9aliser votre prochain projet.<\/p>\n<p>Nous vous invitons \u00e0 communiquer avec le bureau le plus pr\u00e8s de vous\u00a0:<\/p>\n<img loading=\"lazy\" decoding=\"async\" src=\"https:\/\/modernniagara.com\/wp-content\/uploads\/2020\/08\/contact-map-FR.png\" alt=\"\" width=\"1190\" height=\"479\" class=\"alignnone size-full wp-image-3409\" srcset=\"https:\/\/modernniagara.com\/wp-content\/uploads\/2020\/08\/contact-map-FR.png 1190w, https:\/\/modernniagara.com\/wp-content\/uploads\/2020\/08\/contact-map-FR-300x121.png 300w, https:\/\/modernniagara.com\/wp-content\/uploads\/2020\/08\/contact-map-FR-1024x412.png 1024w, https:\/\/modernniagara.com\/wp-content\/uploads\/2020\/08\/contact-map-FR-768x309.png 768w\" sizes=\"auto, (max-width: 1190px) 100vw, 1190px\" \/>\n","protected":false},"excerpt":{"rendered":"<p>Modern Niagara Group offre les avantages d\u2019un bassin de ressources national et la culture d\u2019une entreprise locale g\u00e9r\u00e9e par ses propri\u00e9taires. Notre \u00e9quipe est impatiente de vous aider \u00e0 r\u00e9aliser votre prochain projet. Nous vous invitons \u00e0 communiquer avec le bureau le plus pr\u00e8s de vous\u00a0:<\/p>\n","protected":false},"author":1,"featured_media":0,"parent":0,"menu_order":6,"comment_status":"closed","ping_status":"closed","template":"page-contact.php","meta":{"_acf_changed":false,"footnotes":""},"class_list":["post-3407","page","type-page","status-publish","hentry"],"acf":[],"yoast_head":"<!-- This site is optimized with the Yoast SEO plugin v27.3 - https:\/\/yoast.com\/product\/yoast-seo-wordpress\/ -->\n<title>Coordonn\u00e9es | Modern Niagara | M\u00e9canique, \u00e9lectricit\u00e9, CVC et plomberie<\/title>\n<meta name=\"description\" content=\"Communiquez avec Modern Niagara dans votre r\u00e9gion. Nous avons des bureaux \u00e0 Vancouver, Calgary, Edmonton, Toronto, Kingston et Ottawa.\" \/>\n<meta name=\"robots\" content=\"index, follow, max-snippet:-1, max-image-preview:large, max-video-preview:-1\" \/>\n<link rel=\"canonical\" href=\"https:\/\/modernniagara.com\/fr\/coordonnees\/\" \/>\n<meta property=\"og:locale\" content=\"fr_FR\" \/>\n<meta property=\"og:type\" content=\"article\" \/>\n<meta property=\"og:title\" content=\"Coordonn\u00e9es | Modern Niagara | M\u00e9canique, \u00e9lectricit\u00e9, CVC et plomberie\" \/>\n<meta property=\"og:description\" content=\"Communiquez avec Modern Niagara dans votre r\u00e9gion. Nous avons des bureaux \u00e0 Vancouver, Calgary, Edmonton, Toronto, Kingston et Ottawa.\" \/>\n<meta property=\"og:url\" content=\"https:\/\/modernniagara.com\/fr\/coordonnees\/\" \/>\n<meta property=\"og:site_name\" content=\"Modern Niagara\" \/>\n<meta property=\"article:modified_time\" content=\"2020-08-21T21:46:01+00:00\" \/>\n<meta property=\"og:image\" content=\"https:\/\/modernniagara.com\/wp-content\/uploads\/2020\/08\/contact-map-FR.png\" \/>\n<meta name=\"twitter:card\" content=\"summary_large_image\" \/>\n<script type=\"application\/ld+json\" class=\"yoast-schema-graph\">{\"@context\":\"https:\\\/\\\/schema.org\",\"@graph\":[{\"@type\":\"WebPage\",\"@id\":\"https:\\\/\\\/modernniagara.com\\\/fr\\\/coordonnees\\\/\",\"url\":\"https:\\\/\\\/modernniagara.com\\\/fr\\\/coordonnees\\\/\",\"name\":\"Coordonn\u00e9es | Modern Niagara | M\u00e9canique, \u00e9lectricit\u00e9, CVC et plomberie\",\"isPartOf\":{\"@id\":\"https:\\\/\\\/modernniagara.com\\\/#website\"},\"primaryImageOfPage\":{\"@id\":\"https:\\\/\\\/modernniagara.com\\\/fr\\\/coordonnees\\\/#primaryimage\"},\"image\":{\"@id\":\"https:\\\/\\\/modernniagara.com\\\/fr\\\/coordonnees\\\/#primaryimage\"},\"thumbnailUrl\":\"https:\\\/\\\/modernniagara.com\\\/wp-content\\\/uploads\\\/2020\\\/08\\\/contact-map-FR.png\",\"datePublished\":\"2020-08-21T21:43:04+00:00\",\"dateModified\":\"2020-08-21T21:46:01+00:00\",\"description\":\"Communiquez avec Modern Niagara dans votre r\u00e9gion. Nous avons des bureaux \u00e0 Vancouver, Calgary, Edmonton, Toronto, Kingston et Ottawa.\",\"breadcrumb\":{\"@id\":\"https:\\\/\\\/modernniagara.com\\\/fr\\\/coordonnees\\\/#breadcrumb\"},\"inLanguage\":\"fr-FR\",\"potentialAction\":[{\"@type\":\"ReadAction\",\"target\":[\"https:\\\/\\\/modernniagara.com\\\/fr\\\/coordonnees\\\/\"]}]},{\"@type\":\"ImageObject\",\"inLanguage\":\"fr-FR\",\"@id\":\"https:\\\/\\\/modernniagara.com\\\/fr\\\/coordonnees\\\/#primaryimage\",\"url\":\"https:\\\/\\\/modernniagara.com\\\/wp-content\\\/uploads\\\/2020\\\/08\\\/contact-map-FR.png\",\"contentUrl\":\"https:\\\/\\\/modernniagara.com\\\/wp-content\\\/uploads\\\/2020\\\/08\\\/contact-map-FR.png\"},{\"@type\":\"BreadcrumbList\",\"@id\":\"https:\\\/\\\/modernniagara.com\\\/fr\\\/coordonnees\\\/#breadcrumb\",\"itemListElement\":[{\"@type\":\"ListItem\",\"position\":1,\"name\":\"Accueil\",\"item\":\"https:\\\/\\\/modernniagara.com\\\/fr\\\/\"},{\"@type\":\"ListItem\",\"position\":2,\"name\":\"Coordonn\u00e9es\"}]},{\"@type\":\"WebSite\",\"@id\":\"https:\\\/\\\/modernniagara.com\\\/#website\",\"url\":\"https:\\\/\\\/modernniagara.com\\\/\",\"name\":\"Modern Niagara\",\"description\":\"\",\"potentialAction\":[{\"@type\":\"SearchAction\",\"target\":{\"@type\":\"EntryPoint\",\"urlTemplate\":\"https:\\\/\\\/modernniagara.com\\\/?s={search_term_string}\"},\"query-input\":{\"@type\":\"PropertyValueSpecification\",\"valueRequired\":true,\"valueName\":\"search_term_string\"}}],\"inLanguage\":\"fr-FR\"}]}<\/script>\n<!-- \/ Yoast SEO plugin. -->","yoast_head_json":{"title":"Coordonn\u00e9es | Modern Niagara | M\u00e9canique, \u00e9lectricit\u00e9, CVC et plomberie","description":"Communiquez avec Modern Niagara dans votre r\u00e9gion. Nous avons des bureaux \u00e0 Vancouver, Calgary, Edmonton, Toronto, Kingston et Ottawa.","robots":{"index":"index","follow":"follow","max-snippet":"max-snippet:-1","max-image-preview":"max-image-preview:large","max-video-preview":"max-video-preview:-1"},"canonical":"https:\/\/modernniagara.com\/fr\/coordonnees\/","og_locale":"fr_FR","og_type":"article","og_title":"Coordonn\u00e9es | Modern Niagara | M\u00e9canique, \u00e9lectricit\u00e9, CVC et plomberie","og_description":"Communiquez avec Modern Niagara dans votre r\u00e9gion. Nous avons des bureaux \u00e0 Vancouver, Calgary, Edmonton, Toronto, Kingston et Ottawa.","og_url":"https:\/\/modernniagara.com\/fr\/coordonnees\/","og_site_name":"Modern Niagara","article_modified_time":"2020-08-21T21:46:01+00:00","og_image":[{"url":"https:\/\/modernniagara.com\/wp-content\/uploads\/2020\/08\/contact-map-FR.png","type":"","width":"","height":""}],"twitter_card":"summary_large_image","schema":{"@context":"https:\/\/schema.org","@graph":[{"@type":"WebPage","@id":"https:\/\/modernniagara.com\/fr\/coordonnees\/","url":"https:\/\/modernniagara.com\/fr\/coordonnees\/","name":"Coordonn\u00e9es | Modern Niagara | M\u00e9canique, \u00e9lectricit\u00e9, CVC et plomberie","isPartOf":{"@id":"https:\/\/modernniagara.com\/#website"},"primaryImageOfPage":{"@id":"https:\/\/modernniagara.com\/fr\/coordonnees\/#primaryimage"},"image":{"@id":"https:\/\/modernniagara.com\/fr\/coordonnees\/#primaryimage"},"thumbnailUrl":"https:\/\/modernniagara.com\/wp-content\/uploads\/2020\/08\/contact-map-FR.png","datePublished":"2020-08-21T21:43:04+00:00","dateModified":"2020-08-21T21:46:01+00:00","description":"Communiquez avec Modern Niagara dans votre r\u00e9gion. Nous avons des bureaux \u00e0 Vancouver, Calgary, Edmonton, Toronto, Kingston et Ottawa.","breadcrumb":{"@id":"https:\/\/modernniagara.com\/fr\/coordonnees\/#breadcrumb"},"inLanguage":"fr-FR","potentialAction":[{"@type":"ReadAction","target":["https:\/\/modernniagara.com\/fr\/coordonnees\/"]}]},{"@type":"ImageObject","inLanguage":"fr-FR","@id":"https:\/\/modernniagara.com\/fr\/coordonnees\/#primaryimage","url":"https:\/\/modernniagara.com\/wp-content\/uploads\/2020\/08\/contact-map-FR.png","contentUrl":"https:\/\/modernniagara.com\/wp-content\/uploads\/2020\/08\/contact-map-FR.png"},{"@type":"BreadcrumbList","@id":"https:\/\/modernniagara.com\/fr\/coordonnees\/#breadcrumb","itemListElement":[{"@type":"ListItem","position":1,"name":"Accueil","item":"https:\/\/modernniagara.com\/fr\/"},{"@type":"ListItem","position":2,"name":"Coordonn\u00e9es"}]},{"@type":"WebSite","@id":"https:\/\/modernniagara.com\/#website","url":"https:\/\/modernniagara.com\/","name":"Modern Niagara","description":"","potentialAction":[{"@type":"SearchAction","target":{"@type":"EntryPoint","urlTemplate":"https:\/\/modernniagara.com\/?s={search_term_string}"},"query-input":{"@type":"PropertyValueSpecification","valueRequired":true,"valueName":"search_term_string"}}],"inLanguage":"fr-FR"}]}},"_links":{"self":[{"href":"https:\/\/modernniagara.com\/fr\/wp-json\/wp\/v2\/pages\/3407","targetHints":{"allow":["GET"]}}],"collection":[{"href":"https:\/\/modernniagara.com\/fr\/wp-json\/wp\/v2\/pages"}],"about":[{"href":"https:\/\/modernniagara.com\/fr\/wp-json\/wp\/v2\/types\/page"}],"author":[{"embeddable":true,"href":"https:\/\/modernniagara.com\/fr\/wp-json\/wp\/v2\/users\/1"}],"replies":[{"embeddable":true,"href":"https:\/\/modernniagara.com\/fr\/wp-json\/wp\/v2\/comments?post=3407"}],"version-history":[{"count":3,"href":"https:\/\/modernniagara.com\/fr\/wp-json\/wp\/v2\/pages\/3407\/revisions"}],"predecessor-version":[{"id":3412,"href":"https:\/\/modernniagara.com\/fr\/wp-json\/wp\/v2\/pages\/3407\/revisions\/3412"}],"wp:attachment":[{"href":"https:\/\/modernniagara.com\/fr\/wp-json\/wp\/v2\/media?parent=3407"}],"curies":[{"name":"wp","href":"https:\/\/api.w.org\/{rel}","templated":true}]}}