{"id":3405,"date":"2020-08-21T17:40:05","date_gmt":"2020-08-21T21:40:05","guid":{"rendered":"https:\/\/modernniagara.com\/?page_id=3405"},"modified":"2020-10-23T15:50:14","modified_gmt":"2020-10-23T19:50:14","slug":"homepage","status":"publish","type":"page","link":"https:\/\/modernniagara.com\/fr\/","title":{"rendered":"Homepage"},"content":{"rendered":"","protected":false},"excerpt":{"rendered":"","protected":false},"author":1,"featured_media":0,"parent":0,"menu_order":0,"comment_status":"closed","ping_status":"closed","template":"home.php","meta":{"_acf_changed":false,"footnotes":""},"class_list":["post-3405","page","type-page","status-publish","hentry"],"acf":[],"yoast_head":"<!-- This site is optimized with the Yoast SEO plugin v27.3 - https:\/\/yoast.com\/product\/yoast-seo-wordpress\/ -->\n<title>Modern Niagara | M\u00e9canique, \u00e9lectricit\u00e9, CVC et plomberie<\/title>\n<meta name=\"description\" content=\"Modern Niagara offre notamment des services de m\u00e9canique, d\u2019\u00e9lectricit\u00e9, de CVC, de plomberie commerciale et de fabrication de m\u00e9tal en feuille partout au Canada.\" \/>\n<meta name=\"robots\" content=\"index, follow, max-snippet:-1, max-image-preview:large, max-video-preview:-1\" \/>\n<link rel=\"canonical\" href=\"https:\/\/modernniagara.com\/fr\/\" \/>\n<meta property=\"og:locale\" content=\"fr_FR\" \/>\n<meta property=\"og:type\" content=\"article\" \/>\n<meta property=\"og:title\" content=\"Modern Niagara | M\u00e9canique, \u00e9lectricit\u00e9, CVC et plomberie\" \/>\n<meta property=\"og:description\" content=\"Modern Niagara offre notamment des services de m\u00e9canique, d\u2019\u00e9lectricit\u00e9, de CVC, de plomberie commerciale et de fabrication de m\u00e9tal en feuille partout au Canada.\" \/>\n<meta property=\"og:url\" content=\"https:\/\/modernniagara.com\/fr\/\" \/>\n<meta property=\"og:site_name\" content=\"Modern Niagara\" \/>\n<meta property=\"article:modified_time\" content=\"2020-10-23T19:50:14+00:00\" \/>\n<meta name=\"twitter:card\" content=\"summary_large_image\" \/>\n<script type=\"application\/ld+json\" class=\"yoast-schema-graph\">{\"@context\":\"https:\\\/\\\/schema.org\",\"@graph\":[{\"@type\":\"WebPage\",\"@id\":\"https:\\\/\\\/modernniagara.com\\\/fr\\\/\",\"url\":\"https:\\\/\\\/modernniagara.com\\\/fr\\\/\",\"name\":\"Modern Niagara | M\u00e9canique, \u00e9lectricit\u00e9, CVC et plomberie\",\"isPartOf\":{\"@id\":\"https:\\\/\\\/modernniagara.com\\\/#website\"},\"datePublished\":\"2020-08-21T21:40:05+00:00\",\"dateModified\":\"2020-10-23T19:50:14+00:00\",\"description\":\"Modern Niagara offre notamment des services de m\u00e9canique, d\u2019\u00e9lectricit\u00e9, de CVC, de plomberie commerciale et de fabrication de m\u00e9tal en feuille partout au Canada.\",\"breadcrumb\":{\"@id\":\"https:\\\/\\\/modernniagara.com\\\/fr\\\/#breadcrumb\"},\"inLanguage\":\"fr-FR\",\"potentialAction\":[{\"@type\":\"ReadAction\",\"target\":[\"https:\\\/\\\/modernniagara.com\\\/fr\\\/\"]}]},{\"@type\":\"BreadcrumbList\",\"@id\":\"https:\\\/\\\/modernniagara.com\\\/fr\\\/#breadcrumb\",\"itemListElement\":[{\"@type\":\"ListItem\",\"position\":1,\"name\":\"Accueil\",\"item\":\"https:\\\/\\\/modernniagara.com\\\/fr\\\/\"},{\"@type\":\"ListItem\",\"position\":2,\"name\":\"Homepage\"}]},{\"@type\":\"WebSite\",\"@id\":\"https:\\\/\\\/modernniagara.com\\\/#website\",\"url\":\"https:\\\/\\\/modernniagara.com\\\/\",\"name\":\"Modern Niagara\",\"description\":\"\",\"potentialAction\":[{\"@type\":\"SearchAction\",\"target\":{\"@type\":\"EntryPoint\",\"urlTemplate\":\"https:\\\/\\\/modernniagara.com\\\/?s={search_term_string}\"},\"query-input\":{\"@type\":\"PropertyValueSpecification\",\"valueRequired\":true,\"valueName\":\"search_term_string\"}}],\"inLanguage\":\"fr-FR\"}]}<\/script>\n<!-- \/ Yoast SEO plugin. -->","yoast_head_json":{"title":"Modern Niagara | M\u00e9canique, \u00e9lectricit\u00e9, CVC et plomberie","description":"Modern Niagara offre notamment des services de m\u00e9canique, d\u2019\u00e9lectricit\u00e9, de CVC, de plomberie commerciale et de fabrication de m\u00e9tal en feuille partout au Canada.","robots":{"index":"index","follow":"follow","max-snippet":"max-snippet:-1","max-image-preview":"max-image-preview:large","max-video-preview":"max-video-preview:-1"},"canonical":"https:\/\/modernniagara.com\/fr\/","og_locale":"fr_FR","og_type":"article","og_title":"Modern Niagara | M\u00e9canique, \u00e9lectricit\u00e9, CVC et plomberie","og_description":"Modern Niagara offre notamment des services de m\u00e9canique, d\u2019\u00e9lectricit\u00e9, de CVC, de plomberie commerciale et de fabrication de m\u00e9tal en feuille partout au Canada.","og_url":"https:\/\/modernniagara.com\/fr\/","og_site_name":"Modern Niagara","article_modified_time":"2020-10-23T19:50:14+00:00","twitter_card":"summary_large_image","schema":{"@context":"https:\/\/schema.org","@graph":[{"@type":"WebPage","@id":"https:\/\/modernniagara.com\/fr\/","url":"https:\/\/modernniagara.com\/fr\/","name":"Modern Niagara | M\u00e9canique, \u00e9lectricit\u00e9, CVC et plomberie","isPartOf":{"@id":"https:\/\/modernniagara.com\/#website"},"datePublished":"2020-08-21T21:40:05+00:00","dateModified":"2020-10-23T19:50:14+00:00","description":"Modern Niagara offre notamment des services de m\u00e9canique, d\u2019\u00e9lectricit\u00e9, de CVC, de plomberie commerciale et de fabrication de m\u00e9tal en feuille partout au Canada.","breadcrumb":{"@id":"https:\/\/modernniagara.com\/fr\/#breadcrumb"},"inLanguage":"fr-FR","potentialAction":[{"@type":"ReadAction","target":["https:\/\/modernniagara.com\/fr\/"]}]},{"@type":"BreadcrumbList","@id":"https:\/\/modernniagara.com\/fr\/#breadcrumb","itemListElement":[{"@type":"ListItem","position":1,"name":"Accueil","item":"https:\/\/modernniagara.com\/fr\/"},{"@type":"ListItem","position":2,"name":"Homepage"}]},{"@type":"WebSite","@id":"https:\/\/modernniagara.com\/#website","url":"https:\/\/modernniagara.com\/","name":"Modern Niagara","description":"","potentialAction":[{"@type":"SearchAction","target":{"@type":"EntryPoint","urlTemplate":"https:\/\/modernniagara.com\/?s={search_term_string}"},"query-input":{"@type":"PropertyValueSpecification","valueRequired":true,"valueName":"search_term_string"}}],"inLanguage":"fr-FR"}]}},"_links":{"self":[{"href":"https:\/\/modernniagara.com\/fr\/wp-json\/wp\/v2\/pages\/3405","targetHints":{"allow":["GET"]}}],"collection":[{"href":"https:\/\/modernniagara.com\/fr\/wp-json\/wp\/v2\/pages"}],"about":[{"href":"https:\/\/modernniagara.com\/fr\/wp-json\/wp\/v2\/types\/page"}],"author":[{"embeddable":true,"href":"https:\/\/modernniagara.com\/fr\/wp-json\/wp\/v2\/users\/1"}],"replies":[{"embeddable":true,"href":"https:\/\/modernniagara.com\/fr\/wp-json\/wp\/v2\/comments?post=3405"}],"version-history":[{"count":11,"href":"https:\/\/modernniagara.com\/fr\/wp-json\/wp\/v2\/pages\/3405\/revisions"}],"predecessor-version":[{"id":3768,"href":"https:\/\/modernniagara.com\/fr\/wp-json\/wp\/v2\/pages\/3405\/revisions\/3768"}],"wp:attachment":[{"href":"https:\/\/modernniagara.com\/fr\/wp-json\/wp\/v2\/media?parent=3405"}],"curies":[{"name":"wp","href":"https:\/\/api.w.org\/{rel}","templated":true}]}}