{"id":3398,"date":"2020-08-21T17:33:36","date_gmt":"2020-08-21T21:33:36","guid":{"rendered":"https:\/\/modernniagara.com\/?page_id=3398"},"modified":"2020-08-21T17:37:02","modified_gmt":"2020-08-21T21:37:02","slug":"modern-niagara-ottawa","status":"publish","type":"page","link":"https:\/\/modernniagara.com\/fr\/emplacements\/modern-niagara-ottawa\/","title":{"rendered":"Modern Niagara Ottawa"},"content":{"rendered":"<h2>Votre partenaire sur le terrain et en coulisses.<\/h2>\n<p>Modern Niagara Ottawa poss\u00e8de une vaste expertise pour vous aider \u00e0 transformer votre propri\u00e9t\u00e9 en actif hautement performant. Nous offrons nos services aux propri\u00e9taires et aux gestionnaires d\u2019immeubles d\u2019Ottawa depuis 1959. Nous sommes aujourd\u2019hui un partenaire de confiance offrant des services et des solutions de sous-traitance en m\u00e9canique, en \u00e9lectricit\u00e9, en contr\u00f4le des b\u00e2timents ainsi que des services d&rsquo;immeubles.<\/p>\n<p>Notre \u00e9quipe d\u2019experts, qui comprend plus de 250 \u00e9lectriciens, r\u00e9pond \u00e0 tous vos besoins, des appels de service aux projets de construction de grande envergure. Nos professionnels motiv\u00e9s et passionn\u00e9s sont les meilleurs dans leurs domaines respectifs. Nous sommes donc toujours pr\u00eats \u00e0 relever vos d\u00e9fis, en plus de nous assurer que nos connaissances sont constamment \u00e0 jour.<\/p>\n<p>Nous traitons chaque client comme un partenaire \u00e0 long terme. Nous sommes l\u00e0 quand vous avez besoin de nous, que ce soit \u00e0 la table de direction pour prendre des d\u00e9cisions \u00e9clair\u00e9es ou sur le chantier de construction pour installer des solutions sur mesure.<\/p>\n","protected":false},"excerpt":{"rendered":"<p>Depuis 1959, Modern Niagara Ottawa soutient ses clients du secteur priv\u00e9 et public au moyen de services en m\u00e9canique et en \u00e9lectricit\u00e9 de qualit\u00e9 accrue, de solutions de contr\u00f4le des b\u00e2timents et de services d\u2019immeubles. <\/p>\n","protected":false},"author":1,"featured_media":4865,"parent":3376,"menu_order":6,"comment_status":"closed","ping_status":"closed","template":"page-location.php","meta":{"_acf_changed":false,"footnotes":""},"class_list":["post-3398","page","type-page","status-publish","has-post-thumbnail","hentry"],"acf":[],"yoast_head":"<!-- This site is optimized with the Yoast SEO plugin v27.3 - https:\/\/yoast.com\/product\/yoast-seo-wordpress\/ -->\n<title>Modern Niagara Ottawa | M\u00e9canique, \u00e9lectricit\u00e9, CVC et plomberie<\/title>\n<meta name=\"description\" content=\"Modern Niagara Ottawa est un partenaire de confiance qui fournit des services de sous-traitance en m\u00e9canique et en \u00e9lectricit\u00e9 ainsi que des solutions de contr\u00f4le des b\u00e2timents et des services d\u2019immeubles.\" \/>\n<meta name=\"robots\" content=\"index, follow, max-snippet:-1, max-image-preview:large, max-video-preview:-1\" \/>\n<link rel=\"canonical\" href=\"https:\/\/modernniagara.com\/fr\/emplacements\/modern-niagara-ottawa\/\" \/>\n<meta property=\"og:locale\" content=\"fr_FR\" \/>\n<meta property=\"og:type\" content=\"article\" \/>\n<meta property=\"og:title\" content=\"Modern Niagara Ottawa | M\u00e9canique, \u00e9lectricit\u00e9, CVC et plomberie\" \/>\n<meta property=\"og:description\" content=\"Modern Niagara Ottawa est un partenaire de confiance qui fournit des services de sous-traitance en m\u00e9canique et en \u00e9lectricit\u00e9 ainsi que des solutions de contr\u00f4le des b\u00e2timents et des services d\u2019immeubles.\" \/>\n<meta property=\"og:url\" content=\"https:\/\/modernniagara.com\/fr\/emplacements\/modern-niagara-ottawa\/\" \/>\n<meta property=\"og:site_name\" content=\"Modern Niagara\" \/>\n<meta property=\"article:modified_time\" content=\"2020-08-21T21:37:02+00:00\" \/>\n<meta property=\"og:image\" content=\"https:\/\/modernniagara.com\/wp-content\/uploads\/Locations_ottawa_feature_317x195_blue_f.jpg\" \/>\n\t<meta property=\"og:image:width\" content=\"317\" \/>\n\t<meta property=\"og:image:height\" content=\"195\" \/>\n\t<meta property=\"og:image:type\" content=\"image\/jpeg\" \/>\n<meta name=\"twitter:card\" content=\"summary_large_image\" \/>\n<script type=\"application\/ld+json\" class=\"yoast-schema-graph\">{\"@context\":\"https:\\\/\\\/schema.org\",\"@graph\":[{\"@type\":\"WebPage\",\"@id\":\"https:\\\/\\\/modernniagara.com\\\/fr\\\/emplacements\\\/modern-niagara-ottawa\\\/\",\"url\":\"https:\\\/\\\/modernniagara.com\\\/fr\\\/emplacements\\\/modern-niagara-ottawa\\\/\",\"name\":\"Modern Niagara Ottawa | M\u00e9canique, \u00e9lectricit\u00e9, CVC et plomberie\",\"isPartOf\":{\"@id\":\"https:\\\/\\\/modernniagara.com\\\/#website\"},\"primaryImageOfPage\":{\"@id\":\"https:\\\/\\\/modernniagara.com\\\/fr\\\/emplacements\\\/modern-niagara-ottawa\\\/#primaryimage\"},\"image\":{\"@id\":\"https:\\\/\\\/modernniagara.com\\\/fr\\\/emplacements\\\/modern-niagara-ottawa\\\/#primaryimage\"},\"thumbnailUrl\":\"https:\\\/\\\/modernniagara.com\\\/wp-content\\\/uploads\\\/Locations_ottawa_feature_317x195_blue_f.jpg\",\"datePublished\":\"2020-08-21T21:33:36+00:00\",\"dateModified\":\"2020-08-21T21:37:02+00:00\",\"description\":\"Modern Niagara Ottawa est un partenaire de confiance qui fournit des services de sous-traitance en m\u00e9canique et en \u00e9lectricit\u00e9 ainsi que des solutions de contr\u00f4le des b\u00e2timents et des services d\u2019immeubles.\",\"breadcrumb\":{\"@id\":\"https:\\\/\\\/modernniagara.com\\\/fr\\\/emplacements\\\/modern-niagara-ottawa\\\/#breadcrumb\"},\"inLanguage\":\"fr-FR\",\"potentialAction\":[{\"@type\":\"ReadAction\",\"target\":[\"https:\\\/\\\/modernniagara.com\\\/fr\\\/emplacements\\\/modern-niagara-ottawa\\\/\"]}]},{\"@type\":\"ImageObject\",\"inLanguage\":\"fr-FR\",\"@id\":\"https:\\\/\\\/modernniagara.com\\\/fr\\\/emplacements\\\/modern-niagara-ottawa\\\/#primaryimage\",\"url\":\"https:\\\/\\\/modernniagara.com\\\/wp-content\\\/uploads\\\/Locations_ottawa_feature_317x195_blue_f.jpg\",\"contentUrl\":\"https:\\\/\\\/modernniagara.com\\\/wp-content\\\/uploads\\\/Locations_ottawa_feature_317x195_blue_f.jpg\",\"width\":317,\"height\":195},{\"@type\":\"BreadcrumbList\",\"@id\":\"https:\\\/\\\/modernniagara.com\\\/fr\\\/emplacements\\\/modern-niagara-ottawa\\\/#breadcrumb\",\"itemListElement\":[{\"@type\":\"ListItem\",\"position\":1,\"name\":\"Accueil\",\"item\":\"https:\\\/\\\/modernniagara.com\\\/fr\\\/\"},{\"@type\":\"ListItem\",\"position\":2,\"name\":\"Emplacements\",\"item\":\"https:\\\/\\\/modernniagara.com\\\/fr\\\/emplacements\\\/\"},{\"@type\":\"ListItem\",\"position\":3,\"name\":\"Modern Niagara Ottawa\"}]},{\"@type\":\"WebSite\",\"@id\":\"https:\\\/\\\/modernniagara.com\\\/#website\",\"url\":\"https:\\\/\\\/modernniagara.com\\\/\",\"name\":\"Modern Niagara\",\"description\":\"\",\"potentialAction\":[{\"@type\":\"SearchAction\",\"target\":{\"@type\":\"EntryPoint\",\"urlTemplate\":\"https:\\\/\\\/modernniagara.com\\\/?s={search_term_string}\"},\"query-input\":{\"@type\":\"PropertyValueSpecification\",\"valueRequired\":true,\"valueName\":\"search_term_string\"}}],\"inLanguage\":\"fr-FR\"}]}<\/script>\n<!-- \/ Yoast SEO plugin. -->","yoast_head_json":{"title":"Modern Niagara Ottawa | M\u00e9canique, \u00e9lectricit\u00e9, CVC et plomberie","description":"Modern Niagara Ottawa est un partenaire de confiance qui fournit des services de sous-traitance en m\u00e9canique et en \u00e9lectricit\u00e9 ainsi que des solutions de contr\u00f4le des b\u00e2timents et des services d\u2019immeubles.","robots":{"index":"index","follow":"follow","max-snippet":"max-snippet:-1","max-image-preview":"max-image-preview:large","max-video-preview":"max-video-preview:-1"},"canonical":"https:\/\/modernniagara.com\/fr\/emplacements\/modern-niagara-ottawa\/","og_locale":"fr_FR","og_type":"article","og_title":"Modern Niagara Ottawa | M\u00e9canique, \u00e9lectricit\u00e9, CVC et plomberie","og_description":"Modern Niagara Ottawa est un partenaire de confiance qui fournit des services de sous-traitance en m\u00e9canique et en \u00e9lectricit\u00e9 ainsi que des solutions de contr\u00f4le des b\u00e2timents et des services d\u2019immeubles.","og_url":"https:\/\/modernniagara.com\/fr\/emplacements\/modern-niagara-ottawa\/","og_site_name":"Modern Niagara","article_modified_time":"2020-08-21T21:37:02+00:00","og_image":[{"width":317,"height":195,"url":"https:\/\/modernniagara.com\/wp-content\/uploads\/Locations_ottawa_feature_317x195_blue_f.jpg","type":"image\/jpeg"}],"twitter_card":"summary_large_image","schema":{"@context":"https:\/\/schema.org","@graph":[{"@type":"WebPage","@id":"https:\/\/modernniagara.com\/fr\/emplacements\/modern-niagara-ottawa\/","url":"https:\/\/modernniagara.com\/fr\/emplacements\/modern-niagara-ottawa\/","name":"Modern Niagara Ottawa | M\u00e9canique, \u00e9lectricit\u00e9, CVC et plomberie","isPartOf":{"@id":"https:\/\/modernniagara.com\/#website"},"primaryImageOfPage":{"@id":"https:\/\/modernniagara.com\/fr\/emplacements\/modern-niagara-ottawa\/#primaryimage"},"image":{"@id":"https:\/\/modernniagara.com\/fr\/emplacements\/modern-niagara-ottawa\/#primaryimage"},"thumbnailUrl":"https:\/\/modernniagara.com\/wp-content\/uploads\/Locations_ottawa_feature_317x195_blue_f.jpg","datePublished":"2020-08-21T21:33:36+00:00","dateModified":"2020-08-21T21:37:02+00:00","description":"Modern Niagara Ottawa est un partenaire de confiance qui fournit des services de sous-traitance en m\u00e9canique et en \u00e9lectricit\u00e9 ainsi que des solutions de contr\u00f4le des b\u00e2timents et des services d\u2019immeubles.","breadcrumb":{"@id":"https:\/\/modernniagara.com\/fr\/emplacements\/modern-niagara-ottawa\/#breadcrumb"},"inLanguage":"fr-FR","potentialAction":[{"@type":"ReadAction","target":["https:\/\/modernniagara.com\/fr\/emplacements\/modern-niagara-ottawa\/"]}]},{"@type":"ImageObject","inLanguage":"fr-FR","@id":"https:\/\/modernniagara.com\/fr\/emplacements\/modern-niagara-ottawa\/#primaryimage","url":"https:\/\/modernniagara.com\/wp-content\/uploads\/Locations_ottawa_feature_317x195_blue_f.jpg","contentUrl":"https:\/\/modernniagara.com\/wp-content\/uploads\/Locations_ottawa_feature_317x195_blue_f.jpg","width":317,"height":195},{"@type":"BreadcrumbList","@id":"https:\/\/modernniagara.com\/fr\/emplacements\/modern-niagara-ottawa\/#breadcrumb","itemListElement":[{"@type":"ListItem","position":1,"name":"Accueil","item":"https:\/\/modernniagara.com\/fr\/"},{"@type":"ListItem","position":2,"name":"Emplacements","item":"https:\/\/modernniagara.com\/fr\/emplacements\/"},{"@type":"ListItem","position":3,"name":"Modern Niagara Ottawa"}]},{"@type":"WebSite","@id":"https:\/\/modernniagara.com\/#website","url":"https:\/\/modernniagara.com\/","name":"Modern Niagara","description":"","potentialAction":[{"@type":"SearchAction","target":{"@type":"EntryPoint","urlTemplate":"https:\/\/modernniagara.com\/?s={search_term_string}"},"query-input":{"@type":"PropertyValueSpecification","valueRequired":true,"valueName":"search_term_string"}}],"inLanguage":"fr-FR"}]}},"_links":{"self":[{"href":"https:\/\/modernniagara.com\/fr\/wp-json\/wp\/v2\/pages\/3398","targetHints":{"allow":["GET"]}}],"collection":[{"href":"https:\/\/modernniagara.com\/fr\/wp-json\/wp\/v2\/pages"}],"about":[{"href":"https:\/\/modernniagara.com\/fr\/wp-json\/wp\/v2\/types\/page"}],"author":[{"embeddable":true,"href":"https:\/\/modernniagara.com\/fr\/wp-json\/wp\/v2\/users\/1"}],"replies":[{"embeddable":true,"href":"https:\/\/modernniagara.com\/fr\/wp-json\/wp\/v2\/comments?post=3398"}],"version-history":[{"count":5,"href":"https:\/\/modernniagara.com\/fr\/wp-json\/wp\/v2\/pages\/3398\/revisions"}],"predecessor-version":[{"id":3403,"href":"https:\/\/modernniagara.com\/fr\/wp-json\/wp\/v2\/pages\/3398\/revisions\/3403"}],"up":[{"embeddable":true,"href":"https:\/\/modernniagara.com\/fr\/wp-json\/wp\/v2\/pages\/3376"}],"wp:featuredmedia":[{"embeddable":true,"href":"https:\/\/modernniagara.com\/fr\/wp-json\/wp\/v2\/media\/4865"}],"wp:attachment":[{"href":"https:\/\/modernniagara.com\/fr\/wp-json\/wp\/v2\/media?parent=3398"}],"curies":[{"name":"wp","href":"https:\/\/api.w.org\/{rel}","templated":true}]}}