{"id":3393,"date":"2020-08-21T17:28:08","date_gmt":"2020-08-21T21:28:08","guid":{"rendered":"https:\/\/modernniagara.com\/?page_id=3393"},"modified":"2020-08-21T17:38:10","modified_gmt":"2020-08-21T21:38:10","slug":"toronto","status":"publish","type":"page","link":"https:\/\/modernniagara.com\/fr\/emplacements\/toronto\/","title":{"rendered":"Modern Niagara Toronto"},"content":{"rendered":"<h2>La vitesse que votre projet requiert.<\/h2>\n<p>Peu importe les exigences de votre projet m\u00e9canique ou \u00e9lectrique, Modern Niagara Toronto saura mener votre projet \u00e0 bien. Nous assurons une extension homog\u00e8ne pour votre \u00e9quipe sur le terrain, en plus d\u2019agir \u00e0 titre de partenaire d\u2019affaires pour votre direction.<\/p>\n<p>Parce que la notion de temps est imp\u00e9rative, nous cumulons des d\u00e9cennies d\u2019expertise en r\u00e9solution de probl\u00e8mes et de savoir-faire pratique pour concr\u00e9tiser rapidement vos conceptions finales. Les propri\u00e9taires et les gestionnaires d\u2019immeubles de Toronto font appel \u00e0 nos services depuis plus de cinquante ans pour la planification et l\u2019ex\u00e9cution de projets de grande envergure. Nous assurons la maintenance de nos constructions tout au long de leur cycle de vie pour assurer un fonctionnement optimal.<\/p>\n<p>Nous pouvons compter sur les talents les plus comp\u00e9tents et les plus brillants afin d\u2019innover et de r\u00e9soudre des probl\u00e8mes. C\u2019est pourquoi nous embauchons uniquement les meilleurs professionnels dans leurs domaines respectifs. Notre \u00e9quipe rapide et r\u00e9active est pr\u00eate \u00e0 fournir les services de sous-traitance d\u2019\u00e9lectricit\u00e9, de plomberie et de tuyauterie, d\u2019installation et de maintenance de CVC, de fabrication de m\u00e9tal en feuille ainsi que les solutions de contr\u00f4le des b\u00e2timents dont vous avez besoin.<\/p>\n","protected":false},"excerpt":{"rendered":"<p>Depuis plus de cinquante ans, Modern Niagara Toronto m\u00e8ne \u00e0 bien des projets de petite et de grande envergure en assurant un prolongement homog\u00e8ne des \u00e9quipes de construction de ses clients.<\/p>\n","protected":false},"author":1,"featured_media":4869,"parent":3376,"menu_order":4,"comment_status":"closed","ping_status":"closed","template":"page-location.php","meta":{"_acf_changed":false,"footnotes":""},"class_list":["post-3393","page","type-page","status-publish","has-post-thumbnail","hentry"],"acf":[],"yoast_head":"<!-- This site is optimized with the Yoast SEO plugin v27.3 - https:\/\/yoast.com\/product\/yoast-seo-wordpress\/ -->\n<title>Modern Niagara Toronto | M\u00e9canique, \u00e9lectricit\u00e9, CVC et plomberie<\/title>\n<meta name=\"description\" content=\"Modern Niagara Toronto offre des services en m\u00e9canique, en \u00e9lectricit\u00e9, en plomberie ainsi que des services de tuyauterie et d\u2019immeubles dans la r\u00e9gion de Toronto depuis plus de cinquante ans.\" \/>\n<meta name=\"robots\" content=\"index, follow, max-snippet:-1, max-image-preview:large, max-video-preview:-1\" \/>\n<link rel=\"canonical\" href=\"https:\/\/modernniagara.com\/fr\/emplacements\/toronto\/\" \/>\n<meta property=\"og:locale\" content=\"fr_FR\" \/>\n<meta property=\"og:type\" content=\"article\" \/>\n<meta property=\"og:title\" content=\"Modern Niagara Toronto | M\u00e9canique, \u00e9lectricit\u00e9, CVC et plomberie\" \/>\n<meta property=\"og:description\" content=\"Modern Niagara Toronto offre des services en m\u00e9canique, en \u00e9lectricit\u00e9, en plomberie ainsi que des services de tuyauterie et d\u2019immeubles dans la r\u00e9gion de Toronto depuis plus de cinquante ans.\" \/>\n<meta property=\"og:url\" content=\"https:\/\/modernniagara.com\/fr\/emplacements\/toronto\/\" \/>\n<meta property=\"og:site_name\" content=\"Modern Niagara\" \/>\n<meta property=\"article:modified_time\" content=\"2020-08-21T21:38:10+00:00\" \/>\n<meta property=\"og:image\" content=\"https:\/\/modernniagara.com\/wp-content\/uploads\/locations_toronto_feature_317x195_blue_f.jpg\" \/>\n\t<meta property=\"og:image:width\" content=\"317\" \/>\n\t<meta property=\"og:image:height\" content=\"195\" \/>\n\t<meta property=\"og:image:type\" content=\"image\/jpeg\" \/>\n<meta name=\"twitter:card\" content=\"summary_large_image\" \/>\n<script type=\"application\/ld+json\" class=\"yoast-schema-graph\">{\"@context\":\"https:\\\/\\\/schema.org\",\"@graph\":[{\"@type\":\"WebPage\",\"@id\":\"https:\\\/\\\/modernniagara.com\\\/fr\\\/emplacements\\\/toronto\\\/\",\"url\":\"https:\\\/\\\/modernniagara.com\\\/fr\\\/emplacements\\\/toronto\\\/\",\"name\":\"Modern Niagara Toronto | M\u00e9canique, \u00e9lectricit\u00e9, CVC et plomberie\",\"isPartOf\":{\"@id\":\"https:\\\/\\\/modernniagara.com\\\/#website\"},\"primaryImageOfPage\":{\"@id\":\"https:\\\/\\\/modernniagara.com\\\/fr\\\/emplacements\\\/toronto\\\/#primaryimage\"},\"image\":{\"@id\":\"https:\\\/\\\/modernniagara.com\\\/fr\\\/emplacements\\\/toronto\\\/#primaryimage\"},\"thumbnailUrl\":\"https:\\\/\\\/modernniagara.com\\\/wp-content\\\/uploads\\\/locations_toronto_feature_317x195_blue_f.jpg\",\"datePublished\":\"2020-08-21T21:28:08+00:00\",\"dateModified\":\"2020-08-21T21:38:10+00:00\",\"description\":\"Modern Niagara Toronto offre des services en m\u00e9canique, en \u00e9lectricit\u00e9, en plomberie ainsi que des services de tuyauterie et d\u2019immeubles dans la r\u00e9gion de Toronto depuis plus de cinquante ans.\",\"breadcrumb\":{\"@id\":\"https:\\\/\\\/modernniagara.com\\\/fr\\\/emplacements\\\/toronto\\\/#breadcrumb\"},\"inLanguage\":\"fr-FR\",\"potentialAction\":[{\"@type\":\"ReadAction\",\"target\":[\"https:\\\/\\\/modernniagara.com\\\/fr\\\/emplacements\\\/toronto\\\/\"]}]},{\"@type\":\"ImageObject\",\"inLanguage\":\"fr-FR\",\"@id\":\"https:\\\/\\\/modernniagara.com\\\/fr\\\/emplacements\\\/toronto\\\/#primaryimage\",\"url\":\"https:\\\/\\\/modernniagara.com\\\/wp-content\\\/uploads\\\/locations_toronto_feature_317x195_blue_f.jpg\",\"contentUrl\":\"https:\\\/\\\/modernniagara.com\\\/wp-content\\\/uploads\\\/locations_toronto_feature_317x195_blue_f.jpg\",\"width\":317,\"height\":195},{\"@type\":\"BreadcrumbList\",\"@id\":\"https:\\\/\\\/modernniagara.com\\\/fr\\\/emplacements\\\/toronto\\\/#breadcrumb\",\"itemListElement\":[{\"@type\":\"ListItem\",\"position\":1,\"name\":\"Accueil\",\"item\":\"https:\\\/\\\/modernniagara.com\\\/fr\\\/\"},{\"@type\":\"ListItem\",\"position\":2,\"name\":\"Emplacements\",\"item\":\"https:\\\/\\\/modernniagara.com\\\/fr\\\/emplacements\\\/\"},{\"@type\":\"ListItem\",\"position\":3,\"name\":\"Modern Niagara Toronto\"}]},{\"@type\":\"WebSite\",\"@id\":\"https:\\\/\\\/modernniagara.com\\\/#website\",\"url\":\"https:\\\/\\\/modernniagara.com\\\/\",\"name\":\"Modern Niagara\",\"description\":\"\",\"potentialAction\":[{\"@type\":\"SearchAction\",\"target\":{\"@type\":\"EntryPoint\",\"urlTemplate\":\"https:\\\/\\\/modernniagara.com\\\/?s={search_term_string}\"},\"query-input\":{\"@type\":\"PropertyValueSpecification\",\"valueRequired\":true,\"valueName\":\"search_term_string\"}}],\"inLanguage\":\"fr-FR\"}]}<\/script>\n<!-- \/ Yoast SEO plugin. -->","yoast_head_json":{"title":"Modern Niagara Toronto | M\u00e9canique, \u00e9lectricit\u00e9, CVC et plomberie","description":"Modern Niagara Toronto offre des services en m\u00e9canique, en \u00e9lectricit\u00e9, en plomberie ainsi que des services de tuyauterie et d\u2019immeubles dans la r\u00e9gion de Toronto depuis plus de cinquante ans.","robots":{"index":"index","follow":"follow","max-snippet":"max-snippet:-1","max-image-preview":"max-image-preview:large","max-video-preview":"max-video-preview:-1"},"canonical":"https:\/\/modernniagara.com\/fr\/emplacements\/toronto\/","og_locale":"fr_FR","og_type":"article","og_title":"Modern Niagara Toronto | M\u00e9canique, \u00e9lectricit\u00e9, CVC et plomberie","og_description":"Modern Niagara Toronto offre des services en m\u00e9canique, en \u00e9lectricit\u00e9, en plomberie ainsi que des services de tuyauterie et d\u2019immeubles dans la r\u00e9gion de Toronto depuis plus de cinquante ans.","og_url":"https:\/\/modernniagara.com\/fr\/emplacements\/toronto\/","og_site_name":"Modern Niagara","article_modified_time":"2020-08-21T21:38:10+00:00","og_image":[{"width":317,"height":195,"url":"https:\/\/modernniagara.com\/wp-content\/uploads\/locations_toronto_feature_317x195_blue_f.jpg","type":"image\/jpeg"}],"twitter_card":"summary_large_image","schema":{"@context":"https:\/\/schema.org","@graph":[{"@type":"WebPage","@id":"https:\/\/modernniagara.com\/fr\/emplacements\/toronto\/","url":"https:\/\/modernniagara.com\/fr\/emplacements\/toronto\/","name":"Modern Niagara Toronto | M\u00e9canique, \u00e9lectricit\u00e9, CVC et plomberie","isPartOf":{"@id":"https:\/\/modernniagara.com\/#website"},"primaryImageOfPage":{"@id":"https:\/\/modernniagara.com\/fr\/emplacements\/toronto\/#primaryimage"},"image":{"@id":"https:\/\/modernniagara.com\/fr\/emplacements\/toronto\/#primaryimage"},"thumbnailUrl":"https:\/\/modernniagara.com\/wp-content\/uploads\/locations_toronto_feature_317x195_blue_f.jpg","datePublished":"2020-08-21T21:28:08+00:00","dateModified":"2020-08-21T21:38:10+00:00","description":"Modern Niagara Toronto offre des services en m\u00e9canique, en \u00e9lectricit\u00e9, en plomberie ainsi que des services de tuyauterie et d\u2019immeubles dans la r\u00e9gion de Toronto depuis plus de cinquante ans.","breadcrumb":{"@id":"https:\/\/modernniagara.com\/fr\/emplacements\/toronto\/#breadcrumb"},"inLanguage":"fr-FR","potentialAction":[{"@type":"ReadAction","target":["https:\/\/modernniagara.com\/fr\/emplacements\/toronto\/"]}]},{"@type":"ImageObject","inLanguage":"fr-FR","@id":"https:\/\/modernniagara.com\/fr\/emplacements\/toronto\/#primaryimage","url":"https:\/\/modernniagara.com\/wp-content\/uploads\/locations_toronto_feature_317x195_blue_f.jpg","contentUrl":"https:\/\/modernniagara.com\/wp-content\/uploads\/locations_toronto_feature_317x195_blue_f.jpg","width":317,"height":195},{"@type":"BreadcrumbList","@id":"https:\/\/modernniagara.com\/fr\/emplacements\/toronto\/#breadcrumb","itemListElement":[{"@type":"ListItem","position":1,"name":"Accueil","item":"https:\/\/modernniagara.com\/fr\/"},{"@type":"ListItem","position":2,"name":"Emplacements","item":"https:\/\/modernniagara.com\/fr\/emplacements\/"},{"@type":"ListItem","position":3,"name":"Modern Niagara Toronto"}]},{"@type":"WebSite","@id":"https:\/\/modernniagara.com\/#website","url":"https:\/\/modernniagara.com\/","name":"Modern Niagara","description":"","potentialAction":[{"@type":"SearchAction","target":{"@type":"EntryPoint","urlTemplate":"https:\/\/modernniagara.com\/?s={search_term_string}"},"query-input":{"@type":"PropertyValueSpecification","valueRequired":true,"valueName":"search_term_string"}}],"inLanguage":"fr-FR"}]}},"_links":{"self":[{"href":"https:\/\/modernniagara.com\/fr\/wp-json\/wp\/v2\/pages\/3393","targetHints":{"allow":["GET"]}}],"collection":[{"href":"https:\/\/modernniagara.com\/fr\/wp-json\/wp\/v2\/pages"}],"about":[{"href":"https:\/\/modernniagara.com\/fr\/wp-json\/wp\/v2\/types\/page"}],"author":[{"embeddable":true,"href":"https:\/\/modernniagara.com\/fr\/wp-json\/wp\/v2\/users\/1"}],"replies":[{"embeddable":true,"href":"https:\/\/modernniagara.com\/fr\/wp-json\/wp\/v2\/comments?post=3393"}],"version-history":[{"count":5,"href":"https:\/\/modernniagara.com\/fr\/wp-json\/wp\/v2\/pages\/3393\/revisions"}],"predecessor-version":[{"id":3404,"href":"https:\/\/modernniagara.com\/fr\/wp-json\/wp\/v2\/pages\/3393\/revisions\/3404"}],"up":[{"embeddable":true,"href":"https:\/\/modernniagara.com\/fr\/wp-json\/wp\/v2\/pages\/3376"}],"wp:featuredmedia":[{"embeddable":true,"href":"https:\/\/modernniagara.com\/fr\/wp-json\/wp\/v2\/media\/4869"}],"wp:attachment":[{"href":"https:\/\/modernniagara.com\/fr\/wp-json\/wp\/v2\/media?parent=3393"}],"curies":[{"name":"wp","href":"https:\/\/api.w.org\/{rel}","templated":true}]}}