{"id":3386,"date":"2020-08-21T17:19:53","date_gmt":"2020-08-21T21:19:53","guid":{"rendered":"https:\/\/modernniagara.com\/?page_id=3386"},"modified":"2020-08-21T17:26:28","modified_gmt":"2020-08-21T21:26:28","slug":"edmonton","status":"publish","type":"page","link":"https:\/\/modernniagara.com\/fr\/emplacements\/edmonton\/","title":{"rendered":"Modern Niagara Edmonton"},"content":{"rendered":"<h2>\u00c9quipe locale. Capacit\u00e9 nationale.<\/h2>\n<p>Modern Niagara Edmonton offre des services aux propri\u00e9taires et aux gestionnaires d\u2019immeubles de la r\u00e9gion depuis 2014. Nous planifions et ex\u00e9cutons des projets de toutes les tailles, des am\u00e9nagements mineurs aux appels de service, en passant par les mandats institutionnels et commerciaux de grande envergure. Nous comprenons le march\u00e9 d\u2019Edmonton et savons ce dont vous avez besoin pour assurer la r\u00e9ussite de votre projet, de la planification \u00e0 l\u2019ex\u00e9cution dans les d\u00e9lais impartis et dans le respect des exigences.<\/p>\n<p>Nos installations de fabrication pleinement automatis\u00e9es nous aident \u00e0 r\u00e9duire les co\u00fbts, \u00e0 respecter les \u00e9ch\u00e9anciers et \u00e0 vous offrir le plus haut niveau de service en tout temps. L\u2019expertise de notre \u00e9quipe en mod\u00e9lisation des donn\u00e9es du b\u00e2timent (MDB) et en conception-construction assure un fonctionnement sup\u00e9rieur et efficace des b\u00e2timents et des syst\u00e8mes. Soyez assur\u00e9s que vous \u00eates en bonnes mains gr\u00e2ce \u00e0 notre service d\u2019urgence r\u00e9actif et accessible en tout temps.<\/p>\n<p>Nous embauchons les meilleurs talents. Lorsque vous choisissez notre \u00e9quipe, vous obtenez des experts dans leurs domaines respectifs. \u00c0 titre d\u2019entrepreneur d\u2019envergure nationale, nous pouvons fournir de l\u2019expertise \u00e0 l\u2019\u00e9chelle du pays pour vous assurer que les participants de votre projet disposent des comp\u00e9tences et des capacit\u00e9s requises.<\/p>\n","protected":false},"excerpt":{"rendered":"<p>Notre \u00e9quipe d\u2019Edmonton offre des services sp\u00e9cialis\u00e9s et efficaces de m\u00e9canique et d\u2019immeubles, en plus de poss\u00e9der une expertise approfondie en mod\u00e9lisation des donn\u00e9es du b\u00e2timent (MDB) et en conception-construction.<\/p>\n","protected":false},"author":1,"featured_media":4863,"parent":3376,"menu_order":3,"comment_status":"closed","ping_status":"closed","template":"page-location.php","meta":{"_acf_changed":false,"footnotes":""},"class_list":["post-3386","page","type-page","status-publish","has-post-thumbnail","hentry"],"acf":[],"yoast_head":"<!-- This site is optimized with the Yoast SEO plugin v27.3 - https:\/\/yoast.com\/product\/yoast-seo-wordpress\/ -->\n<title>Modern Niagara Edmonton | Services de m\u00e9canique et d\u2019immeubles<\/title>\n<meta name=\"description\" content=\"Modern Niagara Edmonton offre des services de m\u00e9canique et d\u2019immeubles, notamment la fabrication de m\u00e9tal en feuille ainsi que des services d\u2019urgence sur appel en tout temps.\" \/>\n<meta name=\"robots\" content=\"index, follow, max-snippet:-1, max-image-preview:large, max-video-preview:-1\" \/>\n<link rel=\"canonical\" href=\"https:\/\/modernniagara.com\/fr\/emplacements\/edmonton\/\" \/>\n<meta property=\"og:locale\" content=\"fr_FR\" \/>\n<meta property=\"og:type\" content=\"article\" \/>\n<meta property=\"og:title\" content=\"Modern Niagara Edmonton | Services de m\u00e9canique et d\u2019immeubles\" \/>\n<meta property=\"og:description\" content=\"Modern Niagara Edmonton offre des services de m\u00e9canique et d\u2019immeubles, notamment la fabrication de m\u00e9tal en feuille ainsi que des services d\u2019urgence sur appel en tout temps.\" \/>\n<meta property=\"og:url\" content=\"https:\/\/modernniagara.com\/fr\/emplacements\/edmonton\/\" \/>\n<meta property=\"og:site_name\" content=\"Modern Niagara\" \/>\n<meta property=\"article:modified_time\" content=\"2020-08-21T21:26:28+00:00\" \/>\n<meta property=\"og:image\" content=\"https:\/\/modernniagara.com\/wp-content\/uploads\/locations_edmonton_feature_317x195_blue_f.jpg\" \/>\n\t<meta property=\"og:image:width\" content=\"317\" \/>\n\t<meta property=\"og:image:height\" content=\"195\" \/>\n\t<meta property=\"og:image:type\" content=\"image\/jpeg\" \/>\n<meta name=\"twitter:card\" content=\"summary_large_image\" \/>\n<script type=\"application\/ld+json\" class=\"yoast-schema-graph\">{\"@context\":\"https:\\\/\\\/schema.org\",\"@graph\":[{\"@type\":\"WebPage\",\"@id\":\"https:\\\/\\\/modernniagara.com\\\/fr\\\/emplacements\\\/edmonton\\\/\",\"url\":\"https:\\\/\\\/modernniagara.com\\\/fr\\\/emplacements\\\/edmonton\\\/\",\"name\":\"Modern Niagara Edmonton | Services de m\u00e9canique et d\u2019immeubles\",\"isPartOf\":{\"@id\":\"https:\\\/\\\/modernniagara.com\\\/#website\"},\"primaryImageOfPage\":{\"@id\":\"https:\\\/\\\/modernniagara.com\\\/fr\\\/emplacements\\\/edmonton\\\/#primaryimage\"},\"image\":{\"@id\":\"https:\\\/\\\/modernniagara.com\\\/fr\\\/emplacements\\\/edmonton\\\/#primaryimage\"},\"thumbnailUrl\":\"https:\\\/\\\/modernniagara.com\\\/wp-content\\\/uploads\\\/locations_edmonton_feature_317x195_blue_f.jpg\",\"datePublished\":\"2020-08-21T21:19:53+00:00\",\"dateModified\":\"2020-08-21T21:26:28+00:00\",\"description\":\"Modern Niagara Edmonton offre des services de m\u00e9canique et d\u2019immeubles, notamment la fabrication de m\u00e9tal en feuille ainsi que des services d\u2019urgence sur appel en tout temps.\",\"breadcrumb\":{\"@id\":\"https:\\\/\\\/modernniagara.com\\\/fr\\\/emplacements\\\/edmonton\\\/#breadcrumb\"},\"inLanguage\":\"fr-FR\",\"potentialAction\":[{\"@type\":\"ReadAction\",\"target\":[\"https:\\\/\\\/modernniagara.com\\\/fr\\\/emplacements\\\/edmonton\\\/\"]}]},{\"@type\":\"ImageObject\",\"inLanguage\":\"fr-FR\",\"@id\":\"https:\\\/\\\/modernniagara.com\\\/fr\\\/emplacements\\\/edmonton\\\/#primaryimage\",\"url\":\"https:\\\/\\\/modernniagara.com\\\/wp-content\\\/uploads\\\/locations_edmonton_feature_317x195_blue_f.jpg\",\"contentUrl\":\"https:\\\/\\\/modernniagara.com\\\/wp-content\\\/uploads\\\/locations_edmonton_feature_317x195_blue_f.jpg\",\"width\":317,\"height\":195},{\"@type\":\"BreadcrumbList\",\"@id\":\"https:\\\/\\\/modernniagara.com\\\/fr\\\/emplacements\\\/edmonton\\\/#breadcrumb\",\"itemListElement\":[{\"@type\":\"ListItem\",\"position\":1,\"name\":\"Accueil\",\"item\":\"https:\\\/\\\/modernniagara.com\\\/fr\\\/\"},{\"@type\":\"ListItem\",\"position\":2,\"name\":\"Emplacements\",\"item\":\"https:\\\/\\\/modernniagara.com\\\/fr\\\/emplacements\\\/\"},{\"@type\":\"ListItem\",\"position\":3,\"name\":\"Modern Niagara Edmonton\"}]},{\"@type\":\"WebSite\",\"@id\":\"https:\\\/\\\/modernniagara.com\\\/#website\",\"url\":\"https:\\\/\\\/modernniagara.com\\\/\",\"name\":\"Modern Niagara\",\"description\":\"\",\"potentialAction\":[{\"@type\":\"SearchAction\",\"target\":{\"@type\":\"EntryPoint\",\"urlTemplate\":\"https:\\\/\\\/modernniagara.com\\\/?s={search_term_string}\"},\"query-input\":{\"@type\":\"PropertyValueSpecification\",\"valueRequired\":true,\"valueName\":\"search_term_string\"}}],\"inLanguage\":\"fr-FR\"}]}<\/script>\n<!-- \/ Yoast SEO plugin. -->","yoast_head_json":{"title":"Modern Niagara Edmonton | Services de m\u00e9canique et d\u2019immeubles","description":"Modern Niagara Edmonton offre des services de m\u00e9canique et d\u2019immeubles, notamment la fabrication de m\u00e9tal en feuille ainsi que des services d\u2019urgence sur appel en tout temps.","robots":{"index":"index","follow":"follow","max-snippet":"max-snippet:-1","max-image-preview":"max-image-preview:large","max-video-preview":"max-video-preview:-1"},"canonical":"https:\/\/modernniagara.com\/fr\/emplacements\/edmonton\/","og_locale":"fr_FR","og_type":"article","og_title":"Modern Niagara Edmonton | Services de m\u00e9canique et d\u2019immeubles","og_description":"Modern Niagara Edmonton offre des services de m\u00e9canique et d\u2019immeubles, notamment la fabrication de m\u00e9tal en feuille ainsi que des services d\u2019urgence sur appel en tout temps.","og_url":"https:\/\/modernniagara.com\/fr\/emplacements\/edmonton\/","og_site_name":"Modern Niagara","article_modified_time":"2020-08-21T21:26:28+00:00","og_image":[{"width":317,"height":195,"url":"https:\/\/modernniagara.com\/wp-content\/uploads\/locations_edmonton_feature_317x195_blue_f.jpg","type":"image\/jpeg"}],"twitter_card":"summary_large_image","schema":{"@context":"https:\/\/schema.org","@graph":[{"@type":"WebPage","@id":"https:\/\/modernniagara.com\/fr\/emplacements\/edmonton\/","url":"https:\/\/modernniagara.com\/fr\/emplacements\/edmonton\/","name":"Modern Niagara Edmonton | Services de m\u00e9canique et d\u2019immeubles","isPartOf":{"@id":"https:\/\/modernniagara.com\/#website"},"primaryImageOfPage":{"@id":"https:\/\/modernniagara.com\/fr\/emplacements\/edmonton\/#primaryimage"},"image":{"@id":"https:\/\/modernniagara.com\/fr\/emplacements\/edmonton\/#primaryimage"},"thumbnailUrl":"https:\/\/modernniagara.com\/wp-content\/uploads\/locations_edmonton_feature_317x195_blue_f.jpg","datePublished":"2020-08-21T21:19:53+00:00","dateModified":"2020-08-21T21:26:28+00:00","description":"Modern Niagara Edmonton offre des services de m\u00e9canique et d\u2019immeubles, notamment la fabrication de m\u00e9tal en feuille ainsi que des services d\u2019urgence sur appel en tout temps.","breadcrumb":{"@id":"https:\/\/modernniagara.com\/fr\/emplacements\/edmonton\/#breadcrumb"},"inLanguage":"fr-FR","potentialAction":[{"@type":"ReadAction","target":["https:\/\/modernniagara.com\/fr\/emplacements\/edmonton\/"]}]},{"@type":"ImageObject","inLanguage":"fr-FR","@id":"https:\/\/modernniagara.com\/fr\/emplacements\/edmonton\/#primaryimage","url":"https:\/\/modernniagara.com\/wp-content\/uploads\/locations_edmonton_feature_317x195_blue_f.jpg","contentUrl":"https:\/\/modernniagara.com\/wp-content\/uploads\/locations_edmonton_feature_317x195_blue_f.jpg","width":317,"height":195},{"@type":"BreadcrumbList","@id":"https:\/\/modernniagara.com\/fr\/emplacements\/edmonton\/#breadcrumb","itemListElement":[{"@type":"ListItem","position":1,"name":"Accueil","item":"https:\/\/modernniagara.com\/fr\/"},{"@type":"ListItem","position":2,"name":"Emplacements","item":"https:\/\/modernniagara.com\/fr\/emplacements\/"},{"@type":"ListItem","position":3,"name":"Modern Niagara Edmonton"}]},{"@type":"WebSite","@id":"https:\/\/modernniagara.com\/#website","url":"https:\/\/modernniagara.com\/","name":"Modern Niagara","description":"","potentialAction":[{"@type":"SearchAction","target":{"@type":"EntryPoint","urlTemplate":"https:\/\/modernniagara.com\/?s={search_term_string}"},"query-input":{"@type":"PropertyValueSpecification","valueRequired":true,"valueName":"search_term_string"}}],"inLanguage":"fr-FR"}]}},"_links":{"self":[{"href":"https:\/\/modernniagara.com\/fr\/wp-json\/wp\/v2\/pages\/3386","targetHints":{"allow":["GET"]}}],"collection":[{"href":"https:\/\/modernniagara.com\/fr\/wp-json\/wp\/v2\/pages"}],"about":[{"href":"https:\/\/modernniagara.com\/fr\/wp-json\/wp\/v2\/types\/page"}],"author":[{"embeddable":true,"href":"https:\/\/modernniagara.com\/fr\/wp-json\/wp\/v2\/users\/1"}],"replies":[{"embeddable":true,"href":"https:\/\/modernniagara.com\/fr\/wp-json\/wp\/v2\/comments?post=3386"}],"version-history":[{"count":4,"href":"https:\/\/modernniagara.com\/fr\/wp-json\/wp\/v2\/pages\/3386\/revisions"}],"predecessor-version":[{"id":3391,"href":"https:\/\/modernniagara.com\/fr\/wp-json\/wp\/v2\/pages\/3386\/revisions\/3391"}],"up":[{"embeddable":true,"href":"https:\/\/modernniagara.com\/fr\/wp-json\/wp\/v2\/pages\/3376"}],"wp:featuredmedia":[{"embeddable":true,"href":"https:\/\/modernniagara.com\/fr\/wp-json\/wp\/v2\/media\/4863"}],"wp:attachment":[{"href":"https:\/\/modernniagara.com\/fr\/wp-json\/wp\/v2\/media?parent=3386"}],"curies":[{"name":"wp","href":"https:\/\/api.w.org\/{rel}","templated":true}]}}