{"id":3381,"date":"2020-08-21T17:13:26","date_gmt":"2020-08-21T21:13:26","guid":{"rendered":"https:\/\/modernniagara.com\/?page_id=3381"},"modified":"2020-08-21T17:27:07","modified_gmt":"2020-08-21T21:27:07","slug":"calgary","status":"publish","type":"page","link":"https:\/\/modernniagara.com\/fr\/emplacements\/calgary\/","title":{"rendered":"Modern Niagara Calgary"},"content":{"rendered":"<h2>Une partie int\u00e9grante de votre \u00e9quipe de projet.<\/h2>\n<p>Modern Niagara Calgary conjugue la puissance d\u2019un entrepreneur national avec les meilleurs talents et gestionnaires locaux. Autrement dit\u00a0: Nous savons ce dont les propri\u00e9taires d\u2019immeubles et les entrepreneurs g\u00e9n\u00e9raux de Calgary ont besoin \u2014 et nous avons ce qu\u2019il faut pour accomplir le travail en fonction de vos exigences.<\/p>\n<p>Nous offrons nos services aux propri\u00e9taires d\u2019immeubles, aux entrepreneurs g\u00e9n\u00e9raux et \u00e0 la collectivit\u00e9 depuis 2008. Aujourd\u2019hui, nous proposons des services de plomberie, de r\u00e9frig\u00e9ration, d\u2019installation de m\u00e9tal en feuille et de conduites sur place ainsi que des services d&rsquo;immeubles sur appel en tout temps.<\/p>\n<p>\u00c0 titre de partenaire et d\u2019extension naturelle de votre \u00e9quipe de construction, nous pouvons respecter des \u00e9ch\u00e9anciers ambitieux et r\u00e9aliser des projets de toutes les tailles, des plus petits aux plus sp\u00e9cialis\u00e9s, en passant par les mandats de grande envergure r\u00e9alis\u00e9s sur plusieurs ann\u00e9es. Gr\u00e2ce \u00e0 la force de la firme nationale qui nous \u00e9paule, nous pouvons nous appuyer sur des ressources et des connaissances multidisciplinaires pour r\u00e9aliser les projets les plus difficiles en offrant constamment des services de grande qualit\u00e9.<\/p>\n<h3>Nos certifications<\/h3>\n<ul>\n<li>Services de sant\u00e9 de l\u2019Alberta, classe\u00a01<\/li>\n<li>Entrepreneur de premier plan de la ville de Calgary<\/li>\n<li>Auditeur certifi\u00e9 du Code national de l\u2019\u00e9nergie<\/li>\n<\/ul>\n","protected":false},"excerpt":{"rendered":"<p>L\u2019\u00e9quipe de Modern Niagara Calgary aide les propri\u00e9taires et les gestionnaires d\u2019immeubles ainsi que les entrepreneurs g\u00e9n\u00e9raux en leur offrant des services de plomberie, de r\u00e9frig\u00e9ration et d\u2019entretien. Nous assurons \u00e9galement la fabrication de m\u00e9tal en feuille et de conduites sur place.<\/p>\n","protected":false},"author":1,"featured_media":4861,"parent":3376,"menu_order":2,"comment_status":"closed","ping_status":"closed","template":"page-location.php","meta":{"_acf_changed":false,"footnotes":""},"class_list":["post-3381","page","type-page","status-publish","has-post-thumbnail","hentry"],"acf":[],"yoast_head":"<!-- This site is optimized with the Yoast SEO plugin v27.5 - https:\/\/yoast.com\/product\/yoast-seo-wordpress\/ -->\n<title>Modern Niagara Calgary | M\u00e9canique, CVC et plomberie<\/title>\n<meta name=\"description\" content=\"Modern Niagara Calgary offre des services de plomberie, de r\u00e9frig\u00e9ration, d\u2019automatisation de b\u00e2timents, de fabrication de m\u00e9tal en feuille ainsi que des services d\u2019immeubles sur appel en tout temps.\" \/>\n<meta name=\"robots\" content=\"index, follow, max-snippet:-1, max-image-preview:large, max-video-preview:-1\" \/>\n<link rel=\"canonical\" href=\"https:\/\/modernniagara.com\/fr\/emplacements\/calgary\/\" \/>\n<meta property=\"og:locale\" content=\"fr_FR\" \/>\n<meta property=\"og:type\" content=\"article\" \/>\n<meta property=\"og:title\" content=\"Modern Niagara Calgary | M\u00e9canique, CVC et plomberie\" \/>\n<meta property=\"og:description\" content=\"Modern Niagara Calgary offre des services de plomberie, de r\u00e9frig\u00e9ration, d\u2019automatisation de b\u00e2timents, de fabrication de m\u00e9tal en feuille ainsi que des services d\u2019immeubles sur appel en tout temps.\" \/>\n<meta property=\"og:url\" content=\"https:\/\/modernniagara.com\/fr\/emplacements\/calgary\/\" \/>\n<meta property=\"og:site_name\" content=\"Modern Niagara\" \/>\n<meta property=\"article:modified_time\" content=\"2020-08-21T21:27:07+00:00\" \/>\n<meta property=\"og:image\" content=\"https:\/\/modernniagara.com\/wp-content\/uploads\/locations_calgary_feature_317x195_blue_f.jpg\" \/>\n\t<meta property=\"og:image:width\" content=\"317\" \/>\n\t<meta property=\"og:image:height\" content=\"195\" \/>\n\t<meta property=\"og:image:type\" content=\"image\/jpeg\" \/>\n<meta name=\"twitter:card\" content=\"summary_large_image\" \/>\n<script type=\"application\/ld+json\" class=\"yoast-schema-graph\">{\"@context\":\"https:\\\/\\\/schema.org\",\"@graph\":[{\"@type\":\"WebPage\",\"@id\":\"https:\\\/\\\/modernniagara.com\\\/fr\\\/emplacements\\\/calgary\\\/\",\"url\":\"https:\\\/\\\/modernniagara.com\\\/fr\\\/emplacements\\\/calgary\\\/\",\"name\":\"Modern Niagara Calgary | M\u00e9canique, CVC et plomberie\",\"isPartOf\":{\"@id\":\"https:\\\/\\\/modernniagara.com\\\/#website\"},\"primaryImageOfPage\":{\"@id\":\"https:\\\/\\\/modernniagara.com\\\/fr\\\/emplacements\\\/calgary\\\/#primaryimage\"},\"image\":{\"@id\":\"https:\\\/\\\/modernniagara.com\\\/fr\\\/emplacements\\\/calgary\\\/#primaryimage\"},\"thumbnailUrl\":\"https:\\\/\\\/modernniagara.com\\\/wp-content\\\/uploads\\\/locations_calgary_feature_317x195_blue_f.jpg\",\"datePublished\":\"2020-08-21T21:13:26+00:00\",\"dateModified\":\"2020-08-21T21:27:07+00:00\",\"description\":\"Modern Niagara Calgary offre des services de plomberie, de r\u00e9frig\u00e9ration, d\u2019automatisation de b\u00e2timents, de fabrication de m\u00e9tal en feuille ainsi que des services d\u2019immeubles sur appel en tout temps.\",\"breadcrumb\":{\"@id\":\"https:\\\/\\\/modernniagara.com\\\/fr\\\/emplacements\\\/calgary\\\/#breadcrumb\"},\"inLanguage\":\"fr-FR\",\"potentialAction\":[{\"@type\":\"ReadAction\",\"target\":[\"https:\\\/\\\/modernniagara.com\\\/fr\\\/emplacements\\\/calgary\\\/\"]}]},{\"@type\":\"ImageObject\",\"inLanguage\":\"fr-FR\",\"@id\":\"https:\\\/\\\/modernniagara.com\\\/fr\\\/emplacements\\\/calgary\\\/#primaryimage\",\"url\":\"https:\\\/\\\/modernniagara.com\\\/wp-content\\\/uploads\\\/locations_calgary_feature_317x195_blue_f.jpg\",\"contentUrl\":\"https:\\\/\\\/modernniagara.com\\\/wp-content\\\/uploads\\\/locations_calgary_feature_317x195_blue_f.jpg\",\"width\":317,\"height\":195},{\"@type\":\"BreadcrumbList\",\"@id\":\"https:\\\/\\\/modernniagara.com\\\/fr\\\/emplacements\\\/calgary\\\/#breadcrumb\",\"itemListElement\":[{\"@type\":\"ListItem\",\"position\":1,\"name\":\"Accueil\",\"item\":\"https:\\\/\\\/modernniagara.com\\\/fr\\\/\"},{\"@type\":\"ListItem\",\"position\":2,\"name\":\"Emplacements\",\"item\":\"https:\\\/\\\/modernniagara.com\\\/fr\\\/emplacements\\\/\"},{\"@type\":\"ListItem\",\"position\":3,\"name\":\"Modern Niagara Calgary\"}]},{\"@type\":\"WebSite\",\"@id\":\"https:\\\/\\\/modernniagara.com\\\/#website\",\"url\":\"https:\\\/\\\/modernniagara.com\\\/\",\"name\":\"Modern Niagara\",\"description\":\"\",\"potentialAction\":[{\"@type\":\"SearchAction\",\"target\":{\"@type\":\"EntryPoint\",\"urlTemplate\":\"https:\\\/\\\/modernniagara.com\\\/?s={search_term_string}\"},\"query-input\":{\"@type\":\"PropertyValueSpecification\",\"valueRequired\":true,\"valueName\":\"search_term_string\"}}],\"inLanguage\":\"fr-FR\"}]}<\/script>\n<!-- \/ Yoast SEO plugin. -->","yoast_head_json":{"title":"Modern Niagara Calgary | M\u00e9canique, CVC et plomberie","description":"Modern Niagara Calgary offre des services de plomberie, de r\u00e9frig\u00e9ration, d\u2019automatisation de b\u00e2timents, de fabrication de m\u00e9tal en feuille ainsi que des services d\u2019immeubles sur appel en tout temps.","robots":{"index":"index","follow":"follow","max-snippet":"max-snippet:-1","max-image-preview":"max-image-preview:large","max-video-preview":"max-video-preview:-1"},"canonical":"https:\/\/modernniagara.com\/fr\/emplacements\/calgary\/","og_locale":"fr_FR","og_type":"article","og_title":"Modern Niagara Calgary | M\u00e9canique, CVC et plomberie","og_description":"Modern Niagara Calgary offre des services de plomberie, de r\u00e9frig\u00e9ration, d\u2019automatisation de b\u00e2timents, de fabrication de m\u00e9tal en feuille ainsi que des services d\u2019immeubles sur appel en tout temps.","og_url":"https:\/\/modernniagara.com\/fr\/emplacements\/calgary\/","og_site_name":"Modern Niagara","article_modified_time":"2020-08-21T21:27:07+00:00","og_image":[{"width":317,"height":195,"url":"https:\/\/modernniagara.com\/wp-content\/uploads\/locations_calgary_feature_317x195_blue_f.jpg","type":"image\/jpeg"}],"twitter_card":"summary_large_image","schema":{"@context":"https:\/\/schema.org","@graph":[{"@type":"WebPage","@id":"https:\/\/modernniagara.com\/fr\/emplacements\/calgary\/","url":"https:\/\/modernniagara.com\/fr\/emplacements\/calgary\/","name":"Modern Niagara Calgary | M\u00e9canique, CVC et plomberie","isPartOf":{"@id":"https:\/\/modernniagara.com\/#website"},"primaryImageOfPage":{"@id":"https:\/\/modernniagara.com\/fr\/emplacements\/calgary\/#primaryimage"},"image":{"@id":"https:\/\/modernniagara.com\/fr\/emplacements\/calgary\/#primaryimage"},"thumbnailUrl":"https:\/\/modernniagara.com\/wp-content\/uploads\/locations_calgary_feature_317x195_blue_f.jpg","datePublished":"2020-08-21T21:13:26+00:00","dateModified":"2020-08-21T21:27:07+00:00","description":"Modern Niagara Calgary offre des services de plomberie, de r\u00e9frig\u00e9ration, d\u2019automatisation de b\u00e2timents, de fabrication de m\u00e9tal en feuille ainsi que des services d\u2019immeubles sur appel en tout temps.","breadcrumb":{"@id":"https:\/\/modernniagara.com\/fr\/emplacements\/calgary\/#breadcrumb"},"inLanguage":"fr-FR","potentialAction":[{"@type":"ReadAction","target":["https:\/\/modernniagara.com\/fr\/emplacements\/calgary\/"]}]},{"@type":"ImageObject","inLanguage":"fr-FR","@id":"https:\/\/modernniagara.com\/fr\/emplacements\/calgary\/#primaryimage","url":"https:\/\/modernniagara.com\/wp-content\/uploads\/locations_calgary_feature_317x195_blue_f.jpg","contentUrl":"https:\/\/modernniagara.com\/wp-content\/uploads\/locations_calgary_feature_317x195_blue_f.jpg","width":317,"height":195},{"@type":"BreadcrumbList","@id":"https:\/\/modernniagara.com\/fr\/emplacements\/calgary\/#breadcrumb","itemListElement":[{"@type":"ListItem","position":1,"name":"Accueil","item":"https:\/\/modernniagara.com\/fr\/"},{"@type":"ListItem","position":2,"name":"Emplacements","item":"https:\/\/modernniagara.com\/fr\/emplacements\/"},{"@type":"ListItem","position":3,"name":"Modern Niagara Calgary"}]},{"@type":"WebSite","@id":"https:\/\/modernniagara.com\/#website","url":"https:\/\/modernniagara.com\/","name":"Modern Niagara","description":"","potentialAction":[{"@type":"SearchAction","target":{"@type":"EntryPoint","urlTemplate":"https:\/\/modernniagara.com\/?s={search_term_string}"},"query-input":{"@type":"PropertyValueSpecification","valueRequired":true,"valueName":"search_term_string"}}],"inLanguage":"fr-FR"}]}},"_links":{"self":[{"href":"https:\/\/modernniagara.com\/fr\/wp-json\/wp\/v2\/pages\/3381","targetHints":{"allow":["GET"]}}],"collection":[{"href":"https:\/\/modernniagara.com\/fr\/wp-json\/wp\/v2\/pages"}],"about":[{"href":"https:\/\/modernniagara.com\/fr\/wp-json\/wp\/v2\/types\/page"}],"author":[{"embeddable":true,"href":"https:\/\/modernniagara.com\/fr\/wp-json\/wp\/v2\/users\/1"}],"replies":[{"embeddable":true,"href":"https:\/\/modernniagara.com\/fr\/wp-json\/wp\/v2\/comments?post=3381"}],"version-history":[{"count":4,"href":"https:\/\/modernniagara.com\/fr\/wp-json\/wp\/v2\/pages\/3381\/revisions"}],"predecessor-version":[{"id":3385,"href":"https:\/\/modernniagara.com\/fr\/wp-json\/wp\/v2\/pages\/3381\/revisions\/3385"}],"up":[{"embeddable":true,"href":"https:\/\/modernniagara.com\/fr\/wp-json\/wp\/v2\/pages\/3376"}],"wp:featuredmedia":[{"embeddable":true,"href":"https:\/\/modernniagara.com\/fr\/wp-json\/wp\/v2\/media\/4861"}],"wp:attachment":[{"href":"https:\/\/modernniagara.com\/fr\/wp-json\/wp\/v2\/media?parent=3381"}],"curies":[{"name":"wp","href":"https:\/\/api.w.org\/{rel}","templated":true}]}}