{"id":3378,"date":"2020-08-21T17:05:40","date_gmt":"2020-08-21T21:05:40","guid":{"rendered":"https:\/\/modernniagara.com\/?page_id=3378"},"modified":"2020-08-21T17:26:58","modified_gmt":"2020-08-21T21:26:58","slug":"vancouver","status":"publish","type":"page","link":"https:\/\/modernniagara.com\/fr\/emplacements\/vancouver\/","title":{"rendered":"Modern Niagara Vancouver"},"content":{"rendered":"<h2>Les comp\u00e9tences dont vous avez besoin. Un h\u00e9ritage fiable.<\/h2>\n<p>Modern Niagara Vancouver cumule plus de cent ans de connaissance du march\u00e9 local et de service d\u2019excellence, en plus de disposer du pouvoir d\u2019achat, de la port\u00e9e, de la technologie de pointe et des capacit\u00e9s de gestion de projets d\u2019un entrepreneur d\u2019envergure nationale.<\/p>\n<p>Puisant ses racines dans l\u2019h\u00e9ritage de Keith Plumbing &#038; Heating, notre \u00e9quipe de confiance a particip\u00e9 \u00e0 certains des plus importants projets de construction de Colombie-Britannique.<\/p>\n<p>Notre \u00e9quipe peut concevoir, construire, installer, mettre en \u0153uvre et r\u00e9parer des syst\u00e8mes m\u00e9caniques de toutes les tailles et de tous les niveaux de complexit\u00e9. Nous offrons un service d\u2019urgence accessible en tout temps et pouvons vous aider \u00e0 rentabiliser vos actifs m\u00e9caniques au moyen d\u2019une maintenance pr\u00e9ventive et proactive, de r\u00e9novations \u00e9nerg\u00e9tiques et de modernisation des immobilisations. Nous proposons aussi des services de fabrication et d\u2019installation de m\u00e9tal en feuille \u00e0 nos clients commerciaux et institutionnels.<\/p>\n<p>Peu importe le type de projet m\u00e9canique, ou si vous cherchez des services de CVC ou de plomberie, vous pouvez compter sur l\u2019\u00e9quipe d\u2019experts rapide et r\u00e9active de Modern Niagara Vancouver pour un service efficace, \u00e0 la hauteur de vos exigences. <\/p>\n","protected":false},"excerpt":{"rendered":"<p>Modern Niagara Vancouver propose des services contractuels en m\u00e9canique, en CVC et en plomberie.<\/p>\n","protected":false},"author":1,"featured_media":4871,"parent":3376,"menu_order":1,"comment_status":"closed","ping_status":"closed","template":"page-location.php","meta":{"_acf_changed":false,"footnotes":""},"class_list":["post-3378","page","type-page","status-publish","has-post-thumbnail","hentry"],"acf":[],"yoast_head":"<!-- This site is optimized with the Yoast SEO plugin v27.3 - https:\/\/yoast.com\/product\/yoast-seo-wordpress\/ -->\n<title>Modern Niagara Vancouver | M\u00e9canique, \u00e9lectricit\u00e9, CVC et plomberie<\/title>\n<meta name=\"description\" content=\"Modern Niagara Vancouver propose des services contractuels en m\u00e9canique, en CVC et en plomberie.\" \/>\n<meta name=\"robots\" content=\"index, follow, max-snippet:-1, max-image-preview:large, max-video-preview:-1\" \/>\n<link rel=\"canonical\" href=\"https:\/\/modernniagara.com\/fr\/emplacements\/vancouver\/\" \/>\n<meta property=\"og:locale\" content=\"fr_FR\" \/>\n<meta property=\"og:type\" content=\"article\" \/>\n<meta property=\"og:title\" content=\"Modern Niagara Vancouver | M\u00e9canique, \u00e9lectricit\u00e9, CVC et plomberie\" \/>\n<meta property=\"og:description\" content=\"Modern Niagara Vancouver propose des services contractuels en m\u00e9canique, en CVC et en plomberie.\" \/>\n<meta property=\"og:url\" content=\"https:\/\/modernniagara.com\/fr\/emplacements\/vancouver\/\" \/>\n<meta property=\"og:site_name\" content=\"Modern Niagara\" \/>\n<meta property=\"article:modified_time\" content=\"2020-08-21T21:26:58+00:00\" \/>\n<meta property=\"og:image\" content=\"https:\/\/modernniagara.com\/wp-content\/uploads\/locations_vancouver_feature_317x195_blue_f.jpg\" \/>\n\t<meta property=\"og:image:width\" content=\"317\" \/>\n\t<meta property=\"og:image:height\" content=\"195\" \/>\n\t<meta property=\"og:image:type\" content=\"image\/jpeg\" \/>\n<meta name=\"twitter:card\" content=\"summary_large_image\" \/>\n<script type=\"application\/ld+json\" class=\"yoast-schema-graph\">{\"@context\":\"https:\\\/\\\/schema.org\",\"@graph\":[{\"@type\":\"WebPage\",\"@id\":\"https:\\\/\\\/modernniagara.com\\\/fr\\\/emplacements\\\/vancouver\\\/\",\"url\":\"https:\\\/\\\/modernniagara.com\\\/fr\\\/emplacements\\\/vancouver\\\/\",\"name\":\"Modern Niagara Vancouver | M\u00e9canique, \u00e9lectricit\u00e9, CVC et plomberie\",\"isPartOf\":{\"@id\":\"https:\\\/\\\/modernniagara.com\\\/#website\"},\"primaryImageOfPage\":{\"@id\":\"https:\\\/\\\/modernniagara.com\\\/fr\\\/emplacements\\\/vancouver\\\/#primaryimage\"},\"image\":{\"@id\":\"https:\\\/\\\/modernniagara.com\\\/fr\\\/emplacements\\\/vancouver\\\/#primaryimage\"},\"thumbnailUrl\":\"https:\\\/\\\/modernniagara.com\\\/wp-content\\\/uploads\\\/locations_vancouver_feature_317x195_blue_f.jpg\",\"datePublished\":\"2020-08-21T21:05:40+00:00\",\"dateModified\":\"2020-08-21T21:26:58+00:00\",\"description\":\"Modern Niagara Vancouver propose des services contractuels en m\u00e9canique, en CVC et en plomberie.\",\"breadcrumb\":{\"@id\":\"https:\\\/\\\/modernniagara.com\\\/fr\\\/emplacements\\\/vancouver\\\/#breadcrumb\"},\"inLanguage\":\"fr-FR\",\"potentialAction\":[{\"@type\":\"ReadAction\",\"target\":[\"https:\\\/\\\/modernniagara.com\\\/fr\\\/emplacements\\\/vancouver\\\/\"]}]},{\"@type\":\"ImageObject\",\"inLanguage\":\"fr-FR\",\"@id\":\"https:\\\/\\\/modernniagara.com\\\/fr\\\/emplacements\\\/vancouver\\\/#primaryimage\",\"url\":\"https:\\\/\\\/modernniagara.com\\\/wp-content\\\/uploads\\\/locations_vancouver_feature_317x195_blue_f.jpg\",\"contentUrl\":\"https:\\\/\\\/modernniagara.com\\\/wp-content\\\/uploads\\\/locations_vancouver_feature_317x195_blue_f.jpg\",\"width\":317,\"height\":195,\"caption\":\"A group of Modern Niagara employees in safety gear on a helicopter pad on the roof of the building with Downtown Vancouver in the backdrop\"},{\"@type\":\"BreadcrumbList\",\"@id\":\"https:\\\/\\\/modernniagara.com\\\/fr\\\/emplacements\\\/vancouver\\\/#breadcrumb\",\"itemListElement\":[{\"@type\":\"ListItem\",\"position\":1,\"name\":\"Accueil\",\"item\":\"https:\\\/\\\/modernniagara.com\\\/fr\\\/\"},{\"@type\":\"ListItem\",\"position\":2,\"name\":\"Emplacements\",\"item\":\"https:\\\/\\\/modernniagara.com\\\/fr\\\/emplacements\\\/\"},{\"@type\":\"ListItem\",\"position\":3,\"name\":\"Modern Niagara Vancouver\"}]},{\"@type\":\"WebSite\",\"@id\":\"https:\\\/\\\/modernniagara.com\\\/#website\",\"url\":\"https:\\\/\\\/modernniagara.com\\\/\",\"name\":\"Modern Niagara\",\"description\":\"\",\"potentialAction\":[{\"@type\":\"SearchAction\",\"target\":{\"@type\":\"EntryPoint\",\"urlTemplate\":\"https:\\\/\\\/modernniagara.com\\\/?s={search_term_string}\"},\"query-input\":{\"@type\":\"PropertyValueSpecification\",\"valueRequired\":true,\"valueName\":\"search_term_string\"}}],\"inLanguage\":\"fr-FR\"}]}<\/script>\n<!-- \/ Yoast SEO plugin. -->","yoast_head_json":{"title":"Modern Niagara Vancouver | M\u00e9canique, \u00e9lectricit\u00e9, CVC et plomberie","description":"Modern Niagara Vancouver propose des services contractuels en m\u00e9canique, en CVC et en plomberie.","robots":{"index":"index","follow":"follow","max-snippet":"max-snippet:-1","max-image-preview":"max-image-preview:large","max-video-preview":"max-video-preview:-1"},"canonical":"https:\/\/modernniagara.com\/fr\/emplacements\/vancouver\/","og_locale":"fr_FR","og_type":"article","og_title":"Modern Niagara Vancouver | M\u00e9canique, \u00e9lectricit\u00e9, CVC et plomberie","og_description":"Modern Niagara Vancouver propose des services contractuels en m\u00e9canique, en CVC et en plomberie.","og_url":"https:\/\/modernniagara.com\/fr\/emplacements\/vancouver\/","og_site_name":"Modern Niagara","article_modified_time":"2020-08-21T21:26:58+00:00","og_image":[{"width":317,"height":195,"url":"https:\/\/modernniagara.com\/wp-content\/uploads\/locations_vancouver_feature_317x195_blue_f.jpg","type":"image\/jpeg"}],"twitter_card":"summary_large_image","schema":{"@context":"https:\/\/schema.org","@graph":[{"@type":"WebPage","@id":"https:\/\/modernniagara.com\/fr\/emplacements\/vancouver\/","url":"https:\/\/modernniagara.com\/fr\/emplacements\/vancouver\/","name":"Modern Niagara Vancouver | M\u00e9canique, \u00e9lectricit\u00e9, CVC et plomberie","isPartOf":{"@id":"https:\/\/modernniagara.com\/#website"},"primaryImageOfPage":{"@id":"https:\/\/modernniagara.com\/fr\/emplacements\/vancouver\/#primaryimage"},"image":{"@id":"https:\/\/modernniagara.com\/fr\/emplacements\/vancouver\/#primaryimage"},"thumbnailUrl":"https:\/\/modernniagara.com\/wp-content\/uploads\/locations_vancouver_feature_317x195_blue_f.jpg","datePublished":"2020-08-21T21:05:40+00:00","dateModified":"2020-08-21T21:26:58+00:00","description":"Modern Niagara Vancouver propose des services contractuels en m\u00e9canique, en CVC et en plomberie.","breadcrumb":{"@id":"https:\/\/modernniagara.com\/fr\/emplacements\/vancouver\/#breadcrumb"},"inLanguage":"fr-FR","potentialAction":[{"@type":"ReadAction","target":["https:\/\/modernniagara.com\/fr\/emplacements\/vancouver\/"]}]},{"@type":"ImageObject","inLanguage":"fr-FR","@id":"https:\/\/modernniagara.com\/fr\/emplacements\/vancouver\/#primaryimage","url":"https:\/\/modernniagara.com\/wp-content\/uploads\/locations_vancouver_feature_317x195_blue_f.jpg","contentUrl":"https:\/\/modernniagara.com\/wp-content\/uploads\/locations_vancouver_feature_317x195_blue_f.jpg","width":317,"height":195,"caption":"A group of Modern Niagara employees in safety gear on a helicopter pad on the roof of the building with Downtown Vancouver in the backdrop"},{"@type":"BreadcrumbList","@id":"https:\/\/modernniagara.com\/fr\/emplacements\/vancouver\/#breadcrumb","itemListElement":[{"@type":"ListItem","position":1,"name":"Accueil","item":"https:\/\/modernniagara.com\/fr\/"},{"@type":"ListItem","position":2,"name":"Emplacements","item":"https:\/\/modernniagara.com\/fr\/emplacements\/"},{"@type":"ListItem","position":3,"name":"Modern Niagara Vancouver"}]},{"@type":"WebSite","@id":"https:\/\/modernniagara.com\/#website","url":"https:\/\/modernniagara.com\/","name":"Modern Niagara","description":"","potentialAction":[{"@type":"SearchAction","target":{"@type":"EntryPoint","urlTemplate":"https:\/\/modernniagara.com\/?s={search_term_string}"},"query-input":{"@type":"PropertyValueSpecification","valueRequired":true,"valueName":"search_term_string"}}],"inLanguage":"fr-FR"}]}},"_links":{"self":[{"href":"https:\/\/modernniagara.com\/fr\/wp-json\/wp\/v2\/pages\/3378","targetHints":{"allow":["GET"]}}],"collection":[{"href":"https:\/\/modernniagara.com\/fr\/wp-json\/wp\/v2\/pages"}],"about":[{"href":"https:\/\/modernniagara.com\/fr\/wp-json\/wp\/v2\/types\/page"}],"author":[{"embeddable":true,"href":"https:\/\/modernniagara.com\/fr\/wp-json\/wp\/v2\/users\/1"}],"replies":[{"embeddable":true,"href":"https:\/\/modernniagara.com\/fr\/wp-json\/wp\/v2\/comments?post=3378"}],"version-history":[{"count":2,"href":"https:\/\/modernniagara.com\/fr\/wp-json\/wp\/v2\/pages\/3378\/revisions"}],"predecessor-version":[{"id":3380,"href":"https:\/\/modernniagara.com\/fr\/wp-json\/wp\/v2\/pages\/3378\/revisions\/3380"}],"up":[{"embeddable":true,"href":"https:\/\/modernniagara.com\/fr\/wp-json\/wp\/v2\/pages\/3376"}],"wp:featuredmedia":[{"embeddable":true,"href":"https:\/\/modernniagara.com\/fr\/wp-json\/wp\/v2\/media\/4871"}],"wp:attachment":[{"href":"https:\/\/modernniagara.com\/fr\/wp-json\/wp\/v2\/media?parent=3378"}],"curies":[{"name":"wp","href":"https:\/\/api.w.org\/{rel}","templated":true}]}}