{"id":3376,"date":"2020-08-21T16:57:04","date_gmt":"2020-08-21T20:57:04","guid":{"rendered":"https:\/\/modernniagara.com\/?page_id=3376"},"modified":"2020-08-21T16:57:04","modified_gmt":"2020-08-21T20:57:04","slug":"emplacements","status":"publish","type":"page","link":"https:\/\/modernniagara.com\/fr\/emplacements\/","title":{"rendered":"Emplacements"},"content":{"rendered":"<h2>Am\u00e9liorer le rendement des b\u00e2timents \u00e0 l\u2019\u00e9chelle du Canada<\/h2>\n<p>Nous reconnaissons la valeur d\u2019une solide compr\u00e9hension r\u00e9gionale dans le cadre d\u2019un projet. Nos bureaux de Vancouver, Calgary, Edmonton, Toronto et Ottawa poss\u00e8dent les connaissances du march\u00e9 local requises pour r\u00e9pondre \u00e0 vos besoins d\u2019affaires.<\/p>\n","protected":false},"excerpt":{"rendered":"<p>Am\u00e9liorer le rendement des b\u00e2timents \u00e0 l\u2019\u00e9chelle du Canada Nous reconnaissons la valeur d\u2019une solide compr\u00e9hension r\u00e9gionale dans le cadre d\u2019un projet. Nos bureaux de Vancouver, Calgary, Edmonton, Toronto et Ottawa poss\u00e8dent les connaissances du march\u00e9 local requises pour r\u00e9pondre \u00e0 vos besoins d\u2019affaires.<\/p>\n","protected":false},"author":1,"featured_media":0,"parent":0,"menu_order":2,"comment_status":"closed","ping_status":"closed","template":"","meta":{"_acf_changed":false,"footnotes":""},"class_list":["post-3376","page","type-page","status-publish","hentry"],"acf":[],"yoast_head":"<!-- This site is optimized with the Yoast SEO plugin v27.5 - https:\/\/yoast.com\/product\/yoast-seo-wordpress\/ -->\n<title>Emplacements | Modern Niagara | M\u00e9canique, \u00e9lectricit\u00e9, CVC et plomberie<\/title>\n<meta name=\"description\" content=\"Modern Niagara offre des services en m\u00e9canique et en \u00e9lectricit\u00e9, en CVC, en plomberie et bien plus \u00e0 Ottawa, Toronto, Calgary, Edmonton et Vancouver.\" \/>\n<meta name=\"robots\" content=\"index, follow, max-snippet:-1, max-image-preview:large, max-video-preview:-1\" \/>\n<link rel=\"canonical\" href=\"https:\/\/modernniagara.com\/fr\/emplacements\/\" \/>\n<meta property=\"og:locale\" content=\"fr_FR\" \/>\n<meta property=\"og:type\" content=\"article\" \/>\n<meta property=\"og:title\" content=\"Emplacements | Modern Niagara | M\u00e9canique, \u00e9lectricit\u00e9, CVC et plomberie\" \/>\n<meta property=\"og:description\" content=\"Modern Niagara offre des services en m\u00e9canique et en \u00e9lectricit\u00e9, en CVC, en plomberie et bien plus \u00e0 Ottawa, Toronto, Calgary, Edmonton et Vancouver.\" \/>\n<meta property=\"og:url\" content=\"https:\/\/modernniagara.com\/fr\/emplacements\/\" \/>\n<meta property=\"og:site_name\" content=\"Modern Niagara\" \/>\n<meta name=\"twitter:card\" content=\"summary_large_image\" \/>\n<script type=\"application\/ld+json\" class=\"yoast-schema-graph\">{\"@context\":\"https:\\\/\\\/schema.org\",\"@graph\":[{\"@type\":\"WebPage\",\"@id\":\"https:\\\/\\\/modernniagara.com\\\/fr\\\/emplacements\\\/\",\"url\":\"https:\\\/\\\/modernniagara.com\\\/fr\\\/emplacements\\\/\",\"name\":\"Emplacements | Modern Niagara | M\u00e9canique, \u00e9lectricit\u00e9, CVC et plomberie\",\"isPartOf\":{\"@id\":\"https:\\\/\\\/modernniagara.com\\\/#website\"},\"datePublished\":\"2020-08-21T20:57:04+00:00\",\"description\":\"Modern Niagara offre des services en m\u00e9canique et en \u00e9lectricit\u00e9, en CVC, en plomberie et bien plus \u00e0 Ottawa, Toronto, Calgary, Edmonton et Vancouver.\",\"breadcrumb\":{\"@id\":\"https:\\\/\\\/modernniagara.com\\\/fr\\\/emplacements\\\/#breadcrumb\"},\"inLanguage\":\"fr-FR\",\"potentialAction\":[{\"@type\":\"ReadAction\",\"target\":[\"https:\\\/\\\/modernniagara.com\\\/fr\\\/emplacements\\\/\"]}]},{\"@type\":\"BreadcrumbList\",\"@id\":\"https:\\\/\\\/modernniagara.com\\\/fr\\\/emplacements\\\/#breadcrumb\",\"itemListElement\":[{\"@type\":\"ListItem\",\"position\":1,\"name\":\"Accueil\",\"item\":\"https:\\\/\\\/modernniagara.com\\\/fr\\\/\"},{\"@type\":\"ListItem\",\"position\":2,\"name\":\"Emplacements\"}]},{\"@type\":\"WebSite\",\"@id\":\"https:\\\/\\\/modernniagara.com\\\/#website\",\"url\":\"https:\\\/\\\/modernniagara.com\\\/\",\"name\":\"Modern Niagara\",\"description\":\"\",\"potentialAction\":[{\"@type\":\"SearchAction\",\"target\":{\"@type\":\"EntryPoint\",\"urlTemplate\":\"https:\\\/\\\/modernniagara.com\\\/?s={search_term_string}\"},\"query-input\":{\"@type\":\"PropertyValueSpecification\",\"valueRequired\":true,\"valueName\":\"search_term_string\"}}],\"inLanguage\":\"fr-FR\"}]}<\/script>\n<!-- \/ Yoast SEO plugin. -->","yoast_head_json":{"title":"Emplacements | Modern Niagara | M\u00e9canique, \u00e9lectricit\u00e9, CVC et plomberie","description":"Modern Niagara offre des services en m\u00e9canique et en \u00e9lectricit\u00e9, en CVC, en plomberie et bien plus \u00e0 Ottawa, Toronto, Calgary, Edmonton et Vancouver.","robots":{"index":"index","follow":"follow","max-snippet":"max-snippet:-1","max-image-preview":"max-image-preview:large","max-video-preview":"max-video-preview:-1"},"canonical":"https:\/\/modernniagara.com\/fr\/emplacements\/","og_locale":"fr_FR","og_type":"article","og_title":"Emplacements | Modern Niagara | M\u00e9canique, \u00e9lectricit\u00e9, CVC et plomberie","og_description":"Modern Niagara offre des services en m\u00e9canique et en \u00e9lectricit\u00e9, en CVC, en plomberie et bien plus \u00e0 Ottawa, Toronto, Calgary, Edmonton et Vancouver.","og_url":"https:\/\/modernniagara.com\/fr\/emplacements\/","og_site_name":"Modern Niagara","twitter_card":"summary_large_image","schema":{"@context":"https:\/\/schema.org","@graph":[{"@type":"WebPage","@id":"https:\/\/modernniagara.com\/fr\/emplacements\/","url":"https:\/\/modernniagara.com\/fr\/emplacements\/","name":"Emplacements | Modern Niagara | M\u00e9canique, \u00e9lectricit\u00e9, CVC et plomberie","isPartOf":{"@id":"https:\/\/modernniagara.com\/#website"},"datePublished":"2020-08-21T20:57:04+00:00","description":"Modern Niagara offre des services en m\u00e9canique et en \u00e9lectricit\u00e9, en CVC, en plomberie et bien plus \u00e0 Ottawa, Toronto, Calgary, Edmonton et Vancouver.","breadcrumb":{"@id":"https:\/\/modernniagara.com\/fr\/emplacements\/#breadcrumb"},"inLanguage":"fr-FR","potentialAction":[{"@type":"ReadAction","target":["https:\/\/modernniagara.com\/fr\/emplacements\/"]}]},{"@type":"BreadcrumbList","@id":"https:\/\/modernniagara.com\/fr\/emplacements\/#breadcrumb","itemListElement":[{"@type":"ListItem","position":1,"name":"Accueil","item":"https:\/\/modernniagara.com\/fr\/"},{"@type":"ListItem","position":2,"name":"Emplacements"}]},{"@type":"WebSite","@id":"https:\/\/modernniagara.com\/#website","url":"https:\/\/modernniagara.com\/","name":"Modern Niagara","description":"","potentialAction":[{"@type":"SearchAction","target":{"@type":"EntryPoint","urlTemplate":"https:\/\/modernniagara.com\/?s={search_term_string}"},"query-input":{"@type":"PropertyValueSpecification","valueRequired":true,"valueName":"search_term_string"}}],"inLanguage":"fr-FR"}]}},"_links":{"self":[{"href":"https:\/\/modernniagara.com\/fr\/wp-json\/wp\/v2\/pages\/3376","targetHints":{"allow":["GET"]}}],"collection":[{"href":"https:\/\/modernniagara.com\/fr\/wp-json\/wp\/v2\/pages"}],"about":[{"href":"https:\/\/modernniagara.com\/fr\/wp-json\/wp\/v2\/types\/page"}],"author":[{"embeddable":true,"href":"https:\/\/modernniagara.com\/fr\/wp-json\/wp\/v2\/users\/1"}],"replies":[{"embeddable":true,"href":"https:\/\/modernniagara.com\/fr\/wp-json\/wp\/v2\/comments?post=3376"}],"version-history":[{"count":1,"href":"https:\/\/modernniagara.com\/fr\/wp-json\/wp\/v2\/pages\/3376\/revisions"}],"predecessor-version":[{"id":3377,"href":"https:\/\/modernniagara.com\/fr\/wp-json\/wp\/v2\/pages\/3376\/revisions\/3377"}],"wp:attachment":[{"href":"https:\/\/modernniagara.com\/fr\/wp-json\/wp\/v2\/media?parent=3376"}],"curies":[{"name":"wp","href":"https:\/\/api.w.org\/{rel}","templated":true}]}}