{"id":3368,"date":"2020-08-21T11:47:43","date_gmt":"2020-08-21T15:47:43","guid":{"rendered":"https:\/\/modernniagara.com\/?page_id=3368"},"modified":"2020-08-21T11:47:43","modified_gmt":"2020-08-21T15:47:43","slug":"services-daide-a-la-conception-et-services-professionnels","status":"publish","type":"page","link":"https:\/\/modernniagara.com\/fr\/nos-services\/services-mecaniques\/services-daide-a-la-conception-et-services-professionnels\/","title":{"rendered":"Services d\u2019aide \u00e0 la conception et services professionnels"},"content":{"rendered":"<a href=\"https:\/\/modernniagara.com\/wp-content\/uploads\/2019\/05\/MNG-Mechanical-brochure-web.pdf\" target=\"_blank\" rel=\"noopener noreferrer\"><img loading=\"lazy\" decoding=\"async\" class=\"alignright size-full wp-image-2758\" src=\"https:\/\/modernniagara.com\/wp-content\/uploads\/2019\/05\/thumb-MNG-Mechanical-brochure.jpg\" alt=\"\" width=\"220\" height=\"285\" \/><\/a>\n<h2>Le point de vue d\u2019un expert pour valider la conception de vos syst\u00e8mes m\u00e9caniques.<\/h2>\n<p>Avec autant de facteurs \u00e0 consid\u00e9rer, aller de l\u2019avant avec une conception de syst\u00e8me m\u00e9canique peut sembler un acte de foi. Votre conception est-elle techniquement r\u00e9alisable? Vos projections de co\u00fbts sont-elles r\u00e9alistes? Le calendrier propos\u00e9 est-il r\u00e9alisable?<\/p>\n<p>Obtenez l\u2019assurance dont vous avez besoin gr\u00e2ce aux services d\u2019assistance \u00e0 la conception et aux services professionnels de Modern Niagara. En s&rsquo;appuyant sur des ann\u00e9es d\u2019exp\u00e9rience pratique, nos entrepreneurs principaux examineront votre conception d\u00e8s les premi\u00e8res esquisses du concept, vous donneront le feu vert et vous aideront \u00e0 r\u00e9soudre les probl\u00e8mes pour passer \u00e0 l\u2019\u00e9tape suivante en toute confiance.<\/p>\n<p><strong>Quelle que soit l\u2019assurance que vous recherchez, notre \u00e9quipe exp\u00e9riment\u00e9e offre\u00a0:<\/strong><\/p>\n<ul>\n<li><em>Constructibilit\u00e9<\/em> : Nous v\u00e9rifierons soigneusement votre conception, anticiperons les obstacles et vous aiderons \u00e0 combler les lacunes pour vous assurer que ce qui est sur papier se traduira par une installation sans probl\u00e8me.<\/li>\n<li><em>Stabilit\u00e9 des co\u00fbts<\/em> : Nos entrepreneurs passeront en revue tous les composants de votre conception et tiendront compte de toutes les circonstances qui pourraient affecter le prix final de votre construction, ce qui vous assure, \u00e0 vous ou \u00e0 votre client, une certitude \u00e0 l\u2019\u00e9gard des co\u00fbts.<\/li>\n<li><em>R\u00e9alisme du calendrier<\/em> : Nous identifierons tous les obstacles susceptibles de compromettre l\u2019atteinte de votre date d\u2019ach\u00e8vement cible, des contraintes de main-d\u2019\u0153uvre \u00e0 la disponibilit\u00e9 des produits en passant par les d\u00e9lais de livraison des \u00e9quipements.<\/li>\n<\/ul>\n<h3>Une source \u00e9prouv\u00e9e d\u2019expertise en syst\u00e8mes m\u00e9caniques<\/h3>\n<p>Modern Niagara fait preuve d\u2019une expertise approfondie dans la conception de contrats d\u2019assistance aupr\u00e8s des propri\u00e9taires d\u2019immeubles et des entrepreneurs g\u00e9n\u00e9raux \u00e0 l\u2019\u00e9chelle nationale.<\/p>\n","protected":false},"excerpt":{"rendered":"<p>Les services d\u2019aide \u00e0 la conception de Modern Niagara peuvent vous aider \u00e0 valider la stabilit\u00e9 des prix, la constructibilit\u00e9 et d\u2019autres aspects de la conception de votre syst\u00e8me m\u00e9canique.<\/p>\n","protected":false},"author":1,"featured_media":2948,"parent":3306,"menu_order":1,"comment_status":"closed","ping_status":"closed","template":"","meta":{"_acf_changed":false,"footnotes":""},"class_list":["post-3368","page","type-page","status-publish","has-post-thumbnail","hentry"],"acf":[],"yoast_head":"<!-- This site is optimized with the Yoast SEO plugin v27.3 - https:\/\/yoast.com\/product\/yoast-seo-wordpress\/ -->\n<title>Services d\u2019aide \u00e0 la conception et services professionnels | Services m\u00e9caniques | Modern Niagara<\/title>\n<meta name=\"description\" content=\"Les services d\u2019aide \u00e0 la conception de Modern Niagara peuvent vous aider \u00e0 valider la stabilit\u00e9 des prix, la constructibilit\u00e9 et d\u2019autres aspects de la conception de votre syst\u00e8me m\u00e9canique.\" \/>\n<meta name=\"robots\" content=\"index, follow, max-snippet:-1, max-image-preview:large, max-video-preview:-1\" \/>\n<link rel=\"canonical\" href=\"https:\/\/modernniagara.com\/fr\/nos-services\/services-mecaniques\/services-daide-a-la-conception-et-services-professionnels\/\" \/>\n<meta property=\"og:locale\" content=\"fr_FR\" \/>\n<meta property=\"og:type\" content=\"article\" \/>\n<meta property=\"og:title\" content=\"Services d\u2019aide \u00e0 la conception et services professionnels | Services m\u00e9caniques | Modern Niagara\" \/>\n<meta property=\"og:description\" content=\"Les services d\u2019aide \u00e0 la conception de Modern Niagara peuvent vous aider \u00e0 valider la stabilit\u00e9 des prix, la constructibilit\u00e9 et d\u2019autres aspects de la conception de votre syst\u00e8me m\u00e9canique.\" \/>\n<meta property=\"og:url\" content=\"https:\/\/modernniagara.com\/fr\/nos-services\/services-mecaniques\/services-daide-a-la-conception-et-services-professionnels\/\" \/>\n<meta property=\"og:site_name\" content=\"Modern Niagara\" \/>\n<meta property=\"og:image\" content=\"https:\/\/modernniagara.com\/wp-content\/uploads\/2019\/11\/1.png\" \/>\n\t<meta property=\"og:image:width\" content=\"317\" \/>\n\t<meta property=\"og:image:height\" content=\"195\" \/>\n\t<meta property=\"og:image:type\" content=\"image\/png\" \/>\n<meta name=\"twitter:card\" content=\"summary_large_image\" \/>\n<script type=\"application\/ld+json\" class=\"yoast-schema-graph\">{\"@context\":\"https:\\\/\\\/schema.org\",\"@graph\":[{\"@type\":\"WebPage\",\"@id\":\"https:\\\/\\\/modernniagara.com\\\/fr\\\/nos-services\\\/services-mecaniques\\\/services-daide-a-la-conception-et-services-professionnels\\\/\",\"url\":\"https:\\\/\\\/modernniagara.com\\\/fr\\\/nos-services\\\/services-mecaniques\\\/services-daide-a-la-conception-et-services-professionnels\\\/\",\"name\":\"Services d\u2019aide \u00e0 la conception et services professionnels | Services m\u00e9caniques | Modern Niagara\",\"isPartOf\":{\"@id\":\"https:\\\/\\\/modernniagara.com\\\/#website\"},\"primaryImageOfPage\":{\"@id\":\"https:\\\/\\\/modernniagara.com\\\/fr\\\/nos-services\\\/services-mecaniques\\\/services-daide-a-la-conception-et-services-professionnels\\\/#primaryimage\"},\"image\":{\"@id\":\"https:\\\/\\\/modernniagara.com\\\/fr\\\/nos-services\\\/services-mecaniques\\\/services-daide-a-la-conception-et-services-professionnels\\\/#primaryimage\"},\"thumbnailUrl\":\"https:\\\/\\\/modernniagara.com\\\/wp-content\\\/uploads\\\/2019\\\/11\\\/1.png\",\"datePublished\":\"2020-08-21T15:47:43+00:00\",\"description\":\"Les services d\u2019aide \u00e0 la conception de Modern Niagara peuvent vous aider \u00e0 valider la stabilit\u00e9 des prix, la constructibilit\u00e9 et d\u2019autres aspects de la conception de votre syst\u00e8me m\u00e9canique.\",\"breadcrumb\":{\"@id\":\"https:\\\/\\\/modernniagara.com\\\/fr\\\/nos-services\\\/services-mecaniques\\\/services-daide-a-la-conception-et-services-professionnels\\\/#breadcrumb\"},\"inLanguage\":\"fr-FR\",\"potentialAction\":[{\"@type\":\"ReadAction\",\"target\":[\"https:\\\/\\\/modernniagara.com\\\/fr\\\/nos-services\\\/services-mecaniques\\\/services-daide-a-la-conception-et-services-professionnels\\\/\"]}]},{\"@type\":\"ImageObject\",\"inLanguage\":\"fr-FR\",\"@id\":\"https:\\\/\\\/modernniagara.com\\\/fr\\\/nos-services\\\/services-mecaniques\\\/services-daide-a-la-conception-et-services-professionnels\\\/#primaryimage\",\"url\":\"https:\\\/\\\/modernniagara.com\\\/wp-content\\\/uploads\\\/2019\\\/11\\\/1.png\",\"contentUrl\":\"https:\\\/\\\/modernniagara.com\\\/wp-content\\\/uploads\\\/2019\\\/11\\\/1.png\",\"width\":317,\"height\":195},{\"@type\":\"BreadcrumbList\",\"@id\":\"https:\\\/\\\/modernniagara.com\\\/fr\\\/nos-services\\\/services-mecaniques\\\/services-daide-a-la-conception-et-services-professionnels\\\/#breadcrumb\",\"itemListElement\":[{\"@type\":\"ListItem\",\"position\":1,\"name\":\"Accueil\",\"item\":\"https:\\\/\\\/modernniagara.com\\\/fr\\\/\"},{\"@type\":\"ListItem\",\"position\":2,\"name\":\"Nos services\",\"item\":\"https:\\\/\\\/modernniagara.com\\\/fr\\\/nos-services\\\/\"},{\"@type\":\"ListItem\",\"position\":3,\"name\":\"Services m\u00e9caniques\",\"item\":\"https:\\\/\\\/modernniagara.com\\\/fr\\\/nos-services\\\/services-mecaniques\\\/\"},{\"@type\":\"ListItem\",\"position\":4,\"name\":\"Services d\u2019aide \u00e0 la conception et services professionnels\"}]},{\"@type\":\"WebSite\",\"@id\":\"https:\\\/\\\/modernniagara.com\\\/#website\",\"url\":\"https:\\\/\\\/modernniagara.com\\\/\",\"name\":\"Modern Niagara\",\"description\":\"\",\"potentialAction\":[{\"@type\":\"SearchAction\",\"target\":{\"@type\":\"EntryPoint\",\"urlTemplate\":\"https:\\\/\\\/modernniagara.com\\\/?s={search_term_string}\"},\"query-input\":{\"@type\":\"PropertyValueSpecification\",\"valueRequired\":true,\"valueName\":\"search_term_string\"}}],\"inLanguage\":\"fr-FR\"}]}<\/script>\n<!-- \/ Yoast SEO plugin. -->","yoast_head_json":{"title":"Services d\u2019aide \u00e0 la conception et services professionnels | Services m\u00e9caniques | Modern Niagara","description":"Les services d\u2019aide \u00e0 la conception de Modern Niagara peuvent vous aider \u00e0 valider la stabilit\u00e9 des prix, la constructibilit\u00e9 et d\u2019autres aspects de la conception de votre syst\u00e8me m\u00e9canique.","robots":{"index":"index","follow":"follow","max-snippet":"max-snippet:-1","max-image-preview":"max-image-preview:large","max-video-preview":"max-video-preview:-1"},"canonical":"https:\/\/modernniagara.com\/fr\/nos-services\/services-mecaniques\/services-daide-a-la-conception-et-services-professionnels\/","og_locale":"fr_FR","og_type":"article","og_title":"Services d\u2019aide \u00e0 la conception et services professionnels | Services m\u00e9caniques | Modern Niagara","og_description":"Les services d\u2019aide \u00e0 la conception de Modern Niagara peuvent vous aider \u00e0 valider la stabilit\u00e9 des prix, la constructibilit\u00e9 et d\u2019autres aspects de la conception de votre syst\u00e8me m\u00e9canique.","og_url":"https:\/\/modernniagara.com\/fr\/nos-services\/services-mecaniques\/services-daide-a-la-conception-et-services-professionnels\/","og_site_name":"Modern Niagara","og_image":[{"width":317,"height":195,"url":"https:\/\/modernniagara.com\/wp-content\/uploads\/2019\/11\/1.png","type":"image\/png"}],"twitter_card":"summary_large_image","schema":{"@context":"https:\/\/schema.org","@graph":[{"@type":"WebPage","@id":"https:\/\/modernniagara.com\/fr\/nos-services\/services-mecaniques\/services-daide-a-la-conception-et-services-professionnels\/","url":"https:\/\/modernniagara.com\/fr\/nos-services\/services-mecaniques\/services-daide-a-la-conception-et-services-professionnels\/","name":"Services d\u2019aide \u00e0 la conception et services professionnels | Services m\u00e9caniques | Modern Niagara","isPartOf":{"@id":"https:\/\/modernniagara.com\/#website"},"primaryImageOfPage":{"@id":"https:\/\/modernniagara.com\/fr\/nos-services\/services-mecaniques\/services-daide-a-la-conception-et-services-professionnels\/#primaryimage"},"image":{"@id":"https:\/\/modernniagara.com\/fr\/nos-services\/services-mecaniques\/services-daide-a-la-conception-et-services-professionnels\/#primaryimage"},"thumbnailUrl":"https:\/\/modernniagara.com\/wp-content\/uploads\/2019\/11\/1.png","datePublished":"2020-08-21T15:47:43+00:00","description":"Les services d\u2019aide \u00e0 la conception de Modern Niagara peuvent vous aider \u00e0 valider la stabilit\u00e9 des prix, la constructibilit\u00e9 et d\u2019autres aspects de la conception de votre syst\u00e8me m\u00e9canique.","breadcrumb":{"@id":"https:\/\/modernniagara.com\/fr\/nos-services\/services-mecaniques\/services-daide-a-la-conception-et-services-professionnels\/#breadcrumb"},"inLanguage":"fr-FR","potentialAction":[{"@type":"ReadAction","target":["https:\/\/modernniagara.com\/fr\/nos-services\/services-mecaniques\/services-daide-a-la-conception-et-services-professionnels\/"]}]},{"@type":"ImageObject","inLanguage":"fr-FR","@id":"https:\/\/modernniagara.com\/fr\/nos-services\/services-mecaniques\/services-daide-a-la-conception-et-services-professionnels\/#primaryimage","url":"https:\/\/modernniagara.com\/wp-content\/uploads\/2019\/11\/1.png","contentUrl":"https:\/\/modernniagara.com\/wp-content\/uploads\/2019\/11\/1.png","width":317,"height":195},{"@type":"BreadcrumbList","@id":"https:\/\/modernniagara.com\/fr\/nos-services\/services-mecaniques\/services-daide-a-la-conception-et-services-professionnels\/#breadcrumb","itemListElement":[{"@type":"ListItem","position":1,"name":"Accueil","item":"https:\/\/modernniagara.com\/fr\/"},{"@type":"ListItem","position":2,"name":"Nos services","item":"https:\/\/modernniagara.com\/fr\/nos-services\/"},{"@type":"ListItem","position":3,"name":"Services m\u00e9caniques","item":"https:\/\/modernniagara.com\/fr\/nos-services\/services-mecaniques\/"},{"@type":"ListItem","position":4,"name":"Services d\u2019aide \u00e0 la conception et services professionnels"}]},{"@type":"WebSite","@id":"https:\/\/modernniagara.com\/#website","url":"https:\/\/modernniagara.com\/","name":"Modern Niagara","description":"","potentialAction":[{"@type":"SearchAction","target":{"@type":"EntryPoint","urlTemplate":"https:\/\/modernniagara.com\/?s={search_term_string}"},"query-input":{"@type":"PropertyValueSpecification","valueRequired":true,"valueName":"search_term_string"}}],"inLanguage":"fr-FR"}]}},"_links":{"self":[{"href":"https:\/\/modernniagara.com\/fr\/wp-json\/wp\/v2\/pages\/3368","targetHints":{"allow":["GET"]}}],"collection":[{"href":"https:\/\/modernniagara.com\/fr\/wp-json\/wp\/v2\/pages"}],"about":[{"href":"https:\/\/modernniagara.com\/fr\/wp-json\/wp\/v2\/types\/page"}],"author":[{"embeddable":true,"href":"https:\/\/modernniagara.com\/fr\/wp-json\/wp\/v2\/users\/1"}],"replies":[{"embeddable":true,"href":"https:\/\/modernniagara.com\/fr\/wp-json\/wp\/v2\/comments?post=3368"}],"version-history":[{"count":1,"href":"https:\/\/modernniagara.com\/fr\/wp-json\/wp\/v2\/pages\/3368\/revisions"}],"predecessor-version":[{"id":3369,"href":"https:\/\/modernniagara.com\/fr\/wp-json\/wp\/v2\/pages\/3368\/revisions\/3369"}],"up":[{"embeddable":true,"href":"https:\/\/modernniagara.com\/fr\/wp-json\/wp\/v2\/pages\/3306"}],"wp:featuredmedia":[{"embeddable":true,"href":"https:\/\/modernniagara.com\/fr\/wp-json\/wp\/v2\/media\/2948"}],"wp:attachment":[{"href":"https:\/\/modernniagara.com\/fr\/wp-json\/wp\/v2\/media?parent=3368"}],"curies":[{"name":"wp","href":"https:\/\/api.w.org\/{rel}","templated":true}]}}