{"id":3365,"date":"2020-08-21T11:41:32","date_gmt":"2020-08-21T15:41:32","guid":{"rendered":"https:\/\/modernniagara.com\/?page_id=3365"},"modified":"2020-08-21T11:42:36","modified_gmt":"2020-08-21T15:42:36","slug":"fabrication-et-installation-de-metal-en-feuille","status":"publish","type":"page","link":"https:\/\/modernniagara.com\/fr\/nos-services\/services-mecaniques\/fabrication-et-installation-de-metal-en-feuille\/","title":{"rendered":"Fabrication et installation de m\u00e9tal en feuille"},"content":{"rendered":"<img loading=\"lazy\" decoding=\"async\" class=\"alignright size-full wp-image-2768\" src=\"https:\/\/modernniagara.com\/wp-content\/uploads\/2019\/05\/IMG_8159.png\" alt=\"\" width=\"317\" height=\"317\" srcset=\"https:\/\/modernniagara.com\/wp-content\/uploads\/2019\/05\/IMG_8159.png 317w, https:\/\/modernniagara.com\/wp-content\/uploads\/2019\/05\/IMG_8159-150x150.png 150w, https:\/\/modernniagara.com\/wp-content\/uploads\/2019\/05\/IMG_8159-300x300.png 300w\" sizes=\"auto, (max-width: 317px) 100vw, 317px\" \/>\n<h2>M\u00e9tal en feuille de qualit\u00e9 sup\u00e9rieure, en tout temps.<\/h2>\n<p>Des millions de livres de m\u00e9tal en feuille sortent de nos usines de fabrication de pointe chaque ann\u00e9e pour \u00eatre exp\u00e9di\u00e9es \u00e0 des sites clients comme les v\u00f4tres. Cela signifie que vous obtenez en tout temps du m\u00e9tal en feuille de qualit\u00e9 sup\u00e9rieure \u00e0 moindre co\u00fbt, fabriqu\u00e9 uniquement \u00e0 partir des meilleurs mat\u00e9riaux.<\/p>\n<p>Modern Niagara propose du m\u00e9tal taill\u00e9 sur mesure et fabriqu\u00e9 selon les normes de la SMACNA (Sheet Metal and Air Conditioning National Contractors Association) et de Leadership in Energy and Environmental Design (LEED).<\/p>\n<p><strong>Notre \u00e9quipe a de l\u2019exp\u00e9rience avec tous les types de mat\u00e9riaux, notamment\u00a0:<\/strong><\/p>\n<ul>\n<li>M\u00e9taux galvanis\u00e9s<\/li>\n<li>Acier inoxydable<\/li>\n<li>Acier noir<\/li>\n<li>Aluminium<\/li>\n<li>Chlorure de polyvinyle (PVC)<\/li>\n<li>M\u00e9tal enduit de PVC<\/li>\n<li>Plastique renforc\u00e9 de fibres<\/li>\n<\/ul>\n","protected":false},"excerpt":{"rendered":"<p>Nous avons la capacit\u00e9 de fabrication interne pour produire suffisamment de m\u00e9tal en feuille pour nos projets en utilisant des appareils de pointe et des mat\u00e9riaux de la meilleure qualit\u00e9 pour assurer l\u2019int\u00e9grit\u00e9 et la qualit\u00e9.<\/p>\n","protected":false},"author":1,"featured_media":0,"parent":3306,"menu_order":4,"comment_status":"closed","ping_status":"closed","template":"","meta":{"_acf_changed":false,"footnotes":""},"class_list":["post-3365","page","type-page","status-publish","hentry"],"acf":[],"yoast_head":"<!-- This site is optimized with the Yoast SEO plugin v27.3 - https:\/\/yoast.com\/product\/yoast-seo-wordpress\/ -->\n<title>Fabrication de m\u00e9tal en feuille | Services m\u00e9caniques | Modern Niagara<\/title>\n<meta name=\"description\" content=\"Modern Niagara produit du m\u00e9tal en feuille dans ses propres usines de fabrication ultramodernes en utilisant uniquement des mat\u00e9riaux de qualit\u00e9 sup\u00e9rieure.\" \/>\n<meta name=\"robots\" content=\"index, follow, max-snippet:-1, max-image-preview:large, max-video-preview:-1\" \/>\n<link rel=\"canonical\" href=\"https:\/\/modernniagara.com\/fr\/nos-services\/services-mecaniques\/fabrication-et-installation-de-metal-en-feuille\/\" \/>\n<meta property=\"og:locale\" content=\"fr_FR\" \/>\n<meta property=\"og:type\" content=\"article\" \/>\n<meta property=\"og:title\" content=\"Fabrication de m\u00e9tal en feuille | Services m\u00e9caniques | Modern Niagara\" \/>\n<meta property=\"og:description\" content=\"Modern Niagara produit du m\u00e9tal en feuille dans ses propres usines de fabrication ultramodernes en utilisant uniquement des mat\u00e9riaux de qualit\u00e9 sup\u00e9rieure.\" \/>\n<meta property=\"og:url\" content=\"https:\/\/modernniagara.com\/fr\/nos-services\/services-mecaniques\/fabrication-et-installation-de-metal-en-feuille\/\" \/>\n<meta property=\"og:site_name\" content=\"Modern Niagara\" \/>\n<meta property=\"article:modified_time\" content=\"2020-08-21T15:42:36+00:00\" \/>\n<meta property=\"og:image\" content=\"https:\/\/modernniagara.com\/wp-content\/uploads\/2019\/05\/image-mechanical-02-1.png\" \/>\n\t<meta property=\"og:image:width\" content=\"317\" \/>\n\t<meta property=\"og:image:height\" content=\"195\" \/>\n\t<meta property=\"og:image:type\" content=\"image\/png\" \/>\n<meta name=\"twitter:card\" content=\"summary_large_image\" \/>\n<script type=\"application\/ld+json\" class=\"yoast-schema-graph\">{\"@context\":\"https:\\\/\\\/schema.org\",\"@graph\":[{\"@type\":\"WebPage\",\"@id\":\"https:\\\/\\\/modernniagara.com\\\/fr\\\/nos-services\\\/services-mecaniques\\\/fabrication-et-installation-de-metal-en-feuille\\\/\",\"url\":\"https:\\\/\\\/modernniagara.com\\\/fr\\\/nos-services\\\/services-mecaniques\\\/fabrication-et-installation-de-metal-en-feuille\\\/\",\"name\":\"Fabrication de m\u00e9tal en feuille | Services m\u00e9caniques | Modern Niagara\",\"isPartOf\":{\"@id\":\"https:\\\/\\\/modernniagara.com\\\/#website\"},\"primaryImageOfPage\":{\"@id\":\"https:\\\/\\\/modernniagara.com\\\/fr\\\/nos-services\\\/services-mecaniques\\\/fabrication-et-installation-de-metal-en-feuille\\\/#primaryimage\"},\"image\":{\"@id\":\"https:\\\/\\\/modernniagara.com\\\/fr\\\/nos-services\\\/services-mecaniques\\\/fabrication-et-installation-de-metal-en-feuille\\\/#primaryimage\"},\"thumbnailUrl\":\"https:\\\/\\\/modernniagara.com\\\/wp-content\\\/uploads\\\/2019\\\/05\\\/IMG_8159.png\",\"datePublished\":\"2020-08-21T15:41:32+00:00\",\"dateModified\":\"2020-08-21T15:42:36+00:00\",\"description\":\"Modern Niagara produit du m\u00e9tal en feuille dans ses propres usines de fabrication ultramodernes en utilisant uniquement des mat\u00e9riaux de qualit\u00e9 sup\u00e9rieure.\",\"breadcrumb\":{\"@id\":\"https:\\\/\\\/modernniagara.com\\\/fr\\\/nos-services\\\/services-mecaniques\\\/fabrication-et-installation-de-metal-en-feuille\\\/#breadcrumb\"},\"inLanguage\":\"fr-FR\",\"potentialAction\":[{\"@type\":\"ReadAction\",\"target\":[\"https:\\\/\\\/modernniagara.com\\\/fr\\\/nos-services\\\/services-mecaniques\\\/fabrication-et-installation-de-metal-en-feuille\\\/\"]}]},{\"@type\":\"ImageObject\",\"inLanguage\":\"fr-FR\",\"@id\":\"https:\\\/\\\/modernniagara.com\\\/fr\\\/nos-services\\\/services-mecaniques\\\/fabrication-et-installation-de-metal-en-feuille\\\/#primaryimage\",\"url\":\"https:\\\/\\\/modernniagara.com\\\/wp-content\\\/uploads\\\/2019\\\/05\\\/IMG_8159.png\",\"contentUrl\":\"https:\\\/\\\/modernniagara.com\\\/wp-content\\\/uploads\\\/2019\\\/05\\\/IMG_8159.png\"},{\"@type\":\"BreadcrumbList\",\"@id\":\"https:\\\/\\\/modernniagara.com\\\/fr\\\/nos-services\\\/services-mecaniques\\\/fabrication-et-installation-de-metal-en-feuille\\\/#breadcrumb\",\"itemListElement\":[{\"@type\":\"ListItem\",\"position\":1,\"name\":\"Accueil\",\"item\":\"https:\\\/\\\/modernniagara.com\\\/fr\\\/\"},{\"@type\":\"ListItem\",\"position\":2,\"name\":\"Nos services\",\"item\":\"https:\\\/\\\/modernniagara.com\\\/fr\\\/nos-services\\\/\"},{\"@type\":\"ListItem\",\"position\":3,\"name\":\"Services m\u00e9caniques\",\"item\":\"https:\\\/\\\/modernniagara.com\\\/fr\\\/nos-services\\\/services-mecaniques\\\/\"},{\"@type\":\"ListItem\",\"position\":4,\"name\":\"Fabrication et installation de m\u00e9tal en feuille\"}]},{\"@type\":\"WebSite\",\"@id\":\"https:\\\/\\\/modernniagara.com\\\/#website\",\"url\":\"https:\\\/\\\/modernniagara.com\\\/\",\"name\":\"Modern Niagara\",\"description\":\"\",\"potentialAction\":[{\"@type\":\"SearchAction\",\"target\":{\"@type\":\"EntryPoint\",\"urlTemplate\":\"https:\\\/\\\/modernniagara.com\\\/?s={search_term_string}\"},\"query-input\":{\"@type\":\"PropertyValueSpecification\",\"valueRequired\":true,\"valueName\":\"search_term_string\"}}],\"inLanguage\":\"fr-FR\"}]}<\/script>\n<!-- \/ Yoast SEO plugin. -->","yoast_head_json":{"title":"Fabrication de m\u00e9tal en feuille | Services m\u00e9caniques | Modern Niagara","description":"Modern Niagara produit du m\u00e9tal en feuille dans ses propres usines de fabrication ultramodernes en utilisant uniquement des mat\u00e9riaux de qualit\u00e9 sup\u00e9rieure.","robots":{"index":"index","follow":"follow","max-snippet":"max-snippet:-1","max-image-preview":"max-image-preview:large","max-video-preview":"max-video-preview:-1"},"canonical":"https:\/\/modernniagara.com\/fr\/nos-services\/services-mecaniques\/fabrication-et-installation-de-metal-en-feuille\/","og_locale":"fr_FR","og_type":"article","og_title":"Fabrication de m\u00e9tal en feuille | Services m\u00e9caniques | Modern Niagara","og_description":"Modern Niagara produit du m\u00e9tal en feuille dans ses propres usines de fabrication ultramodernes en utilisant uniquement des mat\u00e9riaux de qualit\u00e9 sup\u00e9rieure.","og_url":"https:\/\/modernniagara.com\/fr\/nos-services\/services-mecaniques\/fabrication-et-installation-de-metal-en-feuille\/","og_site_name":"Modern Niagara","article_modified_time":"2020-08-21T15:42:36+00:00","og_image":[{"width":317,"height":195,"url":"https:\/\/modernniagara.com\/wp-content\/uploads\/2019\/05\/image-mechanical-02-1.png","type":"image\/png"}],"twitter_card":"summary_large_image","schema":{"@context":"https:\/\/schema.org","@graph":[{"@type":"WebPage","@id":"https:\/\/modernniagara.com\/fr\/nos-services\/services-mecaniques\/fabrication-et-installation-de-metal-en-feuille\/","url":"https:\/\/modernniagara.com\/fr\/nos-services\/services-mecaniques\/fabrication-et-installation-de-metal-en-feuille\/","name":"Fabrication de m\u00e9tal en feuille | Services m\u00e9caniques | Modern Niagara","isPartOf":{"@id":"https:\/\/modernniagara.com\/#website"},"primaryImageOfPage":{"@id":"https:\/\/modernniagara.com\/fr\/nos-services\/services-mecaniques\/fabrication-et-installation-de-metal-en-feuille\/#primaryimage"},"image":{"@id":"https:\/\/modernniagara.com\/fr\/nos-services\/services-mecaniques\/fabrication-et-installation-de-metal-en-feuille\/#primaryimage"},"thumbnailUrl":"https:\/\/modernniagara.com\/wp-content\/uploads\/2019\/05\/IMG_8159.png","datePublished":"2020-08-21T15:41:32+00:00","dateModified":"2020-08-21T15:42:36+00:00","description":"Modern Niagara produit du m\u00e9tal en feuille dans ses propres usines de fabrication ultramodernes en utilisant uniquement des mat\u00e9riaux de qualit\u00e9 sup\u00e9rieure.","breadcrumb":{"@id":"https:\/\/modernniagara.com\/fr\/nos-services\/services-mecaniques\/fabrication-et-installation-de-metal-en-feuille\/#breadcrumb"},"inLanguage":"fr-FR","potentialAction":[{"@type":"ReadAction","target":["https:\/\/modernniagara.com\/fr\/nos-services\/services-mecaniques\/fabrication-et-installation-de-metal-en-feuille\/"]}]},{"@type":"ImageObject","inLanguage":"fr-FR","@id":"https:\/\/modernniagara.com\/fr\/nos-services\/services-mecaniques\/fabrication-et-installation-de-metal-en-feuille\/#primaryimage","url":"https:\/\/modernniagara.com\/wp-content\/uploads\/2019\/05\/IMG_8159.png","contentUrl":"https:\/\/modernniagara.com\/wp-content\/uploads\/2019\/05\/IMG_8159.png"},{"@type":"BreadcrumbList","@id":"https:\/\/modernniagara.com\/fr\/nos-services\/services-mecaniques\/fabrication-et-installation-de-metal-en-feuille\/#breadcrumb","itemListElement":[{"@type":"ListItem","position":1,"name":"Accueil","item":"https:\/\/modernniagara.com\/fr\/"},{"@type":"ListItem","position":2,"name":"Nos services","item":"https:\/\/modernniagara.com\/fr\/nos-services\/"},{"@type":"ListItem","position":3,"name":"Services m\u00e9caniques","item":"https:\/\/modernniagara.com\/fr\/nos-services\/services-mecaniques\/"},{"@type":"ListItem","position":4,"name":"Fabrication et installation de m\u00e9tal en feuille"}]},{"@type":"WebSite","@id":"https:\/\/modernniagara.com\/#website","url":"https:\/\/modernniagara.com\/","name":"Modern Niagara","description":"","potentialAction":[{"@type":"SearchAction","target":{"@type":"EntryPoint","urlTemplate":"https:\/\/modernniagara.com\/?s={search_term_string}"},"query-input":{"@type":"PropertyValueSpecification","valueRequired":true,"valueName":"search_term_string"}}],"inLanguage":"fr-FR"}]}},"_links":{"self":[{"href":"https:\/\/modernniagara.com\/fr\/wp-json\/wp\/v2\/pages\/3365","targetHints":{"allow":["GET"]}}],"collection":[{"href":"https:\/\/modernniagara.com\/fr\/wp-json\/wp\/v2\/pages"}],"about":[{"href":"https:\/\/modernniagara.com\/fr\/wp-json\/wp\/v2\/types\/page"}],"author":[{"embeddable":true,"href":"https:\/\/modernniagara.com\/fr\/wp-json\/wp\/v2\/users\/1"}],"replies":[{"embeddable":true,"href":"https:\/\/modernniagara.com\/fr\/wp-json\/wp\/v2\/comments?post=3365"}],"version-history":[{"count":1,"href":"https:\/\/modernniagara.com\/fr\/wp-json\/wp\/v2\/pages\/3365\/revisions"}],"predecessor-version":[{"id":3366,"href":"https:\/\/modernniagara.com\/fr\/wp-json\/wp\/v2\/pages\/3365\/revisions\/3366"}],"up":[{"embeddable":true,"href":"https:\/\/modernniagara.com\/fr\/wp-json\/wp\/v2\/pages\/3306"}],"wp:attachment":[{"href":"https:\/\/modernniagara.com\/fr\/wp-json\/wp\/v2\/media?parent=3365"}],"curies":[{"name":"wp","href":"https:\/\/api.w.org\/{rel}","templated":true}]}}