{"id":3363,"date":"2020-08-21T11:34:52","date_gmt":"2020-08-21T15:34:52","guid":{"rendered":"https:\/\/modernniagara.com\/?page_id=3363"},"modified":"2020-08-21T11:34:52","modified_gmt":"2020-08-21T15:34:52","slug":"systemes-de-tuyauterie-et-de-plomberie-cvc","status":"publish","type":"page","link":"https:\/\/modernniagara.com\/fr\/nos-services\/services-mecaniques\/systemes-de-tuyauterie-et-de-plomberie-cvc\/","title":{"rendered":"Syst\u00e8mes de tuyauterie et de plomberie CVC"},"content":{"rendered":"<h2>Syst\u00e8mes de tuyauterie et de plomberie haut de gamme pour votre propri\u00e9t\u00e9.<\/h2>\n<p>Nous fabriquons tous nos syst\u00e8mes commerciaux de tuyauterie et de plomberie CVC \u00e0 l\u2019interne avec des appareils \u00e0 la fine pointe et des mat\u00e9riaux de la plus haute qualit\u00e9 pour vous assurer d\u2019obtenir uniquement des produits sup\u00e9rieurs.<\/p>\n<p><strong>En plus de la fabrication, nos comp\u00e9tences en tuyauterie et en plomberie CVC comprennent\u00a0:<\/strong><\/p>\n<ul>\n<li>Soudage (y compris les m\u00e9taux sp\u00e9ciaux)<\/li>\n<li>Rainurage et filetage &#8211; grand et petit al\u00e9sage<\/li>\n<li>Soudure<\/li>\n<li>Essais non destructifs (END) &#8211; essais de pression, rayons X<\/li>\n<li>Modules de salle de bain pr\u00e9fabriqu\u00e9s<\/li>\n<li>Patins et collecteurs de pompe pr\u00e9fabriqu\u00e9s (y compris les d\u00e9marreurs \u00e9lectriques, les pilotes et les contr\u00f4les)<\/li>\n<li>Tuyauterie de distribution pr\u00e9fabriqu\u00e9e et salles m\u00e9caniques<\/li>\n<\/ul>\n","protected":false},"excerpt":{"rendered":"<p>Notre usine de fabrication ultramoderne produit notamment des syst\u00e8mes de tuyauterie et de plomberie CVC de haute qualit\u00e9, des ch\u00e2ssis mobiles de pompes, des syst\u00e8mes de distribution pour r\u00e9pondre aux exigences de votre b\u00e2timent.<\/p>\n","protected":false},"author":1,"featured_media":2672,"parent":3306,"menu_order":3,"comment_status":"closed","ping_status":"closed","template":"","meta":{"_acf_changed":false,"footnotes":""},"class_list":["post-3363","page","type-page","status-publish","has-post-thumbnail","hentry"],"acf":[],"yoast_head":"<!-- This site is optimized with the Yoast SEO plugin v27.3 - https:\/\/yoast.com\/product\/yoast-seo-wordpress\/ -->\n<title>Syst\u00e8mes de tuyauterie et de plomberie CVC | Services m\u00e9caniques | Modern Niagara<\/title>\n<meta name=\"description\" content=\"Les syst\u00e8mes de tuyauterie et de plomberie CVC de Modern Niagara sont fabriqu\u00e9s \u00e0 l\u2019interne \u00e0 l&#039;aide de mat\u00e9riaux de qualit\u00e9 sup\u00e9rieure et d\u2019appareils \u00e0 la fine pointe de la technologie.\" \/>\n<meta name=\"robots\" content=\"index, follow, max-snippet:-1, max-image-preview:large, max-video-preview:-1\" \/>\n<link rel=\"canonical\" href=\"https:\/\/modernniagara.com\/fr\/nos-services\/services-mecaniques\/systemes-de-tuyauterie-et-de-plomberie-cvc\/\" \/>\n<meta property=\"og:locale\" content=\"fr_FR\" \/>\n<meta property=\"og:type\" content=\"article\" \/>\n<meta property=\"og:title\" content=\"Syst\u00e8mes de tuyauterie et de plomberie CVC | Services m\u00e9caniques | Modern Niagara\" \/>\n<meta property=\"og:description\" content=\"Les syst\u00e8mes de tuyauterie et de plomberie CVC de Modern Niagara sont fabriqu\u00e9s \u00e0 l\u2019interne \u00e0 l&#039;aide de mat\u00e9riaux de qualit\u00e9 sup\u00e9rieure et d\u2019appareils \u00e0 la fine pointe de la technologie.\" \/>\n<meta property=\"og:url\" content=\"https:\/\/modernniagara.com\/fr\/nos-services\/services-mecaniques\/systemes-de-tuyauterie-et-de-plomberie-cvc\/\" \/>\n<meta property=\"og:site_name\" content=\"Modern Niagara\" \/>\n<meta property=\"og:image\" content=\"https:\/\/modernniagara.com\/wp-content\/uploads\/2019\/05\/image-mechanical-03.png\" \/>\n\t<meta property=\"og:image:width\" content=\"317\" \/>\n\t<meta property=\"og:image:height\" content=\"195\" \/>\n\t<meta property=\"og:image:type\" content=\"image\/png\" \/>\n<meta name=\"twitter:card\" content=\"summary_large_image\" \/>\n<script type=\"application\/ld+json\" class=\"yoast-schema-graph\">{\"@context\":\"https:\\\/\\\/schema.org\",\"@graph\":[{\"@type\":\"WebPage\",\"@id\":\"https:\\\/\\\/modernniagara.com\\\/fr\\\/nos-services\\\/services-mecaniques\\\/systemes-de-tuyauterie-et-de-plomberie-cvc\\\/\",\"url\":\"https:\\\/\\\/modernniagara.com\\\/fr\\\/nos-services\\\/services-mecaniques\\\/systemes-de-tuyauterie-et-de-plomberie-cvc\\\/\",\"name\":\"Syst\u00e8mes de tuyauterie et de plomberie CVC | Services m\u00e9caniques | Modern Niagara\",\"isPartOf\":{\"@id\":\"https:\\\/\\\/modernniagara.com\\\/#website\"},\"primaryImageOfPage\":{\"@id\":\"https:\\\/\\\/modernniagara.com\\\/fr\\\/nos-services\\\/services-mecaniques\\\/systemes-de-tuyauterie-et-de-plomberie-cvc\\\/#primaryimage\"},\"image\":{\"@id\":\"https:\\\/\\\/modernniagara.com\\\/fr\\\/nos-services\\\/services-mecaniques\\\/systemes-de-tuyauterie-et-de-plomberie-cvc\\\/#primaryimage\"},\"thumbnailUrl\":\"https:\\\/\\\/modernniagara.com\\\/wp-content\\\/uploads\\\/2019\\\/05\\\/image-mechanical-03.png\",\"datePublished\":\"2020-08-21T15:34:52+00:00\",\"description\":\"Les syst\u00e8mes de tuyauterie et de plomberie CVC de Modern Niagara sont fabriqu\u00e9s \u00e0 l\u2019interne \u00e0 l'aide de mat\u00e9riaux de qualit\u00e9 sup\u00e9rieure et d\u2019appareils \u00e0 la fine pointe de la technologie.\",\"breadcrumb\":{\"@id\":\"https:\\\/\\\/modernniagara.com\\\/fr\\\/nos-services\\\/services-mecaniques\\\/systemes-de-tuyauterie-et-de-plomberie-cvc\\\/#breadcrumb\"},\"inLanguage\":\"fr-FR\",\"potentialAction\":[{\"@type\":\"ReadAction\",\"target\":[\"https:\\\/\\\/modernniagara.com\\\/fr\\\/nos-services\\\/services-mecaniques\\\/systemes-de-tuyauterie-et-de-plomberie-cvc\\\/\"]}]},{\"@type\":\"ImageObject\",\"inLanguage\":\"fr-FR\",\"@id\":\"https:\\\/\\\/modernniagara.com\\\/fr\\\/nos-services\\\/services-mecaniques\\\/systemes-de-tuyauterie-et-de-plomberie-cvc\\\/#primaryimage\",\"url\":\"https:\\\/\\\/modernniagara.com\\\/wp-content\\\/uploads\\\/2019\\\/05\\\/image-mechanical-03.png\",\"contentUrl\":\"https:\\\/\\\/modernniagara.com\\\/wp-content\\\/uploads\\\/2019\\\/05\\\/image-mechanical-03.png\",\"width\":317,\"height\":195},{\"@type\":\"BreadcrumbList\",\"@id\":\"https:\\\/\\\/modernniagara.com\\\/fr\\\/nos-services\\\/services-mecaniques\\\/systemes-de-tuyauterie-et-de-plomberie-cvc\\\/#breadcrumb\",\"itemListElement\":[{\"@type\":\"ListItem\",\"position\":1,\"name\":\"Accueil\",\"item\":\"https:\\\/\\\/modernniagara.com\\\/fr\\\/\"},{\"@type\":\"ListItem\",\"position\":2,\"name\":\"Nos services\",\"item\":\"https:\\\/\\\/modernniagara.com\\\/fr\\\/nos-services\\\/\"},{\"@type\":\"ListItem\",\"position\":3,\"name\":\"Services m\u00e9caniques\",\"item\":\"https:\\\/\\\/modernniagara.com\\\/fr\\\/nos-services\\\/services-mecaniques\\\/\"},{\"@type\":\"ListItem\",\"position\":4,\"name\":\"Syst\u00e8mes de tuyauterie et de plomberie CVC\"}]},{\"@type\":\"WebSite\",\"@id\":\"https:\\\/\\\/modernniagara.com\\\/#website\",\"url\":\"https:\\\/\\\/modernniagara.com\\\/\",\"name\":\"Modern Niagara\",\"description\":\"\",\"potentialAction\":[{\"@type\":\"SearchAction\",\"target\":{\"@type\":\"EntryPoint\",\"urlTemplate\":\"https:\\\/\\\/modernniagara.com\\\/?s={search_term_string}\"},\"query-input\":{\"@type\":\"PropertyValueSpecification\",\"valueRequired\":true,\"valueName\":\"search_term_string\"}}],\"inLanguage\":\"fr-FR\"}]}<\/script>\n<!-- \/ Yoast SEO plugin. -->","yoast_head_json":{"title":"Syst\u00e8mes de tuyauterie et de plomberie CVC | Services m\u00e9caniques | Modern Niagara","description":"Les syst\u00e8mes de tuyauterie et de plomberie CVC de Modern Niagara sont fabriqu\u00e9s \u00e0 l\u2019interne \u00e0 l'aide de mat\u00e9riaux de qualit\u00e9 sup\u00e9rieure et d\u2019appareils \u00e0 la fine pointe de la technologie.","robots":{"index":"index","follow":"follow","max-snippet":"max-snippet:-1","max-image-preview":"max-image-preview:large","max-video-preview":"max-video-preview:-1"},"canonical":"https:\/\/modernniagara.com\/fr\/nos-services\/services-mecaniques\/systemes-de-tuyauterie-et-de-plomberie-cvc\/","og_locale":"fr_FR","og_type":"article","og_title":"Syst\u00e8mes de tuyauterie et de plomberie CVC | Services m\u00e9caniques | Modern Niagara","og_description":"Les syst\u00e8mes de tuyauterie et de plomberie CVC de Modern Niagara sont fabriqu\u00e9s \u00e0 l\u2019interne \u00e0 l'aide de mat\u00e9riaux de qualit\u00e9 sup\u00e9rieure et d\u2019appareils \u00e0 la fine pointe de la technologie.","og_url":"https:\/\/modernniagara.com\/fr\/nos-services\/services-mecaniques\/systemes-de-tuyauterie-et-de-plomberie-cvc\/","og_site_name":"Modern Niagara","og_image":[{"width":317,"height":195,"url":"https:\/\/modernniagara.com\/wp-content\/uploads\/2019\/05\/image-mechanical-03.png","type":"image\/png"}],"twitter_card":"summary_large_image","schema":{"@context":"https:\/\/schema.org","@graph":[{"@type":"WebPage","@id":"https:\/\/modernniagara.com\/fr\/nos-services\/services-mecaniques\/systemes-de-tuyauterie-et-de-plomberie-cvc\/","url":"https:\/\/modernniagara.com\/fr\/nos-services\/services-mecaniques\/systemes-de-tuyauterie-et-de-plomberie-cvc\/","name":"Syst\u00e8mes de tuyauterie et de plomberie CVC | Services m\u00e9caniques | Modern Niagara","isPartOf":{"@id":"https:\/\/modernniagara.com\/#website"},"primaryImageOfPage":{"@id":"https:\/\/modernniagara.com\/fr\/nos-services\/services-mecaniques\/systemes-de-tuyauterie-et-de-plomberie-cvc\/#primaryimage"},"image":{"@id":"https:\/\/modernniagara.com\/fr\/nos-services\/services-mecaniques\/systemes-de-tuyauterie-et-de-plomberie-cvc\/#primaryimage"},"thumbnailUrl":"https:\/\/modernniagara.com\/wp-content\/uploads\/2019\/05\/image-mechanical-03.png","datePublished":"2020-08-21T15:34:52+00:00","description":"Les syst\u00e8mes de tuyauterie et de plomberie CVC de Modern Niagara sont fabriqu\u00e9s \u00e0 l\u2019interne \u00e0 l'aide de mat\u00e9riaux de qualit\u00e9 sup\u00e9rieure et d\u2019appareils \u00e0 la fine pointe de la technologie.","breadcrumb":{"@id":"https:\/\/modernniagara.com\/fr\/nos-services\/services-mecaniques\/systemes-de-tuyauterie-et-de-plomberie-cvc\/#breadcrumb"},"inLanguage":"fr-FR","potentialAction":[{"@type":"ReadAction","target":["https:\/\/modernniagara.com\/fr\/nos-services\/services-mecaniques\/systemes-de-tuyauterie-et-de-plomberie-cvc\/"]}]},{"@type":"ImageObject","inLanguage":"fr-FR","@id":"https:\/\/modernniagara.com\/fr\/nos-services\/services-mecaniques\/systemes-de-tuyauterie-et-de-plomberie-cvc\/#primaryimage","url":"https:\/\/modernniagara.com\/wp-content\/uploads\/2019\/05\/image-mechanical-03.png","contentUrl":"https:\/\/modernniagara.com\/wp-content\/uploads\/2019\/05\/image-mechanical-03.png","width":317,"height":195},{"@type":"BreadcrumbList","@id":"https:\/\/modernniagara.com\/fr\/nos-services\/services-mecaniques\/systemes-de-tuyauterie-et-de-plomberie-cvc\/#breadcrumb","itemListElement":[{"@type":"ListItem","position":1,"name":"Accueil","item":"https:\/\/modernniagara.com\/fr\/"},{"@type":"ListItem","position":2,"name":"Nos services","item":"https:\/\/modernniagara.com\/fr\/nos-services\/"},{"@type":"ListItem","position":3,"name":"Services m\u00e9caniques","item":"https:\/\/modernniagara.com\/fr\/nos-services\/services-mecaniques\/"},{"@type":"ListItem","position":4,"name":"Syst\u00e8mes de tuyauterie et de plomberie CVC"}]},{"@type":"WebSite","@id":"https:\/\/modernniagara.com\/#website","url":"https:\/\/modernniagara.com\/","name":"Modern Niagara","description":"","potentialAction":[{"@type":"SearchAction","target":{"@type":"EntryPoint","urlTemplate":"https:\/\/modernniagara.com\/?s={search_term_string}"},"query-input":{"@type":"PropertyValueSpecification","valueRequired":true,"valueName":"search_term_string"}}],"inLanguage":"fr-FR"}]}},"_links":{"self":[{"href":"https:\/\/modernniagara.com\/fr\/wp-json\/wp\/v2\/pages\/3363","targetHints":{"allow":["GET"]}}],"collection":[{"href":"https:\/\/modernniagara.com\/fr\/wp-json\/wp\/v2\/pages"}],"about":[{"href":"https:\/\/modernniagara.com\/fr\/wp-json\/wp\/v2\/types\/page"}],"author":[{"embeddable":true,"href":"https:\/\/modernniagara.com\/fr\/wp-json\/wp\/v2\/users\/1"}],"replies":[{"embeddable":true,"href":"https:\/\/modernniagara.com\/fr\/wp-json\/wp\/v2\/comments?post=3363"}],"version-history":[{"count":1,"href":"https:\/\/modernniagara.com\/fr\/wp-json\/wp\/v2\/pages\/3363\/revisions"}],"predecessor-version":[{"id":3364,"href":"https:\/\/modernniagara.com\/fr\/wp-json\/wp\/v2\/pages\/3363\/revisions\/3364"}],"up":[{"embeddable":true,"href":"https:\/\/modernniagara.com\/fr\/wp-json\/wp\/v2\/pages\/3306"}],"wp:featuredmedia":[{"embeddable":true,"href":"https:\/\/modernniagara.com\/fr\/wp-json\/wp\/v2\/media\/2672"}],"wp:attachment":[{"href":"https:\/\/modernniagara.com\/fr\/wp-json\/wp\/v2\/media?parent=3363"}],"curies":[{"name":"wp","href":"https:\/\/api.w.org\/{rel}","templated":true}]}}