{"id":3359,"date":"2020-08-21T11:24:38","date_gmt":"2020-08-21T15:24:38","guid":{"rendered":"https:\/\/modernniagara.com\/?page_id=3359"},"modified":"2020-08-21T11:27:45","modified_gmt":"2020-08-21T15:27:45","slug":"mise-en-service-cq-et-aq","status":"publish","type":"page","link":"https:\/\/modernniagara.com\/fr\/nos-services\/services-mecaniques\/mise-en-service-cq-et-aq\/","title":{"rendered":"Mise en service, CQ et AQ"},"content":{"rendered":"<h2>Soutien int\u00e9gral de vos syst\u00e8mes m\u00e9caniques.<\/h2>\n<p>Les services de mise en service de Modern Niagara assurent le bon fonctionnement de vos syst\u00e8mes m\u00e9caniques, procurant un plus grand confort aux occupants et r\u00e9duisant les co\u00fbts d\u2019exploitation et d\u2019entretien.<\/p>\n<p>Notre objectif, c\u2019est de surpasser vos attentes. C\u2019est pourquoi nous soumettons chaque syst\u00e8me que nous installons \u00e0 des processus complets d\u2019assurance et de contr\u00f4le de la qualit\u00e9 et assurons un entretien pendant toute la dur\u00e9e de vie de votre \u00e9quipement.<\/p>\n","protected":false},"excerpt":{"rendered":"<p>Notre \u00e9quipe peut am\u00e9liorer la performance du syst\u00e8me et r\u00e9duire les d\u00e9penses gr\u00e2ce \u00e0 la mise en service CVC. Nous testons chaque syst\u00e8me m\u00e9canique et chaque produit que nous livrons pour nous assurer qu\u2019ils fonctionnent au mieux de leurs capacit\u00e9s.<\/p>\n","protected":false},"author":1,"featured_media":4933,"parent":3306,"menu_order":2,"comment_status":"closed","ping_status":"closed","template":"","meta":{"_acf_changed":false,"footnotes":""},"class_list":["post-3359","page","type-page","status-publish","has-post-thumbnail","hentry"],"acf":[],"yoast_head":"<!-- This site is optimized with the Yoast SEO plugin v27.3 - https:\/\/yoast.com\/product\/yoast-seo-wordpress\/ -->\n<title>Mise en service, CQ et AQ| Services m\u00e9caniques | Modern Niagara<\/title>\n<meta name=\"description\" content=\"Modern Niagara se distingue par ses syst\u00e8mes et produits m\u00e9caniques avec des processus AQ\/CQ rigoureux et des services de mise en \u0153uvre qui assurent le bon fonctionnement des syst\u00e8mes.\" \/>\n<meta name=\"robots\" content=\"index, follow, max-snippet:-1, max-image-preview:large, max-video-preview:-1\" \/>\n<link rel=\"canonical\" href=\"https:\/\/modernniagara.com\/fr\/nos-services\/services-mecaniques\/mise-en-service-cq-et-aq\/\" \/>\n<meta property=\"og:locale\" content=\"fr_FR\" \/>\n<meta property=\"og:type\" content=\"article\" \/>\n<meta property=\"og:title\" content=\"Mise en service, CQ et AQ| Services m\u00e9caniques | Modern Niagara\" \/>\n<meta property=\"og:description\" content=\"Modern Niagara se distingue par ses syst\u00e8mes et produits m\u00e9caniques avec des processus AQ\/CQ rigoureux et des services de mise en \u0153uvre qui assurent le bon fonctionnement des syst\u00e8mes.\" \/>\n<meta property=\"og:url\" content=\"https:\/\/modernniagara.com\/fr\/nos-services\/services-mecaniques\/mise-en-service-cq-et-aq\/\" \/>\n<meta property=\"og:site_name\" content=\"Modern Niagara\" \/>\n<meta property=\"article:modified_time\" content=\"2020-08-21T15:27:45+00:00\" \/>\n<meta property=\"og:image\" content=\"https:\/\/modernniagara.com\/wp-content\/uploads\/services_mechanical_commissioning_feature_317x195_blue_f.jpg\" \/>\n\t<meta property=\"og:image:width\" content=\"317\" \/>\n\t<meta property=\"og:image:height\" content=\"195\" \/>\n\t<meta property=\"og:image:type\" content=\"image\/jpeg\" \/>\n<meta name=\"twitter:card\" content=\"summary_large_image\" \/>\n<script type=\"application\/ld+json\" class=\"yoast-schema-graph\">{\"@context\":\"https:\\\/\\\/schema.org\",\"@graph\":[{\"@type\":\"WebPage\",\"@id\":\"https:\\\/\\\/modernniagara.com\\\/fr\\\/nos-services\\\/services-mecaniques\\\/mise-en-service-cq-et-aq\\\/\",\"url\":\"https:\\\/\\\/modernniagara.com\\\/fr\\\/nos-services\\\/services-mecaniques\\\/mise-en-service-cq-et-aq\\\/\",\"name\":\"Mise en service, CQ et AQ| Services m\u00e9caniques | Modern Niagara\",\"isPartOf\":{\"@id\":\"https:\\\/\\\/modernniagara.com\\\/#website\"},\"primaryImageOfPage\":{\"@id\":\"https:\\\/\\\/modernniagara.com\\\/fr\\\/nos-services\\\/services-mecaniques\\\/mise-en-service-cq-et-aq\\\/#primaryimage\"},\"image\":{\"@id\":\"https:\\\/\\\/modernniagara.com\\\/fr\\\/nos-services\\\/services-mecaniques\\\/mise-en-service-cq-et-aq\\\/#primaryimage\"},\"thumbnailUrl\":\"https:\\\/\\\/modernniagara.com\\\/wp-content\\\/uploads\\\/services_mechanical_commissioning_feature_317x195_blue_f.jpg\",\"datePublished\":\"2020-08-21T15:24:38+00:00\",\"dateModified\":\"2020-08-21T15:27:45+00:00\",\"description\":\"Modern Niagara se distingue par ses syst\u00e8mes et produits m\u00e9caniques avec des processus AQ\\\/CQ rigoureux et des services de mise en \u0153uvre qui assurent le bon fonctionnement des syst\u00e8mes.\",\"breadcrumb\":{\"@id\":\"https:\\\/\\\/modernniagara.com\\\/fr\\\/nos-services\\\/services-mecaniques\\\/mise-en-service-cq-et-aq\\\/#breadcrumb\"},\"inLanguage\":\"fr-FR\",\"potentialAction\":[{\"@type\":\"ReadAction\",\"target\":[\"https:\\\/\\\/modernniagara.com\\\/fr\\\/nos-services\\\/services-mecaniques\\\/mise-en-service-cq-et-aq\\\/\"]}]},{\"@type\":\"ImageObject\",\"inLanguage\":\"fr-FR\",\"@id\":\"https:\\\/\\\/modernniagara.com\\\/fr\\\/nos-services\\\/services-mecaniques\\\/mise-en-service-cq-et-aq\\\/#primaryimage\",\"url\":\"https:\\\/\\\/modernniagara.com\\\/wp-content\\\/uploads\\\/services_mechanical_commissioning_feature_317x195_blue_f.jpg\",\"contentUrl\":\"https:\\\/\\\/modernniagara.com\\\/wp-content\\\/uploads\\\/services_mechanical_commissioning_feature_317x195_blue_f.jpg\",\"width\":317,\"height\":195},{\"@type\":\"BreadcrumbList\",\"@id\":\"https:\\\/\\\/modernniagara.com\\\/fr\\\/nos-services\\\/services-mecaniques\\\/mise-en-service-cq-et-aq\\\/#breadcrumb\",\"itemListElement\":[{\"@type\":\"ListItem\",\"position\":1,\"name\":\"Accueil\",\"item\":\"https:\\\/\\\/modernniagara.com\\\/fr\\\/\"},{\"@type\":\"ListItem\",\"position\":2,\"name\":\"Nos services\",\"item\":\"https:\\\/\\\/modernniagara.com\\\/fr\\\/nos-services\\\/\"},{\"@type\":\"ListItem\",\"position\":3,\"name\":\"Services m\u00e9caniques\",\"item\":\"https:\\\/\\\/modernniagara.com\\\/fr\\\/nos-services\\\/services-mecaniques\\\/\"},{\"@type\":\"ListItem\",\"position\":4,\"name\":\"Mise en service, CQ et AQ\"}]},{\"@type\":\"WebSite\",\"@id\":\"https:\\\/\\\/modernniagara.com\\\/#website\",\"url\":\"https:\\\/\\\/modernniagara.com\\\/\",\"name\":\"Modern Niagara\",\"description\":\"\",\"potentialAction\":[{\"@type\":\"SearchAction\",\"target\":{\"@type\":\"EntryPoint\",\"urlTemplate\":\"https:\\\/\\\/modernniagara.com\\\/?s={search_term_string}\"},\"query-input\":{\"@type\":\"PropertyValueSpecification\",\"valueRequired\":true,\"valueName\":\"search_term_string\"}}],\"inLanguage\":\"fr-FR\"}]}<\/script>\n<!-- \/ Yoast SEO plugin. -->","yoast_head_json":{"title":"Mise en service, CQ et AQ| Services m\u00e9caniques | Modern Niagara","description":"Modern Niagara se distingue par ses syst\u00e8mes et produits m\u00e9caniques avec des processus AQ\/CQ rigoureux et des services de mise en \u0153uvre qui assurent le bon fonctionnement des syst\u00e8mes.","robots":{"index":"index","follow":"follow","max-snippet":"max-snippet:-1","max-image-preview":"max-image-preview:large","max-video-preview":"max-video-preview:-1"},"canonical":"https:\/\/modernniagara.com\/fr\/nos-services\/services-mecaniques\/mise-en-service-cq-et-aq\/","og_locale":"fr_FR","og_type":"article","og_title":"Mise en service, CQ et AQ| Services m\u00e9caniques | Modern Niagara","og_description":"Modern Niagara se distingue par ses syst\u00e8mes et produits m\u00e9caniques avec des processus AQ\/CQ rigoureux et des services de mise en \u0153uvre qui assurent le bon fonctionnement des syst\u00e8mes.","og_url":"https:\/\/modernniagara.com\/fr\/nos-services\/services-mecaniques\/mise-en-service-cq-et-aq\/","og_site_name":"Modern Niagara","article_modified_time":"2020-08-21T15:27:45+00:00","og_image":[{"width":317,"height":195,"url":"https:\/\/modernniagara.com\/wp-content\/uploads\/services_mechanical_commissioning_feature_317x195_blue_f.jpg","type":"image\/jpeg"}],"twitter_card":"summary_large_image","schema":{"@context":"https:\/\/schema.org","@graph":[{"@type":"WebPage","@id":"https:\/\/modernniagara.com\/fr\/nos-services\/services-mecaniques\/mise-en-service-cq-et-aq\/","url":"https:\/\/modernniagara.com\/fr\/nos-services\/services-mecaniques\/mise-en-service-cq-et-aq\/","name":"Mise en service, CQ et AQ| Services m\u00e9caniques | Modern Niagara","isPartOf":{"@id":"https:\/\/modernniagara.com\/#website"},"primaryImageOfPage":{"@id":"https:\/\/modernniagara.com\/fr\/nos-services\/services-mecaniques\/mise-en-service-cq-et-aq\/#primaryimage"},"image":{"@id":"https:\/\/modernniagara.com\/fr\/nos-services\/services-mecaniques\/mise-en-service-cq-et-aq\/#primaryimage"},"thumbnailUrl":"https:\/\/modernniagara.com\/wp-content\/uploads\/services_mechanical_commissioning_feature_317x195_blue_f.jpg","datePublished":"2020-08-21T15:24:38+00:00","dateModified":"2020-08-21T15:27:45+00:00","description":"Modern Niagara se distingue par ses syst\u00e8mes et produits m\u00e9caniques avec des processus AQ\/CQ rigoureux et des services de mise en \u0153uvre qui assurent le bon fonctionnement des syst\u00e8mes.","breadcrumb":{"@id":"https:\/\/modernniagara.com\/fr\/nos-services\/services-mecaniques\/mise-en-service-cq-et-aq\/#breadcrumb"},"inLanguage":"fr-FR","potentialAction":[{"@type":"ReadAction","target":["https:\/\/modernniagara.com\/fr\/nos-services\/services-mecaniques\/mise-en-service-cq-et-aq\/"]}]},{"@type":"ImageObject","inLanguage":"fr-FR","@id":"https:\/\/modernniagara.com\/fr\/nos-services\/services-mecaniques\/mise-en-service-cq-et-aq\/#primaryimage","url":"https:\/\/modernniagara.com\/wp-content\/uploads\/services_mechanical_commissioning_feature_317x195_blue_f.jpg","contentUrl":"https:\/\/modernniagara.com\/wp-content\/uploads\/services_mechanical_commissioning_feature_317x195_blue_f.jpg","width":317,"height":195},{"@type":"BreadcrumbList","@id":"https:\/\/modernniagara.com\/fr\/nos-services\/services-mecaniques\/mise-en-service-cq-et-aq\/#breadcrumb","itemListElement":[{"@type":"ListItem","position":1,"name":"Accueil","item":"https:\/\/modernniagara.com\/fr\/"},{"@type":"ListItem","position":2,"name":"Nos services","item":"https:\/\/modernniagara.com\/fr\/nos-services\/"},{"@type":"ListItem","position":3,"name":"Services m\u00e9caniques","item":"https:\/\/modernniagara.com\/fr\/nos-services\/services-mecaniques\/"},{"@type":"ListItem","position":4,"name":"Mise en service, CQ et AQ"}]},{"@type":"WebSite","@id":"https:\/\/modernniagara.com\/#website","url":"https:\/\/modernniagara.com\/","name":"Modern Niagara","description":"","potentialAction":[{"@type":"SearchAction","target":{"@type":"EntryPoint","urlTemplate":"https:\/\/modernniagara.com\/?s={search_term_string}"},"query-input":{"@type":"PropertyValueSpecification","valueRequired":true,"valueName":"search_term_string"}}],"inLanguage":"fr-FR"}]}},"_links":{"self":[{"href":"https:\/\/modernniagara.com\/fr\/wp-json\/wp\/v2\/pages\/3359","targetHints":{"allow":["GET"]}}],"collection":[{"href":"https:\/\/modernniagara.com\/fr\/wp-json\/wp\/v2\/pages"}],"about":[{"href":"https:\/\/modernniagara.com\/fr\/wp-json\/wp\/v2\/types\/page"}],"author":[{"embeddable":true,"href":"https:\/\/modernniagara.com\/fr\/wp-json\/wp\/v2\/users\/1"}],"replies":[{"embeddable":true,"href":"https:\/\/modernniagara.com\/fr\/wp-json\/wp\/v2\/comments?post=3359"}],"version-history":[{"count":3,"href":"https:\/\/modernniagara.com\/fr\/wp-json\/wp\/v2\/pages\/3359\/revisions"}],"predecessor-version":[{"id":3362,"href":"https:\/\/modernniagara.com\/fr\/wp-json\/wp\/v2\/pages\/3359\/revisions\/3362"}],"up":[{"embeddable":true,"href":"https:\/\/modernniagara.com\/fr\/wp-json\/wp\/v2\/pages\/3306"}],"wp:featuredmedia":[{"embeddable":true,"href":"https:\/\/modernniagara.com\/fr\/wp-json\/wp\/v2\/media\/4933"}],"wp:attachment":[{"href":"https:\/\/modernniagara.com\/fr\/wp-json\/wp\/v2\/media?parent=3359"}],"curies":[{"name":"wp","href":"https:\/\/api.w.org\/{rel}","templated":true}]}}