{"id":3356,"date":"2020-08-21T11:19:10","date_gmt":"2020-08-21T15:19:10","guid":{"rendered":"https:\/\/modernniagara.com\/?page_id=3356"},"modified":"2020-08-21T11:22:08","modified_gmt":"2020-08-21T15:22:08","slug":"livraison-de-projet-flexible","status":"publish","type":"page","link":"https:\/\/modernniagara.com\/fr\/nos-services\/services-mecaniques\/livraison-de-projet-flexible\/","title":{"rendered":"Livraison de projet flexible"},"content":{"rendered":"<a href=\"https:\/\/modernniagara.com\/wp-content\/uploads\/2019\/05\/MNG-Mechanical-brochure-web.pdf\" target=\"_blank\" rel=\"noopener noreferrer\"><img loading=\"lazy\" decoding=\"async\" class=\"alignright size-full wp-image-2758\" src=\"https:\/\/modernniagara.com\/wp-content\/uploads\/2019\/05\/thumb-MNG-Mechanical-brochure.jpg\" alt=\"\" width=\"220\" height=\"285\" \/><\/a>\n<h2>Adapt\u00e9 \u00e0 vos besoins.<\/h2>\n<p>Nous avons la flexibilit\u00e9 et l\u2019expertise pour livrer vos projets de construction m\u00e9canique dans le cadre d&rsquo;un large \u00e9ventail de mod\u00e8les de r\u00e9alisation de projet, notamment\u00a0:<\/p>\n<ul>\n<li>Aide \u00e0 la conception<\/li>\n<li>Conception-construction<\/li>\n<li>Offre et sp\u00e9cification<\/li>\n<li>Partenariat public-priv\u00e9 (P2\/P3)<\/li>\n<li>Co\u00fbt maximum garanti (CMG)<\/li>\n<li>Diversification des modes de financement et d&rsquo;approvisionnement (DFA)<\/li>\n<li>Livraison de projet int\u00e9gr\u00e9e (LPI)<\/li>\n<\/ul>\n<h3>Minimisez les risques avec les services d\u2019aide \u00e0 la conception de Modern Niagara<\/h3>\n<p>Gr\u00e2ce aux \u00e9valuations de conception de nos experts, vous savez que les choses se passeront sans accroc. Nos sous-traitants mettent leur expertise et leurs connaissances pratiques au service de l\u2019analyse int\u00e9grale de votre conception. Ils v\u00e9rifient soigneusement votre approche syst\u00e8me, anticipent les obstacles et comblent les lacunes pour vous aider \u00e0 respecter le calendrier et \u00e0 assurer les co\u00fbts pour votre client.<\/p>\n","protected":false},"excerpt":{"rendered":"<p>Nous soutenons n\u2019importe quel mod\u00e8le de livraison qui r\u00e9pond \u00e0 vos besoins, notamment en ce qui concerne l\u2019aide \u00e0 la conception et la conception-construction, les partenariats public-priv\u00e9 (PPP\/P3) et la r\u00e9alisation de projet structur\u00e9 (RPS).<\/p>\n","protected":false},"author":1,"featured_media":4941,"parent":3306,"menu_order":2,"comment_status":"closed","ping_status":"closed","template":"","meta":{"_acf_changed":false,"footnotes":""},"class_list":["post-3356","page","type-page","status-publish","has-post-thumbnail","hentry"],"acf":[],"yoast_head":"<!-- This site is optimized with the Yoast SEO plugin v27.3 - https:\/\/yoast.com\/product\/yoast-seo-wordpress\/ -->\n<title>Livraison de projet flexible | Services m\u00e9caniques | Modern Niagara<\/title>\n<meta name=\"description\" content=\"Les services m\u00e9caniques de Modern Niagara prennent en charge un large \u00e9ventail de mod\u00e8les de r\u00e9alisation de projets, notamment l\u2019assistance \u00e0 la conception, la conception-construction, les partenariats publics et priv\u00e9s (PPP\/P3) et la livraison de projet int\u00e9gr\u00e9e (LPI).\" \/>\n<meta name=\"robots\" content=\"index, follow, max-snippet:-1, max-image-preview:large, max-video-preview:-1\" \/>\n<link rel=\"canonical\" href=\"https:\/\/modernniagara.com\/fr\/nos-services\/services-mecaniques\/livraison-de-projet-flexible\/\" \/>\n<meta property=\"og:locale\" content=\"fr_FR\" \/>\n<meta property=\"og:type\" content=\"article\" \/>\n<meta property=\"og:title\" content=\"Livraison de projet flexible | Services m\u00e9caniques | Modern Niagara\" \/>\n<meta property=\"og:description\" content=\"Les services m\u00e9caniques de Modern Niagara prennent en charge un large \u00e9ventail de mod\u00e8les de r\u00e9alisation de projets, notamment l\u2019assistance \u00e0 la conception, la conception-construction, les partenariats publics et priv\u00e9s (PPP\/P3) et la livraison de projet int\u00e9gr\u00e9e (LPI).\" \/>\n<meta property=\"og:url\" content=\"https:\/\/modernniagara.com\/fr\/nos-services\/services-mecaniques\/livraison-de-projet-flexible\/\" \/>\n<meta property=\"og:site_name\" content=\"Modern Niagara\" \/>\n<meta property=\"article:modified_time\" content=\"2020-08-21T15:22:08+00:00\" \/>\n<meta property=\"og:image\" content=\"https:\/\/modernniagara.com\/wp-content\/uploads\/services-mechanical-flexible-project-delivery-feature_317x195_blue_f.jpg\" \/>\n\t<meta property=\"og:image:width\" content=\"317\" \/>\n\t<meta property=\"og:image:height\" content=\"195\" \/>\n\t<meta property=\"og:image:type\" content=\"image\/jpeg\" \/>\n<meta name=\"twitter:card\" content=\"summary_large_image\" \/>\n<script type=\"application\/ld+json\" class=\"yoast-schema-graph\">{\"@context\":\"https:\\\/\\\/schema.org\",\"@graph\":[{\"@type\":\"WebPage\",\"@id\":\"https:\\\/\\\/modernniagara.com\\\/fr\\\/nos-services\\\/services-mecaniques\\\/livraison-de-projet-flexible\\\/\",\"url\":\"https:\\\/\\\/modernniagara.com\\\/fr\\\/nos-services\\\/services-mecaniques\\\/livraison-de-projet-flexible\\\/\",\"name\":\"Livraison de projet flexible | Services m\u00e9caniques | Modern Niagara\",\"isPartOf\":{\"@id\":\"https:\\\/\\\/modernniagara.com\\\/#website\"},\"primaryImageOfPage\":{\"@id\":\"https:\\\/\\\/modernniagara.com\\\/fr\\\/nos-services\\\/services-mecaniques\\\/livraison-de-projet-flexible\\\/#primaryimage\"},\"image\":{\"@id\":\"https:\\\/\\\/modernniagara.com\\\/fr\\\/nos-services\\\/services-mecaniques\\\/livraison-de-projet-flexible\\\/#primaryimage\"},\"thumbnailUrl\":\"https:\\\/\\\/modernniagara.com\\\/wp-content\\\/uploads\\\/services-mechanical-flexible-project-delivery-feature_317x195_blue_f.jpg\",\"datePublished\":\"2020-08-21T15:19:10+00:00\",\"dateModified\":\"2020-08-21T15:22:08+00:00\",\"description\":\"Les services m\u00e9caniques de Modern Niagara prennent en charge un large \u00e9ventail de mod\u00e8les de r\u00e9alisation de projets, notamment l\u2019assistance \u00e0 la conception, la conception-construction, les partenariats publics et priv\u00e9s (PPP\\\/P3) et la livraison de projet int\u00e9gr\u00e9e (LPI).\",\"breadcrumb\":{\"@id\":\"https:\\\/\\\/modernniagara.com\\\/fr\\\/nos-services\\\/services-mecaniques\\\/livraison-de-projet-flexible\\\/#breadcrumb\"},\"inLanguage\":\"fr-FR\",\"potentialAction\":[{\"@type\":\"ReadAction\",\"target\":[\"https:\\\/\\\/modernniagara.com\\\/fr\\\/nos-services\\\/services-mecaniques\\\/livraison-de-projet-flexible\\\/\"]}]},{\"@type\":\"ImageObject\",\"inLanguage\":\"fr-FR\",\"@id\":\"https:\\\/\\\/modernniagara.com\\\/fr\\\/nos-services\\\/services-mecaniques\\\/livraison-de-projet-flexible\\\/#primaryimage\",\"url\":\"https:\\\/\\\/modernniagara.com\\\/wp-content\\\/uploads\\\/services-mechanical-flexible-project-delivery-feature_317x195_blue_f.jpg\",\"contentUrl\":\"https:\\\/\\\/modernniagara.com\\\/wp-content\\\/uploads\\\/services-mechanical-flexible-project-delivery-feature_317x195_blue_f.jpg\",\"width\":317,\"height\":195},{\"@type\":\"BreadcrumbList\",\"@id\":\"https:\\\/\\\/modernniagara.com\\\/fr\\\/nos-services\\\/services-mecaniques\\\/livraison-de-projet-flexible\\\/#breadcrumb\",\"itemListElement\":[{\"@type\":\"ListItem\",\"position\":1,\"name\":\"Accueil\",\"item\":\"https:\\\/\\\/modernniagara.com\\\/fr\\\/\"},{\"@type\":\"ListItem\",\"position\":2,\"name\":\"Nos services\",\"item\":\"https:\\\/\\\/modernniagara.com\\\/fr\\\/nos-services\\\/\"},{\"@type\":\"ListItem\",\"position\":3,\"name\":\"Services m\u00e9caniques\",\"item\":\"https:\\\/\\\/modernniagara.com\\\/fr\\\/nos-services\\\/services-mecaniques\\\/\"},{\"@type\":\"ListItem\",\"position\":4,\"name\":\"Livraison de projet flexible\"}]},{\"@type\":\"WebSite\",\"@id\":\"https:\\\/\\\/modernniagara.com\\\/#website\",\"url\":\"https:\\\/\\\/modernniagara.com\\\/\",\"name\":\"Modern Niagara\",\"description\":\"\",\"potentialAction\":[{\"@type\":\"SearchAction\",\"target\":{\"@type\":\"EntryPoint\",\"urlTemplate\":\"https:\\\/\\\/modernniagara.com\\\/?s={search_term_string}\"},\"query-input\":{\"@type\":\"PropertyValueSpecification\",\"valueRequired\":true,\"valueName\":\"search_term_string\"}}],\"inLanguage\":\"fr-FR\"}]}<\/script>\n<!-- \/ Yoast SEO plugin. -->","yoast_head_json":{"title":"Livraison de projet flexible | Services m\u00e9caniques | Modern Niagara","description":"Les services m\u00e9caniques de Modern Niagara prennent en charge un large \u00e9ventail de mod\u00e8les de r\u00e9alisation de projets, notamment l\u2019assistance \u00e0 la conception, la conception-construction, les partenariats publics et priv\u00e9s (PPP\/P3) et la livraison de projet int\u00e9gr\u00e9e (LPI).","robots":{"index":"index","follow":"follow","max-snippet":"max-snippet:-1","max-image-preview":"max-image-preview:large","max-video-preview":"max-video-preview:-1"},"canonical":"https:\/\/modernniagara.com\/fr\/nos-services\/services-mecaniques\/livraison-de-projet-flexible\/","og_locale":"fr_FR","og_type":"article","og_title":"Livraison de projet flexible | Services m\u00e9caniques | Modern Niagara","og_description":"Les services m\u00e9caniques de Modern Niagara prennent en charge un large \u00e9ventail de mod\u00e8les de r\u00e9alisation de projets, notamment l\u2019assistance \u00e0 la conception, la conception-construction, les partenariats publics et priv\u00e9s (PPP\/P3) et la livraison de projet int\u00e9gr\u00e9e (LPI).","og_url":"https:\/\/modernniagara.com\/fr\/nos-services\/services-mecaniques\/livraison-de-projet-flexible\/","og_site_name":"Modern Niagara","article_modified_time":"2020-08-21T15:22:08+00:00","og_image":[{"width":317,"height":195,"url":"https:\/\/modernniagara.com\/wp-content\/uploads\/services-mechanical-flexible-project-delivery-feature_317x195_blue_f.jpg","type":"image\/jpeg"}],"twitter_card":"summary_large_image","schema":{"@context":"https:\/\/schema.org","@graph":[{"@type":"WebPage","@id":"https:\/\/modernniagara.com\/fr\/nos-services\/services-mecaniques\/livraison-de-projet-flexible\/","url":"https:\/\/modernniagara.com\/fr\/nos-services\/services-mecaniques\/livraison-de-projet-flexible\/","name":"Livraison de projet flexible | Services m\u00e9caniques | Modern Niagara","isPartOf":{"@id":"https:\/\/modernniagara.com\/#website"},"primaryImageOfPage":{"@id":"https:\/\/modernniagara.com\/fr\/nos-services\/services-mecaniques\/livraison-de-projet-flexible\/#primaryimage"},"image":{"@id":"https:\/\/modernniagara.com\/fr\/nos-services\/services-mecaniques\/livraison-de-projet-flexible\/#primaryimage"},"thumbnailUrl":"https:\/\/modernniagara.com\/wp-content\/uploads\/services-mechanical-flexible-project-delivery-feature_317x195_blue_f.jpg","datePublished":"2020-08-21T15:19:10+00:00","dateModified":"2020-08-21T15:22:08+00:00","description":"Les services m\u00e9caniques de Modern Niagara prennent en charge un large \u00e9ventail de mod\u00e8les de r\u00e9alisation de projets, notamment l\u2019assistance \u00e0 la conception, la conception-construction, les partenariats publics et priv\u00e9s (PPP\/P3) et la livraison de projet int\u00e9gr\u00e9e (LPI).","breadcrumb":{"@id":"https:\/\/modernniagara.com\/fr\/nos-services\/services-mecaniques\/livraison-de-projet-flexible\/#breadcrumb"},"inLanguage":"fr-FR","potentialAction":[{"@type":"ReadAction","target":["https:\/\/modernniagara.com\/fr\/nos-services\/services-mecaniques\/livraison-de-projet-flexible\/"]}]},{"@type":"ImageObject","inLanguage":"fr-FR","@id":"https:\/\/modernniagara.com\/fr\/nos-services\/services-mecaniques\/livraison-de-projet-flexible\/#primaryimage","url":"https:\/\/modernniagara.com\/wp-content\/uploads\/services-mechanical-flexible-project-delivery-feature_317x195_blue_f.jpg","contentUrl":"https:\/\/modernniagara.com\/wp-content\/uploads\/services-mechanical-flexible-project-delivery-feature_317x195_blue_f.jpg","width":317,"height":195},{"@type":"BreadcrumbList","@id":"https:\/\/modernniagara.com\/fr\/nos-services\/services-mecaniques\/livraison-de-projet-flexible\/#breadcrumb","itemListElement":[{"@type":"ListItem","position":1,"name":"Accueil","item":"https:\/\/modernniagara.com\/fr\/"},{"@type":"ListItem","position":2,"name":"Nos services","item":"https:\/\/modernniagara.com\/fr\/nos-services\/"},{"@type":"ListItem","position":3,"name":"Services m\u00e9caniques","item":"https:\/\/modernniagara.com\/fr\/nos-services\/services-mecaniques\/"},{"@type":"ListItem","position":4,"name":"Livraison de projet flexible"}]},{"@type":"WebSite","@id":"https:\/\/modernniagara.com\/#website","url":"https:\/\/modernniagara.com\/","name":"Modern Niagara","description":"","potentialAction":[{"@type":"SearchAction","target":{"@type":"EntryPoint","urlTemplate":"https:\/\/modernniagara.com\/?s={search_term_string}"},"query-input":{"@type":"PropertyValueSpecification","valueRequired":true,"valueName":"search_term_string"}}],"inLanguage":"fr-FR"}]}},"_links":{"self":[{"href":"https:\/\/modernniagara.com\/fr\/wp-json\/wp\/v2\/pages\/3356","targetHints":{"allow":["GET"]}}],"collection":[{"href":"https:\/\/modernniagara.com\/fr\/wp-json\/wp\/v2\/pages"}],"about":[{"href":"https:\/\/modernniagara.com\/fr\/wp-json\/wp\/v2\/types\/page"}],"author":[{"embeddable":true,"href":"https:\/\/modernniagara.com\/fr\/wp-json\/wp\/v2\/users\/1"}],"replies":[{"embeddable":true,"href":"https:\/\/modernniagara.com\/fr\/wp-json\/wp\/v2\/comments?post=3356"}],"version-history":[{"count":1,"href":"https:\/\/modernniagara.com\/fr\/wp-json\/wp\/v2\/pages\/3356\/revisions"}],"predecessor-version":[{"id":3357,"href":"https:\/\/modernniagara.com\/fr\/wp-json\/wp\/v2\/pages\/3356\/revisions\/3357"}],"up":[{"embeddable":true,"href":"https:\/\/modernniagara.com\/fr\/wp-json\/wp\/v2\/pages\/3306"}],"wp:featuredmedia":[{"embeddable":true,"href":"https:\/\/modernniagara.com\/fr\/wp-json\/wp\/v2\/media\/4941"}],"wp:attachment":[{"href":"https:\/\/modernniagara.com\/fr\/wp-json\/wp\/v2\/media?parent=3356"}],"curies":[{"name":"wp","href":"https:\/\/api.w.org\/{rel}","templated":true}]}}