{"id":3352,"date":"2020-08-21T11:14:29","date_gmt":"2020-08-21T15:14:29","guid":{"rendered":"https:\/\/modernniagara.com\/?page_id=3352"},"modified":"2020-08-21T11:14:29","modified_gmt":"2020-08-21T15:14:29","slug":"urgence-et-entretien-planifie","status":"publish","type":"page","link":"https:\/\/modernniagara.com\/fr\/nos-services\/services-electriques\/urgence-et-entretien-planifie\/","title":{"rendered":"Urgence et entretien planifi\u00e9"},"content":{"rendered":"<a href=\"https:\/\/modernniagara.com\/wp-content\/uploads\/2019\/05\/MNE-brochure-web.pdf\" target=\"_blank\" rel=\"noopener noreferrer\"><img loading=\"lazy\" decoding=\"async\" class=\"alignright size-full wp-image-2755\" src=\"https:\/\/modernniagara.com\/wp-content\/uploads\/2019\/05\/thumb-MNE-brochure.jpg\" alt=\"\" width=\"220\" height=\"285\" \/><\/a>\n<h2>Assurez-vous de garder vos actifs aliment\u00e9s et fonctionnant au maximum de leurs capacit\u00e9s.<\/h2>\n<p>Les plans d\u2019entretien pr\u00e9ventif de Modern Niagara r\u00e9duisent la probabilit\u00e9 de pannes et minimisent les arr\u00eats impr\u00e9vus et les co\u00fbts associ\u00e9s. Nous veillons \u00e0 ce que vos actifs fonctionnent de mani\u00e8re optimale et efficace en r\u00e9duisant les co\u00fbts d\u2019\u00e9nergie et les d\u00e9penses li\u00e9es aux services d\u2019urgence. Gr\u00e2ce au service d\u2019urgence offert en tout temps dans certaines r\u00e9gions, toutes les interruptions \u00e9lectriques sont br\u00e8ves.<\/p>\n<p><strong>Nos services d\u2019entretien pr\u00e9ventif des \u00e9quipements \u00e9lectriques de 120V \u00e0 44.4KV comprennent\u00a0:<\/strong><\/p>\n<ul>\n<li>Mesures de r\u00e9sistance de contact des sectionneurs, disjoncteurs et interrupteurs \u00e0 boulons<\/li>\n<li>Test d\u2019isolation des \u00e9quipements \u00e9lectriques (tableaux, sectionneurs, gaines de bus, c\u00e2bles)<\/li>\n<li>Test primaire et secondaire des dispositifs de protection, notamment en ce qui concerne la d\u00e9tection des relais et des probl\u00e8mes techniques li\u00e9s \u00e0 la mise \u00e0 la terre<\/li>\n<li>Nettoyage des \u00e9quipements \u00e9lectriques<\/li>\n<li>Maintenance m\u00e9canique des interrupteurs \u00e0 coupure d\u2019air et \u00e0 boulons ainsi que des disjoncteurs<\/li>\n<li>Rapport de transformateur et test d\u2019huile<\/li>\n<li>Inspection par thermographie des \u00e9quipements \u00e9lectriques<\/li>\n<li>Coordination des dispositifs de protection<\/li>\n<li>\u00c9tudes de qualit\u00e9 de l\u2019\u00e9nergie<\/li>\n<\/ul>\n","protected":false},"excerpt":{"rendered":"<p>Modern Niagara prolonge la dur\u00e9e de vie de vos syst\u00e8mes \u00e9lectriques gr\u00e2ce \u00e0 des services \u00e9lectriques et de r\u00e9paration r\u00e9actifs, notamment un service d\u2019urgence en tout temps dans certaines r\u00e9gions.<\/p>\n","protected":false},"author":1,"featured_media":2650,"parent":3303,"menu_order":1,"comment_status":"closed","ping_status":"closed","template":"","meta":{"_acf_changed":false,"footnotes":""},"class_list":["post-3352","page","type-page","status-publish","has-post-thumbnail","hentry"],"acf":[],"yoast_head":"<!-- This site is optimized with the Yoast SEO plugin v27.3 - https:\/\/yoast.com\/product\/yoast-seo-wordpress\/ -->\n<title>Urgence et entretien planifi\u00e9 | Services \u00e9lectriques | Modern Niagara<\/title>\n<meta name=\"description\" content=\"Les programmes d\u2019urgence et d\u2019entretien planifi\u00e9 de bout en bout de Modern Niagara assurent le bon fonctionnement des syst\u00e8mes \u00e9lectriques tout au long de leur cycle de vie.\" \/>\n<meta name=\"robots\" content=\"index, follow, max-snippet:-1, max-image-preview:large, max-video-preview:-1\" \/>\n<link rel=\"canonical\" href=\"https:\/\/modernniagara.com\/fr\/nos-services\/services-electriques\/urgence-et-entretien-planifie\/\" \/>\n<meta property=\"og:locale\" content=\"fr_FR\" \/>\n<meta property=\"og:type\" content=\"article\" \/>\n<meta property=\"og:title\" content=\"Urgence et entretien planifi\u00e9 | Services \u00e9lectriques | Modern Niagara\" \/>\n<meta property=\"og:description\" content=\"Les programmes d\u2019urgence et d\u2019entretien planifi\u00e9 de bout en bout de Modern Niagara assurent le bon fonctionnement des syst\u00e8mes \u00e9lectriques tout au long de leur cycle de vie.\" \/>\n<meta property=\"og:url\" content=\"https:\/\/modernniagara.com\/fr\/nos-services\/services-electriques\/urgence-et-entretien-planifie\/\" \/>\n<meta property=\"og:site_name\" content=\"Modern Niagara\" \/>\n<meta property=\"og:image\" content=\"https:\/\/modernniagara.com\/wp-content\/uploads\/2019\/05\/image-electrical.png\" \/>\n\t<meta property=\"og:image:width\" content=\"317\" \/>\n\t<meta property=\"og:image:height\" content=\"195\" \/>\n\t<meta property=\"og:image:type\" content=\"image\/png\" \/>\n<meta name=\"twitter:card\" content=\"summary_large_image\" \/>\n<script type=\"application\/ld+json\" class=\"yoast-schema-graph\">{\"@context\":\"https:\\\/\\\/schema.org\",\"@graph\":[{\"@type\":\"WebPage\",\"@id\":\"https:\\\/\\\/modernniagara.com\\\/fr\\\/nos-services\\\/services-electriques\\\/urgence-et-entretien-planifie\\\/\",\"url\":\"https:\\\/\\\/modernniagara.com\\\/fr\\\/nos-services\\\/services-electriques\\\/urgence-et-entretien-planifie\\\/\",\"name\":\"Urgence et entretien planifi\u00e9 | Services \u00e9lectriques | Modern Niagara\",\"isPartOf\":{\"@id\":\"https:\\\/\\\/modernniagara.com\\\/#website\"},\"primaryImageOfPage\":{\"@id\":\"https:\\\/\\\/modernniagara.com\\\/fr\\\/nos-services\\\/services-electriques\\\/urgence-et-entretien-planifie\\\/#primaryimage\"},\"image\":{\"@id\":\"https:\\\/\\\/modernniagara.com\\\/fr\\\/nos-services\\\/services-electriques\\\/urgence-et-entretien-planifie\\\/#primaryimage\"},\"thumbnailUrl\":\"https:\\\/\\\/modernniagara.com\\\/wp-content\\\/uploads\\\/2019\\\/05\\\/image-electrical.png\",\"datePublished\":\"2020-08-21T15:14:29+00:00\",\"description\":\"Les programmes d\u2019urgence et d\u2019entretien planifi\u00e9 de bout en bout de Modern Niagara assurent le bon fonctionnement des syst\u00e8mes \u00e9lectriques tout au long de leur cycle de vie.\",\"breadcrumb\":{\"@id\":\"https:\\\/\\\/modernniagara.com\\\/fr\\\/nos-services\\\/services-electriques\\\/urgence-et-entretien-planifie\\\/#breadcrumb\"},\"inLanguage\":\"fr-FR\",\"potentialAction\":[{\"@type\":\"ReadAction\",\"target\":[\"https:\\\/\\\/modernniagara.com\\\/fr\\\/nos-services\\\/services-electriques\\\/urgence-et-entretien-planifie\\\/\"]}]},{\"@type\":\"ImageObject\",\"inLanguage\":\"fr-FR\",\"@id\":\"https:\\\/\\\/modernniagara.com\\\/fr\\\/nos-services\\\/services-electriques\\\/urgence-et-entretien-planifie\\\/#primaryimage\",\"url\":\"https:\\\/\\\/modernniagara.com\\\/wp-content\\\/uploads\\\/2019\\\/05\\\/image-electrical.png\",\"contentUrl\":\"https:\\\/\\\/modernniagara.com\\\/wp-content\\\/uploads\\\/2019\\\/05\\\/image-electrical.png\",\"width\":317,\"height\":195},{\"@type\":\"BreadcrumbList\",\"@id\":\"https:\\\/\\\/modernniagara.com\\\/fr\\\/nos-services\\\/services-electriques\\\/urgence-et-entretien-planifie\\\/#breadcrumb\",\"itemListElement\":[{\"@type\":\"ListItem\",\"position\":1,\"name\":\"Accueil\",\"item\":\"https:\\\/\\\/modernniagara.com\\\/fr\\\/\"},{\"@type\":\"ListItem\",\"position\":2,\"name\":\"Nos services\",\"item\":\"https:\\\/\\\/modernniagara.com\\\/fr\\\/nos-services\\\/\"},{\"@type\":\"ListItem\",\"position\":3,\"name\":\"Services \u00e9lectriques\",\"item\":\"https:\\\/\\\/modernniagara.com\\\/fr\\\/nos-services\\\/services-electriques\\\/\"},{\"@type\":\"ListItem\",\"position\":4,\"name\":\"Urgence et entretien planifi\u00e9\"}]},{\"@type\":\"WebSite\",\"@id\":\"https:\\\/\\\/modernniagara.com\\\/#website\",\"url\":\"https:\\\/\\\/modernniagara.com\\\/\",\"name\":\"Modern Niagara\",\"description\":\"\",\"potentialAction\":[{\"@type\":\"SearchAction\",\"target\":{\"@type\":\"EntryPoint\",\"urlTemplate\":\"https:\\\/\\\/modernniagara.com\\\/?s={search_term_string}\"},\"query-input\":{\"@type\":\"PropertyValueSpecification\",\"valueRequired\":true,\"valueName\":\"search_term_string\"}}],\"inLanguage\":\"fr-FR\"}]}<\/script>\n<!-- \/ Yoast SEO plugin. -->","yoast_head_json":{"title":"Urgence et entretien planifi\u00e9 | Services \u00e9lectriques | Modern Niagara","description":"Les programmes d\u2019urgence et d\u2019entretien planifi\u00e9 de bout en bout de Modern Niagara assurent le bon fonctionnement des syst\u00e8mes \u00e9lectriques tout au long de leur cycle de vie.","robots":{"index":"index","follow":"follow","max-snippet":"max-snippet:-1","max-image-preview":"max-image-preview:large","max-video-preview":"max-video-preview:-1"},"canonical":"https:\/\/modernniagara.com\/fr\/nos-services\/services-electriques\/urgence-et-entretien-planifie\/","og_locale":"fr_FR","og_type":"article","og_title":"Urgence et entretien planifi\u00e9 | Services \u00e9lectriques | Modern Niagara","og_description":"Les programmes d\u2019urgence et d\u2019entretien planifi\u00e9 de bout en bout de Modern Niagara assurent le bon fonctionnement des syst\u00e8mes \u00e9lectriques tout au long de leur cycle de vie.","og_url":"https:\/\/modernniagara.com\/fr\/nos-services\/services-electriques\/urgence-et-entretien-planifie\/","og_site_name":"Modern Niagara","og_image":[{"width":317,"height":195,"url":"https:\/\/modernniagara.com\/wp-content\/uploads\/2019\/05\/image-electrical.png","type":"image\/png"}],"twitter_card":"summary_large_image","schema":{"@context":"https:\/\/schema.org","@graph":[{"@type":"WebPage","@id":"https:\/\/modernniagara.com\/fr\/nos-services\/services-electriques\/urgence-et-entretien-planifie\/","url":"https:\/\/modernniagara.com\/fr\/nos-services\/services-electriques\/urgence-et-entretien-planifie\/","name":"Urgence et entretien planifi\u00e9 | Services \u00e9lectriques | Modern Niagara","isPartOf":{"@id":"https:\/\/modernniagara.com\/#website"},"primaryImageOfPage":{"@id":"https:\/\/modernniagara.com\/fr\/nos-services\/services-electriques\/urgence-et-entretien-planifie\/#primaryimage"},"image":{"@id":"https:\/\/modernniagara.com\/fr\/nos-services\/services-electriques\/urgence-et-entretien-planifie\/#primaryimage"},"thumbnailUrl":"https:\/\/modernniagara.com\/wp-content\/uploads\/2019\/05\/image-electrical.png","datePublished":"2020-08-21T15:14:29+00:00","description":"Les programmes d\u2019urgence et d\u2019entretien planifi\u00e9 de bout en bout de Modern Niagara assurent le bon fonctionnement des syst\u00e8mes \u00e9lectriques tout au long de leur cycle de vie.","breadcrumb":{"@id":"https:\/\/modernniagara.com\/fr\/nos-services\/services-electriques\/urgence-et-entretien-planifie\/#breadcrumb"},"inLanguage":"fr-FR","potentialAction":[{"@type":"ReadAction","target":["https:\/\/modernniagara.com\/fr\/nos-services\/services-electriques\/urgence-et-entretien-planifie\/"]}]},{"@type":"ImageObject","inLanguage":"fr-FR","@id":"https:\/\/modernniagara.com\/fr\/nos-services\/services-electriques\/urgence-et-entretien-planifie\/#primaryimage","url":"https:\/\/modernniagara.com\/wp-content\/uploads\/2019\/05\/image-electrical.png","contentUrl":"https:\/\/modernniagara.com\/wp-content\/uploads\/2019\/05\/image-electrical.png","width":317,"height":195},{"@type":"BreadcrumbList","@id":"https:\/\/modernniagara.com\/fr\/nos-services\/services-electriques\/urgence-et-entretien-planifie\/#breadcrumb","itemListElement":[{"@type":"ListItem","position":1,"name":"Accueil","item":"https:\/\/modernniagara.com\/fr\/"},{"@type":"ListItem","position":2,"name":"Nos services","item":"https:\/\/modernniagara.com\/fr\/nos-services\/"},{"@type":"ListItem","position":3,"name":"Services \u00e9lectriques","item":"https:\/\/modernniagara.com\/fr\/nos-services\/services-electriques\/"},{"@type":"ListItem","position":4,"name":"Urgence et entretien planifi\u00e9"}]},{"@type":"WebSite","@id":"https:\/\/modernniagara.com\/#website","url":"https:\/\/modernniagara.com\/","name":"Modern Niagara","description":"","potentialAction":[{"@type":"SearchAction","target":{"@type":"EntryPoint","urlTemplate":"https:\/\/modernniagara.com\/?s={search_term_string}"},"query-input":{"@type":"PropertyValueSpecification","valueRequired":true,"valueName":"search_term_string"}}],"inLanguage":"fr-FR"}]}},"_links":{"self":[{"href":"https:\/\/modernniagara.com\/fr\/wp-json\/wp\/v2\/pages\/3352","targetHints":{"allow":["GET"]}}],"collection":[{"href":"https:\/\/modernniagara.com\/fr\/wp-json\/wp\/v2\/pages"}],"about":[{"href":"https:\/\/modernniagara.com\/fr\/wp-json\/wp\/v2\/types\/page"}],"author":[{"embeddable":true,"href":"https:\/\/modernniagara.com\/fr\/wp-json\/wp\/v2\/users\/1"}],"replies":[{"embeddable":true,"href":"https:\/\/modernniagara.com\/fr\/wp-json\/wp\/v2\/comments?post=3352"}],"version-history":[{"count":1,"href":"https:\/\/modernniagara.com\/fr\/wp-json\/wp\/v2\/pages\/3352\/revisions"}],"predecessor-version":[{"id":3354,"href":"https:\/\/modernniagara.com\/fr\/wp-json\/wp\/v2\/pages\/3352\/revisions\/3354"}],"up":[{"embeddable":true,"href":"https:\/\/modernniagara.com\/fr\/wp-json\/wp\/v2\/pages\/3303"}],"wp:featuredmedia":[{"embeddable":true,"href":"https:\/\/modernniagara.com\/fr\/wp-json\/wp\/v2\/media\/2650"}],"wp:attachment":[{"href":"https:\/\/modernniagara.com\/fr\/wp-json\/wp\/v2\/media?parent=3352"}],"curies":[{"name":"wp","href":"https:\/\/api.w.org\/{rel}","templated":true}]}}