{"id":3349,"date":"2020-08-21T11:10:13","date_gmt":"2020-08-21T15:10:13","guid":{"rendered":"https:\/\/modernniagara.com\/?page_id=3349"},"modified":"2020-08-21T11:11:01","modified_gmt":"2020-08-21T15:11:01","slug":"automatisation","status":"publish","type":"page","link":"https:\/\/modernniagara.com\/fr\/nos-services\/services-electriques\/automatisation\/","title":{"rendered":"Automatisation"},"content":{"rendered":"<a href=\"https:\/\/modernniagara.com\/wp-content\/uploads\/2019\/05\/MNE-brochure-web.pdf\" target=\"_blank\" rel=\"noopener noreferrer\"><img loading=\"lazy\" decoding=\"async\" class=\"alignright size-full wp-image-2755\" src=\"https:\/\/modernniagara.com\/wp-content\/uploads\/2019\/05\/thumb-MNE-brochure.jpg\" alt=\"\" width=\"220\" height=\"285\" \/><\/a>\n<h2>Nous sommes l\u00e0 pour mettre en \u0153uvre vos projets d\u2019automatisation.<\/h2>\n<p>Le rendement optimal de vos syst\u00e8mes d\u2019automatisation commence par un c\u00e2blage sur lequel vous pouvez compter. L\u2019\u00e9quipe \u00e9lectrique de Modern Niagara poss\u00e8de les connaissances et l\u2019exp\u00e9rience n\u00e9cessaires pour r\u00e9pondre \u00e0 vos besoins, quels qu\u2019ils soient.<\/p>\n<p><strong>Nos comp\u00e9tences couvrent\u00a0:<\/strong><\/p>\n<ul>\n<li>Contr\u00f4le de gestion du b\u00e2timent<\/li>\n<li>Contr\u00f4le de gestion de l&rsquo;\u00e9nergie<\/li>\n<li>Syst\u00e8mes de contr\u00f4le CVC<\/li>\n<li>Solutions ouvertes sans fil<\/li>\n<li>Contr\u00f4le d&rsquo;\u00e9clairage<\/li>\n<li>Contr\u00f4le d&rsquo;acc\u00e8s et vid\u00e9osurveillance<\/li>\n<li>Contr\u00f4le de logique programmable (CLP)<\/li>\n<li>Syst\u00e8mes de d\u00e9tection<\/li>\n<\/ul>\n","protected":false},"excerpt":{"rendered":"<p>Nous faisons fonctionner les syst\u00e8mes d\u2019automatisation au moyen de c\u00e2blage pour l\u2019instrumentation, de commandes logiques programmables, de syst\u00e8mes de d\u00e9tection de gaz et de fuite, et plus encore.<\/p>\n","protected":false},"author":1,"featured_media":0,"parent":3303,"menu_order":4,"comment_status":"closed","ping_status":"closed","template":"","meta":{"_acf_changed":false,"footnotes":""},"class_list":["post-3349","page","type-page","status-publish","hentry"],"acf":[],"yoast_head":"<!-- This site is optimized with the Yoast SEO plugin v27.3 - https:\/\/yoast.com\/product\/yoast-seo-wordpress\/ -->\n<title>Automatisation | Services \u00e9lectriques | Modern Niagara<\/title>\n<meta name=\"description\" content=\"Les entrepreneurs en \u00e9lectricit\u00e9 de Modern Niagara peuvent c\u00e2bler tous les syst\u00e8mes d\u2019automatisation de b\u00e2timent, notamment les commandes de CVC et d&#039;\u00e9clairage.\" \/>\n<meta name=\"robots\" content=\"index, follow, max-snippet:-1, max-image-preview:large, max-video-preview:-1\" \/>\n<link rel=\"canonical\" href=\"https:\/\/modernniagara.com\/fr\/nos-services\/services-electriques\/automatisation\/\" \/>\n<meta property=\"og:locale\" content=\"fr_FR\" \/>\n<meta property=\"og:type\" content=\"article\" \/>\n<meta property=\"og:title\" content=\"Automatisation | Services \u00e9lectriques | Modern Niagara\" \/>\n<meta property=\"og:description\" content=\"Les entrepreneurs en \u00e9lectricit\u00e9 de Modern Niagara peuvent c\u00e2bler tous les syst\u00e8mes d\u2019automatisation de b\u00e2timent, notamment les commandes de CVC et d&#039;\u00e9clairage.\" \/>\n<meta property=\"og:url\" content=\"https:\/\/modernniagara.com\/fr\/nos-services\/services-electriques\/automatisation\/\" \/>\n<meta property=\"og:site_name\" content=\"Modern Niagara\" \/>\n<meta property=\"article:modified_time\" content=\"2020-08-21T15:11:01+00:00\" \/>\n<meta property=\"og:image\" content=\"https:\/\/modernniagara.com\/wp-content\/uploads\/2019\/05\/image-electrical-automation.png\" \/>\n\t<meta property=\"og:image:width\" content=\"317\" \/>\n\t<meta property=\"og:image:height\" content=\"195\" \/>\n\t<meta property=\"og:image:type\" content=\"image\/png\" \/>\n<meta name=\"twitter:card\" content=\"summary_large_image\" \/>\n<script type=\"application\/ld+json\" class=\"yoast-schema-graph\">{\"@context\":\"https:\\\/\\\/schema.org\",\"@graph\":[{\"@type\":\"WebPage\",\"@id\":\"https:\\\/\\\/modernniagara.com\\\/fr\\\/nos-services\\\/services-electriques\\\/automatisation\\\/\",\"url\":\"https:\\\/\\\/modernniagara.com\\\/fr\\\/nos-services\\\/services-electriques\\\/automatisation\\\/\",\"name\":\"Automatisation | Services \u00e9lectriques | Modern Niagara\",\"isPartOf\":{\"@id\":\"https:\\\/\\\/modernniagara.com\\\/#website\"},\"primaryImageOfPage\":{\"@id\":\"https:\\\/\\\/modernniagara.com\\\/fr\\\/nos-services\\\/services-electriques\\\/automatisation\\\/#primaryimage\"},\"image\":{\"@id\":\"https:\\\/\\\/modernniagara.com\\\/fr\\\/nos-services\\\/services-electriques\\\/automatisation\\\/#primaryimage\"},\"thumbnailUrl\":\"https:\\\/\\\/modernniagara.com\\\/wp-content\\\/uploads\\\/2019\\\/05\\\/thumb-MNE-brochure.jpg\",\"datePublished\":\"2020-08-21T15:10:13+00:00\",\"dateModified\":\"2020-08-21T15:11:01+00:00\",\"description\":\"Les entrepreneurs en \u00e9lectricit\u00e9 de Modern Niagara peuvent c\u00e2bler tous les syst\u00e8mes d\u2019automatisation de b\u00e2timent, notamment les commandes de CVC et d'\u00e9clairage.\",\"breadcrumb\":{\"@id\":\"https:\\\/\\\/modernniagara.com\\\/fr\\\/nos-services\\\/services-electriques\\\/automatisation\\\/#breadcrumb\"},\"inLanguage\":\"fr-FR\",\"potentialAction\":[{\"@type\":\"ReadAction\",\"target\":[\"https:\\\/\\\/modernniagara.com\\\/fr\\\/nos-services\\\/services-electriques\\\/automatisation\\\/\"]}]},{\"@type\":\"ImageObject\",\"inLanguage\":\"fr-FR\",\"@id\":\"https:\\\/\\\/modernniagara.com\\\/fr\\\/nos-services\\\/services-electriques\\\/automatisation\\\/#primaryimage\",\"url\":\"https:\\\/\\\/modernniagara.com\\\/wp-content\\\/uploads\\\/2019\\\/05\\\/thumb-MNE-brochure.jpg\",\"contentUrl\":\"https:\\\/\\\/modernniagara.com\\\/wp-content\\\/uploads\\\/2019\\\/05\\\/thumb-MNE-brochure.jpg\"},{\"@type\":\"BreadcrumbList\",\"@id\":\"https:\\\/\\\/modernniagara.com\\\/fr\\\/nos-services\\\/services-electriques\\\/automatisation\\\/#breadcrumb\",\"itemListElement\":[{\"@type\":\"ListItem\",\"position\":1,\"name\":\"Accueil\",\"item\":\"https:\\\/\\\/modernniagara.com\\\/fr\\\/\"},{\"@type\":\"ListItem\",\"position\":2,\"name\":\"Nos services\",\"item\":\"https:\\\/\\\/modernniagara.com\\\/fr\\\/nos-services\\\/\"},{\"@type\":\"ListItem\",\"position\":3,\"name\":\"Services \u00e9lectriques\",\"item\":\"https:\\\/\\\/modernniagara.com\\\/fr\\\/nos-services\\\/services-electriques\\\/\"},{\"@type\":\"ListItem\",\"position\":4,\"name\":\"Automatisation\"}]},{\"@type\":\"WebSite\",\"@id\":\"https:\\\/\\\/modernniagara.com\\\/#website\",\"url\":\"https:\\\/\\\/modernniagara.com\\\/\",\"name\":\"Modern Niagara\",\"description\":\"\",\"potentialAction\":[{\"@type\":\"SearchAction\",\"target\":{\"@type\":\"EntryPoint\",\"urlTemplate\":\"https:\\\/\\\/modernniagara.com\\\/?s={search_term_string}\"},\"query-input\":{\"@type\":\"PropertyValueSpecification\",\"valueRequired\":true,\"valueName\":\"search_term_string\"}}],\"inLanguage\":\"fr-FR\"}]}<\/script>\n<!-- \/ Yoast SEO plugin. -->","yoast_head_json":{"title":"Automatisation | Services \u00e9lectriques | Modern Niagara","description":"Les entrepreneurs en \u00e9lectricit\u00e9 de Modern Niagara peuvent c\u00e2bler tous les syst\u00e8mes d\u2019automatisation de b\u00e2timent, notamment les commandes de CVC et d'\u00e9clairage.","robots":{"index":"index","follow":"follow","max-snippet":"max-snippet:-1","max-image-preview":"max-image-preview:large","max-video-preview":"max-video-preview:-1"},"canonical":"https:\/\/modernniagara.com\/fr\/nos-services\/services-electriques\/automatisation\/","og_locale":"fr_FR","og_type":"article","og_title":"Automatisation | Services \u00e9lectriques | Modern Niagara","og_description":"Les entrepreneurs en \u00e9lectricit\u00e9 de Modern Niagara peuvent c\u00e2bler tous les syst\u00e8mes d\u2019automatisation de b\u00e2timent, notamment les commandes de CVC et d'\u00e9clairage.","og_url":"https:\/\/modernniagara.com\/fr\/nos-services\/services-electriques\/automatisation\/","og_site_name":"Modern Niagara","article_modified_time":"2020-08-21T15:11:01+00:00","og_image":[{"width":317,"height":195,"url":"https:\/\/modernniagara.com\/wp-content\/uploads\/2019\/05\/image-electrical-automation.png","type":"image\/png"}],"twitter_card":"summary_large_image","schema":{"@context":"https:\/\/schema.org","@graph":[{"@type":"WebPage","@id":"https:\/\/modernniagara.com\/fr\/nos-services\/services-electriques\/automatisation\/","url":"https:\/\/modernniagara.com\/fr\/nos-services\/services-electriques\/automatisation\/","name":"Automatisation | Services \u00e9lectriques | Modern Niagara","isPartOf":{"@id":"https:\/\/modernniagara.com\/#website"},"primaryImageOfPage":{"@id":"https:\/\/modernniagara.com\/fr\/nos-services\/services-electriques\/automatisation\/#primaryimage"},"image":{"@id":"https:\/\/modernniagara.com\/fr\/nos-services\/services-electriques\/automatisation\/#primaryimage"},"thumbnailUrl":"https:\/\/modernniagara.com\/wp-content\/uploads\/2019\/05\/thumb-MNE-brochure.jpg","datePublished":"2020-08-21T15:10:13+00:00","dateModified":"2020-08-21T15:11:01+00:00","description":"Les entrepreneurs en \u00e9lectricit\u00e9 de Modern Niagara peuvent c\u00e2bler tous les syst\u00e8mes d\u2019automatisation de b\u00e2timent, notamment les commandes de CVC et d'\u00e9clairage.","breadcrumb":{"@id":"https:\/\/modernniagara.com\/fr\/nos-services\/services-electriques\/automatisation\/#breadcrumb"},"inLanguage":"fr-FR","potentialAction":[{"@type":"ReadAction","target":["https:\/\/modernniagara.com\/fr\/nos-services\/services-electriques\/automatisation\/"]}]},{"@type":"ImageObject","inLanguage":"fr-FR","@id":"https:\/\/modernniagara.com\/fr\/nos-services\/services-electriques\/automatisation\/#primaryimage","url":"https:\/\/modernniagara.com\/wp-content\/uploads\/2019\/05\/thumb-MNE-brochure.jpg","contentUrl":"https:\/\/modernniagara.com\/wp-content\/uploads\/2019\/05\/thumb-MNE-brochure.jpg"},{"@type":"BreadcrumbList","@id":"https:\/\/modernniagara.com\/fr\/nos-services\/services-electriques\/automatisation\/#breadcrumb","itemListElement":[{"@type":"ListItem","position":1,"name":"Accueil","item":"https:\/\/modernniagara.com\/fr\/"},{"@type":"ListItem","position":2,"name":"Nos services","item":"https:\/\/modernniagara.com\/fr\/nos-services\/"},{"@type":"ListItem","position":3,"name":"Services \u00e9lectriques","item":"https:\/\/modernniagara.com\/fr\/nos-services\/services-electriques\/"},{"@type":"ListItem","position":4,"name":"Automatisation"}]},{"@type":"WebSite","@id":"https:\/\/modernniagara.com\/#website","url":"https:\/\/modernniagara.com\/","name":"Modern Niagara","description":"","potentialAction":[{"@type":"SearchAction","target":{"@type":"EntryPoint","urlTemplate":"https:\/\/modernniagara.com\/?s={search_term_string}"},"query-input":{"@type":"PropertyValueSpecification","valueRequired":true,"valueName":"search_term_string"}}],"inLanguage":"fr-FR"}]}},"_links":{"self":[{"href":"https:\/\/modernniagara.com\/fr\/wp-json\/wp\/v2\/pages\/3349","targetHints":{"allow":["GET"]}}],"collection":[{"href":"https:\/\/modernniagara.com\/fr\/wp-json\/wp\/v2\/pages"}],"about":[{"href":"https:\/\/modernniagara.com\/fr\/wp-json\/wp\/v2\/types\/page"}],"author":[{"embeddable":true,"href":"https:\/\/modernniagara.com\/fr\/wp-json\/wp\/v2\/users\/1"}],"replies":[{"embeddable":true,"href":"https:\/\/modernniagara.com\/fr\/wp-json\/wp\/v2\/comments?post=3349"}],"version-history":[{"count":1,"href":"https:\/\/modernniagara.com\/fr\/wp-json\/wp\/v2\/pages\/3349\/revisions"}],"predecessor-version":[{"id":3351,"href":"https:\/\/modernniagara.com\/fr\/wp-json\/wp\/v2\/pages\/3349\/revisions\/3351"}],"up":[{"embeddable":true,"href":"https:\/\/modernniagara.com\/fr\/wp-json\/wp\/v2\/pages\/3303"}],"wp:attachment":[{"href":"https:\/\/modernniagara.com\/fr\/wp-json\/wp\/v2\/media?parent=3349"}],"curies":[{"name":"wp","href":"https:\/\/api.w.org\/{rel}","templated":true}]}}