{"id":3345,"date":"2020-08-21T11:04:47","date_gmt":"2020-08-21T15:04:47","guid":{"rendered":"https:\/\/modernniagara.com\/?page_id=3345"},"modified":"2020-08-21T11:05:32","modified_gmt":"2020-08-21T15:05:32","slug":"services-publics-et-municipaux","status":"publish","type":"page","link":"https:\/\/modernniagara.com\/fr\/nos-services\/services-electriques\/services-publics-et-municipaux\/","title":{"rendered":"Services publics et municipaux"},"content":{"rendered":"<h2>Services \u00e9lectriques de haute qualit\u00e9 pour installations \u00e0 enjeux \u00e9lev\u00e9s.<\/h2>\n<p>Modern Niagara rationalise la gestion et la construction des infrastructures municipales et des services publics en offrant un \u00e9ventail complet de services \u00e9lectriques en un seul endroit, notamment la conception, l\u2019installation, la mise en service, l\u2019entretien continu, le service et les r\u00e9parations.<\/p>\n<p>Notre gamme de services comprend\u00a0:<\/p>\n<ul>\n<li>Installation de massifs de conduits<\/li>\n<li>Installation de transformateurs<\/li>\n<li>Puits de transformateur<\/li>\n<li>Installation d\u2019\u00e9clairage et de poteaux \u00e9lectriques<\/li>\n<li>Travaux de commutation (mise \u00e0 la terre, construction de structures)<\/li>\n<li>Test haute tension et terminaisons<\/li>\n<\/ul>\n","protected":false},"excerpt":{"rendered":"<p>R\u00e9pondez \u00e0 tous vos besoins en \u00e9lectricit\u00e9 haute tension \u00e0 un seul endroit. Nous nous occupons de tout\u00a0: des tests et des terminaisons \u00e0 l&rsquo;installation de la banque de conduits et de transformateurs, en passant par l\u2019\u00e9clairage et l\u2019installation hydro\u00e9lectrique.<\/p>\n","protected":false},"author":1,"featured_media":1319,"parent":3303,"menu_order":4,"comment_status":"closed","ping_status":"closed","template":"","meta":{"_acf_changed":false,"footnotes":""},"class_list":["post-3345","page","type-page","status-publish","has-post-thumbnail","hentry"],"acf":[],"yoast_head":"<!-- This site is optimized with the Yoast SEO plugin v27.3 - https:\/\/yoast.com\/product\/yoast-seo-wordpress\/ -->\n<title>Services publics et municipaux | Services \u00e9lectriques | Modern Niagara<\/title>\n<meta name=\"description\" content=\"Modern Niagara offre aux municipalit\u00e9s et aux services publics un service centralis\u00e9 pour la conception, l\u2019installation, la mise en service et l\u2019entretien \u00e9lectriques.\" \/>\n<meta name=\"robots\" content=\"index, follow, max-snippet:-1, max-image-preview:large, max-video-preview:-1\" \/>\n<link rel=\"canonical\" href=\"https:\/\/modernniagara.com\/fr\/nos-services\/services-electriques\/services-publics-et-municipaux\/\" \/>\n<meta property=\"og:locale\" content=\"fr_FR\" \/>\n<meta property=\"og:type\" content=\"article\" \/>\n<meta property=\"og:title\" content=\"Services publics et municipaux | Services \u00e9lectriques | Modern Niagara\" \/>\n<meta property=\"og:description\" content=\"Modern Niagara offre aux municipalit\u00e9s et aux services publics un service centralis\u00e9 pour la conception, l\u2019installation, la mise en service et l\u2019entretien \u00e9lectriques.\" \/>\n<meta property=\"og:url\" content=\"https:\/\/modernniagara.com\/fr\/nos-services\/services-electriques\/services-publics-et-municipaux\/\" \/>\n<meta property=\"og:site_name\" content=\"Modern Niagara\" \/>\n<meta property=\"article:modified_time\" content=\"2020-08-21T15:05:32+00:00\" \/>\n<meta property=\"og:image\" content=\"https:\/\/modernniagara.com\/wp-content\/uploads\/2019\/06\/image-electrical-Utility.png\" \/>\n\t<meta property=\"og:image:width\" content=\"317\" \/>\n\t<meta property=\"og:image:height\" content=\"195\" \/>\n\t<meta property=\"og:image:type\" content=\"image\/png\" \/>\n<meta name=\"twitter:card\" content=\"summary_large_image\" \/>\n<script type=\"application\/ld+json\" class=\"yoast-schema-graph\">{\"@context\":\"https:\\\/\\\/schema.org\",\"@graph\":[{\"@type\":\"WebPage\",\"@id\":\"https:\\\/\\\/modernniagara.com\\\/fr\\\/nos-services\\\/services-electriques\\\/services-publics-et-municipaux\\\/\",\"url\":\"https:\\\/\\\/modernniagara.com\\\/fr\\\/nos-services\\\/services-electriques\\\/services-publics-et-municipaux\\\/\",\"name\":\"Services publics et municipaux | Services \u00e9lectriques | Modern Niagara\",\"isPartOf\":{\"@id\":\"https:\\\/\\\/modernniagara.com\\\/#website\"},\"primaryImageOfPage\":{\"@id\":\"https:\\\/\\\/modernniagara.com\\\/fr\\\/nos-services\\\/services-electriques\\\/services-publics-et-municipaux\\\/#primaryimage\"},\"image\":{\"@id\":\"https:\\\/\\\/modernniagara.com\\\/fr\\\/nos-services\\\/services-electriques\\\/services-publics-et-municipaux\\\/#primaryimage\"},\"thumbnailUrl\":\"https:\\\/\\\/modernniagara.com\\\/wp-content\\\/uploads\\\/2019\\\/06\\\/image-electrical-Utility.png\",\"datePublished\":\"2020-08-21T15:04:47+00:00\",\"dateModified\":\"2020-08-21T15:05:32+00:00\",\"description\":\"Modern Niagara offre aux municipalit\u00e9s et aux services publics un service centralis\u00e9 pour la conception, l\u2019installation, la mise en service et l\u2019entretien \u00e9lectriques.\",\"breadcrumb\":{\"@id\":\"https:\\\/\\\/modernniagara.com\\\/fr\\\/nos-services\\\/services-electriques\\\/services-publics-et-municipaux\\\/#breadcrumb\"},\"inLanguage\":\"fr-FR\",\"potentialAction\":[{\"@type\":\"ReadAction\",\"target\":[\"https:\\\/\\\/modernniagara.com\\\/fr\\\/nos-services\\\/services-electriques\\\/services-publics-et-municipaux\\\/\"]}]},{\"@type\":\"ImageObject\",\"inLanguage\":\"fr-FR\",\"@id\":\"https:\\\/\\\/modernniagara.com\\\/fr\\\/nos-services\\\/services-electriques\\\/services-publics-et-municipaux\\\/#primaryimage\",\"url\":\"https:\\\/\\\/modernniagara.com\\\/wp-content\\\/uploads\\\/2019\\\/06\\\/image-electrical-Utility.png\",\"contentUrl\":\"https:\\\/\\\/modernniagara.com\\\/wp-content\\\/uploads\\\/2019\\\/06\\\/image-electrical-Utility.png\",\"width\":317,\"height\":195},{\"@type\":\"BreadcrumbList\",\"@id\":\"https:\\\/\\\/modernniagara.com\\\/fr\\\/nos-services\\\/services-electriques\\\/services-publics-et-municipaux\\\/#breadcrumb\",\"itemListElement\":[{\"@type\":\"ListItem\",\"position\":1,\"name\":\"Accueil\",\"item\":\"https:\\\/\\\/modernniagara.com\\\/fr\\\/\"},{\"@type\":\"ListItem\",\"position\":2,\"name\":\"Nos services\",\"item\":\"https:\\\/\\\/modernniagara.com\\\/fr\\\/nos-services\\\/\"},{\"@type\":\"ListItem\",\"position\":3,\"name\":\"Services \u00e9lectriques\",\"item\":\"https:\\\/\\\/modernniagara.com\\\/fr\\\/nos-services\\\/services-electriques\\\/\"},{\"@type\":\"ListItem\",\"position\":4,\"name\":\"Services publics et municipaux\"}]},{\"@type\":\"WebSite\",\"@id\":\"https:\\\/\\\/modernniagara.com\\\/#website\",\"url\":\"https:\\\/\\\/modernniagara.com\\\/\",\"name\":\"Modern Niagara\",\"description\":\"\",\"potentialAction\":[{\"@type\":\"SearchAction\",\"target\":{\"@type\":\"EntryPoint\",\"urlTemplate\":\"https:\\\/\\\/modernniagara.com\\\/?s={search_term_string}\"},\"query-input\":{\"@type\":\"PropertyValueSpecification\",\"valueRequired\":true,\"valueName\":\"search_term_string\"}}],\"inLanguage\":\"fr-FR\"}]}<\/script>\n<!-- \/ Yoast SEO plugin. -->","yoast_head_json":{"title":"Services publics et municipaux | Services \u00e9lectriques | Modern Niagara","description":"Modern Niagara offre aux municipalit\u00e9s et aux services publics un service centralis\u00e9 pour la conception, l\u2019installation, la mise en service et l\u2019entretien \u00e9lectriques.","robots":{"index":"index","follow":"follow","max-snippet":"max-snippet:-1","max-image-preview":"max-image-preview:large","max-video-preview":"max-video-preview:-1"},"canonical":"https:\/\/modernniagara.com\/fr\/nos-services\/services-electriques\/services-publics-et-municipaux\/","og_locale":"fr_FR","og_type":"article","og_title":"Services publics et municipaux | Services \u00e9lectriques | Modern Niagara","og_description":"Modern Niagara offre aux municipalit\u00e9s et aux services publics un service centralis\u00e9 pour la conception, l\u2019installation, la mise en service et l\u2019entretien \u00e9lectriques.","og_url":"https:\/\/modernniagara.com\/fr\/nos-services\/services-electriques\/services-publics-et-municipaux\/","og_site_name":"Modern Niagara","article_modified_time":"2020-08-21T15:05:32+00:00","og_image":[{"width":317,"height":195,"url":"https:\/\/modernniagara.com\/wp-content\/uploads\/2019\/06\/image-electrical-Utility.png","type":"image\/png"}],"twitter_card":"summary_large_image","schema":{"@context":"https:\/\/schema.org","@graph":[{"@type":"WebPage","@id":"https:\/\/modernniagara.com\/fr\/nos-services\/services-electriques\/services-publics-et-municipaux\/","url":"https:\/\/modernniagara.com\/fr\/nos-services\/services-electriques\/services-publics-et-municipaux\/","name":"Services publics et municipaux | Services \u00e9lectriques | Modern Niagara","isPartOf":{"@id":"https:\/\/modernniagara.com\/#website"},"primaryImageOfPage":{"@id":"https:\/\/modernniagara.com\/fr\/nos-services\/services-electriques\/services-publics-et-municipaux\/#primaryimage"},"image":{"@id":"https:\/\/modernniagara.com\/fr\/nos-services\/services-electriques\/services-publics-et-municipaux\/#primaryimage"},"thumbnailUrl":"https:\/\/modernniagara.com\/wp-content\/uploads\/2019\/06\/image-electrical-Utility.png","datePublished":"2020-08-21T15:04:47+00:00","dateModified":"2020-08-21T15:05:32+00:00","description":"Modern Niagara offre aux municipalit\u00e9s et aux services publics un service centralis\u00e9 pour la conception, l\u2019installation, la mise en service et l\u2019entretien \u00e9lectriques.","breadcrumb":{"@id":"https:\/\/modernniagara.com\/fr\/nos-services\/services-electriques\/services-publics-et-municipaux\/#breadcrumb"},"inLanguage":"fr-FR","potentialAction":[{"@type":"ReadAction","target":["https:\/\/modernniagara.com\/fr\/nos-services\/services-electriques\/services-publics-et-municipaux\/"]}]},{"@type":"ImageObject","inLanguage":"fr-FR","@id":"https:\/\/modernniagara.com\/fr\/nos-services\/services-electriques\/services-publics-et-municipaux\/#primaryimage","url":"https:\/\/modernniagara.com\/wp-content\/uploads\/2019\/06\/image-electrical-Utility.png","contentUrl":"https:\/\/modernniagara.com\/wp-content\/uploads\/2019\/06\/image-electrical-Utility.png","width":317,"height":195},{"@type":"BreadcrumbList","@id":"https:\/\/modernniagara.com\/fr\/nos-services\/services-electriques\/services-publics-et-municipaux\/#breadcrumb","itemListElement":[{"@type":"ListItem","position":1,"name":"Accueil","item":"https:\/\/modernniagara.com\/fr\/"},{"@type":"ListItem","position":2,"name":"Nos services","item":"https:\/\/modernniagara.com\/fr\/nos-services\/"},{"@type":"ListItem","position":3,"name":"Services \u00e9lectriques","item":"https:\/\/modernniagara.com\/fr\/nos-services\/services-electriques\/"},{"@type":"ListItem","position":4,"name":"Services publics et municipaux"}]},{"@type":"WebSite","@id":"https:\/\/modernniagara.com\/#website","url":"https:\/\/modernniagara.com\/","name":"Modern Niagara","description":"","potentialAction":[{"@type":"SearchAction","target":{"@type":"EntryPoint","urlTemplate":"https:\/\/modernniagara.com\/?s={search_term_string}"},"query-input":{"@type":"PropertyValueSpecification","valueRequired":true,"valueName":"search_term_string"}}],"inLanguage":"fr-FR"}]}},"_links":{"self":[{"href":"https:\/\/modernniagara.com\/fr\/wp-json\/wp\/v2\/pages\/3345","targetHints":{"allow":["GET"]}}],"collection":[{"href":"https:\/\/modernniagara.com\/fr\/wp-json\/wp\/v2\/pages"}],"about":[{"href":"https:\/\/modernniagara.com\/fr\/wp-json\/wp\/v2\/types\/page"}],"author":[{"embeddable":true,"href":"https:\/\/modernniagara.com\/fr\/wp-json\/wp\/v2\/users\/1"}],"replies":[{"embeddable":true,"href":"https:\/\/modernniagara.com\/fr\/wp-json\/wp\/v2\/comments?post=3345"}],"version-history":[{"count":1,"href":"https:\/\/modernniagara.com\/fr\/wp-json\/wp\/v2\/pages\/3345\/revisions"}],"predecessor-version":[{"id":3347,"href":"https:\/\/modernniagara.com\/fr\/wp-json\/wp\/v2\/pages\/3345\/revisions\/3347"}],"up":[{"embeddable":true,"href":"https:\/\/modernniagara.com\/fr\/wp-json\/wp\/v2\/pages\/3303"}],"wp:featuredmedia":[{"embeddable":true,"href":"https:\/\/modernniagara.com\/fr\/wp-json\/wp\/v2\/media\/1319"}],"wp:attachment":[{"href":"https:\/\/modernniagara.com\/fr\/wp-json\/wp\/v2\/media?parent=3345"}],"curies":[{"name":"wp","href":"https:\/\/api.w.org\/{rel}","templated":true}]}}