{"id":3342,"date":"2020-08-21T10:59:44","date_gmt":"2020-08-21T14:59:44","guid":{"rendered":"https:\/\/modernniagara.com\/?page_id=3342"},"modified":"2020-08-21T10:59:44","modified_gmt":"2020-08-21T14:59:44","slug":"services-institutionnels-commerciaux-et-industriels","status":"publish","type":"page","link":"https:\/\/modernniagara.com\/fr\/nos-services\/services-electriques\/services-institutionnels-commerciaux-et-industriels\/","title":{"rendered":"Services institutionnels, commerciaux et industriels"},"content":{"rendered":"<a href=\"https:\/\/modernniagara.com\/wp-content\/uploads\/2019\/05\/MNE-brochure-web.pdf\" target=\"_blank\" rel=\"noopener noreferrer\"><img loading=\"lazy\" decoding=\"async\" class=\"alignright size-full wp-image-2755\" src=\"https:\/\/modernniagara.com\/wp-content\/uploads\/2019\/05\/thumb-MNE-brochure.jpg\" alt=\"\" width=\"220\" height=\"285\" \/><\/a>\n<h2>Nous connaissons l\u2019\u00e9lectricit\u00e9 et votre domaine.<\/h2>\n<p>Vous pouvez compter sur Modern Niagara pour c\u00e2bler ou installer tous les composants \u00e9lectriques dont votre propri\u00e9t\u00e9 institutionnelle, commerciale ou industrielle a besoin pour fonctionner, notamment\u00a0:<\/p>\n<ul>\n<li>Contr\u00f4le d&rsquo;acc\u00e8s<\/li>\n<li>Automatisation<\/li>\n<li>Communications\/basse tension<\/li>\n<li>Travail chez les locataires<\/li>\n<li>Distribution<\/li>\n<li>Suivi \u00e9nerg\u00e9tique<\/li>\n<li>Alarme incendie<\/li>\n<li>Instrumentation<\/li>\n<li>Haute tension\/commodit\u00e9s<\/li>\n<li>Contr\u00f4les des processus<\/li>\n<\/ul>\n<p>Nos services complets d\u2019\u00e9lectricit\u00e9 combinent la construction m\u00e9canique, l\u2019automatisation, les services et l\u2019expertise en gestion de projet afin que tous vos besoins \u00e9lectriques soient satisfaits en un seul endroit digne de confiance.<\/p>\n<h3>Capacit\u00e9 et expertise pour accomplir le travail<\/h3>\n<p>Aucun projet n\u2019est trop petit ou trop grand pour nos \u00e9lectriciens sp\u00e9cialis\u00e9s. Parmi nos projets \u00e9lectriques r\u00e9alis\u00e9s, on retrouve\u00a0:<\/p>\n<ul>\n<li>H\u00f4pitaux et zones de soins aux patients<\/li>\n<li>Gratte-ciel et condos<\/li>\n<li>Espaces commerciaux (commerces, bureaux, restaurants, etc.)<\/li>\n<li>Production d\u2019\u00e9lectricit\u00e9, y compris hydraulique, nucl\u00e9aire, solaire et \u00e9olienne<\/li>\n<li>Stations d\u2019\u00e9puration d&rsquo;eau et de traitement des eaux us\u00e9es, stations de pompage<\/li>\n<li>Services publics<\/li>\n<li>Secteur industriel (usines, mines, scieries)<\/li>\n<li>Lignes de transit et a\u00e9roports<\/li>\n<li>Centres de donn\u00e9es<\/li>\n<li>Installations commerciales de cannabis<\/li>\n<li>Universit\u00e9s<\/li>\n<li>Prisons<\/li>\n<li>Gouvernement (y compris le minist\u00e8re de la D\u00e9fense)<\/li>\n<\/ul>\n","protected":false},"excerpt":{"rendered":"<p>Notre \u00e9quipe travaille sur tous les types de b\u00e2timents, y compris les h\u00f4pitaux, les gratte-ciel, les condominiums, les installations de production d\u2019\u00e9lectricit\u00e9, les usines, les mines, etc.<\/p>\n","protected":false},"author":1,"featured_media":2885,"parent":3303,"menu_order":3,"comment_status":"closed","ping_status":"closed","template":"","meta":{"_acf_changed":false,"footnotes":""},"class_list":["post-3342","page","type-page","status-publish","has-post-thumbnail","hentry"],"acf":[],"yoast_head":"<!-- This site is optimized with the Yoast SEO plugin v27.5 - https:\/\/yoast.com\/product\/yoast-seo-wordpress\/ -->\n<title>Services institutionnels, commerciaux et industriels | Services \u00e9lectriques<\/title>\n<meta name=\"description\" content=\"Modern Niagara offre un \u00e9ventail complet de services d\u2019entrepreneur en \u00e9lectricit\u00e9 pour les b\u00e2timents institutionnels, commerciaux et industriels de tous types et de toutes tailles.\" \/>\n<meta name=\"robots\" content=\"index, follow, max-snippet:-1, max-image-preview:large, max-video-preview:-1\" \/>\n<link rel=\"canonical\" href=\"https:\/\/modernniagara.com\/fr\/nos-services\/services-electriques\/services-institutionnels-commerciaux-et-industriels\/\" \/>\n<meta property=\"og:locale\" content=\"fr_FR\" \/>\n<meta property=\"og:type\" content=\"article\" \/>\n<meta property=\"og:title\" content=\"Services institutionnels, commerciaux et industriels | Services \u00e9lectriques\" \/>\n<meta property=\"og:description\" content=\"Modern Niagara offre un \u00e9ventail complet de services d\u2019entrepreneur en \u00e9lectricit\u00e9 pour les b\u00e2timents institutionnels, commerciaux et industriels de tous types et de toutes tailles.\" \/>\n<meta property=\"og:url\" content=\"https:\/\/modernniagara.com\/fr\/nos-services\/services-electriques\/services-institutionnels-commerciaux-et-industriels\/\" \/>\n<meta property=\"og:site_name\" content=\"Modern Niagara\" \/>\n<meta property=\"og:image\" content=\"https:\/\/modernniagara.com\/wp-content\/uploads\/2019\/06\/image-electrical-indus.png\" \/>\n\t<meta property=\"og:image:width\" content=\"317\" \/>\n\t<meta property=\"og:image:height\" content=\"195\" \/>\n\t<meta property=\"og:image:type\" content=\"image\/png\" \/>\n<meta name=\"twitter:card\" content=\"summary_large_image\" \/>\n<script type=\"application\/ld+json\" class=\"yoast-schema-graph\">{\"@context\":\"https:\\\/\\\/schema.org\",\"@graph\":[{\"@type\":\"WebPage\",\"@id\":\"https:\\\/\\\/modernniagara.com\\\/fr\\\/nos-services\\\/services-electriques\\\/services-institutionnels-commerciaux-et-industriels\\\/\",\"url\":\"https:\\\/\\\/modernniagara.com\\\/fr\\\/nos-services\\\/services-electriques\\\/services-institutionnels-commerciaux-et-industriels\\\/\",\"name\":\"Services institutionnels, commerciaux et industriels | Services \u00e9lectriques\",\"isPartOf\":{\"@id\":\"https:\\\/\\\/modernniagara.com\\\/#website\"},\"primaryImageOfPage\":{\"@id\":\"https:\\\/\\\/modernniagara.com\\\/fr\\\/nos-services\\\/services-electriques\\\/services-institutionnels-commerciaux-et-industriels\\\/#primaryimage\"},\"image\":{\"@id\":\"https:\\\/\\\/modernniagara.com\\\/fr\\\/nos-services\\\/services-electriques\\\/services-institutionnels-commerciaux-et-industriels\\\/#primaryimage\"},\"thumbnailUrl\":\"https:\\\/\\\/modernniagara.com\\\/wp-content\\\/uploads\\\/2019\\\/06\\\/image-electrical-indus.png\",\"datePublished\":\"2020-08-21T14:59:44+00:00\",\"description\":\"Modern Niagara offre un \u00e9ventail complet de services d\u2019entrepreneur en \u00e9lectricit\u00e9 pour les b\u00e2timents institutionnels, commerciaux et industriels de tous types et de toutes tailles.\",\"breadcrumb\":{\"@id\":\"https:\\\/\\\/modernniagara.com\\\/fr\\\/nos-services\\\/services-electriques\\\/services-institutionnels-commerciaux-et-industriels\\\/#breadcrumb\"},\"inLanguage\":\"fr-FR\",\"potentialAction\":[{\"@type\":\"ReadAction\",\"target\":[\"https:\\\/\\\/modernniagara.com\\\/fr\\\/nos-services\\\/services-electriques\\\/services-institutionnels-commerciaux-et-industriels\\\/\"]}]},{\"@type\":\"ImageObject\",\"inLanguage\":\"fr-FR\",\"@id\":\"https:\\\/\\\/modernniagara.com\\\/fr\\\/nos-services\\\/services-electriques\\\/services-institutionnels-commerciaux-et-industriels\\\/#primaryimage\",\"url\":\"https:\\\/\\\/modernniagara.com\\\/wp-content\\\/uploads\\\/2019\\\/06\\\/image-electrical-indus.png\",\"contentUrl\":\"https:\\\/\\\/modernniagara.com\\\/wp-content\\\/uploads\\\/2019\\\/06\\\/image-electrical-indus.png\",\"width\":317,\"height\":195},{\"@type\":\"BreadcrumbList\",\"@id\":\"https:\\\/\\\/modernniagara.com\\\/fr\\\/nos-services\\\/services-electriques\\\/services-institutionnels-commerciaux-et-industriels\\\/#breadcrumb\",\"itemListElement\":[{\"@type\":\"ListItem\",\"position\":1,\"name\":\"Accueil\",\"item\":\"https:\\\/\\\/modernniagara.com\\\/fr\\\/\"},{\"@type\":\"ListItem\",\"position\":2,\"name\":\"Nos services\",\"item\":\"https:\\\/\\\/modernniagara.com\\\/fr\\\/nos-services\\\/\"},{\"@type\":\"ListItem\",\"position\":3,\"name\":\"Services \u00e9lectriques\",\"item\":\"https:\\\/\\\/modernniagara.com\\\/fr\\\/nos-services\\\/services-electriques\\\/\"},{\"@type\":\"ListItem\",\"position\":4,\"name\":\"Services institutionnels, commerciaux et industriels\"}]},{\"@type\":\"WebSite\",\"@id\":\"https:\\\/\\\/modernniagara.com\\\/#website\",\"url\":\"https:\\\/\\\/modernniagara.com\\\/\",\"name\":\"Modern Niagara\",\"description\":\"\",\"potentialAction\":[{\"@type\":\"SearchAction\",\"target\":{\"@type\":\"EntryPoint\",\"urlTemplate\":\"https:\\\/\\\/modernniagara.com\\\/?s={search_term_string}\"},\"query-input\":{\"@type\":\"PropertyValueSpecification\",\"valueRequired\":true,\"valueName\":\"search_term_string\"}}],\"inLanguage\":\"fr-FR\"}]}<\/script>\n<!-- \/ Yoast SEO plugin. -->","yoast_head_json":{"title":"Services institutionnels, commerciaux et industriels | Services \u00e9lectriques","description":"Modern Niagara offre un \u00e9ventail complet de services d\u2019entrepreneur en \u00e9lectricit\u00e9 pour les b\u00e2timents institutionnels, commerciaux et industriels de tous types et de toutes tailles.","robots":{"index":"index","follow":"follow","max-snippet":"max-snippet:-1","max-image-preview":"max-image-preview:large","max-video-preview":"max-video-preview:-1"},"canonical":"https:\/\/modernniagara.com\/fr\/nos-services\/services-electriques\/services-institutionnels-commerciaux-et-industriels\/","og_locale":"fr_FR","og_type":"article","og_title":"Services institutionnels, commerciaux et industriels | Services \u00e9lectriques","og_description":"Modern Niagara offre un \u00e9ventail complet de services d\u2019entrepreneur en \u00e9lectricit\u00e9 pour les b\u00e2timents institutionnels, commerciaux et industriels de tous types et de toutes tailles.","og_url":"https:\/\/modernniagara.com\/fr\/nos-services\/services-electriques\/services-institutionnels-commerciaux-et-industriels\/","og_site_name":"Modern Niagara","og_image":[{"width":317,"height":195,"url":"https:\/\/modernniagara.com\/wp-content\/uploads\/2019\/06\/image-electrical-indus.png","type":"image\/png"}],"twitter_card":"summary_large_image","schema":{"@context":"https:\/\/schema.org","@graph":[{"@type":"WebPage","@id":"https:\/\/modernniagara.com\/fr\/nos-services\/services-electriques\/services-institutionnels-commerciaux-et-industriels\/","url":"https:\/\/modernniagara.com\/fr\/nos-services\/services-electriques\/services-institutionnels-commerciaux-et-industriels\/","name":"Services institutionnels, commerciaux et industriels | Services \u00e9lectriques","isPartOf":{"@id":"https:\/\/modernniagara.com\/#website"},"primaryImageOfPage":{"@id":"https:\/\/modernniagara.com\/fr\/nos-services\/services-electriques\/services-institutionnels-commerciaux-et-industriels\/#primaryimage"},"image":{"@id":"https:\/\/modernniagara.com\/fr\/nos-services\/services-electriques\/services-institutionnels-commerciaux-et-industriels\/#primaryimage"},"thumbnailUrl":"https:\/\/modernniagara.com\/wp-content\/uploads\/2019\/06\/image-electrical-indus.png","datePublished":"2020-08-21T14:59:44+00:00","description":"Modern Niagara offre un \u00e9ventail complet de services d\u2019entrepreneur en \u00e9lectricit\u00e9 pour les b\u00e2timents institutionnels, commerciaux et industriels de tous types et de toutes tailles.","breadcrumb":{"@id":"https:\/\/modernniagara.com\/fr\/nos-services\/services-electriques\/services-institutionnels-commerciaux-et-industriels\/#breadcrumb"},"inLanguage":"fr-FR","potentialAction":[{"@type":"ReadAction","target":["https:\/\/modernniagara.com\/fr\/nos-services\/services-electriques\/services-institutionnels-commerciaux-et-industriels\/"]}]},{"@type":"ImageObject","inLanguage":"fr-FR","@id":"https:\/\/modernniagara.com\/fr\/nos-services\/services-electriques\/services-institutionnels-commerciaux-et-industriels\/#primaryimage","url":"https:\/\/modernniagara.com\/wp-content\/uploads\/2019\/06\/image-electrical-indus.png","contentUrl":"https:\/\/modernniagara.com\/wp-content\/uploads\/2019\/06\/image-electrical-indus.png","width":317,"height":195},{"@type":"BreadcrumbList","@id":"https:\/\/modernniagara.com\/fr\/nos-services\/services-electriques\/services-institutionnels-commerciaux-et-industriels\/#breadcrumb","itemListElement":[{"@type":"ListItem","position":1,"name":"Accueil","item":"https:\/\/modernniagara.com\/fr\/"},{"@type":"ListItem","position":2,"name":"Nos services","item":"https:\/\/modernniagara.com\/fr\/nos-services\/"},{"@type":"ListItem","position":3,"name":"Services \u00e9lectriques","item":"https:\/\/modernniagara.com\/fr\/nos-services\/services-electriques\/"},{"@type":"ListItem","position":4,"name":"Services institutionnels, commerciaux et industriels"}]},{"@type":"WebSite","@id":"https:\/\/modernniagara.com\/#website","url":"https:\/\/modernniagara.com\/","name":"Modern Niagara","description":"","potentialAction":[{"@type":"SearchAction","target":{"@type":"EntryPoint","urlTemplate":"https:\/\/modernniagara.com\/?s={search_term_string}"},"query-input":{"@type":"PropertyValueSpecification","valueRequired":true,"valueName":"search_term_string"}}],"inLanguage":"fr-FR"}]}},"_links":{"self":[{"href":"https:\/\/modernniagara.com\/fr\/wp-json\/wp\/v2\/pages\/3342","targetHints":{"allow":["GET"]}}],"collection":[{"href":"https:\/\/modernniagara.com\/fr\/wp-json\/wp\/v2\/pages"}],"about":[{"href":"https:\/\/modernniagara.com\/fr\/wp-json\/wp\/v2\/types\/page"}],"author":[{"embeddable":true,"href":"https:\/\/modernniagara.com\/fr\/wp-json\/wp\/v2\/users\/1"}],"replies":[{"embeddable":true,"href":"https:\/\/modernniagara.com\/fr\/wp-json\/wp\/v2\/comments?post=3342"}],"version-history":[{"count":1,"href":"https:\/\/modernniagara.com\/fr\/wp-json\/wp\/v2\/pages\/3342\/revisions"}],"predecessor-version":[{"id":3343,"href":"https:\/\/modernniagara.com\/fr\/wp-json\/wp\/v2\/pages\/3342\/revisions\/3343"}],"up":[{"embeddable":true,"href":"https:\/\/modernniagara.com\/fr\/wp-json\/wp\/v2\/pages\/3303"}],"wp:featuredmedia":[{"embeddable":true,"href":"https:\/\/modernniagara.com\/fr\/wp-json\/wp\/v2\/media\/2885"}],"wp:attachment":[{"href":"https:\/\/modernniagara.com\/fr\/wp-json\/wp\/v2\/media?parent=3342"}],"curies":[{"name":"wp","href":"https:\/\/api.w.org\/{rel}","templated":true}]}}