{"id":3339,"date":"2020-08-21T10:49:03","date_gmt":"2020-08-21T14:49:03","guid":{"rendered":"https:\/\/modernniagara.com\/?page_id=3339"},"modified":"2020-08-21T10:49:03","modified_gmt":"2020-08-21T14:49:03","slug":"livraison-de-projet-flexible","status":"publish","type":"page","link":"https:\/\/modernniagara.com\/fr\/nos-services\/services-electriques\/livraison-de-projet-flexible\/","title":{"rendered":"Livraison de projet flexible"},"content":{"rendered":"<a href=\"https:\/\/modernniagara.com\/wp-content\/uploads\/2019\/05\/MNE-brochure-web.pdf\" target=\"_blank\" rel=\"noopener noreferrer\"><img loading=\"lazy\" decoding=\"async\" class=\"alignright size-full wp-image-2755\" src=\"https:\/\/modernniagara.com\/wp-content\/uploads\/2019\/05\/thumb-MNE-brochure.jpg\" alt=\"\" width=\"220\" height=\"285\" \/><\/a>\n<h2>Livraison de projets sur mesure.<\/h2>\n<p>Nous avons la flexibilit\u00e9 et l\u2019expertise pour effectuer les travaux \u00e9lectriques de votre b\u00e2timent gr\u00e2ce \u00e0 un large \u00e9ventail de mod\u00e8les de r\u00e9alisation de projet, notamment\u00a0:<\/p>\n<ul>\n<li>Aide \u00e0 la conception<\/li>\n<li>Conception-construction<\/li>\n<li>Sp\u00e9cifications de l\u2019offre<\/li>\n<li>Partenariats public-priv\u00e9 (PPP\/P3)<\/li>\n<li>Livraison de projet int\u00e9gr\u00e9e (LPI)<\/li>\n<\/ul>\n<h3>Minimisez la complexit\u00e9 gr\u00e2ce \u00e0 notre expertise en conception-construction<\/h3>\n<p>Nous pouvons effectuer des travaux de conception-construction pour des syst\u00e8mes \u00e9lectriques certifi\u00e9s LEED, y compris les syst\u00e8mes de distribution \u00e9lectrique d\u2019urgence, d\u2019automatisation, d\u2019\u00e9clairage, d\u2019alarme incendie et de s\u00e9curit\u00e9, ainsi que pour des services d\u2019infrastructure de basse et de haute tension. Compter sur notre \u00e9quipe pour accomplir tout le travail de conception et de construction rationalise le processus, ce qui permet une ex\u00e9cution plus rapide et plus fluide minimisant les risques.<\/p>\n<h3>Supervision experte du d\u00e9but \u00e0 la fin<\/h3>\n<p>Nos \u00e9lectriciens sp\u00e9cialis\u00e9s sont impliqu\u00e9s dans tous les aspects de votre projet \u00e9lectrique pour s\u2019assurer que tout est livr\u00e9 selon vos exigences, notamment\u00a0:<\/p>\n<ul>\n<li>Estimation<\/li>\n<li>Ing\u00e9nierie de la valeur et revues d\u2019ing\u00e9nierie<\/li>\n<li>Analyse de pr\u00e9construction et revues de constructibilit\u00e9<\/li>\n<li>Efficacit\u00e9 \u00e9nerg\u00e9tique et autres plans<\/li>\n<li>Mod\u00e9lisation des donn\u00e9es du b\u00e2timent (MDB) et mise en page de conception assist\u00e9e par ordinateur (CAO)<\/li>\n<\/ul>\n","protected":false},"excerpt":{"rendered":"<p>Nous soutenons n\u2019importe quel mod\u00e8le de livraison qui r\u00e9pond \u00e0 vos besoins, notamment en ce qui concerne l\u2019aide \u00e0 la conception et la conception-construction, les partenariats public-priv\u00e9 (PPP\/P3) et la r\u00e9alisation de projet structur\u00e9 (RPS).<\/p>\n","protected":false},"author":1,"featured_media":2888,"parent":3303,"menu_order":2,"comment_status":"closed","ping_status":"closed","template":"","meta":{"_acf_changed":false,"footnotes":""},"class_list":["post-3339","page","type-page","status-publish","has-post-thumbnail","hentry"],"acf":[],"yoast_head":"<!-- This site is optimized with the Yoast SEO plugin v27.3 - https:\/\/yoast.com\/product\/yoast-seo-wordpress\/ -->\n<title>Livraison de projet flexible | Services \u00e9lectriques | Modern Niagara<\/title>\n<meta name=\"description\" content=\"Les services \u00e9lectriques de Modern Niagara soutiennent un large \u00e9ventail de mod\u00e8les de r\u00e9alisation de projets, notamment l\u2019assistance \u00e0 la conception, la conception-construction, les partenariats publics et priv\u00e9s (PPP\/P3) et la livraison de projet int\u00e9gr\u00e9e (LPI).\" \/>\n<meta name=\"robots\" content=\"index, follow, max-snippet:-1, max-image-preview:large, max-video-preview:-1\" \/>\n<link rel=\"canonical\" href=\"https:\/\/modernniagara.com\/fr\/nos-services\/services-electriques\/livraison-de-projet-flexible\/\" \/>\n<meta property=\"og:locale\" content=\"fr_FR\" \/>\n<meta property=\"og:type\" content=\"article\" \/>\n<meta property=\"og:title\" content=\"Livraison de projet flexible | Services \u00e9lectriques | Modern Niagara\" \/>\n<meta property=\"og:description\" content=\"Les services \u00e9lectriques de Modern Niagara soutiennent un large \u00e9ventail de mod\u00e8les de r\u00e9alisation de projets, notamment l\u2019assistance \u00e0 la conception, la conception-construction, les partenariats publics et priv\u00e9s (PPP\/P3) et la livraison de projet int\u00e9gr\u00e9e (LPI).\" \/>\n<meta property=\"og:url\" content=\"https:\/\/modernniagara.com\/fr\/nos-services\/services-electriques\/livraison-de-projet-flexible\/\" \/>\n<meta property=\"og:site_name\" content=\"Modern Niagara\" \/>\n<meta property=\"og:image\" content=\"https:\/\/modernniagara.com\/wp-content\/uploads\/2019\/06\/image-electrical-project-delivery.png\" \/>\n\t<meta property=\"og:image:width\" content=\"317\" \/>\n\t<meta property=\"og:image:height\" content=\"195\" \/>\n\t<meta property=\"og:image:type\" content=\"image\/png\" \/>\n<meta name=\"twitter:card\" content=\"summary_large_image\" \/>\n<script type=\"application\/ld+json\" class=\"yoast-schema-graph\">{\"@context\":\"https:\\\/\\\/schema.org\",\"@graph\":[{\"@type\":\"WebPage\",\"@id\":\"https:\\\/\\\/modernniagara.com\\\/fr\\\/nos-services\\\/services-electriques\\\/livraison-de-projet-flexible\\\/\",\"url\":\"https:\\\/\\\/modernniagara.com\\\/fr\\\/nos-services\\\/services-electriques\\\/livraison-de-projet-flexible\\\/\",\"name\":\"Livraison de projet flexible | Services \u00e9lectriques | Modern Niagara\",\"isPartOf\":{\"@id\":\"https:\\\/\\\/modernniagara.com\\\/#website\"},\"primaryImageOfPage\":{\"@id\":\"https:\\\/\\\/modernniagara.com\\\/fr\\\/nos-services\\\/services-electriques\\\/livraison-de-projet-flexible\\\/#primaryimage\"},\"image\":{\"@id\":\"https:\\\/\\\/modernniagara.com\\\/fr\\\/nos-services\\\/services-electriques\\\/livraison-de-projet-flexible\\\/#primaryimage\"},\"thumbnailUrl\":\"https:\\\/\\\/modernniagara.com\\\/wp-content\\\/uploads\\\/2019\\\/06\\\/image-electrical-project-delivery.png\",\"datePublished\":\"2020-08-21T14:49:03+00:00\",\"description\":\"Les services \u00e9lectriques de Modern Niagara soutiennent un large \u00e9ventail de mod\u00e8les de r\u00e9alisation de projets, notamment l\u2019assistance \u00e0 la conception, la conception-construction, les partenariats publics et priv\u00e9s (PPP\\\/P3) et la livraison de projet int\u00e9gr\u00e9e (LPI).\",\"breadcrumb\":{\"@id\":\"https:\\\/\\\/modernniagara.com\\\/fr\\\/nos-services\\\/services-electriques\\\/livraison-de-projet-flexible\\\/#breadcrumb\"},\"inLanguage\":\"fr-FR\",\"potentialAction\":[{\"@type\":\"ReadAction\",\"target\":[\"https:\\\/\\\/modernniagara.com\\\/fr\\\/nos-services\\\/services-electriques\\\/livraison-de-projet-flexible\\\/\"]}]},{\"@type\":\"ImageObject\",\"inLanguage\":\"fr-FR\",\"@id\":\"https:\\\/\\\/modernniagara.com\\\/fr\\\/nos-services\\\/services-electriques\\\/livraison-de-projet-flexible\\\/#primaryimage\",\"url\":\"https:\\\/\\\/modernniagara.com\\\/wp-content\\\/uploads\\\/2019\\\/06\\\/image-electrical-project-delivery.png\",\"contentUrl\":\"https:\\\/\\\/modernniagara.com\\\/wp-content\\\/uploads\\\/2019\\\/06\\\/image-electrical-project-delivery.png\",\"width\":317,\"height\":195},{\"@type\":\"BreadcrumbList\",\"@id\":\"https:\\\/\\\/modernniagara.com\\\/fr\\\/nos-services\\\/services-electriques\\\/livraison-de-projet-flexible\\\/#breadcrumb\",\"itemListElement\":[{\"@type\":\"ListItem\",\"position\":1,\"name\":\"Accueil\",\"item\":\"https:\\\/\\\/modernniagara.com\\\/fr\\\/\"},{\"@type\":\"ListItem\",\"position\":2,\"name\":\"Nos services\",\"item\":\"https:\\\/\\\/modernniagara.com\\\/fr\\\/nos-services\\\/\"},{\"@type\":\"ListItem\",\"position\":3,\"name\":\"Services \u00e9lectriques\",\"item\":\"https:\\\/\\\/modernniagara.com\\\/fr\\\/nos-services\\\/services-electriques\\\/\"},{\"@type\":\"ListItem\",\"position\":4,\"name\":\"Livraison de projet flexible\"}]},{\"@type\":\"WebSite\",\"@id\":\"https:\\\/\\\/modernniagara.com\\\/#website\",\"url\":\"https:\\\/\\\/modernniagara.com\\\/\",\"name\":\"Modern Niagara\",\"description\":\"\",\"potentialAction\":[{\"@type\":\"SearchAction\",\"target\":{\"@type\":\"EntryPoint\",\"urlTemplate\":\"https:\\\/\\\/modernniagara.com\\\/?s={search_term_string}\"},\"query-input\":{\"@type\":\"PropertyValueSpecification\",\"valueRequired\":true,\"valueName\":\"search_term_string\"}}],\"inLanguage\":\"fr-FR\"}]}<\/script>\n<!-- \/ Yoast SEO plugin. -->","yoast_head_json":{"title":"Livraison de projet flexible | Services \u00e9lectriques | Modern Niagara","description":"Les services \u00e9lectriques de Modern Niagara soutiennent un large \u00e9ventail de mod\u00e8les de r\u00e9alisation de projets, notamment l\u2019assistance \u00e0 la conception, la conception-construction, les partenariats publics et priv\u00e9s (PPP\/P3) et la livraison de projet int\u00e9gr\u00e9e (LPI).","robots":{"index":"index","follow":"follow","max-snippet":"max-snippet:-1","max-image-preview":"max-image-preview:large","max-video-preview":"max-video-preview:-1"},"canonical":"https:\/\/modernniagara.com\/fr\/nos-services\/services-electriques\/livraison-de-projet-flexible\/","og_locale":"fr_FR","og_type":"article","og_title":"Livraison de projet flexible | Services \u00e9lectriques | Modern Niagara","og_description":"Les services \u00e9lectriques de Modern Niagara soutiennent un large \u00e9ventail de mod\u00e8les de r\u00e9alisation de projets, notamment l\u2019assistance \u00e0 la conception, la conception-construction, les partenariats publics et priv\u00e9s (PPP\/P3) et la livraison de projet int\u00e9gr\u00e9e (LPI).","og_url":"https:\/\/modernniagara.com\/fr\/nos-services\/services-electriques\/livraison-de-projet-flexible\/","og_site_name":"Modern Niagara","og_image":[{"width":317,"height":195,"url":"https:\/\/modernniagara.com\/wp-content\/uploads\/2019\/06\/image-electrical-project-delivery.png","type":"image\/png"}],"twitter_card":"summary_large_image","schema":{"@context":"https:\/\/schema.org","@graph":[{"@type":"WebPage","@id":"https:\/\/modernniagara.com\/fr\/nos-services\/services-electriques\/livraison-de-projet-flexible\/","url":"https:\/\/modernniagara.com\/fr\/nos-services\/services-electriques\/livraison-de-projet-flexible\/","name":"Livraison de projet flexible | Services \u00e9lectriques | Modern Niagara","isPartOf":{"@id":"https:\/\/modernniagara.com\/#website"},"primaryImageOfPage":{"@id":"https:\/\/modernniagara.com\/fr\/nos-services\/services-electriques\/livraison-de-projet-flexible\/#primaryimage"},"image":{"@id":"https:\/\/modernniagara.com\/fr\/nos-services\/services-electriques\/livraison-de-projet-flexible\/#primaryimage"},"thumbnailUrl":"https:\/\/modernniagara.com\/wp-content\/uploads\/2019\/06\/image-electrical-project-delivery.png","datePublished":"2020-08-21T14:49:03+00:00","description":"Les services \u00e9lectriques de Modern Niagara soutiennent un large \u00e9ventail de mod\u00e8les de r\u00e9alisation de projets, notamment l\u2019assistance \u00e0 la conception, la conception-construction, les partenariats publics et priv\u00e9s (PPP\/P3) et la livraison de projet int\u00e9gr\u00e9e (LPI).","breadcrumb":{"@id":"https:\/\/modernniagara.com\/fr\/nos-services\/services-electriques\/livraison-de-projet-flexible\/#breadcrumb"},"inLanguage":"fr-FR","potentialAction":[{"@type":"ReadAction","target":["https:\/\/modernniagara.com\/fr\/nos-services\/services-electriques\/livraison-de-projet-flexible\/"]}]},{"@type":"ImageObject","inLanguage":"fr-FR","@id":"https:\/\/modernniagara.com\/fr\/nos-services\/services-electriques\/livraison-de-projet-flexible\/#primaryimage","url":"https:\/\/modernniagara.com\/wp-content\/uploads\/2019\/06\/image-electrical-project-delivery.png","contentUrl":"https:\/\/modernniagara.com\/wp-content\/uploads\/2019\/06\/image-electrical-project-delivery.png","width":317,"height":195},{"@type":"BreadcrumbList","@id":"https:\/\/modernniagara.com\/fr\/nos-services\/services-electriques\/livraison-de-projet-flexible\/#breadcrumb","itemListElement":[{"@type":"ListItem","position":1,"name":"Accueil","item":"https:\/\/modernniagara.com\/fr\/"},{"@type":"ListItem","position":2,"name":"Nos services","item":"https:\/\/modernniagara.com\/fr\/nos-services\/"},{"@type":"ListItem","position":3,"name":"Services \u00e9lectriques","item":"https:\/\/modernniagara.com\/fr\/nos-services\/services-electriques\/"},{"@type":"ListItem","position":4,"name":"Livraison de projet flexible"}]},{"@type":"WebSite","@id":"https:\/\/modernniagara.com\/#website","url":"https:\/\/modernniagara.com\/","name":"Modern Niagara","description":"","potentialAction":[{"@type":"SearchAction","target":{"@type":"EntryPoint","urlTemplate":"https:\/\/modernniagara.com\/?s={search_term_string}"},"query-input":{"@type":"PropertyValueSpecification","valueRequired":true,"valueName":"search_term_string"}}],"inLanguage":"fr-FR"}]}},"_links":{"self":[{"href":"https:\/\/modernniagara.com\/fr\/wp-json\/wp\/v2\/pages\/3339","targetHints":{"allow":["GET"]}}],"collection":[{"href":"https:\/\/modernniagara.com\/fr\/wp-json\/wp\/v2\/pages"}],"about":[{"href":"https:\/\/modernniagara.com\/fr\/wp-json\/wp\/v2\/types\/page"}],"author":[{"embeddable":true,"href":"https:\/\/modernniagara.com\/fr\/wp-json\/wp\/v2\/users\/1"}],"replies":[{"embeddable":true,"href":"https:\/\/modernniagara.com\/fr\/wp-json\/wp\/v2\/comments?post=3339"}],"version-history":[{"count":2,"href":"https:\/\/modernniagara.com\/fr\/wp-json\/wp\/v2\/pages\/3339\/revisions"}],"predecessor-version":[{"id":3341,"href":"https:\/\/modernniagara.com\/fr\/wp-json\/wp\/v2\/pages\/3339\/revisions\/3341"}],"up":[{"embeddable":true,"href":"https:\/\/modernniagara.com\/fr\/wp-json\/wp\/v2\/pages\/3303"}],"wp:featuredmedia":[{"embeddable":true,"href":"https:\/\/modernniagara.com\/fr\/wp-json\/wp\/v2\/media\/2888"}],"wp:attachment":[{"href":"https:\/\/modernniagara.com\/fr\/wp-json\/wp\/v2\/media?parent=3339"}],"curies":[{"name":"wp","href":"https:\/\/api.w.org\/{rel}","templated":true}]}}