{"id":3334,"date":"2020-08-21T10:42:58","date_gmt":"2020-08-21T14:42:58","guid":{"rendered":"https:\/\/modernniagara.com\/?page_id=3334"},"modified":"2020-08-21T10:44:05","modified_gmt":"2020-08-21T14:44:05","slug":"systemes-electriques","status":"publish","type":"page","link":"https:\/\/modernniagara.com\/fr\/nos-services\/services-dimmeubles-modern-niagara\/systemes-electriques\/","title":{"rendered":"Syst\u00e8mes \u00e9lectriques"},"content":{"rendered":"<img loading=\"lazy\" decoding=\"async\" class=\"alignright size-full wp-image-2759\" src=\"https:\/\/modernniagara.com\/wp-content\/uploads\/2019\/05\/electrical-map.png\" alt=\"\" width=\"320\" height=\"320\" srcset=\"https:\/\/modernniagara.com\/wp-content\/uploads\/2019\/05\/electrical-map.png 320w, https:\/\/modernniagara.com\/wp-content\/uploads\/2019\/05\/electrical-map-150x150.png 150w, https:\/\/modernniagara.com\/wp-content\/uploads\/2019\/05\/electrical-map-300x300.png 300w\" sizes=\"auto, (max-width: 320px) 100vw, 320px\" \/>\n<h2>Optimisez les syst\u00e8mes qui alimentent votre propri\u00e9t\u00e9.<\/h2>\n<p>L\u2019entretien r\u00e9gulier des syst\u00e8mes \u00e9lectriques de votre b\u00e2timent assure leur fonctionnement optimal et s\u00e9curitaire. Il assure \u00e9galement la conformit\u00e9 de votre b\u00e2timent \u00e0 la norme obligatoire Z463-18 du Groupe CSA.<\/p>\n<p>L\u2019\u00e9quipe des services d\u2019immeubles de Modern Niagara peut effectuer tout le travail n\u00e9cessaire pour assurer le bon fonctionnement et la conformit\u00e9 de vos syst\u00e8mes \u00e9lectriques. Nous allons passer en revue vos syst\u00e8mes \u00e9lectriques en entier, nettoyer les engrenages des interrupteurs, resserrer les connexions et utiliser des outils de balayage infrarouge et thermographiques efficaces pour cerner les zones \u00e0 probl\u00e8mes.<\/p>\n<p>Notre \u00e9quipe peut \u00e9galement organiser et ex\u00e9cuter une \u00e9tude de gestion de l\u2019\u00e9nergie pour d\u00e9terminer la consommation d\u2019\u00e9nergie de votre b\u00e2timent et vous aider \u00e0 mieux la g\u00e9rer afin de r\u00e9duire les co\u00fbts.<\/p>\n<p>Vous cherchez un soutien \u00e9lectrique plus efficace? Explorez les services \u00e9lectriques de Modern Niagara.<\/p>\n","protected":false},"excerpt":{"rendered":"<p>Modern Niagara peut assurer le fonctionnement optimal des syst\u00e8mes \u00e9lectriques de votre b\u00e2timent et leur conformit\u00e9 aux normes du Groupe CSA concernant l\u2019entretien des syst\u00e8mes \u00e9lectriques.<\/p>\n","protected":false},"author":1,"featured_media":4895,"parent":3301,"menu_order":6,"comment_status":"closed","ping_status":"closed","template":"","meta":{"_acf_changed":false,"footnotes":""},"class_list":["post-3334","page","type-page","status-publish","has-post-thumbnail","hentry"],"acf":[],"yoast_head":"<!-- This site is optimized with the Yoast SEO plugin v27.3 - https:\/\/yoast.com\/product\/yoast-seo-wordpress\/ -->\n<title>Syst\u00e8mes \u00e9lectriques | Services d\u2019immeubles | Modern Niagara<\/title>\n<meta name=\"description\" content=\"Modern Niagara peut assurer le fonctionnement optimal des syst\u00e8mes \u00e9lectriques de votre b\u00e2timent et leur conformit\u00e9 aux normes du Groupe CSA concernant l\u2019entretien des syst\u00e8mes \u00e9lectriques.\" \/>\n<meta name=\"robots\" content=\"index, follow, max-snippet:-1, max-image-preview:large, max-video-preview:-1\" \/>\n<link rel=\"canonical\" href=\"https:\/\/modernniagara.com\/fr\/nos-services\/services-dimmeubles-modern-niagara\/systemes-electriques\/\" \/>\n<meta property=\"og:locale\" content=\"fr_FR\" \/>\n<meta property=\"og:type\" content=\"article\" \/>\n<meta property=\"og:title\" content=\"Syst\u00e8mes \u00e9lectriques | Services d\u2019immeubles | Modern Niagara\" \/>\n<meta property=\"og:description\" content=\"Modern Niagara peut assurer le fonctionnement optimal des syst\u00e8mes \u00e9lectriques de votre b\u00e2timent et leur conformit\u00e9 aux normes du Groupe CSA concernant l\u2019entretien des syst\u00e8mes \u00e9lectriques.\" \/>\n<meta property=\"og:url\" content=\"https:\/\/modernniagara.com\/fr\/nos-services\/services-dimmeubles-modern-niagara\/systemes-electriques\/\" \/>\n<meta property=\"og:site_name\" content=\"Modern Niagara\" \/>\n<meta property=\"article:modified_time\" content=\"2020-08-21T14:44:05+00:00\" \/>\n<meta property=\"og:image\" content=\"https:\/\/modernniagara.com\/wp-content\/uploads\/services_building_services_electrical_systems_feature_317x195_blue_f.jpg\" \/>\n\t<meta property=\"og:image:width\" content=\"317\" \/>\n\t<meta property=\"og:image:height\" content=\"195\" \/>\n\t<meta property=\"og:image:type\" content=\"image\/jpeg\" \/>\n<meta name=\"twitter:card\" content=\"summary_large_image\" \/>\n<script type=\"application\/ld+json\" class=\"yoast-schema-graph\">{\"@context\":\"https:\\\/\\\/schema.org\",\"@graph\":[{\"@type\":\"WebPage\",\"@id\":\"https:\\\/\\\/modernniagara.com\\\/fr\\\/nos-services\\\/services-dimmeubles-modern-niagara\\\/systemes-electriques\\\/\",\"url\":\"https:\\\/\\\/modernniagara.com\\\/fr\\\/nos-services\\\/services-dimmeubles-modern-niagara\\\/systemes-electriques\\\/\",\"name\":\"Syst\u00e8mes \u00e9lectriques | Services d\u2019immeubles | Modern Niagara\",\"isPartOf\":{\"@id\":\"https:\\\/\\\/modernniagara.com\\\/#website\"},\"primaryImageOfPage\":{\"@id\":\"https:\\\/\\\/modernniagara.com\\\/fr\\\/nos-services\\\/services-dimmeubles-modern-niagara\\\/systemes-electriques\\\/#primaryimage\"},\"image\":{\"@id\":\"https:\\\/\\\/modernniagara.com\\\/fr\\\/nos-services\\\/services-dimmeubles-modern-niagara\\\/systemes-electriques\\\/#primaryimage\"},\"thumbnailUrl\":\"https:\\\/\\\/modernniagara.com\\\/wp-content\\\/uploads\\\/services_building_services_electrical_systems_feature_317x195_blue_f.jpg\",\"datePublished\":\"2020-08-21T14:42:58+00:00\",\"dateModified\":\"2020-08-21T14:44:05+00:00\",\"description\":\"Modern Niagara peut assurer le fonctionnement optimal des syst\u00e8mes \u00e9lectriques de votre b\u00e2timent et leur conformit\u00e9 aux normes du Groupe CSA concernant l\u2019entretien des syst\u00e8mes \u00e9lectriques.\",\"breadcrumb\":{\"@id\":\"https:\\\/\\\/modernniagara.com\\\/fr\\\/nos-services\\\/services-dimmeubles-modern-niagara\\\/systemes-electriques\\\/#breadcrumb\"},\"inLanguage\":\"fr-FR\",\"potentialAction\":[{\"@type\":\"ReadAction\",\"target\":[\"https:\\\/\\\/modernniagara.com\\\/fr\\\/nos-services\\\/services-dimmeubles-modern-niagara\\\/systemes-electriques\\\/\"]}]},{\"@type\":\"ImageObject\",\"inLanguage\":\"fr-FR\",\"@id\":\"https:\\\/\\\/modernniagara.com\\\/fr\\\/nos-services\\\/services-dimmeubles-modern-niagara\\\/systemes-electriques\\\/#primaryimage\",\"url\":\"https:\\\/\\\/modernniagara.com\\\/wp-content\\\/uploads\\\/services_building_services_electrical_systems_feature_317x195_blue_f.jpg\",\"contentUrl\":\"https:\\\/\\\/modernniagara.com\\\/wp-content\\\/uploads\\\/services_building_services_electrical_systems_feature_317x195_blue_f.jpg\",\"width\":317,\"height\":195},{\"@type\":\"BreadcrumbList\",\"@id\":\"https:\\\/\\\/modernniagara.com\\\/fr\\\/nos-services\\\/services-dimmeubles-modern-niagara\\\/systemes-electriques\\\/#breadcrumb\",\"itemListElement\":[{\"@type\":\"ListItem\",\"position\":1,\"name\":\"Accueil\",\"item\":\"https:\\\/\\\/modernniagara.com\\\/fr\\\/\"},{\"@type\":\"ListItem\",\"position\":2,\"name\":\"Nos services\",\"item\":\"https:\\\/\\\/modernniagara.com\\\/fr\\\/nos-services\\\/\"},{\"@type\":\"ListItem\",\"position\":3,\"name\":\"Services d\u2019immeubles\",\"item\":\"https:\\\/\\\/modernniagara.com\\\/fr\\\/nos-services\\\/services-dimmeubles-modern-niagara\\\/\"},{\"@type\":\"ListItem\",\"position\":4,\"name\":\"Syst\u00e8mes \u00e9lectriques\"}]},{\"@type\":\"WebSite\",\"@id\":\"https:\\\/\\\/modernniagara.com\\\/#website\",\"url\":\"https:\\\/\\\/modernniagara.com\\\/\",\"name\":\"Modern Niagara\",\"description\":\"\",\"potentialAction\":[{\"@type\":\"SearchAction\",\"target\":{\"@type\":\"EntryPoint\",\"urlTemplate\":\"https:\\\/\\\/modernniagara.com\\\/?s={search_term_string}\"},\"query-input\":{\"@type\":\"PropertyValueSpecification\",\"valueRequired\":true,\"valueName\":\"search_term_string\"}}],\"inLanguage\":\"fr-FR\"}]}<\/script>\n<!-- \/ Yoast SEO plugin. -->","yoast_head_json":{"title":"Syst\u00e8mes \u00e9lectriques | Services d\u2019immeubles | Modern Niagara","description":"Modern Niagara peut assurer le fonctionnement optimal des syst\u00e8mes \u00e9lectriques de votre b\u00e2timent et leur conformit\u00e9 aux normes du Groupe CSA concernant l\u2019entretien des syst\u00e8mes \u00e9lectriques.","robots":{"index":"index","follow":"follow","max-snippet":"max-snippet:-1","max-image-preview":"max-image-preview:large","max-video-preview":"max-video-preview:-1"},"canonical":"https:\/\/modernniagara.com\/fr\/nos-services\/services-dimmeubles-modern-niagara\/systemes-electriques\/","og_locale":"fr_FR","og_type":"article","og_title":"Syst\u00e8mes \u00e9lectriques | Services d\u2019immeubles | Modern Niagara","og_description":"Modern Niagara peut assurer le fonctionnement optimal des syst\u00e8mes \u00e9lectriques de votre b\u00e2timent et leur conformit\u00e9 aux normes du Groupe CSA concernant l\u2019entretien des syst\u00e8mes \u00e9lectriques.","og_url":"https:\/\/modernniagara.com\/fr\/nos-services\/services-dimmeubles-modern-niagara\/systemes-electriques\/","og_site_name":"Modern Niagara","article_modified_time":"2020-08-21T14:44:05+00:00","og_image":[{"width":317,"height":195,"url":"https:\/\/modernniagara.com\/wp-content\/uploads\/services_building_services_electrical_systems_feature_317x195_blue_f.jpg","type":"image\/jpeg"}],"twitter_card":"summary_large_image","schema":{"@context":"https:\/\/schema.org","@graph":[{"@type":"WebPage","@id":"https:\/\/modernniagara.com\/fr\/nos-services\/services-dimmeubles-modern-niagara\/systemes-electriques\/","url":"https:\/\/modernniagara.com\/fr\/nos-services\/services-dimmeubles-modern-niagara\/systemes-electriques\/","name":"Syst\u00e8mes \u00e9lectriques | Services d\u2019immeubles | Modern Niagara","isPartOf":{"@id":"https:\/\/modernniagara.com\/#website"},"primaryImageOfPage":{"@id":"https:\/\/modernniagara.com\/fr\/nos-services\/services-dimmeubles-modern-niagara\/systemes-electriques\/#primaryimage"},"image":{"@id":"https:\/\/modernniagara.com\/fr\/nos-services\/services-dimmeubles-modern-niagara\/systemes-electriques\/#primaryimage"},"thumbnailUrl":"https:\/\/modernniagara.com\/wp-content\/uploads\/services_building_services_electrical_systems_feature_317x195_blue_f.jpg","datePublished":"2020-08-21T14:42:58+00:00","dateModified":"2020-08-21T14:44:05+00:00","description":"Modern Niagara peut assurer le fonctionnement optimal des syst\u00e8mes \u00e9lectriques de votre b\u00e2timent et leur conformit\u00e9 aux normes du Groupe CSA concernant l\u2019entretien des syst\u00e8mes \u00e9lectriques.","breadcrumb":{"@id":"https:\/\/modernniagara.com\/fr\/nos-services\/services-dimmeubles-modern-niagara\/systemes-electriques\/#breadcrumb"},"inLanguage":"fr-FR","potentialAction":[{"@type":"ReadAction","target":["https:\/\/modernniagara.com\/fr\/nos-services\/services-dimmeubles-modern-niagara\/systemes-electriques\/"]}]},{"@type":"ImageObject","inLanguage":"fr-FR","@id":"https:\/\/modernniagara.com\/fr\/nos-services\/services-dimmeubles-modern-niagara\/systemes-electriques\/#primaryimage","url":"https:\/\/modernniagara.com\/wp-content\/uploads\/services_building_services_electrical_systems_feature_317x195_blue_f.jpg","contentUrl":"https:\/\/modernniagara.com\/wp-content\/uploads\/services_building_services_electrical_systems_feature_317x195_blue_f.jpg","width":317,"height":195},{"@type":"BreadcrumbList","@id":"https:\/\/modernniagara.com\/fr\/nos-services\/services-dimmeubles-modern-niagara\/systemes-electriques\/#breadcrumb","itemListElement":[{"@type":"ListItem","position":1,"name":"Accueil","item":"https:\/\/modernniagara.com\/fr\/"},{"@type":"ListItem","position":2,"name":"Nos services","item":"https:\/\/modernniagara.com\/fr\/nos-services\/"},{"@type":"ListItem","position":3,"name":"Services d\u2019immeubles","item":"https:\/\/modernniagara.com\/fr\/nos-services\/services-dimmeubles-modern-niagara\/"},{"@type":"ListItem","position":4,"name":"Syst\u00e8mes \u00e9lectriques"}]},{"@type":"WebSite","@id":"https:\/\/modernniagara.com\/#website","url":"https:\/\/modernniagara.com\/","name":"Modern Niagara","description":"","potentialAction":[{"@type":"SearchAction","target":{"@type":"EntryPoint","urlTemplate":"https:\/\/modernniagara.com\/?s={search_term_string}"},"query-input":{"@type":"PropertyValueSpecification","valueRequired":true,"valueName":"search_term_string"}}],"inLanguage":"fr-FR"}]}},"_links":{"self":[{"href":"https:\/\/modernniagara.com\/fr\/wp-json\/wp\/v2\/pages\/3334","targetHints":{"allow":["GET"]}}],"collection":[{"href":"https:\/\/modernniagara.com\/fr\/wp-json\/wp\/v2\/pages"}],"about":[{"href":"https:\/\/modernniagara.com\/fr\/wp-json\/wp\/v2\/types\/page"}],"author":[{"embeddable":true,"href":"https:\/\/modernniagara.com\/fr\/wp-json\/wp\/v2\/users\/1"}],"replies":[{"embeddable":true,"href":"https:\/\/modernniagara.com\/fr\/wp-json\/wp\/v2\/comments?post=3334"}],"version-history":[{"count":2,"href":"https:\/\/modernniagara.com\/fr\/wp-json\/wp\/v2\/pages\/3334\/revisions"}],"predecessor-version":[{"id":3337,"href":"https:\/\/modernniagara.com\/fr\/wp-json\/wp\/v2\/pages\/3334\/revisions\/3337"}],"up":[{"embeddable":true,"href":"https:\/\/modernniagara.com\/fr\/wp-json\/wp\/v2\/pages\/3301"}],"wp:featuredmedia":[{"embeddable":true,"href":"https:\/\/modernniagara.com\/fr\/wp-json\/wp\/v2\/media\/4895"}],"wp:attachment":[{"href":"https:\/\/modernniagara.com\/fr\/wp-json\/wp\/v2\/media?parent=3334"}],"curies":[{"name":"wp","href":"https:\/\/api.w.org\/{rel}","templated":true}]}}