{"id":3331,"date":"2020-08-21T10:38:23","date_gmt":"2020-08-21T14:38:23","guid":{"rendered":"https:\/\/modernniagara.com\/?page_id=3331"},"modified":"2020-08-21T10:38:23","modified_gmt":"2020-08-21T14:38:23","slug":"entretien-proactif","status":"publish","type":"page","link":"https:\/\/modernniagara.com\/fr\/nos-services\/services-dimmeubles-modern-niagara\/entretien-proactif\/","title":{"rendered":"Entretien proactif"},"content":{"rendered":"<a href=\"https:\/\/modernniagara.com\/wp-content\/uploads\/2019\/05\/MNBS_building-service-solutions-web.pdf\" target=\"_blank\" rel=\"noopener noreferrer\"><img loading=\"lazy\" decoding=\"async\" class=\"alignright size-full wp-image-2754\" src=\"https:\/\/modernniagara.com\/wp-content\/uploads\/2019\/05\/thumb-MNBS_building-service-solutions.jpg\" alt=\"\" width=\"220\" height=\"285\" \/><\/a>\n<h2>Un entretien proactif appropri\u00e9 est rentable.<\/h2>\n<p>L\u2019entretien proactif est la cl\u00e9 pour tirer le meilleur de vos syst\u00e8mes m\u00e9caniques. Un entretien pr\u00e9ventif r\u00e9gulier est important, mais un v\u00e9ritable entretien proactif permet de remonter \u00e0 la source de la d\u00e9faillance avant qu\u2019elle ne se produise. Vos actifs fonctionnent ainsi plus longtemps et se rentabilisent \u00e0 long terme.<\/p>\n<p>Un entretien proactif appropri\u00e9, c\u2019est exactement ce que vous propose Modern Niagara. Nous avons aid\u00e9 certains de nos clients \u00e0 r\u00e9duire leurs co\u00fbts d\u2019exploitation de 30\u00a0%. Que pourrait faire pour vous un programme d\u2019entretien proactif de Modern Niagara?<\/p>\n<p>Nos programmes procurent les avantages suivants\u00a0:<\/p>\n<ul>\n<li style=\"list-style-type: none;\">\n<ul>\n<li>Rentabiliser vos syst\u00e8mes m\u00e9caniques<\/li>\n<li>R\u00e9duire les temps d\u2019arr\u00eat et le co\u00fbt des services d\u2019urgence<\/li>\n<li>Renforcer l\u2019efficacit\u00e9 op\u00e9rationnelle de vos \u00e9quipements<\/li>\n<li>Anticiper, planifier et budg\u00e9ter les mises \u00e0 niveau et les am\u00e9liorations<\/li>\n<li>Pr\u00e9parer et entreprendre des projets d\u2019am\u00e9lioration des immobilisations et de gestion de l\u2019\u00e9nergie<\/li>\n<\/ul>\n<\/li>\n<\/ul>\n<h3>Une technologie qui fait la diff\u00e9rence<\/h3>\n<p>Pour vous assurer que votre entretien proactif est fluide et efficace, tous nos services sur le terrain et notre personnel de bureau utilisent une puissante plateforme de gestion des informations en temps r\u00e9el. La planification et le suivi des services enti\u00e8rement automatis\u00e9s de cette plateforme garantissent des temps de r\u00e9ponse tr\u00e8s rapides et fournissent aux membres de notre \u00e9quipe les informations dont ils ont besoin pour se mettre imm\u00e9diatement au travail une fois sur place.<\/p>\n<p>Notre plateforme vous permet \u00e9galement de rester connect\u00e9 et inform\u00e9 en utilisant un portail intuitif en libre-service. Elle soutient vos op\u00e9rations quotidiennes et votre planification \u00e0 long terme gr\u00e2ce \u00e0 un acc\u00e8s \u00e0 l\u2019historique de r\u00e9paration des actifs et \u00e0 la possibilit\u00e9 de visualiser et d\u2019imprimer des autorisations de travail.<\/p>\n","protected":false},"excerpt":{"rendered":"<p>Nos programmes d\u2019entretien pr\u00e9ventif de CVC peuvent r\u00e9duire vos d\u00e9penses d\u2019exploitation de 30\u00a0%. Nous vous aiderons \u00e9galement \u00e0 tirer le maximum de valeur de vos syst\u00e8mes m\u00e9caniques.<\/p>\n","protected":false},"author":1,"featured_media":2979,"parent":3301,"menu_order":2,"comment_status":"closed","ping_status":"closed","template":"","meta":{"_acf_changed":false,"footnotes":""},"class_list":["post-3331","page","type-page","status-publish","has-post-thumbnail","hentry"],"acf":[],"yoast_head":"<!-- This site is optimized with the Yoast SEO plugin v27.3 - https:\/\/yoast.com\/product\/yoast-seo-wordpress\/ -->\n<title>Entretien proactif - Modern Niagara<\/title>\n<meta name=\"robots\" content=\"index, follow, max-snippet:-1, max-image-preview:large, max-video-preview:-1\" \/>\n<link rel=\"canonical\" href=\"https:\/\/modernniagara.com\/fr\/nos-services\/services-dimmeubles-modern-niagara\/entretien-proactif\/\" \/>\n<meta property=\"og:locale\" content=\"fr_FR\" \/>\n<meta property=\"og:type\" content=\"article\" \/>\n<meta property=\"og:title\" content=\"Entretien proactif - Modern Niagara\" \/>\n<meta property=\"og:description\" content=\"Nos programmes d\u2019entretien pr\u00e9ventif de CVC peuvent r\u00e9duire vos d\u00e9penses d\u2019exploitation de 30\u00a0%. Nous vous aiderons \u00e9galement \u00e0 tirer le maximum de valeur de vos syst\u00e8mes m\u00e9caniques.\" \/>\n<meta property=\"og:url\" content=\"https:\/\/modernniagara.com\/fr\/nos-services\/services-dimmeubles-modern-niagara\/entretien-proactif\/\" \/>\n<meta property=\"og:site_name\" content=\"Modern Niagara\" \/>\n<meta property=\"og:image\" content=\"https:\/\/modernniagara.com\/wp-content\/uploads\/2020\/02\/6-Proactive.png\" \/>\n\t<meta property=\"og:image:width\" content=\"317\" \/>\n\t<meta property=\"og:image:height\" content=\"195\" \/>\n\t<meta property=\"og:image:type\" content=\"image\/png\" \/>\n<meta name=\"twitter:card\" content=\"summary_large_image\" \/>\n<script type=\"application\/ld+json\" class=\"yoast-schema-graph\">{\"@context\":\"https:\\\/\\\/schema.org\",\"@graph\":[{\"@type\":\"WebPage\",\"@id\":\"https:\\\/\\\/modernniagara.com\\\/fr\\\/nos-services\\\/services-dimmeubles-modern-niagara\\\/entretien-proactif\\\/\",\"url\":\"https:\\\/\\\/modernniagara.com\\\/fr\\\/nos-services\\\/services-dimmeubles-modern-niagara\\\/entretien-proactif\\\/\",\"name\":\"Entretien proactif - Modern Niagara\",\"isPartOf\":{\"@id\":\"https:\\\/\\\/modernniagara.com\\\/#website\"},\"primaryImageOfPage\":{\"@id\":\"https:\\\/\\\/modernniagara.com\\\/fr\\\/nos-services\\\/services-dimmeubles-modern-niagara\\\/entretien-proactif\\\/#primaryimage\"},\"image\":{\"@id\":\"https:\\\/\\\/modernniagara.com\\\/fr\\\/nos-services\\\/services-dimmeubles-modern-niagara\\\/entretien-proactif\\\/#primaryimage\"},\"thumbnailUrl\":\"https:\\\/\\\/modernniagara.com\\\/wp-content\\\/uploads\\\/2020\\\/02\\\/6-Proactive.png\",\"datePublished\":\"2020-08-21T14:38:23+00:00\",\"breadcrumb\":{\"@id\":\"https:\\\/\\\/modernniagara.com\\\/fr\\\/nos-services\\\/services-dimmeubles-modern-niagara\\\/entretien-proactif\\\/#breadcrumb\"},\"inLanguage\":\"fr-FR\",\"potentialAction\":[{\"@type\":\"ReadAction\",\"target\":[\"https:\\\/\\\/modernniagara.com\\\/fr\\\/nos-services\\\/services-dimmeubles-modern-niagara\\\/entretien-proactif\\\/\"]}]},{\"@type\":\"ImageObject\",\"inLanguage\":\"fr-FR\",\"@id\":\"https:\\\/\\\/modernniagara.com\\\/fr\\\/nos-services\\\/services-dimmeubles-modern-niagara\\\/entretien-proactif\\\/#primaryimage\",\"url\":\"https:\\\/\\\/modernniagara.com\\\/wp-content\\\/uploads\\\/2020\\\/02\\\/6-Proactive.png\",\"contentUrl\":\"https:\\\/\\\/modernniagara.com\\\/wp-content\\\/uploads\\\/2020\\\/02\\\/6-Proactive.png\",\"width\":317,\"height\":195},{\"@type\":\"BreadcrumbList\",\"@id\":\"https:\\\/\\\/modernniagara.com\\\/fr\\\/nos-services\\\/services-dimmeubles-modern-niagara\\\/entretien-proactif\\\/#breadcrumb\",\"itemListElement\":[{\"@type\":\"ListItem\",\"position\":1,\"name\":\"Accueil\",\"item\":\"https:\\\/\\\/modernniagara.com\\\/fr\\\/\"},{\"@type\":\"ListItem\",\"position\":2,\"name\":\"Nos services\",\"item\":\"https:\\\/\\\/modernniagara.com\\\/fr\\\/nos-services\\\/\"},{\"@type\":\"ListItem\",\"position\":3,\"name\":\"Services d\u2019immeubles\",\"item\":\"https:\\\/\\\/modernniagara.com\\\/fr\\\/nos-services\\\/services-dimmeubles-modern-niagara\\\/\"},{\"@type\":\"ListItem\",\"position\":4,\"name\":\"Entretien proactif\"}]},{\"@type\":\"WebSite\",\"@id\":\"https:\\\/\\\/modernniagara.com\\\/#website\",\"url\":\"https:\\\/\\\/modernniagara.com\\\/\",\"name\":\"Modern Niagara\",\"description\":\"\",\"potentialAction\":[{\"@type\":\"SearchAction\",\"target\":{\"@type\":\"EntryPoint\",\"urlTemplate\":\"https:\\\/\\\/modernniagara.com\\\/?s={search_term_string}\"},\"query-input\":{\"@type\":\"PropertyValueSpecification\",\"valueRequired\":true,\"valueName\":\"search_term_string\"}}],\"inLanguage\":\"fr-FR\"}]}<\/script>\n<!-- \/ Yoast SEO plugin. -->","yoast_head_json":{"title":"Entretien proactif - Modern Niagara","robots":{"index":"index","follow":"follow","max-snippet":"max-snippet:-1","max-image-preview":"max-image-preview:large","max-video-preview":"max-video-preview:-1"},"canonical":"https:\/\/modernniagara.com\/fr\/nos-services\/services-dimmeubles-modern-niagara\/entretien-proactif\/","og_locale":"fr_FR","og_type":"article","og_title":"Entretien proactif - Modern Niagara","og_description":"Nos programmes d\u2019entretien pr\u00e9ventif de CVC peuvent r\u00e9duire vos d\u00e9penses d\u2019exploitation de 30\u00a0%. Nous vous aiderons \u00e9galement \u00e0 tirer le maximum de valeur de vos syst\u00e8mes m\u00e9caniques.","og_url":"https:\/\/modernniagara.com\/fr\/nos-services\/services-dimmeubles-modern-niagara\/entretien-proactif\/","og_site_name":"Modern Niagara","og_image":[{"width":317,"height":195,"url":"https:\/\/modernniagara.com\/wp-content\/uploads\/2020\/02\/6-Proactive.png","type":"image\/png"}],"twitter_card":"summary_large_image","schema":{"@context":"https:\/\/schema.org","@graph":[{"@type":"WebPage","@id":"https:\/\/modernniagara.com\/fr\/nos-services\/services-dimmeubles-modern-niagara\/entretien-proactif\/","url":"https:\/\/modernniagara.com\/fr\/nos-services\/services-dimmeubles-modern-niagara\/entretien-proactif\/","name":"Entretien proactif - Modern Niagara","isPartOf":{"@id":"https:\/\/modernniagara.com\/#website"},"primaryImageOfPage":{"@id":"https:\/\/modernniagara.com\/fr\/nos-services\/services-dimmeubles-modern-niagara\/entretien-proactif\/#primaryimage"},"image":{"@id":"https:\/\/modernniagara.com\/fr\/nos-services\/services-dimmeubles-modern-niagara\/entretien-proactif\/#primaryimage"},"thumbnailUrl":"https:\/\/modernniagara.com\/wp-content\/uploads\/2020\/02\/6-Proactive.png","datePublished":"2020-08-21T14:38:23+00:00","breadcrumb":{"@id":"https:\/\/modernniagara.com\/fr\/nos-services\/services-dimmeubles-modern-niagara\/entretien-proactif\/#breadcrumb"},"inLanguage":"fr-FR","potentialAction":[{"@type":"ReadAction","target":["https:\/\/modernniagara.com\/fr\/nos-services\/services-dimmeubles-modern-niagara\/entretien-proactif\/"]}]},{"@type":"ImageObject","inLanguage":"fr-FR","@id":"https:\/\/modernniagara.com\/fr\/nos-services\/services-dimmeubles-modern-niagara\/entretien-proactif\/#primaryimage","url":"https:\/\/modernniagara.com\/wp-content\/uploads\/2020\/02\/6-Proactive.png","contentUrl":"https:\/\/modernniagara.com\/wp-content\/uploads\/2020\/02\/6-Proactive.png","width":317,"height":195},{"@type":"BreadcrumbList","@id":"https:\/\/modernniagara.com\/fr\/nos-services\/services-dimmeubles-modern-niagara\/entretien-proactif\/#breadcrumb","itemListElement":[{"@type":"ListItem","position":1,"name":"Accueil","item":"https:\/\/modernniagara.com\/fr\/"},{"@type":"ListItem","position":2,"name":"Nos services","item":"https:\/\/modernniagara.com\/fr\/nos-services\/"},{"@type":"ListItem","position":3,"name":"Services d\u2019immeubles","item":"https:\/\/modernniagara.com\/fr\/nos-services\/services-dimmeubles-modern-niagara\/"},{"@type":"ListItem","position":4,"name":"Entretien proactif"}]},{"@type":"WebSite","@id":"https:\/\/modernniagara.com\/#website","url":"https:\/\/modernniagara.com\/","name":"Modern Niagara","description":"","potentialAction":[{"@type":"SearchAction","target":{"@type":"EntryPoint","urlTemplate":"https:\/\/modernniagara.com\/?s={search_term_string}"},"query-input":{"@type":"PropertyValueSpecification","valueRequired":true,"valueName":"search_term_string"}}],"inLanguage":"fr-FR"}]}},"_links":{"self":[{"href":"https:\/\/modernniagara.com\/fr\/wp-json\/wp\/v2\/pages\/3331","targetHints":{"allow":["GET"]}}],"collection":[{"href":"https:\/\/modernniagara.com\/fr\/wp-json\/wp\/v2\/pages"}],"about":[{"href":"https:\/\/modernniagara.com\/fr\/wp-json\/wp\/v2\/types\/page"}],"author":[{"embeddable":true,"href":"https:\/\/modernniagara.com\/fr\/wp-json\/wp\/v2\/users\/1"}],"replies":[{"embeddable":true,"href":"https:\/\/modernniagara.com\/fr\/wp-json\/wp\/v2\/comments?post=3331"}],"version-history":[{"count":1,"href":"https:\/\/modernniagara.com\/fr\/wp-json\/wp\/v2\/pages\/3331\/revisions"}],"predecessor-version":[{"id":3332,"href":"https:\/\/modernniagara.com\/fr\/wp-json\/wp\/v2\/pages\/3331\/revisions\/3332"}],"up":[{"embeddable":true,"href":"https:\/\/modernniagara.com\/fr\/wp-json\/wp\/v2\/pages\/3301"}],"wp:featuredmedia":[{"embeddable":true,"href":"https:\/\/modernniagara.com\/fr\/wp-json\/wp\/v2\/media\/2979"}],"wp:attachment":[{"href":"https:\/\/modernniagara.com\/fr\/wp-json\/wp\/v2\/media?parent=3331"}],"curies":[{"name":"wp","href":"https:\/\/api.w.org\/{rel}","templated":true}]}}