{"id":3327,"date":"2020-08-21T10:33:21","date_gmt":"2020-08-21T14:33:21","guid":{"rendered":"https:\/\/modernniagara.com\/?page_id=3327"},"modified":"2020-08-21T10:34:08","modified_gmt":"2020-08-21T14:34:08","slug":"service-durgence","status":"publish","type":"page","link":"https:\/\/modernniagara.com\/fr\/nos-services\/services-dimmeubles-modern-niagara\/service-durgence\/","title":{"rendered":"Service d\u2019urgence"},"content":{"rendered":"<a href=\"https:\/\/modernniagara.com\/wp-content\/uploads\/2019\/05\/MNBS_building-service-solutions-web.pdf\" target=\"_blank\" rel=\"noopener noreferrer\"><img loading=\"lazy\" decoding=\"async\" class=\"alignright size-full wp-image-2754\" src=\"https:\/\/modernniagara.com\/wp-content\/uploads\/2019\/05\/thumb-MNBS_building-service-solutions.jpg\" alt=\"\" width=\"220\" height=\"285\" \/><\/a>\n<h2>Certaines choses ne peuvent pas attendre.<\/h2>\n<p>En cas de panne, le service d\u2019urgence r\u00e9actif de Modern Niagara, offerte en tout temps vous assure une tranquillit\u00e9 d\u2019esprit lorsque vos syst\u00e8mes n\u00e9cessitent une attention urgente.<\/p>\n<p>Notre service d\u2019urgence couvre de nombreux syst\u00e8mes m\u00e9caniques et \u00e9lectriques, notamment\u00a0:<\/p>\n<ul>\n<li>Syst\u00e8mes de chauffage<\/li>\n<li>Air conditionn\u00e9<\/li>\n<li>Refroidisseurs<\/li>\n<li>Chaudi\u00e8res<\/li>\n<li>Refroidissement des centres de donn\u00e9es ou des salles des donn\u00e9es<\/li>\n<li>Ventilation<\/li>\n<li>Plomberie<\/li>\n<li>Syst\u00e8mes d\u2019automatisation des b\u00e2timents<\/li>\n<li>Syst\u00e8mes \u00e9lectriques<\/li>\n<\/ul>\n<p>Nos techniciens restent inform\u00e9s en temps r\u00e9el gr\u00e2ce \u00e0 notre plateforme \u00e9lectronique de gestion des autorisations de travail et des informations en nuage afin de pouvoir r\u00e9soudre le probl\u00e8me une fois sur place. Notre plateforme vous tient \u00e9galement inform\u00e9 gr\u00e2ce \u00e0 un portail en ligne o\u00f9 vous pouvez acc\u00e9der \u00e0 des devis, des factures, des autorisations de travail et des historiques de r\u00e9paration d\u2019\u00e9quipement en temps r\u00e9el.<\/p>\n<h3>Prot\u00e9gez votre b\u00e2timent avant que des situations d\u2019urgence surviennent<\/h3>\n<p>Un entretien proactif r\u00e9duit consid\u00e9rablement le risque de pannes inattendues. Apprenez-en plus sur la fa\u00e7on dont Modern Niagara peut assurer le fonctionnement de vos syst\u00e8mes.<\/p>\n","protected":false},"excerpt":{"rendered":"<p>Votre b\u00e2timent et ses syst\u00e8mes m\u00e9caniques sont entre bonnes mains avec le service CVC d\u2019urgence r\u00e9actif de Modern Niagara, offert en tout temps.<\/p>\n","protected":false},"author":1,"featured_media":4897,"parent":3301,"menu_order":1,"comment_status":"closed","ping_status":"closed","template":"","meta":{"_acf_changed":false,"footnotes":""},"class_list":["post-3327","page","type-page","status-publish","has-post-thumbnail","hentry"],"acf":[],"yoast_head":"<!-- This site is optimized with the Yoast SEO plugin v27.3 - https:\/\/yoast.com\/product\/yoast-seo-wordpress\/ -->\n<title>Service d\u2019urgence | Services d\u2019immeubles | Modern Niagara<\/title>\n<meta name=\"description\" content=\"Modern Niagara offre en tout temps un service d\u2019urgence r\u00e9actif pour les syst\u00e8mes m\u00e9caniques de votre b\u00e2timent.\" \/>\n<meta name=\"robots\" content=\"index, follow, max-snippet:-1, max-image-preview:large, max-video-preview:-1\" \/>\n<link rel=\"canonical\" href=\"https:\/\/modernniagara.com\/fr\/nos-services\/services-dimmeubles-modern-niagara\/service-durgence\/\" \/>\n<meta property=\"og:locale\" content=\"fr_FR\" \/>\n<meta property=\"og:type\" content=\"article\" \/>\n<meta property=\"og:title\" content=\"Service d\u2019urgence | Services d\u2019immeubles | Modern Niagara\" \/>\n<meta property=\"og:description\" content=\"Modern Niagara offre en tout temps un service d\u2019urgence r\u00e9actif pour les syst\u00e8mes m\u00e9caniques de votre b\u00e2timent.\" \/>\n<meta property=\"og:url\" content=\"https:\/\/modernniagara.com\/fr\/nos-services\/services-dimmeubles-modern-niagara\/service-durgence\/\" \/>\n<meta property=\"og:site_name\" content=\"Modern Niagara\" \/>\n<meta property=\"article:modified_time\" content=\"2020-08-21T14:34:08+00:00\" \/>\n<meta property=\"og:image\" content=\"https:\/\/modernniagara.com\/wp-content\/uploads\/services_building_services_emergency_services_feature_317x195_blue_f.jpg\" \/>\n\t<meta property=\"og:image:width\" content=\"317\" \/>\n\t<meta property=\"og:image:height\" content=\"195\" \/>\n\t<meta property=\"og:image:type\" content=\"image\/jpeg\" \/>\n<meta name=\"twitter:card\" content=\"summary_large_image\" \/>\n<script type=\"application\/ld+json\" class=\"yoast-schema-graph\">{\"@context\":\"https:\\\/\\\/schema.org\",\"@graph\":[{\"@type\":\"WebPage\",\"@id\":\"https:\\\/\\\/modernniagara.com\\\/fr\\\/nos-services\\\/services-dimmeubles-modern-niagara\\\/service-durgence\\\/\",\"url\":\"https:\\\/\\\/modernniagara.com\\\/fr\\\/nos-services\\\/services-dimmeubles-modern-niagara\\\/service-durgence\\\/\",\"name\":\"Service d\u2019urgence | Services d\u2019immeubles | Modern Niagara\",\"isPartOf\":{\"@id\":\"https:\\\/\\\/modernniagara.com\\\/#website\"},\"primaryImageOfPage\":{\"@id\":\"https:\\\/\\\/modernniagara.com\\\/fr\\\/nos-services\\\/services-dimmeubles-modern-niagara\\\/service-durgence\\\/#primaryimage\"},\"image\":{\"@id\":\"https:\\\/\\\/modernniagara.com\\\/fr\\\/nos-services\\\/services-dimmeubles-modern-niagara\\\/service-durgence\\\/#primaryimage\"},\"thumbnailUrl\":\"https:\\\/\\\/modernniagara.com\\\/wp-content\\\/uploads\\\/services_building_services_emergency_services_feature_317x195_blue_f.jpg\",\"datePublished\":\"2020-08-21T14:33:21+00:00\",\"dateModified\":\"2020-08-21T14:34:08+00:00\",\"description\":\"Modern Niagara offre en tout temps un service d\u2019urgence r\u00e9actif pour les syst\u00e8mes m\u00e9caniques de votre b\u00e2timent.\",\"breadcrumb\":{\"@id\":\"https:\\\/\\\/modernniagara.com\\\/fr\\\/nos-services\\\/services-dimmeubles-modern-niagara\\\/service-durgence\\\/#breadcrumb\"},\"inLanguage\":\"fr-FR\",\"potentialAction\":[{\"@type\":\"ReadAction\",\"target\":[\"https:\\\/\\\/modernniagara.com\\\/fr\\\/nos-services\\\/services-dimmeubles-modern-niagara\\\/service-durgence\\\/\"]}]},{\"@type\":\"ImageObject\",\"inLanguage\":\"fr-FR\",\"@id\":\"https:\\\/\\\/modernniagara.com\\\/fr\\\/nos-services\\\/services-dimmeubles-modern-niagara\\\/service-durgence\\\/#primaryimage\",\"url\":\"https:\\\/\\\/modernniagara.com\\\/wp-content\\\/uploads\\\/services_building_services_emergency_services_feature_317x195_blue_f.jpg\",\"contentUrl\":\"https:\\\/\\\/modernniagara.com\\\/wp-content\\\/uploads\\\/services_building_services_emergency_services_feature_317x195_blue_f.jpg\",\"width\":317,\"height\":195},{\"@type\":\"BreadcrumbList\",\"@id\":\"https:\\\/\\\/modernniagara.com\\\/fr\\\/nos-services\\\/services-dimmeubles-modern-niagara\\\/service-durgence\\\/#breadcrumb\",\"itemListElement\":[{\"@type\":\"ListItem\",\"position\":1,\"name\":\"Accueil\",\"item\":\"https:\\\/\\\/modernniagara.com\\\/fr\\\/\"},{\"@type\":\"ListItem\",\"position\":2,\"name\":\"Nos services\",\"item\":\"https:\\\/\\\/modernniagara.com\\\/fr\\\/nos-services\\\/\"},{\"@type\":\"ListItem\",\"position\":3,\"name\":\"Services d\u2019immeubles\",\"item\":\"https:\\\/\\\/modernniagara.com\\\/fr\\\/nos-services\\\/services-dimmeubles-modern-niagara\\\/\"},{\"@type\":\"ListItem\",\"position\":4,\"name\":\"Service d\u2019urgence\"}]},{\"@type\":\"WebSite\",\"@id\":\"https:\\\/\\\/modernniagara.com\\\/#website\",\"url\":\"https:\\\/\\\/modernniagara.com\\\/\",\"name\":\"Modern Niagara\",\"description\":\"\",\"potentialAction\":[{\"@type\":\"SearchAction\",\"target\":{\"@type\":\"EntryPoint\",\"urlTemplate\":\"https:\\\/\\\/modernniagara.com\\\/?s={search_term_string}\"},\"query-input\":{\"@type\":\"PropertyValueSpecification\",\"valueRequired\":true,\"valueName\":\"search_term_string\"}}],\"inLanguage\":\"fr-FR\"}]}<\/script>\n<!-- \/ Yoast SEO plugin. -->","yoast_head_json":{"title":"Service d\u2019urgence | Services d\u2019immeubles | Modern Niagara","description":"Modern Niagara offre en tout temps un service d\u2019urgence r\u00e9actif pour les syst\u00e8mes m\u00e9caniques de votre b\u00e2timent.","robots":{"index":"index","follow":"follow","max-snippet":"max-snippet:-1","max-image-preview":"max-image-preview:large","max-video-preview":"max-video-preview:-1"},"canonical":"https:\/\/modernniagara.com\/fr\/nos-services\/services-dimmeubles-modern-niagara\/service-durgence\/","og_locale":"fr_FR","og_type":"article","og_title":"Service d\u2019urgence | Services d\u2019immeubles | Modern Niagara","og_description":"Modern Niagara offre en tout temps un service d\u2019urgence r\u00e9actif pour les syst\u00e8mes m\u00e9caniques de votre b\u00e2timent.","og_url":"https:\/\/modernniagara.com\/fr\/nos-services\/services-dimmeubles-modern-niagara\/service-durgence\/","og_site_name":"Modern Niagara","article_modified_time":"2020-08-21T14:34:08+00:00","og_image":[{"width":317,"height":195,"url":"https:\/\/modernniagara.com\/wp-content\/uploads\/services_building_services_emergency_services_feature_317x195_blue_f.jpg","type":"image\/jpeg"}],"twitter_card":"summary_large_image","schema":{"@context":"https:\/\/schema.org","@graph":[{"@type":"WebPage","@id":"https:\/\/modernniagara.com\/fr\/nos-services\/services-dimmeubles-modern-niagara\/service-durgence\/","url":"https:\/\/modernniagara.com\/fr\/nos-services\/services-dimmeubles-modern-niagara\/service-durgence\/","name":"Service d\u2019urgence | Services d\u2019immeubles | Modern Niagara","isPartOf":{"@id":"https:\/\/modernniagara.com\/#website"},"primaryImageOfPage":{"@id":"https:\/\/modernniagara.com\/fr\/nos-services\/services-dimmeubles-modern-niagara\/service-durgence\/#primaryimage"},"image":{"@id":"https:\/\/modernniagara.com\/fr\/nos-services\/services-dimmeubles-modern-niagara\/service-durgence\/#primaryimage"},"thumbnailUrl":"https:\/\/modernniagara.com\/wp-content\/uploads\/services_building_services_emergency_services_feature_317x195_blue_f.jpg","datePublished":"2020-08-21T14:33:21+00:00","dateModified":"2020-08-21T14:34:08+00:00","description":"Modern Niagara offre en tout temps un service d\u2019urgence r\u00e9actif pour les syst\u00e8mes m\u00e9caniques de votre b\u00e2timent.","breadcrumb":{"@id":"https:\/\/modernniagara.com\/fr\/nos-services\/services-dimmeubles-modern-niagara\/service-durgence\/#breadcrumb"},"inLanguage":"fr-FR","potentialAction":[{"@type":"ReadAction","target":["https:\/\/modernniagara.com\/fr\/nos-services\/services-dimmeubles-modern-niagara\/service-durgence\/"]}]},{"@type":"ImageObject","inLanguage":"fr-FR","@id":"https:\/\/modernniagara.com\/fr\/nos-services\/services-dimmeubles-modern-niagara\/service-durgence\/#primaryimage","url":"https:\/\/modernniagara.com\/wp-content\/uploads\/services_building_services_emergency_services_feature_317x195_blue_f.jpg","contentUrl":"https:\/\/modernniagara.com\/wp-content\/uploads\/services_building_services_emergency_services_feature_317x195_blue_f.jpg","width":317,"height":195},{"@type":"BreadcrumbList","@id":"https:\/\/modernniagara.com\/fr\/nos-services\/services-dimmeubles-modern-niagara\/service-durgence\/#breadcrumb","itemListElement":[{"@type":"ListItem","position":1,"name":"Accueil","item":"https:\/\/modernniagara.com\/fr\/"},{"@type":"ListItem","position":2,"name":"Nos services","item":"https:\/\/modernniagara.com\/fr\/nos-services\/"},{"@type":"ListItem","position":3,"name":"Services d\u2019immeubles","item":"https:\/\/modernniagara.com\/fr\/nos-services\/services-dimmeubles-modern-niagara\/"},{"@type":"ListItem","position":4,"name":"Service d\u2019urgence"}]},{"@type":"WebSite","@id":"https:\/\/modernniagara.com\/#website","url":"https:\/\/modernniagara.com\/","name":"Modern Niagara","description":"","potentialAction":[{"@type":"SearchAction","target":{"@type":"EntryPoint","urlTemplate":"https:\/\/modernniagara.com\/?s={search_term_string}"},"query-input":{"@type":"PropertyValueSpecification","valueRequired":true,"valueName":"search_term_string"}}],"inLanguage":"fr-FR"}]}},"_links":{"self":[{"href":"https:\/\/modernniagara.com\/fr\/wp-json\/wp\/v2\/pages\/3327","targetHints":{"allow":["GET"]}}],"collection":[{"href":"https:\/\/modernniagara.com\/fr\/wp-json\/wp\/v2\/pages"}],"about":[{"href":"https:\/\/modernniagara.com\/fr\/wp-json\/wp\/v2\/types\/page"}],"author":[{"embeddable":true,"href":"https:\/\/modernniagara.com\/fr\/wp-json\/wp\/v2\/users\/1"}],"replies":[{"embeddable":true,"href":"https:\/\/modernniagara.com\/fr\/wp-json\/wp\/v2\/comments?post=3327"}],"version-history":[{"count":2,"href":"https:\/\/modernniagara.com\/fr\/wp-json\/wp\/v2\/pages\/3327\/revisions"}],"predecessor-version":[{"id":3330,"href":"https:\/\/modernniagara.com\/fr\/wp-json\/wp\/v2\/pages\/3327\/revisions\/3330"}],"up":[{"embeddable":true,"href":"https:\/\/modernniagara.com\/fr\/wp-json\/wp\/v2\/pages\/3301"}],"wp:featuredmedia":[{"embeddable":true,"href":"https:\/\/modernniagara.com\/fr\/wp-json\/wp\/v2\/media\/4897"}],"wp:attachment":[{"href":"https:\/\/modernniagara.com\/fr\/wp-json\/wp\/v2\/media?parent=3327"}],"curies":[{"name":"wp","href":"https:\/\/api.w.org\/{rel}","templated":true}]}}