{"id":3318,"date":"2020-08-21T10:16:06","date_gmt":"2020-08-21T14:16:06","guid":{"rendered":"https:\/\/modernniagara.com\/?page_id=3318"},"modified":"2020-08-21T10:16:06","modified_gmt":"2020-08-21T14:16:06","slug":"solutions-dintelligence-des-batiments","status":"publish","type":"page","link":"https:\/\/modernniagara.com\/fr\/nos-services\/controle-des-batiments\/solutions-dintelligence-des-batiments\/","title":{"rendered":"Solutions d\u2019intelligence des b\u00e2timents"},"content":{"rendered":"<a href=\"https:\/\/modernniagara.com\/wp-content\/uploads\/2019\/05\/MNBC_brochure-web.pdf\" rel=\"noopener noreferrer\"><img loading=\"lazy\" decoding=\"async\" class=\"alignright size-full wp-image-2753\" src=\"https:\/\/modernniagara.com\/wp-content\/uploads\/2019\/05\/thumb-MNBC_brochure.jpg\" alt=\"\" width=\"220\" height=\"285\" \/><\/a>\n<h2>Transformez les informations en r\u00e9sultats.<\/h2>\n<p>Vos syst\u00e8mes de b\u00e2timent sont des mines d\u2019informations sur l\u2019utilisation des services publics, le rendement des installations, le comportement des locataires et plus encore. Nous facilitons la saisie de ces connaissances et leur utilisation pratique.<\/p>\n<p>Nos solutions d\u2019intelligence de b\u00e2timent puissantes et intuitives sont fond\u00e9es sur les technologies des chefs de file de l&rsquo;industrie. Elles recueillent des donn\u00e9es de votre syst\u00e8me de CVC, d\u2019\u00e9clairage, de contr\u00f4le d\u2019acc\u00e8s et d\u2019autres syst\u00e8mes m\u00e9caniques et vous permettent de visualiser ces analyses au moyen de tableaux de bord et de rapports visuels simplifi\u00e9s.<\/p>\n<p>Une fois que vous connaissez les informations communiqu\u00e9es par vos syst\u00e8mes, vous pouvez prendre des mesures pour affiner leur fonctionnement et atteindre vos objectifs d\u2019\u00e9conomie d\u2019\u00e9nergie, d\u2019efficacit\u00e9 op\u00e9rationnelle et plus encore.<\/p>\n","protected":false},"excerpt":{"rendered":"<p>Nos solutions vous offrent un aper\u00e7u pr\u00e9cieux des op\u00e9rations de votre b\u00e2timent gr\u00e2ce \u00e0 un tableau de bord centralis\u00e9 et des rapports simplifi\u00e9s vous informant des donn\u00e9es exploitables pour une prise de d\u00e9cision plus intelligente, une r\u00e9duction des co\u00fbts d\u2019entretien et une efficacit\u00e9 maximale.<\/p>\n","protected":false},"author":1,"featured_media":4931,"parent":3297,"menu_order":1,"comment_status":"closed","ping_status":"closed","template":"","meta":{"_acf_changed":false,"footnotes":""},"class_list":["post-3318","page","type-page","status-publish","has-post-thumbnail","hentry"],"acf":[],"yoast_head":"<!-- This site is optimized with the Yoast SEO plugin v27.3 - https:\/\/yoast.com\/product\/yoast-seo-wordpress\/ -->\n<title>Solutions d\u2019intelligence de b\u00e2timents | Contr\u00f4le des b\u00e2timents | Modern Niagara<\/title>\n<meta name=\"description\" content=\"Les solutions d\u2019intelligence de b\u00e2timent de Modern Niagara exploitent les informations sur les syst\u00e8mes m\u00e9caniques de votre b\u00e2timent \u00e0 l\u2019aide de tableaux de bord et de rapports d\u2019analyse des donn\u00e9es.\" \/>\n<meta name=\"robots\" content=\"index, follow, max-snippet:-1, max-image-preview:large, max-video-preview:-1\" \/>\n<link rel=\"canonical\" href=\"https:\/\/modernniagara.com\/fr\/nos-services\/controle-des-batiments\/solutions-dintelligence-des-batiments\/\" \/>\n<meta property=\"og:locale\" content=\"fr_FR\" \/>\n<meta property=\"og:type\" content=\"article\" \/>\n<meta property=\"og:title\" content=\"Solutions d\u2019intelligence de b\u00e2timents | Contr\u00f4le des b\u00e2timents | Modern Niagara\" \/>\n<meta property=\"og:description\" content=\"Les solutions d\u2019intelligence de b\u00e2timent de Modern Niagara exploitent les informations sur les syst\u00e8mes m\u00e9caniques de votre b\u00e2timent \u00e0 l\u2019aide de tableaux de bord et de rapports d\u2019analyse des donn\u00e9es.\" \/>\n<meta property=\"og:url\" content=\"https:\/\/modernniagara.com\/fr\/nos-services\/controle-des-batiments\/solutions-dintelligence-des-batiments\/\" \/>\n<meta property=\"og:site_name\" content=\"Modern Niagara\" \/>\n<meta property=\"og:image\" content=\"https:\/\/modernniagara.com\/wp-content\/uploads\/services-IBT-building-intelligence_feature_317x195_blue_f.jpg\" \/>\n\t<meta property=\"og:image:width\" content=\"317\" \/>\n\t<meta property=\"og:image:height\" content=\"195\" \/>\n\t<meta property=\"og:image:type\" content=\"image\/jpeg\" \/>\n<meta name=\"twitter:card\" content=\"summary_large_image\" \/>\n<script type=\"application\/ld+json\" class=\"yoast-schema-graph\">{\"@context\":\"https:\\\/\\\/schema.org\",\"@graph\":[{\"@type\":\"WebPage\",\"@id\":\"https:\\\/\\\/modernniagara.com\\\/fr\\\/nos-services\\\/controle-des-batiments\\\/solutions-dintelligence-des-batiments\\\/\",\"url\":\"https:\\\/\\\/modernniagara.com\\\/fr\\\/nos-services\\\/controle-des-batiments\\\/solutions-dintelligence-des-batiments\\\/\",\"name\":\"Solutions d\u2019intelligence de b\u00e2timents | Contr\u00f4le des b\u00e2timents | Modern Niagara\",\"isPartOf\":{\"@id\":\"https:\\\/\\\/modernniagara.com\\\/#website\"},\"primaryImageOfPage\":{\"@id\":\"https:\\\/\\\/modernniagara.com\\\/fr\\\/nos-services\\\/controle-des-batiments\\\/solutions-dintelligence-des-batiments\\\/#primaryimage\"},\"image\":{\"@id\":\"https:\\\/\\\/modernniagara.com\\\/fr\\\/nos-services\\\/controle-des-batiments\\\/solutions-dintelligence-des-batiments\\\/#primaryimage\"},\"thumbnailUrl\":\"https:\\\/\\\/modernniagara.com\\\/wp-content\\\/uploads\\\/services-IBT-building-intelligence_feature_317x195_blue_f.jpg\",\"datePublished\":\"2020-08-21T14:16:06+00:00\",\"description\":\"Les solutions d\u2019intelligence de b\u00e2timent de Modern Niagara exploitent les informations sur les syst\u00e8mes m\u00e9caniques de votre b\u00e2timent \u00e0 l\u2019aide de tableaux de bord et de rapports d\u2019analyse des donn\u00e9es.\",\"breadcrumb\":{\"@id\":\"https:\\\/\\\/modernniagara.com\\\/fr\\\/nos-services\\\/controle-des-batiments\\\/solutions-dintelligence-des-batiments\\\/#breadcrumb\"},\"inLanguage\":\"fr-FR\",\"potentialAction\":[{\"@type\":\"ReadAction\",\"target\":[\"https:\\\/\\\/modernniagara.com\\\/fr\\\/nos-services\\\/controle-des-batiments\\\/solutions-dintelligence-des-batiments\\\/\"]}]},{\"@type\":\"ImageObject\",\"inLanguage\":\"fr-FR\",\"@id\":\"https:\\\/\\\/modernniagara.com\\\/fr\\\/nos-services\\\/controle-des-batiments\\\/solutions-dintelligence-des-batiments\\\/#primaryimage\",\"url\":\"https:\\\/\\\/modernniagara.com\\\/wp-content\\\/uploads\\\/services-IBT-building-intelligence_feature_317x195_blue_f.jpg\",\"contentUrl\":\"https:\\\/\\\/modernniagara.com\\\/wp-content\\\/uploads\\\/services-IBT-building-intelligence_feature_317x195_blue_f.jpg\",\"width\":317,\"height\":195,\"caption\":\"A Modern Niagara technician examines the inside of a electrical unit\"},{\"@type\":\"BreadcrumbList\",\"@id\":\"https:\\\/\\\/modernniagara.com\\\/fr\\\/nos-services\\\/controle-des-batiments\\\/solutions-dintelligence-des-batiments\\\/#breadcrumb\",\"itemListElement\":[{\"@type\":\"ListItem\",\"position\":1,\"name\":\"Accueil\",\"item\":\"https:\\\/\\\/modernniagara.com\\\/fr\\\/\"},{\"@type\":\"ListItem\",\"position\":2,\"name\":\"Nos services\",\"item\":\"https:\\\/\\\/modernniagara.com\\\/fr\\\/nos-services\\\/\"},{\"@type\":\"ListItem\",\"position\":3,\"name\":\"Contr\u00f4le des b\u00e2timents\",\"item\":\"https:\\\/\\\/modernniagara.com\\\/fr\\\/nos-services\\\/controle-des-batiments\\\/\"},{\"@type\":\"ListItem\",\"position\":4,\"name\":\"Solutions d\u2019intelligence des b\u00e2timents\"}]},{\"@type\":\"WebSite\",\"@id\":\"https:\\\/\\\/modernniagara.com\\\/#website\",\"url\":\"https:\\\/\\\/modernniagara.com\\\/\",\"name\":\"Modern Niagara\",\"description\":\"\",\"potentialAction\":[{\"@type\":\"SearchAction\",\"target\":{\"@type\":\"EntryPoint\",\"urlTemplate\":\"https:\\\/\\\/modernniagara.com\\\/?s={search_term_string}\"},\"query-input\":{\"@type\":\"PropertyValueSpecification\",\"valueRequired\":true,\"valueName\":\"search_term_string\"}}],\"inLanguage\":\"fr-FR\"}]}<\/script>\n<!-- \/ Yoast SEO plugin. -->","yoast_head_json":{"title":"Solutions d\u2019intelligence de b\u00e2timents | Contr\u00f4le des b\u00e2timents | Modern Niagara","description":"Les solutions d\u2019intelligence de b\u00e2timent de Modern Niagara exploitent les informations sur les syst\u00e8mes m\u00e9caniques de votre b\u00e2timent \u00e0 l\u2019aide de tableaux de bord et de rapports d\u2019analyse des donn\u00e9es.","robots":{"index":"index","follow":"follow","max-snippet":"max-snippet:-1","max-image-preview":"max-image-preview:large","max-video-preview":"max-video-preview:-1"},"canonical":"https:\/\/modernniagara.com\/fr\/nos-services\/controle-des-batiments\/solutions-dintelligence-des-batiments\/","og_locale":"fr_FR","og_type":"article","og_title":"Solutions d\u2019intelligence de b\u00e2timents | Contr\u00f4le des b\u00e2timents | Modern Niagara","og_description":"Les solutions d\u2019intelligence de b\u00e2timent de Modern Niagara exploitent les informations sur les syst\u00e8mes m\u00e9caniques de votre b\u00e2timent \u00e0 l\u2019aide de tableaux de bord et de rapports d\u2019analyse des donn\u00e9es.","og_url":"https:\/\/modernniagara.com\/fr\/nos-services\/controle-des-batiments\/solutions-dintelligence-des-batiments\/","og_site_name":"Modern Niagara","og_image":[{"width":317,"height":195,"url":"https:\/\/modernniagara.com\/wp-content\/uploads\/services-IBT-building-intelligence_feature_317x195_blue_f.jpg","type":"image\/jpeg"}],"twitter_card":"summary_large_image","schema":{"@context":"https:\/\/schema.org","@graph":[{"@type":"WebPage","@id":"https:\/\/modernniagara.com\/fr\/nos-services\/controle-des-batiments\/solutions-dintelligence-des-batiments\/","url":"https:\/\/modernniagara.com\/fr\/nos-services\/controle-des-batiments\/solutions-dintelligence-des-batiments\/","name":"Solutions d\u2019intelligence de b\u00e2timents | Contr\u00f4le des b\u00e2timents | Modern Niagara","isPartOf":{"@id":"https:\/\/modernniagara.com\/#website"},"primaryImageOfPage":{"@id":"https:\/\/modernniagara.com\/fr\/nos-services\/controle-des-batiments\/solutions-dintelligence-des-batiments\/#primaryimage"},"image":{"@id":"https:\/\/modernniagara.com\/fr\/nos-services\/controle-des-batiments\/solutions-dintelligence-des-batiments\/#primaryimage"},"thumbnailUrl":"https:\/\/modernniagara.com\/wp-content\/uploads\/services-IBT-building-intelligence_feature_317x195_blue_f.jpg","datePublished":"2020-08-21T14:16:06+00:00","description":"Les solutions d\u2019intelligence de b\u00e2timent de Modern Niagara exploitent les informations sur les syst\u00e8mes m\u00e9caniques de votre b\u00e2timent \u00e0 l\u2019aide de tableaux de bord et de rapports d\u2019analyse des donn\u00e9es.","breadcrumb":{"@id":"https:\/\/modernniagara.com\/fr\/nos-services\/controle-des-batiments\/solutions-dintelligence-des-batiments\/#breadcrumb"},"inLanguage":"fr-FR","potentialAction":[{"@type":"ReadAction","target":["https:\/\/modernniagara.com\/fr\/nos-services\/controle-des-batiments\/solutions-dintelligence-des-batiments\/"]}]},{"@type":"ImageObject","inLanguage":"fr-FR","@id":"https:\/\/modernniagara.com\/fr\/nos-services\/controle-des-batiments\/solutions-dintelligence-des-batiments\/#primaryimage","url":"https:\/\/modernniagara.com\/wp-content\/uploads\/services-IBT-building-intelligence_feature_317x195_blue_f.jpg","contentUrl":"https:\/\/modernniagara.com\/wp-content\/uploads\/services-IBT-building-intelligence_feature_317x195_blue_f.jpg","width":317,"height":195,"caption":"A Modern Niagara technician examines the inside of a electrical unit"},{"@type":"BreadcrumbList","@id":"https:\/\/modernniagara.com\/fr\/nos-services\/controle-des-batiments\/solutions-dintelligence-des-batiments\/#breadcrumb","itemListElement":[{"@type":"ListItem","position":1,"name":"Accueil","item":"https:\/\/modernniagara.com\/fr\/"},{"@type":"ListItem","position":2,"name":"Nos services","item":"https:\/\/modernniagara.com\/fr\/nos-services\/"},{"@type":"ListItem","position":3,"name":"Contr\u00f4le des b\u00e2timents","item":"https:\/\/modernniagara.com\/fr\/nos-services\/controle-des-batiments\/"},{"@type":"ListItem","position":4,"name":"Solutions d\u2019intelligence des b\u00e2timents"}]},{"@type":"WebSite","@id":"https:\/\/modernniagara.com\/#website","url":"https:\/\/modernniagara.com\/","name":"Modern Niagara","description":"","potentialAction":[{"@type":"SearchAction","target":{"@type":"EntryPoint","urlTemplate":"https:\/\/modernniagara.com\/?s={search_term_string}"},"query-input":{"@type":"PropertyValueSpecification","valueRequired":true,"valueName":"search_term_string"}}],"inLanguage":"fr-FR"}]}},"_links":{"self":[{"href":"https:\/\/modernniagara.com\/fr\/wp-json\/wp\/v2\/pages\/3318","targetHints":{"allow":["GET"]}}],"collection":[{"href":"https:\/\/modernniagara.com\/fr\/wp-json\/wp\/v2\/pages"}],"about":[{"href":"https:\/\/modernniagara.com\/fr\/wp-json\/wp\/v2\/types\/page"}],"author":[{"embeddable":true,"href":"https:\/\/modernniagara.com\/fr\/wp-json\/wp\/v2\/users\/1"}],"replies":[{"embeddable":true,"href":"https:\/\/modernniagara.com\/fr\/wp-json\/wp\/v2\/comments?post=3318"}],"version-history":[{"count":1,"href":"https:\/\/modernniagara.com\/fr\/wp-json\/wp\/v2\/pages\/3318\/revisions"}],"predecessor-version":[{"id":3319,"href":"https:\/\/modernniagara.com\/fr\/wp-json\/wp\/v2\/pages\/3318\/revisions\/3319"}],"up":[{"embeddable":true,"href":"https:\/\/modernniagara.com\/fr\/wp-json\/wp\/v2\/pages\/3297"}],"wp:featuredmedia":[{"embeddable":true,"href":"https:\/\/modernniagara.com\/fr\/wp-json\/wp\/v2\/media\/4931"}],"wp:attachment":[{"href":"https:\/\/modernniagara.com\/fr\/wp-json\/wp\/v2\/media?parent=3318"}],"curies":[{"name":"wp","href":"https:\/\/api.w.org\/{rel}","templated":true}]}}