{"id":3314,"date":"2020-08-21T10:12:49","date_gmt":"2020-08-21T14:12:49","guid":{"rendered":"https:\/\/modernniagara.com\/?page_id=3314"},"modified":"2020-08-21T10:18:11","modified_gmt":"2020-08-21T14:18:11","slug":"systemes-dautomatisation-du-batiment","status":"publish","type":"page","link":"https:\/\/modernniagara.com\/fr\/nos-services\/controle-des-batiments\/systemes-dautomatisation-du-batiment\/","title":{"rendered":"Syst\u00e8mes d\u2019automatisation du b\u00e2timent"},"content":{"rendered":"<a href=\"https:\/\/modernniagara.com\/wp-content\/uploads\/2019\/05\/MNBC_brochure-web.pdf\" rel=\"noopener noreferrer\"><img loading=\"lazy\" decoding=\"async\" class=\"alignright size-full wp-image-2753\" src=\"https:\/\/modernniagara.com\/wp-content\/uploads\/2019\/05\/thumb-MNBC_brochure.jpg\" alt=\"\" width=\"220\" height=\"285\" \/><\/a>\n<h2>L\u2019automatisation qui r\u00e9pond aux besoins de votre entreprise.<\/h2>\n<p>Un b\u00e2timent enti\u00e8rement int\u00e9gr\u00e9 et automatis\u00e9 peut vous aider \u00e0 r\u00e9duire notamment vos frais d\u2019exploitation, \u00e0 am\u00e9liorer la gestion de l\u2019\u00e9nergie et le confort des occupants. Alors, par o\u00f9 commencer?<\/p>\n<p>Notre \u00e9quipe comp\u00e9tente simplifie l\u2019investissement en automatisation. Gr\u00e2ce \u00e0 notre vaste exp\u00e9rience et \u00e0 notre connaissance des plus r\u00e9centes technologies, nous concevons et installons un syst\u00e8me d\u2019automatisation du b\u00e2timent qui r\u00e9pond \u00e0 vos objectifs commerciaux.<\/p>\n<p>Nous r\u00e9alisons, entretenons et installons des solutions d\u2019automatisation des b\u00e2timents de fournisseurs majeurs \u00e9tablies selon des normes ouvertes et des logiciels ouverts. Cela vous permet d\u2019\u00eatre de profiter des nouvelles technologies, telles que l&rsquo;Internet des objets et les m\u00e9gadonn\u00e9es, \u00e0 mesure qu&rsquo;elles \u00e9mergent. Vous pouvez ainsi tirer le meilleur de vos investissements en automatisation.<\/p>\n","protected":false},"excerpt":{"rendered":"<p>Obtenez des r\u00e9sultats aujourd&rsquo;hui et pour les ann\u00e9es \u00e0 venir gr\u00e2ce \u00e0 un syst\u00e8me d\u2019automatisation qui fonctionne pour vous et votre installation. Nous proposons des solutions personnalis\u00e9es et cl\u00e9 en main ainsi que l\u2019installation et l\u2019entretien pr\u00e9ventif continu.<\/p>\n","protected":false},"author":1,"featured_media":2661,"parent":3297,"menu_order":0,"comment_status":"closed","ping_status":"closed","template":"","meta":{"_acf_changed":false,"footnotes":""},"class_list":["post-3314","page","type-page","status-publish","has-post-thumbnail","hentry"],"acf":[],"yoast_head":"<!-- This site is optimized with the Yoast SEO plugin v27.3 - https:\/\/yoast.com\/product\/yoast-seo-wordpress\/ -->\n<title>Syst\u00e8mes d\u2019automatisation du b\u00e2timent | Contr\u00f4le des b\u00e2timents | Modern Niagara<\/title>\n<meta name=\"description\" content=\"L\u2019\u00e9quipe d\u2019experts de Modern Niagara peut vous aider \u00e0 regrouper et \u00e0 automatiser les syst\u00e8mes m\u00e9caniques de votre b\u00e2timent pour r\u00e9duire les d\u00e9penses, am\u00e9liorer l\u2019efficacit\u00e9 \u00e9nerg\u00e9tique et plus encore.\" \/>\n<meta name=\"robots\" content=\"index, follow, max-snippet:-1, max-image-preview:large, max-video-preview:-1\" \/>\n<link rel=\"canonical\" href=\"https:\/\/modernniagara.com\/fr\/nos-services\/controle-des-batiments\/systemes-dautomatisation-du-batiment\/\" \/>\n<meta property=\"og:locale\" content=\"fr_FR\" \/>\n<meta property=\"og:type\" content=\"article\" \/>\n<meta property=\"og:title\" content=\"Syst\u00e8mes d\u2019automatisation du b\u00e2timent | Contr\u00f4le des b\u00e2timents | Modern Niagara\" \/>\n<meta property=\"og:description\" content=\"L\u2019\u00e9quipe d\u2019experts de Modern Niagara peut vous aider \u00e0 regrouper et \u00e0 automatiser les syst\u00e8mes m\u00e9caniques de votre b\u00e2timent pour r\u00e9duire les d\u00e9penses, am\u00e9liorer l\u2019efficacit\u00e9 \u00e9nerg\u00e9tique et plus encore.\" \/>\n<meta property=\"og:url\" content=\"https:\/\/modernniagara.com\/fr\/nos-services\/controle-des-batiments\/systemes-dautomatisation-du-batiment\/\" \/>\n<meta property=\"og:site_name\" content=\"Modern Niagara\" \/>\n<meta property=\"article:modified_time\" content=\"2020-08-21T14:18:11+00:00\" \/>\n<meta property=\"og:image\" content=\"https:\/\/modernniagara.com\/wp-content\/uploads\/2019\/05\/image-controls-06.png\" \/>\n\t<meta property=\"og:image:width\" content=\"317\" \/>\n\t<meta property=\"og:image:height\" content=\"195\" \/>\n\t<meta property=\"og:image:type\" content=\"image\/png\" \/>\n<meta name=\"twitter:card\" content=\"summary_large_image\" \/>\n<script type=\"application\/ld+json\" class=\"yoast-schema-graph\">{\"@context\":\"https:\\\/\\\/schema.org\",\"@graph\":[{\"@type\":\"WebPage\",\"@id\":\"https:\\\/\\\/modernniagara.com\\\/fr\\\/nos-services\\\/controle-des-batiments\\\/systemes-dautomatisation-du-batiment\\\/\",\"url\":\"https:\\\/\\\/modernniagara.com\\\/fr\\\/nos-services\\\/controle-des-batiments\\\/systemes-dautomatisation-du-batiment\\\/\",\"name\":\"Syst\u00e8mes d\u2019automatisation du b\u00e2timent | Contr\u00f4le des b\u00e2timents | Modern Niagara\",\"isPartOf\":{\"@id\":\"https:\\\/\\\/modernniagara.com\\\/#website\"},\"primaryImageOfPage\":{\"@id\":\"https:\\\/\\\/modernniagara.com\\\/fr\\\/nos-services\\\/controle-des-batiments\\\/systemes-dautomatisation-du-batiment\\\/#primaryimage\"},\"image\":{\"@id\":\"https:\\\/\\\/modernniagara.com\\\/fr\\\/nos-services\\\/controle-des-batiments\\\/systemes-dautomatisation-du-batiment\\\/#primaryimage\"},\"thumbnailUrl\":\"https:\\\/\\\/modernniagara.com\\\/wp-content\\\/uploads\\\/2019\\\/05\\\/image-controls-06.png\",\"datePublished\":\"2020-08-21T14:12:49+00:00\",\"dateModified\":\"2020-08-21T14:18:11+00:00\",\"description\":\"L\u2019\u00e9quipe d\u2019experts de Modern Niagara peut vous aider \u00e0 regrouper et \u00e0 automatiser les syst\u00e8mes m\u00e9caniques de votre b\u00e2timent pour r\u00e9duire les d\u00e9penses, am\u00e9liorer l\u2019efficacit\u00e9 \u00e9nerg\u00e9tique et plus encore.\",\"breadcrumb\":{\"@id\":\"https:\\\/\\\/modernniagara.com\\\/fr\\\/nos-services\\\/controle-des-batiments\\\/systemes-dautomatisation-du-batiment\\\/#breadcrumb\"},\"inLanguage\":\"fr-FR\",\"potentialAction\":[{\"@type\":\"ReadAction\",\"target\":[\"https:\\\/\\\/modernniagara.com\\\/fr\\\/nos-services\\\/controle-des-batiments\\\/systemes-dautomatisation-du-batiment\\\/\"]}]},{\"@type\":\"ImageObject\",\"inLanguage\":\"fr-FR\",\"@id\":\"https:\\\/\\\/modernniagara.com\\\/fr\\\/nos-services\\\/controle-des-batiments\\\/systemes-dautomatisation-du-batiment\\\/#primaryimage\",\"url\":\"https:\\\/\\\/modernniagara.com\\\/wp-content\\\/uploads\\\/2019\\\/05\\\/image-controls-06.png\",\"contentUrl\":\"https:\\\/\\\/modernniagara.com\\\/wp-content\\\/uploads\\\/2019\\\/05\\\/image-controls-06.png\",\"width\":317,\"height\":195},{\"@type\":\"BreadcrumbList\",\"@id\":\"https:\\\/\\\/modernniagara.com\\\/fr\\\/nos-services\\\/controle-des-batiments\\\/systemes-dautomatisation-du-batiment\\\/#breadcrumb\",\"itemListElement\":[{\"@type\":\"ListItem\",\"position\":1,\"name\":\"Accueil\",\"item\":\"https:\\\/\\\/modernniagara.com\\\/fr\\\/\"},{\"@type\":\"ListItem\",\"position\":2,\"name\":\"Nos services\",\"item\":\"https:\\\/\\\/modernniagara.com\\\/fr\\\/nos-services\\\/\"},{\"@type\":\"ListItem\",\"position\":3,\"name\":\"Contr\u00f4le des b\u00e2timents\",\"item\":\"https:\\\/\\\/modernniagara.com\\\/fr\\\/nos-services\\\/controle-des-batiments\\\/\"},{\"@type\":\"ListItem\",\"position\":4,\"name\":\"Syst\u00e8mes d\u2019automatisation du b\u00e2timent\"}]},{\"@type\":\"WebSite\",\"@id\":\"https:\\\/\\\/modernniagara.com\\\/#website\",\"url\":\"https:\\\/\\\/modernniagara.com\\\/\",\"name\":\"Modern Niagara\",\"description\":\"\",\"potentialAction\":[{\"@type\":\"SearchAction\",\"target\":{\"@type\":\"EntryPoint\",\"urlTemplate\":\"https:\\\/\\\/modernniagara.com\\\/?s={search_term_string}\"},\"query-input\":{\"@type\":\"PropertyValueSpecification\",\"valueRequired\":true,\"valueName\":\"search_term_string\"}}],\"inLanguage\":\"fr-FR\"}]}<\/script>\n<!-- \/ Yoast SEO plugin. -->","yoast_head_json":{"title":"Syst\u00e8mes d\u2019automatisation du b\u00e2timent | Contr\u00f4le des b\u00e2timents | Modern Niagara","description":"L\u2019\u00e9quipe d\u2019experts de Modern Niagara peut vous aider \u00e0 regrouper et \u00e0 automatiser les syst\u00e8mes m\u00e9caniques de votre b\u00e2timent pour r\u00e9duire les d\u00e9penses, am\u00e9liorer l\u2019efficacit\u00e9 \u00e9nerg\u00e9tique et plus encore.","robots":{"index":"index","follow":"follow","max-snippet":"max-snippet:-1","max-image-preview":"max-image-preview:large","max-video-preview":"max-video-preview:-1"},"canonical":"https:\/\/modernniagara.com\/fr\/nos-services\/controle-des-batiments\/systemes-dautomatisation-du-batiment\/","og_locale":"fr_FR","og_type":"article","og_title":"Syst\u00e8mes d\u2019automatisation du b\u00e2timent | Contr\u00f4le des b\u00e2timents | Modern Niagara","og_description":"L\u2019\u00e9quipe d\u2019experts de Modern Niagara peut vous aider \u00e0 regrouper et \u00e0 automatiser les syst\u00e8mes m\u00e9caniques de votre b\u00e2timent pour r\u00e9duire les d\u00e9penses, am\u00e9liorer l\u2019efficacit\u00e9 \u00e9nerg\u00e9tique et plus encore.","og_url":"https:\/\/modernniagara.com\/fr\/nos-services\/controle-des-batiments\/systemes-dautomatisation-du-batiment\/","og_site_name":"Modern Niagara","article_modified_time":"2020-08-21T14:18:11+00:00","og_image":[{"width":317,"height":195,"url":"https:\/\/modernniagara.com\/wp-content\/uploads\/2019\/05\/image-controls-06.png","type":"image\/png"}],"twitter_card":"summary_large_image","schema":{"@context":"https:\/\/schema.org","@graph":[{"@type":"WebPage","@id":"https:\/\/modernniagara.com\/fr\/nos-services\/controle-des-batiments\/systemes-dautomatisation-du-batiment\/","url":"https:\/\/modernniagara.com\/fr\/nos-services\/controle-des-batiments\/systemes-dautomatisation-du-batiment\/","name":"Syst\u00e8mes d\u2019automatisation du b\u00e2timent | Contr\u00f4le des b\u00e2timents | Modern Niagara","isPartOf":{"@id":"https:\/\/modernniagara.com\/#website"},"primaryImageOfPage":{"@id":"https:\/\/modernniagara.com\/fr\/nos-services\/controle-des-batiments\/systemes-dautomatisation-du-batiment\/#primaryimage"},"image":{"@id":"https:\/\/modernniagara.com\/fr\/nos-services\/controle-des-batiments\/systemes-dautomatisation-du-batiment\/#primaryimage"},"thumbnailUrl":"https:\/\/modernniagara.com\/wp-content\/uploads\/2019\/05\/image-controls-06.png","datePublished":"2020-08-21T14:12:49+00:00","dateModified":"2020-08-21T14:18:11+00:00","description":"L\u2019\u00e9quipe d\u2019experts de Modern Niagara peut vous aider \u00e0 regrouper et \u00e0 automatiser les syst\u00e8mes m\u00e9caniques de votre b\u00e2timent pour r\u00e9duire les d\u00e9penses, am\u00e9liorer l\u2019efficacit\u00e9 \u00e9nerg\u00e9tique et plus encore.","breadcrumb":{"@id":"https:\/\/modernniagara.com\/fr\/nos-services\/controle-des-batiments\/systemes-dautomatisation-du-batiment\/#breadcrumb"},"inLanguage":"fr-FR","potentialAction":[{"@type":"ReadAction","target":["https:\/\/modernniagara.com\/fr\/nos-services\/controle-des-batiments\/systemes-dautomatisation-du-batiment\/"]}]},{"@type":"ImageObject","inLanguage":"fr-FR","@id":"https:\/\/modernniagara.com\/fr\/nos-services\/controle-des-batiments\/systemes-dautomatisation-du-batiment\/#primaryimage","url":"https:\/\/modernniagara.com\/wp-content\/uploads\/2019\/05\/image-controls-06.png","contentUrl":"https:\/\/modernniagara.com\/wp-content\/uploads\/2019\/05\/image-controls-06.png","width":317,"height":195},{"@type":"BreadcrumbList","@id":"https:\/\/modernniagara.com\/fr\/nos-services\/controle-des-batiments\/systemes-dautomatisation-du-batiment\/#breadcrumb","itemListElement":[{"@type":"ListItem","position":1,"name":"Accueil","item":"https:\/\/modernniagara.com\/fr\/"},{"@type":"ListItem","position":2,"name":"Nos services","item":"https:\/\/modernniagara.com\/fr\/nos-services\/"},{"@type":"ListItem","position":3,"name":"Contr\u00f4le des b\u00e2timents","item":"https:\/\/modernniagara.com\/fr\/nos-services\/controle-des-batiments\/"},{"@type":"ListItem","position":4,"name":"Syst\u00e8mes d\u2019automatisation du b\u00e2timent"}]},{"@type":"WebSite","@id":"https:\/\/modernniagara.com\/#website","url":"https:\/\/modernniagara.com\/","name":"Modern Niagara","description":"","potentialAction":[{"@type":"SearchAction","target":{"@type":"EntryPoint","urlTemplate":"https:\/\/modernniagara.com\/?s={search_term_string}"},"query-input":{"@type":"PropertyValueSpecification","valueRequired":true,"valueName":"search_term_string"}}],"inLanguage":"fr-FR"}]}},"_links":{"self":[{"href":"https:\/\/modernniagara.com\/fr\/wp-json\/wp\/v2\/pages\/3314","targetHints":{"allow":["GET"]}}],"collection":[{"href":"https:\/\/modernniagara.com\/fr\/wp-json\/wp\/v2\/pages"}],"about":[{"href":"https:\/\/modernniagara.com\/fr\/wp-json\/wp\/v2\/types\/page"}],"author":[{"embeddable":true,"href":"https:\/\/modernniagara.com\/fr\/wp-json\/wp\/v2\/users\/1"}],"replies":[{"embeddable":true,"href":"https:\/\/modernniagara.com\/fr\/wp-json\/wp\/v2\/comments?post=3314"}],"version-history":[{"count":3,"href":"https:\/\/modernniagara.com\/fr\/wp-json\/wp\/v2\/pages\/3314\/revisions"}],"predecessor-version":[{"id":3323,"href":"https:\/\/modernniagara.com\/fr\/wp-json\/wp\/v2\/pages\/3314\/revisions\/3323"}],"up":[{"embeddable":true,"href":"https:\/\/modernniagara.com\/fr\/wp-json\/wp\/v2\/pages\/3297"}],"wp:featuredmedia":[{"embeddable":true,"href":"https:\/\/modernniagara.com\/fr\/wp-json\/wp\/v2\/media\/2661"}],"wp:attachment":[{"href":"https:\/\/modernniagara.com\/fr\/wp-json\/wp\/v2\/media?parent=3314"}],"curies":[{"name":"wp","href":"https:\/\/api.w.org\/{rel}","templated":true}]}}