{"id":3306,"date":"2020-08-19T14:53:08","date_gmt":"2020-08-19T18:53:08","guid":{"rendered":"https:\/\/modernniagara.com\/?page_id=3306"},"modified":"2020-08-19T14:53:08","modified_gmt":"2020-08-19T18:53:08","slug":"services-mecaniques","status":"publish","type":"page","link":"https:\/\/modernniagara.com\/fr\/nos-services\/services-mecaniques\/","title":{"rendered":"Services m\u00e9caniques"},"content":{"rendered":"<h2>Pour tous vos besoins en m\u00e9canique.<\/h2>\n<p>Qu&rsquo;il s\u2019agisse d&rsquo;appels de service ponctuels, de constructions \u00e0 partir de z\u00e9ro ou de tout le reste, Modern Niagara est votre guichet unique pour les contrats m\u00e9caniques. Nous concevons, construisons, installons, mettons en service et entretenons des syst\u00e8mes m\u00e9caniques de toutes les tailles et de tous les niveaux de complexit\u00e9, y compris CVC, chaudi\u00e8res et refroidisseurs pour tuyauterie, plomberie, syst\u00e8mes \u00e0 d\u00e9tente directe et syst\u00e8mes d\u2019automatisation des b\u00e2timents. Vous b\u00e9n\u00e9ficierez m\u00eame d&rsquo;un second point de vue d\u2019expert pour l\u2019examen de votre conception, de votre installation, de votre approche et de votre budget.<\/p>\n<p>Notre \u00e9quipe exp\u00e9riment\u00e9e s\u2019assure que votre projet respecte les d\u00e9lais tout en vous garantissant des co\u00fbts avantageux. Si des d\u00e9fis se pr\u00e9sentent, nous ne d\u00e9signons pas de coupable\u00a0: Nous trouvons des solutions, en nous appuyant sur l\u2019expertise multisectorielle de Modern Niagara au besoin.<\/p>\n","protected":false},"excerpt":{"rendered":"<p>Modern Niagara r\u00e9pond aux besoins m\u00e9caniques de votre b\u00e2timent gr\u00e2ce \u00e0 une vaste exp\u00e9rience, une connaissance approfondie de l\u2019industrie et une gamme de services m\u00e9caniques.<\/p>\n","protected":false},"author":1,"featured_media":4939,"parent":3289,"menu_order":4,"comment_status":"closed","ping_status":"closed","template":"","meta":{"_acf_changed":false,"footnotes":""},"class_list":["post-3306","page","type-page","status-publish","has-post-thumbnail","hentry"],"acf":[],"yoast_head":"<!-- This site is optimized with the Yoast SEO plugin v27.3 - https:\/\/yoast.com\/product\/yoast-seo-wordpress\/ -->\n<title>Services m\u00e9caniques | Modern Niagara | Syst\u00e8mes m\u00e9caniques, m\u00e9tal en feuille<\/title>\n<meta name=\"description\" content=\"Modern Niagara r\u00e9pond aux besoins m\u00e9caniques de votre b\u00e2timent gr\u00e2ce \u00e0 une vaste exp\u00e9rience, une connaissance approfondie de l\u2019industrie et une gamme de services m\u00e9caniques.\" \/>\n<meta name=\"robots\" content=\"index, follow, max-snippet:-1, max-image-preview:large, max-video-preview:-1\" \/>\n<link rel=\"canonical\" href=\"https:\/\/modernniagara.com\/fr\/nos-services\/services-mecaniques\/\" \/>\n<meta property=\"og:locale\" content=\"fr_FR\" \/>\n<meta property=\"og:type\" content=\"article\" \/>\n<meta property=\"og:title\" content=\"Services m\u00e9caniques | Modern Niagara | Syst\u00e8mes m\u00e9caniques, m\u00e9tal en feuille\" \/>\n<meta property=\"og:description\" content=\"Modern Niagara r\u00e9pond aux besoins m\u00e9caniques de votre b\u00e2timent gr\u00e2ce \u00e0 une vaste exp\u00e9rience, une connaissance approfondie de l\u2019industrie et une gamme de services m\u00e9caniques.\" \/>\n<meta property=\"og:url\" content=\"https:\/\/modernniagara.com\/fr\/nos-services\/services-mecaniques\/\" \/>\n<meta property=\"og:site_name\" content=\"Modern Niagara\" \/>\n<meta property=\"og:image\" content=\"https:\/\/modernniagara.com\/wp-content\/uploads\/services-mechanical_feature_317x195_blue_f.jpg\" \/>\n\t<meta property=\"og:image:width\" content=\"317\" \/>\n\t<meta property=\"og:image:height\" content=\"195\" \/>\n\t<meta property=\"og:image:type\" content=\"image\/jpeg\" \/>\n<meta name=\"twitter:card\" content=\"summary_large_image\" \/>\n<script type=\"application\/ld+json\" class=\"yoast-schema-graph\">{\"@context\":\"https:\\\/\\\/schema.org\",\"@graph\":[{\"@type\":\"WebPage\",\"@id\":\"https:\\\/\\\/modernniagara.com\\\/fr\\\/nos-services\\\/services-mecaniques\\\/\",\"url\":\"https:\\\/\\\/modernniagara.com\\\/fr\\\/nos-services\\\/services-mecaniques\\\/\",\"name\":\"Services m\u00e9caniques | Modern Niagara | Syst\u00e8mes m\u00e9caniques, m\u00e9tal en feuille\",\"isPartOf\":{\"@id\":\"https:\\\/\\\/modernniagara.com\\\/#website\"},\"primaryImageOfPage\":{\"@id\":\"https:\\\/\\\/modernniagara.com\\\/fr\\\/nos-services\\\/services-mecaniques\\\/#primaryimage\"},\"image\":{\"@id\":\"https:\\\/\\\/modernniagara.com\\\/fr\\\/nos-services\\\/services-mecaniques\\\/#primaryimage\"},\"thumbnailUrl\":\"https:\\\/\\\/modernniagara.com\\\/wp-content\\\/uploads\\\/services-mechanical_feature_317x195_blue_f.jpg\",\"datePublished\":\"2020-08-19T18:53:08+00:00\",\"description\":\"Modern Niagara r\u00e9pond aux besoins m\u00e9caniques de votre b\u00e2timent gr\u00e2ce \u00e0 une vaste exp\u00e9rience, une connaissance approfondie de l\u2019industrie et une gamme de services m\u00e9caniques.\",\"breadcrumb\":{\"@id\":\"https:\\\/\\\/modernniagara.com\\\/fr\\\/nos-services\\\/services-mecaniques\\\/#breadcrumb\"},\"inLanguage\":\"fr-FR\",\"potentialAction\":[{\"@type\":\"ReadAction\",\"target\":[\"https:\\\/\\\/modernniagara.com\\\/fr\\\/nos-services\\\/services-mecaniques\\\/\"]}]},{\"@type\":\"ImageObject\",\"inLanguage\":\"fr-FR\",\"@id\":\"https:\\\/\\\/modernniagara.com\\\/fr\\\/nos-services\\\/services-mecaniques\\\/#primaryimage\",\"url\":\"https:\\\/\\\/modernniagara.com\\\/wp-content\\\/uploads\\\/services-mechanical_feature_317x195_blue_f.jpg\",\"contentUrl\":\"https:\\\/\\\/modernniagara.com\\\/wp-content\\\/uploads\\\/services-mechanical_feature_317x195_blue_f.jpg\",\"width\":317,\"height\":195},{\"@type\":\"BreadcrumbList\",\"@id\":\"https:\\\/\\\/modernniagara.com\\\/fr\\\/nos-services\\\/services-mecaniques\\\/#breadcrumb\",\"itemListElement\":[{\"@type\":\"ListItem\",\"position\":1,\"name\":\"Accueil\",\"item\":\"https:\\\/\\\/modernniagara.com\\\/fr\\\/\"},{\"@type\":\"ListItem\",\"position\":2,\"name\":\"Nos services\",\"item\":\"https:\\\/\\\/modernniagara.com\\\/fr\\\/nos-services\\\/\"},{\"@type\":\"ListItem\",\"position\":3,\"name\":\"Services m\u00e9caniques\"}]},{\"@type\":\"WebSite\",\"@id\":\"https:\\\/\\\/modernniagara.com\\\/#website\",\"url\":\"https:\\\/\\\/modernniagara.com\\\/\",\"name\":\"Modern Niagara\",\"description\":\"\",\"potentialAction\":[{\"@type\":\"SearchAction\",\"target\":{\"@type\":\"EntryPoint\",\"urlTemplate\":\"https:\\\/\\\/modernniagara.com\\\/?s={search_term_string}\"},\"query-input\":{\"@type\":\"PropertyValueSpecification\",\"valueRequired\":true,\"valueName\":\"search_term_string\"}}],\"inLanguage\":\"fr-FR\"}]}<\/script>\n<!-- \/ Yoast SEO plugin. -->","yoast_head_json":{"title":"Services m\u00e9caniques | Modern Niagara | Syst\u00e8mes m\u00e9caniques, m\u00e9tal en feuille","description":"Modern Niagara r\u00e9pond aux besoins m\u00e9caniques de votre b\u00e2timent gr\u00e2ce \u00e0 une vaste exp\u00e9rience, une connaissance approfondie de l\u2019industrie et une gamme de services m\u00e9caniques.","robots":{"index":"index","follow":"follow","max-snippet":"max-snippet:-1","max-image-preview":"max-image-preview:large","max-video-preview":"max-video-preview:-1"},"canonical":"https:\/\/modernniagara.com\/fr\/nos-services\/services-mecaniques\/","og_locale":"fr_FR","og_type":"article","og_title":"Services m\u00e9caniques | Modern Niagara | Syst\u00e8mes m\u00e9caniques, m\u00e9tal en feuille","og_description":"Modern Niagara r\u00e9pond aux besoins m\u00e9caniques de votre b\u00e2timent gr\u00e2ce \u00e0 une vaste exp\u00e9rience, une connaissance approfondie de l\u2019industrie et une gamme de services m\u00e9caniques.","og_url":"https:\/\/modernniagara.com\/fr\/nos-services\/services-mecaniques\/","og_site_name":"Modern Niagara","og_image":[{"width":317,"height":195,"url":"https:\/\/modernniagara.com\/wp-content\/uploads\/services-mechanical_feature_317x195_blue_f.jpg","type":"image\/jpeg"}],"twitter_card":"summary_large_image","schema":{"@context":"https:\/\/schema.org","@graph":[{"@type":"WebPage","@id":"https:\/\/modernniagara.com\/fr\/nos-services\/services-mecaniques\/","url":"https:\/\/modernniagara.com\/fr\/nos-services\/services-mecaniques\/","name":"Services m\u00e9caniques | Modern Niagara | Syst\u00e8mes m\u00e9caniques, m\u00e9tal en feuille","isPartOf":{"@id":"https:\/\/modernniagara.com\/#website"},"primaryImageOfPage":{"@id":"https:\/\/modernniagara.com\/fr\/nos-services\/services-mecaniques\/#primaryimage"},"image":{"@id":"https:\/\/modernniagara.com\/fr\/nos-services\/services-mecaniques\/#primaryimage"},"thumbnailUrl":"https:\/\/modernniagara.com\/wp-content\/uploads\/services-mechanical_feature_317x195_blue_f.jpg","datePublished":"2020-08-19T18:53:08+00:00","description":"Modern Niagara r\u00e9pond aux besoins m\u00e9caniques de votre b\u00e2timent gr\u00e2ce \u00e0 une vaste exp\u00e9rience, une connaissance approfondie de l\u2019industrie et une gamme de services m\u00e9caniques.","breadcrumb":{"@id":"https:\/\/modernniagara.com\/fr\/nos-services\/services-mecaniques\/#breadcrumb"},"inLanguage":"fr-FR","potentialAction":[{"@type":"ReadAction","target":["https:\/\/modernniagara.com\/fr\/nos-services\/services-mecaniques\/"]}]},{"@type":"ImageObject","inLanguage":"fr-FR","@id":"https:\/\/modernniagara.com\/fr\/nos-services\/services-mecaniques\/#primaryimage","url":"https:\/\/modernniagara.com\/wp-content\/uploads\/services-mechanical_feature_317x195_blue_f.jpg","contentUrl":"https:\/\/modernniagara.com\/wp-content\/uploads\/services-mechanical_feature_317x195_blue_f.jpg","width":317,"height":195},{"@type":"BreadcrumbList","@id":"https:\/\/modernniagara.com\/fr\/nos-services\/services-mecaniques\/#breadcrumb","itemListElement":[{"@type":"ListItem","position":1,"name":"Accueil","item":"https:\/\/modernniagara.com\/fr\/"},{"@type":"ListItem","position":2,"name":"Nos services","item":"https:\/\/modernniagara.com\/fr\/nos-services\/"},{"@type":"ListItem","position":3,"name":"Services m\u00e9caniques"}]},{"@type":"WebSite","@id":"https:\/\/modernniagara.com\/#website","url":"https:\/\/modernniagara.com\/","name":"Modern Niagara","description":"","potentialAction":[{"@type":"SearchAction","target":{"@type":"EntryPoint","urlTemplate":"https:\/\/modernniagara.com\/?s={search_term_string}"},"query-input":{"@type":"PropertyValueSpecification","valueRequired":true,"valueName":"search_term_string"}}],"inLanguage":"fr-FR"}]}},"_links":{"self":[{"href":"https:\/\/modernniagara.com\/fr\/wp-json\/wp\/v2\/pages\/3306","targetHints":{"allow":["GET"]}}],"collection":[{"href":"https:\/\/modernniagara.com\/fr\/wp-json\/wp\/v2\/pages"}],"about":[{"href":"https:\/\/modernniagara.com\/fr\/wp-json\/wp\/v2\/types\/page"}],"author":[{"embeddable":true,"href":"https:\/\/modernniagara.com\/fr\/wp-json\/wp\/v2\/users\/1"}],"replies":[{"embeddable":true,"href":"https:\/\/modernniagara.com\/fr\/wp-json\/wp\/v2\/comments?post=3306"}],"version-history":[{"count":1,"href":"https:\/\/modernniagara.com\/fr\/wp-json\/wp\/v2\/pages\/3306\/revisions"}],"predecessor-version":[{"id":3307,"href":"https:\/\/modernniagara.com\/fr\/wp-json\/wp\/v2\/pages\/3306\/revisions\/3307"}],"up":[{"embeddable":true,"href":"https:\/\/modernniagara.com\/fr\/wp-json\/wp\/v2\/pages\/3289"}],"wp:featuredmedia":[{"embeddable":true,"href":"https:\/\/modernniagara.com\/fr\/wp-json\/wp\/v2\/media\/4939"}],"wp:attachment":[{"href":"https:\/\/modernniagara.com\/fr\/wp-json\/wp\/v2\/media?parent=3306"}],"curies":[{"name":"wp","href":"https:\/\/api.w.org\/{rel}","templated":true}]}}