{"id":3303,"date":"2020-08-19T14:48:32","date_gmt":"2020-08-19T18:48:32","guid":{"rendered":"https:\/\/modernniagara.com\/?page_id=3303"},"modified":"2020-08-19T14:48:32","modified_gmt":"2020-08-19T18:48:32","slug":"services-electriques","status":"publish","type":"page","link":"https:\/\/modernniagara.com\/fr\/nos-services\/services-electriques\/","title":{"rendered":"Services \u00e9lectriques"},"content":{"rendered":"<img loading=\"lazy\" decoding=\"async\" class=\"alignright size-full wp-image-2759\" src=\"https:\/\/modernniagara.com\/wp-content\/uploads\/2019\/05\/electrical-map.png\" alt=\"\" width=\"320\" height=\"320\" srcset=\"https:\/\/modernniagara.com\/wp-content\/uploads\/2019\/05\/electrical-map.png 320w, https:\/\/modernniagara.com\/wp-content\/uploads\/2019\/05\/electrical-map-150x150.png 150w, https:\/\/modernniagara.com\/wp-content\/uploads\/2019\/05\/electrical-map-300x300.png 300w\" sizes=\"auto, (max-width: 320px) 100vw, 320px\" \/>\n<h2>Une exp\u00e9rience et une expertise \u00e9lectrique sur lesquelles vous pouvez compter.<\/h2>\n<p>Que votre projet consiste en une r\u00e9novation ou une construction neuve, nous offrons une gamme compl\u00e8te de services \u00e9lectriques pour connecter votre b\u00e2timent et le faire fonctionner. Nous avons plus de 80 ans d\u2019exp\u00e9rience en \u00e9lectricit\u00e9 et une expertise sectorielle \u00e0 Toronto, \u00e0 la baie de Quinte, dans la r\u00e9gion du fleuve Saint-Laurent et \u00e0 Ottawa.<\/p>\n<p>Nous pouvons tout c\u00e2bler, des contr\u00f4les d&rsquo;acc\u00e8s basse tension \u00e0 l\u2019automatisation des b\u00e2timents en passant par les syst\u00e8mes de distribution haute tension. Nous entretiendrons ces syst\u00e8mes \u00e0 long terme pour garantir des rendements \u00e9lev\u00e9s tout au long de leur cycle de vie. En tant que membres d\u2019une \u00e9quipe offrant un service complet, nous puisons dans d\u2019autres comp\u00e9tences lorsqu\u2019il faut adopter une approche multidisciplinaire pour faire fonctionner les syst\u00e8mes de votre b\u00e2timent.<\/p>\n<p>Nous effectuons toutes nos activit\u00e9s en nous conformant aux normes les plus \u00e9lev\u00e9es de service \u00e0 la client\u00e8le et d\u2019ex\u00e9cution de projet. Nous misons sur la s\u00e9curit\u00e9 ainsi que le respect des \u00e9ch\u00e9ances et du budget.<\/p>\n","protected":false},"excerpt":{"rendered":"<p>Modern Niagara peut r\u00e9pondre aux besoins \u00e9lectriques de votre b\u00e2timent gr\u00e2ce \u00e0 ses vastes capacit\u00e9s et \u00e0 son exp\u00e9rience dans tous les secteurs, types de b\u00e2timents et processus d\u2019usine.<\/p>\n","protected":false},"author":1,"featured_media":4710,"parent":3289,"menu_order":3,"comment_status":"closed","ping_status":"closed","template":"","meta":{"_acf_changed":false,"footnotes":""},"class_list":["post-3303","page","type-page","status-publish","has-post-thumbnail","hentry"],"acf":[],"yoast_head":"<!-- This site is optimized with the Yoast SEO plugin v27.5 - https:\/\/yoast.com\/product\/yoast-seo-wordpress\/ -->\n<title>Services \u00e9lectriques | Modern Niagara<\/title>\n<meta name=\"description\" content=\"Modern Niagara peut r\u00e9pondre aux besoins \u00e9lectriques de votre b\u00e2timent gr\u00e2ce \u00e0 ses vastes capacit\u00e9s et \u00e0 son exp\u00e9rience dans tous les secteurs, types de b\u00e2timents et processus d\u2019usine.\" \/>\n<meta name=\"robots\" content=\"index, follow, max-snippet:-1, max-image-preview:large, max-video-preview:-1\" \/>\n<link rel=\"canonical\" href=\"https:\/\/modernniagara.com\/fr\/nos-services\/services-electriques\/\" \/>\n<meta property=\"og:locale\" content=\"fr_FR\" \/>\n<meta property=\"og:type\" content=\"article\" \/>\n<meta property=\"og:title\" content=\"Services \u00e9lectriques | Modern Niagara\" \/>\n<meta property=\"og:description\" content=\"Modern Niagara peut r\u00e9pondre aux besoins \u00e9lectriques de votre b\u00e2timent gr\u00e2ce \u00e0 ses vastes capacit\u00e9s et \u00e0 son exp\u00e9rience dans tous les secteurs, types de b\u00e2timents et processus d\u2019usine.\" \/>\n<meta property=\"og:url\" content=\"https:\/\/modernniagara.com\/fr\/nos-services\/services-electriques\/\" \/>\n<meta property=\"og:site_name\" content=\"Modern Niagara\" \/>\n<meta property=\"og:image\" content=\"https:\/\/modernniagara.com\/wp-content\/uploads\/image-electrical.png\" \/>\n\t<meta property=\"og:image:width\" content=\"634\" \/>\n\t<meta property=\"og:image:height\" content=\"390\" \/>\n\t<meta property=\"og:image:type\" content=\"image\/png\" \/>\n<meta name=\"twitter:card\" content=\"summary_large_image\" \/>\n<script type=\"application\/ld+json\" class=\"yoast-schema-graph\">{\"@context\":\"https:\\\/\\\/schema.org\",\"@graph\":[{\"@type\":\"WebPage\",\"@id\":\"https:\\\/\\\/modernniagara.com\\\/fr\\\/nos-services\\\/services-electriques\\\/\",\"url\":\"https:\\\/\\\/modernniagara.com\\\/fr\\\/nos-services\\\/services-electriques\\\/\",\"name\":\"Services \u00e9lectriques | Modern Niagara\",\"isPartOf\":{\"@id\":\"https:\\\/\\\/modernniagara.com\\\/#website\"},\"primaryImageOfPage\":{\"@id\":\"https:\\\/\\\/modernniagara.com\\\/fr\\\/nos-services\\\/services-electriques\\\/#primaryimage\"},\"image\":{\"@id\":\"https:\\\/\\\/modernniagara.com\\\/fr\\\/nos-services\\\/services-electriques\\\/#primaryimage\"},\"thumbnailUrl\":\"https:\\\/\\\/modernniagara.com\\\/wp-content\\\/uploads\\\/image-electrical.png\",\"datePublished\":\"2020-08-19T18:48:32+00:00\",\"description\":\"Modern Niagara peut r\u00e9pondre aux besoins \u00e9lectriques de votre b\u00e2timent gr\u00e2ce \u00e0 ses vastes capacit\u00e9s et \u00e0 son exp\u00e9rience dans tous les secteurs, types de b\u00e2timents et processus d\u2019usine.\",\"breadcrumb\":{\"@id\":\"https:\\\/\\\/modernniagara.com\\\/fr\\\/nos-services\\\/services-electriques\\\/#breadcrumb\"},\"inLanguage\":\"fr-FR\",\"potentialAction\":[{\"@type\":\"ReadAction\",\"target\":[\"https:\\\/\\\/modernniagara.com\\\/fr\\\/nos-services\\\/services-electriques\\\/\"]}]},{\"@type\":\"ImageObject\",\"inLanguage\":\"fr-FR\",\"@id\":\"https:\\\/\\\/modernniagara.com\\\/fr\\\/nos-services\\\/services-electriques\\\/#primaryimage\",\"url\":\"https:\\\/\\\/modernniagara.com\\\/wp-content\\\/uploads\\\/image-electrical.png\",\"contentUrl\":\"https:\\\/\\\/modernniagara.com\\\/wp-content\\\/uploads\\\/image-electrical.png\",\"width\":634,\"height\":390},{\"@type\":\"BreadcrumbList\",\"@id\":\"https:\\\/\\\/modernniagara.com\\\/fr\\\/nos-services\\\/services-electriques\\\/#breadcrumb\",\"itemListElement\":[{\"@type\":\"ListItem\",\"position\":1,\"name\":\"Accueil\",\"item\":\"https:\\\/\\\/modernniagara.com\\\/fr\\\/\"},{\"@type\":\"ListItem\",\"position\":2,\"name\":\"Nos services\",\"item\":\"https:\\\/\\\/modernniagara.com\\\/fr\\\/nos-services\\\/\"},{\"@type\":\"ListItem\",\"position\":3,\"name\":\"Services \u00e9lectriques\"}]},{\"@type\":\"WebSite\",\"@id\":\"https:\\\/\\\/modernniagara.com\\\/#website\",\"url\":\"https:\\\/\\\/modernniagara.com\\\/\",\"name\":\"Modern Niagara\",\"description\":\"\",\"potentialAction\":[{\"@type\":\"SearchAction\",\"target\":{\"@type\":\"EntryPoint\",\"urlTemplate\":\"https:\\\/\\\/modernniagara.com\\\/?s={search_term_string}\"},\"query-input\":{\"@type\":\"PropertyValueSpecification\",\"valueRequired\":true,\"valueName\":\"search_term_string\"}}],\"inLanguage\":\"fr-FR\"}]}<\/script>\n<!-- \/ Yoast SEO plugin. -->","yoast_head_json":{"title":"Services \u00e9lectriques | Modern Niagara","description":"Modern Niagara peut r\u00e9pondre aux besoins \u00e9lectriques de votre b\u00e2timent gr\u00e2ce \u00e0 ses vastes capacit\u00e9s et \u00e0 son exp\u00e9rience dans tous les secteurs, types de b\u00e2timents et processus d\u2019usine.","robots":{"index":"index","follow":"follow","max-snippet":"max-snippet:-1","max-image-preview":"max-image-preview:large","max-video-preview":"max-video-preview:-1"},"canonical":"https:\/\/modernniagara.com\/fr\/nos-services\/services-electriques\/","og_locale":"fr_FR","og_type":"article","og_title":"Services \u00e9lectriques | Modern Niagara","og_description":"Modern Niagara peut r\u00e9pondre aux besoins \u00e9lectriques de votre b\u00e2timent gr\u00e2ce \u00e0 ses vastes capacit\u00e9s et \u00e0 son exp\u00e9rience dans tous les secteurs, types de b\u00e2timents et processus d\u2019usine.","og_url":"https:\/\/modernniagara.com\/fr\/nos-services\/services-electriques\/","og_site_name":"Modern Niagara","og_image":[{"width":634,"height":390,"url":"https:\/\/modernniagara.com\/wp-content\/uploads\/image-electrical.png","type":"image\/png"}],"twitter_card":"summary_large_image","schema":{"@context":"https:\/\/schema.org","@graph":[{"@type":"WebPage","@id":"https:\/\/modernniagara.com\/fr\/nos-services\/services-electriques\/","url":"https:\/\/modernniagara.com\/fr\/nos-services\/services-electriques\/","name":"Services \u00e9lectriques | Modern Niagara","isPartOf":{"@id":"https:\/\/modernniagara.com\/#website"},"primaryImageOfPage":{"@id":"https:\/\/modernniagara.com\/fr\/nos-services\/services-electriques\/#primaryimage"},"image":{"@id":"https:\/\/modernniagara.com\/fr\/nos-services\/services-electriques\/#primaryimage"},"thumbnailUrl":"https:\/\/modernniagara.com\/wp-content\/uploads\/image-electrical.png","datePublished":"2020-08-19T18:48:32+00:00","description":"Modern Niagara peut r\u00e9pondre aux besoins \u00e9lectriques de votre b\u00e2timent gr\u00e2ce \u00e0 ses vastes capacit\u00e9s et \u00e0 son exp\u00e9rience dans tous les secteurs, types de b\u00e2timents et processus d\u2019usine.","breadcrumb":{"@id":"https:\/\/modernniagara.com\/fr\/nos-services\/services-electriques\/#breadcrumb"},"inLanguage":"fr-FR","potentialAction":[{"@type":"ReadAction","target":["https:\/\/modernniagara.com\/fr\/nos-services\/services-electriques\/"]}]},{"@type":"ImageObject","inLanguage":"fr-FR","@id":"https:\/\/modernniagara.com\/fr\/nos-services\/services-electriques\/#primaryimage","url":"https:\/\/modernniagara.com\/wp-content\/uploads\/image-electrical.png","contentUrl":"https:\/\/modernniagara.com\/wp-content\/uploads\/image-electrical.png","width":634,"height":390},{"@type":"BreadcrumbList","@id":"https:\/\/modernniagara.com\/fr\/nos-services\/services-electriques\/#breadcrumb","itemListElement":[{"@type":"ListItem","position":1,"name":"Accueil","item":"https:\/\/modernniagara.com\/fr\/"},{"@type":"ListItem","position":2,"name":"Nos services","item":"https:\/\/modernniagara.com\/fr\/nos-services\/"},{"@type":"ListItem","position":3,"name":"Services \u00e9lectriques"}]},{"@type":"WebSite","@id":"https:\/\/modernniagara.com\/#website","url":"https:\/\/modernniagara.com\/","name":"Modern Niagara","description":"","potentialAction":[{"@type":"SearchAction","target":{"@type":"EntryPoint","urlTemplate":"https:\/\/modernniagara.com\/?s={search_term_string}"},"query-input":{"@type":"PropertyValueSpecification","valueRequired":true,"valueName":"search_term_string"}}],"inLanguage":"fr-FR"}]}},"_links":{"self":[{"href":"https:\/\/modernniagara.com\/fr\/wp-json\/wp\/v2\/pages\/3303","targetHints":{"allow":["GET"]}}],"collection":[{"href":"https:\/\/modernniagara.com\/fr\/wp-json\/wp\/v2\/pages"}],"about":[{"href":"https:\/\/modernniagara.com\/fr\/wp-json\/wp\/v2\/types\/page"}],"author":[{"embeddable":true,"href":"https:\/\/modernniagara.com\/fr\/wp-json\/wp\/v2\/users\/1"}],"replies":[{"embeddable":true,"href":"https:\/\/modernniagara.com\/fr\/wp-json\/wp\/v2\/comments?post=3303"}],"version-history":[{"count":1,"href":"https:\/\/modernniagara.com\/fr\/wp-json\/wp\/v2\/pages\/3303\/revisions"}],"predecessor-version":[{"id":3304,"href":"https:\/\/modernniagara.com\/fr\/wp-json\/wp\/v2\/pages\/3303\/revisions\/3304"}],"up":[{"embeddable":true,"href":"https:\/\/modernniagara.com\/fr\/wp-json\/wp\/v2\/pages\/3289"}],"wp:featuredmedia":[{"embeddable":true,"href":"https:\/\/modernniagara.com\/fr\/wp-json\/wp\/v2\/media\/4710"}],"wp:attachment":[{"href":"https:\/\/modernniagara.com\/fr\/wp-json\/wp\/v2\/media?parent=3303"}],"curies":[{"name":"wp","href":"https:\/\/api.w.org\/{rel}","templated":true}]}}