{"id":3301,"date":"2020-08-19T14:44:05","date_gmt":"2020-08-19T18:44:05","guid":{"rendered":"https:\/\/modernniagara.com\/?page_id=3301"},"modified":"2020-08-19T14:44:05","modified_gmt":"2020-08-19T18:44:05","slug":"services-dimmeubles-modern-niagara","status":"publish","type":"page","link":"https:\/\/modernniagara.com\/fr\/nos-services\/services-dimmeubles-modern-niagara\/","title":{"rendered":"Services d\u2019immeubles"},"content":{"rendered":"<h2>Des solutions sur mesure pour les besoins de votre b\u00e2timent<\/h2>\n<p>M\u00eame l\u2019immeuble le plus simple comporte un m\u00e9lange complexe de syst\u00e8mes et de technologies devant r\u00e9pondre aux besoins des locataires. C\u2019est pourquoi nous adaptons nos services d\u2019immeubles \u00e0 votre propri\u00e9t\u00e9 et \u00e0 vos objectifs commerciaux.<\/p>\n<p>Nous vous facilitons la t\u00e2che pour les b\u00e2timents r\u00e9sidentiels et commerciaux ainsi que pour les sites institutionnels et industriels sp\u00e9cialis\u00e9s, comme les centres de donn\u00e9es et les \u00e9tablissements de sant\u00e9.<\/p>\n<p>Nous sommes \u00e0 la table de direction avec vous lorsque vous avez des d\u00e9cisions \u00e0 long terme \u00e0 prendre. Nous observons de pr\u00e8s vos \u00e9quipes op\u00e9rationnelles pour comprendre les pressions auxquelles elles sont confront\u00e9es. Nous vous offrons un soutien pour la gestion des installations afin d\u2019augmenter votre capacit\u00e9 op\u00e9rationnelle interne lorsque vous en avez besoin. Nous sommes un partenaire au service de vos b\u00e2timents.<\/p>\n","protected":false},"excerpt":{"rendered":"<p>Notre \u00e9quipe de services d\u2019immeubles peut vous aider \u00e0 favoriser l\u2019efficacit\u00e9, la durabilit\u00e9 et les \u00e9conomies. <\/p>\n","protected":false},"author":1,"featured_media":4899,"parent":3289,"menu_order":2,"comment_status":"closed","ping_status":"closed","template":"","meta":{"_acf_changed":false,"footnotes":""},"class_list":["post-3301","page","type-page","status-publish","has-post-thumbnail","hentry"],"acf":[],"yoast_head":"<!-- This site is optimized with the Yoast SEO plugin v27.3 - https:\/\/yoast.com\/product\/yoast-seo-wordpress\/ -->\n<title>Services d\u2019immeubles - Modern Niagara<\/title>\n<meta name=\"description\" content=\"Notre \u00e9quipe de services d\u2019immeubles peut vous aider \u00e0 favoriser l\u2019efficacit\u00e9, la durabilit\u00e9 et les \u00e9conomies.\" \/>\n<meta name=\"robots\" content=\"index, follow, max-snippet:-1, max-image-preview:large, max-video-preview:-1\" \/>\n<link rel=\"canonical\" href=\"https:\/\/modernniagara.com\/fr\/nos-services\/services-dimmeubles-modern-niagara\/\" \/>\n<meta property=\"og:locale\" content=\"fr_FR\" \/>\n<meta property=\"og:type\" content=\"article\" \/>\n<meta property=\"og:title\" content=\"Services d\u2019immeubles - Modern Niagara\" \/>\n<meta property=\"og:description\" content=\"Notre \u00e9quipe de services d\u2019immeubles peut vous aider \u00e0 favoriser l\u2019efficacit\u00e9, la durabilit\u00e9 et les \u00e9conomies.\" \/>\n<meta property=\"og:url\" content=\"https:\/\/modernniagara.com\/fr\/nos-services\/services-dimmeubles-modern-niagara\/\" \/>\n<meta property=\"og:site_name\" content=\"Modern Niagara\" \/>\n<meta property=\"og:image\" content=\"https:\/\/modernniagara.com\/wp-content\/uploads\/services_building_services_feature_317x195_blue_f.jpg\" \/>\n\t<meta property=\"og:image:width\" content=\"317\" \/>\n\t<meta property=\"og:image:height\" content=\"195\" \/>\n\t<meta property=\"og:image:type\" content=\"image\/jpeg\" \/>\n<meta name=\"twitter:card\" content=\"summary_large_image\" \/>\n<script type=\"application\/ld+json\" class=\"yoast-schema-graph\">{\"@context\":\"https:\\\/\\\/schema.org\",\"@graph\":[{\"@type\":\"WebPage\",\"@id\":\"https:\\\/\\\/modernniagara.com\\\/fr\\\/nos-services\\\/services-dimmeubles-modern-niagara\\\/\",\"url\":\"https:\\\/\\\/modernniagara.com\\\/fr\\\/nos-services\\\/services-dimmeubles-modern-niagara\\\/\",\"name\":\"Services d\u2019immeubles - Modern Niagara\",\"isPartOf\":{\"@id\":\"https:\\\/\\\/modernniagara.com\\\/#website\"},\"primaryImageOfPage\":{\"@id\":\"https:\\\/\\\/modernniagara.com\\\/fr\\\/nos-services\\\/services-dimmeubles-modern-niagara\\\/#primaryimage\"},\"image\":{\"@id\":\"https:\\\/\\\/modernniagara.com\\\/fr\\\/nos-services\\\/services-dimmeubles-modern-niagara\\\/#primaryimage\"},\"thumbnailUrl\":\"https:\\\/\\\/modernniagara.com\\\/wp-content\\\/uploads\\\/services_building_services_feature_317x195_blue_f.jpg\",\"datePublished\":\"2020-08-19T18:44:05+00:00\",\"description\":\"Notre \u00e9quipe de services d\u2019immeubles peut vous aider \u00e0 favoriser l\u2019efficacit\u00e9, la durabilit\u00e9 et les \u00e9conomies.\",\"breadcrumb\":{\"@id\":\"https:\\\/\\\/modernniagara.com\\\/fr\\\/nos-services\\\/services-dimmeubles-modern-niagara\\\/#breadcrumb\"},\"inLanguage\":\"fr-FR\",\"potentialAction\":[{\"@type\":\"ReadAction\",\"target\":[\"https:\\\/\\\/modernniagara.com\\\/fr\\\/nos-services\\\/services-dimmeubles-modern-niagara\\\/\"]}]},{\"@type\":\"ImageObject\",\"inLanguage\":\"fr-FR\",\"@id\":\"https:\\\/\\\/modernniagara.com\\\/fr\\\/nos-services\\\/services-dimmeubles-modern-niagara\\\/#primaryimage\",\"url\":\"https:\\\/\\\/modernniagara.com\\\/wp-content\\\/uploads\\\/services_building_services_feature_317x195_blue_f.jpg\",\"contentUrl\":\"https:\\\/\\\/modernniagara.com\\\/wp-content\\\/uploads\\\/services_building_services_feature_317x195_blue_f.jpg\",\"width\":317,\"height\":195},{\"@type\":\"BreadcrumbList\",\"@id\":\"https:\\\/\\\/modernniagara.com\\\/fr\\\/nos-services\\\/services-dimmeubles-modern-niagara\\\/#breadcrumb\",\"itemListElement\":[{\"@type\":\"ListItem\",\"position\":1,\"name\":\"Accueil\",\"item\":\"https:\\\/\\\/modernniagara.com\\\/fr\\\/\"},{\"@type\":\"ListItem\",\"position\":2,\"name\":\"Nos services\",\"item\":\"https:\\\/\\\/modernniagara.com\\\/fr\\\/nos-services\\\/\"},{\"@type\":\"ListItem\",\"position\":3,\"name\":\"Services d\u2019immeubles\"}]},{\"@type\":\"WebSite\",\"@id\":\"https:\\\/\\\/modernniagara.com\\\/#website\",\"url\":\"https:\\\/\\\/modernniagara.com\\\/\",\"name\":\"Modern Niagara\",\"description\":\"\",\"potentialAction\":[{\"@type\":\"SearchAction\",\"target\":{\"@type\":\"EntryPoint\",\"urlTemplate\":\"https:\\\/\\\/modernniagara.com\\\/?s={search_term_string}\"},\"query-input\":{\"@type\":\"PropertyValueSpecification\",\"valueRequired\":true,\"valueName\":\"search_term_string\"}}],\"inLanguage\":\"fr-FR\"}]}<\/script>\n<!-- \/ Yoast SEO plugin. -->","yoast_head_json":{"title":"Services d\u2019immeubles - Modern Niagara","description":"Notre \u00e9quipe de services d\u2019immeubles peut vous aider \u00e0 favoriser l\u2019efficacit\u00e9, la durabilit\u00e9 et les \u00e9conomies.","robots":{"index":"index","follow":"follow","max-snippet":"max-snippet:-1","max-image-preview":"max-image-preview:large","max-video-preview":"max-video-preview:-1"},"canonical":"https:\/\/modernniagara.com\/fr\/nos-services\/services-dimmeubles-modern-niagara\/","og_locale":"fr_FR","og_type":"article","og_title":"Services d\u2019immeubles - Modern Niagara","og_description":"Notre \u00e9quipe de services d\u2019immeubles peut vous aider \u00e0 favoriser l\u2019efficacit\u00e9, la durabilit\u00e9 et les \u00e9conomies.","og_url":"https:\/\/modernniagara.com\/fr\/nos-services\/services-dimmeubles-modern-niagara\/","og_site_name":"Modern Niagara","og_image":[{"width":317,"height":195,"url":"https:\/\/modernniagara.com\/wp-content\/uploads\/services_building_services_feature_317x195_blue_f.jpg","type":"image\/jpeg"}],"twitter_card":"summary_large_image","schema":{"@context":"https:\/\/schema.org","@graph":[{"@type":"WebPage","@id":"https:\/\/modernniagara.com\/fr\/nos-services\/services-dimmeubles-modern-niagara\/","url":"https:\/\/modernniagara.com\/fr\/nos-services\/services-dimmeubles-modern-niagara\/","name":"Services d\u2019immeubles - Modern Niagara","isPartOf":{"@id":"https:\/\/modernniagara.com\/#website"},"primaryImageOfPage":{"@id":"https:\/\/modernniagara.com\/fr\/nos-services\/services-dimmeubles-modern-niagara\/#primaryimage"},"image":{"@id":"https:\/\/modernniagara.com\/fr\/nos-services\/services-dimmeubles-modern-niagara\/#primaryimage"},"thumbnailUrl":"https:\/\/modernniagara.com\/wp-content\/uploads\/services_building_services_feature_317x195_blue_f.jpg","datePublished":"2020-08-19T18:44:05+00:00","description":"Notre \u00e9quipe de services d\u2019immeubles peut vous aider \u00e0 favoriser l\u2019efficacit\u00e9, la durabilit\u00e9 et les \u00e9conomies.","breadcrumb":{"@id":"https:\/\/modernniagara.com\/fr\/nos-services\/services-dimmeubles-modern-niagara\/#breadcrumb"},"inLanguage":"fr-FR","potentialAction":[{"@type":"ReadAction","target":["https:\/\/modernniagara.com\/fr\/nos-services\/services-dimmeubles-modern-niagara\/"]}]},{"@type":"ImageObject","inLanguage":"fr-FR","@id":"https:\/\/modernniagara.com\/fr\/nos-services\/services-dimmeubles-modern-niagara\/#primaryimage","url":"https:\/\/modernniagara.com\/wp-content\/uploads\/services_building_services_feature_317x195_blue_f.jpg","contentUrl":"https:\/\/modernniagara.com\/wp-content\/uploads\/services_building_services_feature_317x195_blue_f.jpg","width":317,"height":195},{"@type":"BreadcrumbList","@id":"https:\/\/modernniagara.com\/fr\/nos-services\/services-dimmeubles-modern-niagara\/#breadcrumb","itemListElement":[{"@type":"ListItem","position":1,"name":"Accueil","item":"https:\/\/modernniagara.com\/fr\/"},{"@type":"ListItem","position":2,"name":"Nos services","item":"https:\/\/modernniagara.com\/fr\/nos-services\/"},{"@type":"ListItem","position":3,"name":"Services d\u2019immeubles"}]},{"@type":"WebSite","@id":"https:\/\/modernniagara.com\/#website","url":"https:\/\/modernniagara.com\/","name":"Modern Niagara","description":"","potentialAction":[{"@type":"SearchAction","target":{"@type":"EntryPoint","urlTemplate":"https:\/\/modernniagara.com\/?s={search_term_string}"},"query-input":{"@type":"PropertyValueSpecification","valueRequired":true,"valueName":"search_term_string"}}],"inLanguage":"fr-FR"}]}},"_links":{"self":[{"href":"https:\/\/modernniagara.com\/fr\/wp-json\/wp\/v2\/pages\/3301","targetHints":{"allow":["GET"]}}],"collection":[{"href":"https:\/\/modernniagara.com\/fr\/wp-json\/wp\/v2\/pages"}],"about":[{"href":"https:\/\/modernniagara.com\/fr\/wp-json\/wp\/v2\/types\/page"}],"author":[{"embeddable":true,"href":"https:\/\/modernniagara.com\/fr\/wp-json\/wp\/v2\/users\/1"}],"replies":[{"embeddable":true,"href":"https:\/\/modernniagara.com\/fr\/wp-json\/wp\/v2\/comments?post=3301"}],"version-history":[{"count":1,"href":"https:\/\/modernniagara.com\/fr\/wp-json\/wp\/v2\/pages\/3301\/revisions"}],"predecessor-version":[{"id":3302,"href":"https:\/\/modernniagara.com\/fr\/wp-json\/wp\/v2\/pages\/3301\/revisions\/3302"}],"up":[{"embeddable":true,"href":"https:\/\/modernniagara.com\/fr\/wp-json\/wp\/v2\/pages\/3289"}],"wp:featuredmedia":[{"embeddable":true,"href":"https:\/\/modernniagara.com\/fr\/wp-json\/wp\/v2\/media\/4899"}],"wp:attachment":[{"href":"https:\/\/modernniagara.com\/fr\/wp-json\/wp\/v2\/media?parent=3301"}],"curies":[{"name":"wp","href":"https:\/\/api.w.org\/{rel}","templated":true}]}}