{"id":3297,"date":"2020-08-19T14:39:09","date_gmt":"2020-08-19T18:39:09","guid":{"rendered":"https:\/\/modernniagara.com\/?page_id=3297"},"modified":"2020-08-19T14:39:09","modified_gmt":"2020-08-19T18:39:09","slug":"controle-des-batiments","status":"publish","type":"page","link":"https:\/\/modernniagara.com\/fr\/nos-services\/controle-des-batiments\/","title":{"rendered":"Contr\u00f4le des b\u00e2timents"},"content":{"rendered":"<h2>Pour un contr\u00f4le int\u00e9gral du rendement de votre b\u00e2timent.<\/h2>\n<p>Tirez le meilleur des syst\u00e8mes pour b\u00e2timents dans lesquels vous avez investi. Notre \u00e9quipe peut vous aider \u00e0 d\u00e9ployer, \u00e0 entretenir et \u00e0 exploiter des solutions de contr\u00f4le des b\u00e2timents pour notamment automatiser vos syst\u00e8mes de CVC, d\u2019\u00e9clairage, de climatisation.<\/p>\n<p>Nous connaissons les r\u00e9seaux et la technologie n\u00e9cessaires pour g\u00e9rer des b\u00e2timents performants. Nous n\u2019appuyons aucune marque, ce qui signifie que nous s\u00e9lectionnons des solutions en fonction de ce qui convient le mieux aux exigences uniques de votre b\u00e2timent. Notre objectif est de rendre le contr\u00f4le de votre b\u00e2timent aussi simple, rationalis\u00e9 et pr\u00eat pour l\u2019avenir que possible, afin que vous puissiez r\u00e9duire les co\u00fbts et profiter des technologies \u00e9mergentes comme l\u2019Internet des objets (IdO) et l\u2019analyse des donn\u00e9es.<\/p>\n<p>Notre service cl\u00e9 en main signifie que vous avez un partenaire \u00e0 chaque \u00e9tape du processus, de la conception et de l\u2019installation \u00e0 l\u2019entretien, qu\u2019il s\u2019agisse d\u2019un projet de r\u00e9novation ou d\u2019une nouvelle construction.<\/p>\n","protected":false},"excerpt":{"rendered":"<p>L\u2019\u00e9quipe de contr\u00f4le des b\u00e2timents de Modern Niagara vous donne acc\u00e8s \u00e0 des connaissances approfondies et \u00e0 des technologies de pointe pour vous aider \u00e0 automatiser l\u2019ensemble de votre b\u00e2timent, des syst\u00e8mes CVC aux contr\u00f4les de la temp\u00e9rature.<\/p>\n","protected":false},"author":1,"featured_media":4929,"parent":3289,"menu_order":1,"comment_status":"closed","ping_status":"closed","template":"","meta":{"_acf_changed":false,"footnotes":""},"class_list":["post-3297","page","type-page","status-publish","has-post-thumbnail","hentry"],"acf":[],"yoast_head":"<!-- This site is optimized with the Yoast SEO plugin v27.3 - https:\/\/yoast.com\/product\/yoast-seo-wordpress\/ -->\n<title>Contr\u00f4le des b\u00e2timents | M\u00e9canique, \u00e9lectricit\u00e9, CVC et plomberie | Modern Niagara<\/title>\n<meta name=\"description\" content=\"Modern Niagara con\u00e7oit, installe et entretient des syst\u00e8mes personnalis\u00e9s d\u2019automatisation des b\u00e2timents et de gestion de l\u2019\u00e9nergie gr\u00e2ce \u00e0 des solutions de chefs de file dans le domaine.\" \/>\n<meta name=\"robots\" content=\"index, follow, max-snippet:-1, max-image-preview:large, max-video-preview:-1\" \/>\n<link rel=\"canonical\" href=\"https:\/\/modernniagara.com\/fr\/nos-services\/controle-des-batiments\/\" \/>\n<meta property=\"og:locale\" content=\"fr_FR\" \/>\n<meta property=\"og:type\" content=\"article\" \/>\n<meta property=\"og:title\" content=\"Contr\u00f4le des b\u00e2timents | M\u00e9canique, \u00e9lectricit\u00e9, CVC et plomberie | Modern Niagara\" \/>\n<meta property=\"og:description\" content=\"Modern Niagara con\u00e7oit, installe et entretient des syst\u00e8mes personnalis\u00e9s d\u2019automatisation des b\u00e2timents et de gestion de l\u2019\u00e9nergie gr\u00e2ce \u00e0 des solutions de chefs de file dans le domaine.\" \/>\n<meta property=\"og:url\" content=\"https:\/\/modernniagara.com\/fr\/nos-services\/controle-des-batiments\/\" \/>\n<meta property=\"og:site_name\" content=\"Modern Niagara\" \/>\n<meta property=\"og:image\" content=\"https:\/\/modernniagara.com\/wp-content\/uploads\/services_IBT_feature317x195_blue_f.jpg\" \/>\n\t<meta property=\"og:image:width\" content=\"317\" \/>\n\t<meta property=\"og:image:height\" content=\"195\" \/>\n\t<meta property=\"og:image:type\" content=\"image\/jpeg\" \/>\n<meta name=\"twitter:card\" content=\"summary_large_image\" \/>\n<script type=\"application\/ld+json\" class=\"yoast-schema-graph\">{\"@context\":\"https:\\\/\\\/schema.org\",\"@graph\":[{\"@type\":\"WebPage\",\"@id\":\"https:\\\/\\\/modernniagara.com\\\/fr\\\/nos-services\\\/controle-des-batiments\\\/\",\"url\":\"https:\\\/\\\/modernniagara.com\\\/fr\\\/nos-services\\\/controle-des-batiments\\\/\",\"name\":\"Contr\u00f4le des b\u00e2timents | M\u00e9canique, \u00e9lectricit\u00e9, CVC et plomberie | Modern Niagara\",\"isPartOf\":{\"@id\":\"https:\\\/\\\/modernniagara.com\\\/#website\"},\"primaryImageOfPage\":{\"@id\":\"https:\\\/\\\/modernniagara.com\\\/fr\\\/nos-services\\\/controle-des-batiments\\\/#primaryimage\"},\"image\":{\"@id\":\"https:\\\/\\\/modernniagara.com\\\/fr\\\/nos-services\\\/controle-des-batiments\\\/#primaryimage\"},\"thumbnailUrl\":\"https:\\\/\\\/modernniagara.com\\\/wp-content\\\/uploads\\\/services_IBT_feature317x195_blue_f.jpg\",\"datePublished\":\"2020-08-19T18:39:09+00:00\",\"description\":\"Modern Niagara con\u00e7oit, installe et entretient des syst\u00e8mes personnalis\u00e9s d\u2019automatisation des b\u00e2timents et de gestion de l\u2019\u00e9nergie gr\u00e2ce \u00e0 des solutions de chefs de file dans le domaine.\",\"breadcrumb\":{\"@id\":\"https:\\\/\\\/modernniagara.com\\\/fr\\\/nos-services\\\/controle-des-batiments\\\/#breadcrumb\"},\"inLanguage\":\"fr-FR\",\"potentialAction\":[{\"@type\":\"ReadAction\",\"target\":[\"https:\\\/\\\/modernniagara.com\\\/fr\\\/nos-services\\\/controle-des-batiments\\\/\"]}]},{\"@type\":\"ImageObject\",\"inLanguage\":\"fr-FR\",\"@id\":\"https:\\\/\\\/modernniagara.com\\\/fr\\\/nos-services\\\/controle-des-batiments\\\/#primaryimage\",\"url\":\"https:\\\/\\\/modernniagara.com\\\/wp-content\\\/uploads\\\/services_IBT_feature317x195_blue_f.jpg\",\"contentUrl\":\"https:\\\/\\\/modernniagara.com\\\/wp-content\\\/uploads\\\/services_IBT_feature317x195_blue_f.jpg\",\"width\":317,\"height\":195,\"caption\":\"A Modern Niagara employee in safety equipment operates a control unit in a mechanical room\"},{\"@type\":\"BreadcrumbList\",\"@id\":\"https:\\\/\\\/modernniagara.com\\\/fr\\\/nos-services\\\/controle-des-batiments\\\/#breadcrumb\",\"itemListElement\":[{\"@type\":\"ListItem\",\"position\":1,\"name\":\"Accueil\",\"item\":\"https:\\\/\\\/modernniagara.com\\\/fr\\\/\"},{\"@type\":\"ListItem\",\"position\":2,\"name\":\"Nos services\",\"item\":\"https:\\\/\\\/modernniagara.com\\\/fr\\\/nos-services\\\/\"},{\"@type\":\"ListItem\",\"position\":3,\"name\":\"Contr\u00f4le des b\u00e2timents\"}]},{\"@type\":\"WebSite\",\"@id\":\"https:\\\/\\\/modernniagara.com\\\/#website\",\"url\":\"https:\\\/\\\/modernniagara.com\\\/\",\"name\":\"Modern Niagara\",\"description\":\"\",\"potentialAction\":[{\"@type\":\"SearchAction\",\"target\":{\"@type\":\"EntryPoint\",\"urlTemplate\":\"https:\\\/\\\/modernniagara.com\\\/?s={search_term_string}\"},\"query-input\":{\"@type\":\"PropertyValueSpecification\",\"valueRequired\":true,\"valueName\":\"search_term_string\"}}],\"inLanguage\":\"fr-FR\"}]}<\/script>\n<!-- \/ Yoast SEO plugin. -->","yoast_head_json":{"title":"Contr\u00f4le des b\u00e2timents | M\u00e9canique, \u00e9lectricit\u00e9, CVC et plomberie | Modern Niagara","description":"Modern Niagara con\u00e7oit, installe et entretient des syst\u00e8mes personnalis\u00e9s d\u2019automatisation des b\u00e2timents et de gestion de l\u2019\u00e9nergie gr\u00e2ce \u00e0 des solutions de chefs de file dans le domaine.","robots":{"index":"index","follow":"follow","max-snippet":"max-snippet:-1","max-image-preview":"max-image-preview:large","max-video-preview":"max-video-preview:-1"},"canonical":"https:\/\/modernniagara.com\/fr\/nos-services\/controle-des-batiments\/","og_locale":"fr_FR","og_type":"article","og_title":"Contr\u00f4le des b\u00e2timents | M\u00e9canique, \u00e9lectricit\u00e9, CVC et plomberie | Modern Niagara","og_description":"Modern Niagara con\u00e7oit, installe et entretient des syst\u00e8mes personnalis\u00e9s d\u2019automatisation des b\u00e2timents et de gestion de l\u2019\u00e9nergie gr\u00e2ce \u00e0 des solutions de chefs de file dans le domaine.","og_url":"https:\/\/modernniagara.com\/fr\/nos-services\/controle-des-batiments\/","og_site_name":"Modern Niagara","og_image":[{"width":317,"height":195,"url":"https:\/\/modernniagara.com\/wp-content\/uploads\/services_IBT_feature317x195_blue_f.jpg","type":"image\/jpeg"}],"twitter_card":"summary_large_image","schema":{"@context":"https:\/\/schema.org","@graph":[{"@type":"WebPage","@id":"https:\/\/modernniagara.com\/fr\/nos-services\/controle-des-batiments\/","url":"https:\/\/modernniagara.com\/fr\/nos-services\/controle-des-batiments\/","name":"Contr\u00f4le des b\u00e2timents | M\u00e9canique, \u00e9lectricit\u00e9, CVC et plomberie | Modern Niagara","isPartOf":{"@id":"https:\/\/modernniagara.com\/#website"},"primaryImageOfPage":{"@id":"https:\/\/modernniagara.com\/fr\/nos-services\/controle-des-batiments\/#primaryimage"},"image":{"@id":"https:\/\/modernniagara.com\/fr\/nos-services\/controle-des-batiments\/#primaryimage"},"thumbnailUrl":"https:\/\/modernniagara.com\/wp-content\/uploads\/services_IBT_feature317x195_blue_f.jpg","datePublished":"2020-08-19T18:39:09+00:00","description":"Modern Niagara con\u00e7oit, installe et entretient des syst\u00e8mes personnalis\u00e9s d\u2019automatisation des b\u00e2timents et de gestion de l\u2019\u00e9nergie gr\u00e2ce \u00e0 des solutions de chefs de file dans le domaine.","breadcrumb":{"@id":"https:\/\/modernniagara.com\/fr\/nos-services\/controle-des-batiments\/#breadcrumb"},"inLanguage":"fr-FR","potentialAction":[{"@type":"ReadAction","target":["https:\/\/modernniagara.com\/fr\/nos-services\/controle-des-batiments\/"]}]},{"@type":"ImageObject","inLanguage":"fr-FR","@id":"https:\/\/modernniagara.com\/fr\/nos-services\/controle-des-batiments\/#primaryimage","url":"https:\/\/modernniagara.com\/wp-content\/uploads\/services_IBT_feature317x195_blue_f.jpg","contentUrl":"https:\/\/modernniagara.com\/wp-content\/uploads\/services_IBT_feature317x195_blue_f.jpg","width":317,"height":195,"caption":"A Modern Niagara employee in safety equipment operates a control unit in a mechanical room"},{"@type":"BreadcrumbList","@id":"https:\/\/modernniagara.com\/fr\/nos-services\/controle-des-batiments\/#breadcrumb","itemListElement":[{"@type":"ListItem","position":1,"name":"Accueil","item":"https:\/\/modernniagara.com\/fr\/"},{"@type":"ListItem","position":2,"name":"Nos services","item":"https:\/\/modernniagara.com\/fr\/nos-services\/"},{"@type":"ListItem","position":3,"name":"Contr\u00f4le des b\u00e2timents"}]},{"@type":"WebSite","@id":"https:\/\/modernniagara.com\/#website","url":"https:\/\/modernniagara.com\/","name":"Modern Niagara","description":"","potentialAction":[{"@type":"SearchAction","target":{"@type":"EntryPoint","urlTemplate":"https:\/\/modernniagara.com\/?s={search_term_string}"},"query-input":{"@type":"PropertyValueSpecification","valueRequired":true,"valueName":"search_term_string"}}],"inLanguage":"fr-FR"}]}},"_links":{"self":[{"href":"https:\/\/modernniagara.com\/fr\/wp-json\/wp\/v2\/pages\/3297","targetHints":{"allow":["GET"]}}],"collection":[{"href":"https:\/\/modernniagara.com\/fr\/wp-json\/wp\/v2\/pages"}],"about":[{"href":"https:\/\/modernniagara.com\/fr\/wp-json\/wp\/v2\/types\/page"}],"author":[{"embeddable":true,"href":"https:\/\/modernniagara.com\/fr\/wp-json\/wp\/v2\/users\/1"}],"replies":[{"embeddable":true,"href":"https:\/\/modernniagara.com\/fr\/wp-json\/wp\/v2\/comments?post=3297"}],"version-history":[{"count":1,"href":"https:\/\/modernniagara.com\/fr\/wp-json\/wp\/v2\/pages\/3297\/revisions"}],"predecessor-version":[{"id":3300,"href":"https:\/\/modernniagara.com\/fr\/wp-json\/wp\/v2\/pages\/3297\/revisions\/3300"}],"up":[{"embeddable":true,"href":"https:\/\/modernniagara.com\/fr\/wp-json\/wp\/v2\/pages\/3289"}],"wp:featuredmedia":[{"embeddable":true,"href":"https:\/\/modernniagara.com\/fr\/wp-json\/wp\/v2\/media\/4929"}],"wp:attachment":[{"href":"https:\/\/modernniagara.com\/fr\/wp-json\/wp\/v2\/media?parent=3297"}],"curies":[{"name":"wp","href":"https:\/\/api.w.org\/{rel}","templated":true}]}}