{"id":3289,"date":"2020-08-19T14:28:43","date_gmt":"2020-08-19T18:28:43","guid":{"rendered":"https:\/\/modernniagara.com\/?page_id=3289"},"modified":"2020-08-19T14:36:42","modified_gmt":"2020-08-19T18:36:42","slug":"nos-services","status":"publish","type":"page","link":"https:\/\/modernniagara.com\/fr\/nos-services\/","title":{"rendered":"Nos services"},"content":{"rendered":"<h2>Votre partenaire pour des r\u00e9sultats extraordinaires.<\/h2>\n<p>Si vous cherchez un entrepreneur, mais avez besoin d\u2019un partenaire qui comprend les besoins de votre b\u00e2timent et de votre entreprise, n\u2019allez pas plus loin.<\/p>\n<p>Nous fournissons des services de m\u00e9canique, d\u2019\u00e9lectricit\u00e9, de contr\u00f4le des b\u00e2timents et de construction \u00e0 petite et \u00e0 grande \u00e9chelle. Nos \u00e9quipes expertes et multidisciplinaires poss\u00e8dent des comp\u00e9tences diversifi\u00e9es et une expertise approfondie gr\u00e2ce \u00e0 des connaissances locales et \u00e0 une port\u00e9e digne d\u2019un entrepreneur national. Nous sommes suffisamment flexibles pour soutenir n\u2019importe quel mod\u00e8le de livraison qui r\u00e9pond \u00e0 vos besoins, notamment en ce qui concerne l\u2019aide \u00e0 la conception et la conception-construction, les partenariats public-priv\u00e9 (PPP\/P3) et la r\u00e9alisation de projet structur\u00e9 (RPS).<\/p>\n","protected":false},"excerpt":{"rendered":"<p>Les services de m\u00e9canique, d&rsquo;\u00e9lectricit\u00e9, de contr\u00f4le des b\u00e2timents et de construction de Modern Niagara am\u00e9liorent le rendement de votre propri\u00e9t\u00e9.<\/p>\n","protected":false},"author":1,"featured_media":0,"parent":0,"menu_order":1,"comment_status":"closed","ping_status":"closed","template":"","meta":{"_acf_changed":false,"footnotes":""},"class_list":["post-3289","page","type-page","status-publish","hentry"],"acf":[],"yoast_head":"<!-- This site is optimized with the Yoast SEO plugin v27.3 - https:\/\/yoast.com\/product\/yoast-seo-wordpress\/ -->\n<title>Services | Modern Niagara | M\u00e9canique, \u00e9lectricit\u00e9, CVC et plomberie<\/title>\n<meta name=\"description\" content=\"Les services de m\u00e9canique, d&#039;\u00e9lectricit\u00e9, de contr\u00f4le des b\u00e2timents et de construction de Modern Niagara am\u00e9liorent le rendement de votre propri\u00e9t\u00e9.\" \/>\n<meta name=\"robots\" content=\"index, follow, max-snippet:-1, max-image-preview:large, max-video-preview:-1\" \/>\n<link rel=\"canonical\" href=\"https:\/\/modernniagara.com\/fr\/nos-services\/\" \/>\n<meta property=\"og:locale\" content=\"fr_FR\" \/>\n<meta property=\"og:type\" content=\"article\" \/>\n<meta property=\"og:title\" content=\"Services | Modern Niagara | M\u00e9canique, \u00e9lectricit\u00e9, CVC et plomberie\" \/>\n<meta property=\"og:description\" content=\"Les services de m\u00e9canique, d&#039;\u00e9lectricit\u00e9, de contr\u00f4le des b\u00e2timents et de construction de Modern Niagara am\u00e9liorent le rendement de votre propri\u00e9t\u00e9.\" \/>\n<meta property=\"og:url\" content=\"https:\/\/modernniagara.com\/fr\/nos-services\/\" \/>\n<meta property=\"og:site_name\" content=\"Modern Niagara\" \/>\n<meta property=\"article:modified_time\" content=\"2020-08-19T18:36:42+00:00\" \/>\n<meta name=\"twitter:card\" content=\"summary_large_image\" \/>\n<script type=\"application\/ld+json\" class=\"yoast-schema-graph\">{\"@context\":\"https:\\\/\\\/schema.org\",\"@graph\":[{\"@type\":\"WebPage\",\"@id\":\"https:\\\/\\\/modernniagara.com\\\/fr\\\/nos-services\\\/\",\"url\":\"https:\\\/\\\/modernniagara.com\\\/fr\\\/nos-services\\\/\",\"name\":\"Services | Modern Niagara | M\u00e9canique, \u00e9lectricit\u00e9, CVC et plomberie\",\"isPartOf\":{\"@id\":\"https:\\\/\\\/modernniagara.com\\\/#website\"},\"datePublished\":\"2020-08-19T18:28:43+00:00\",\"dateModified\":\"2020-08-19T18:36:42+00:00\",\"description\":\"Les services de m\u00e9canique, d'\u00e9lectricit\u00e9, de contr\u00f4le des b\u00e2timents et de construction de Modern Niagara am\u00e9liorent le rendement de votre propri\u00e9t\u00e9.\",\"breadcrumb\":{\"@id\":\"https:\\\/\\\/modernniagara.com\\\/fr\\\/nos-services\\\/#breadcrumb\"},\"inLanguage\":\"fr-FR\",\"potentialAction\":[{\"@type\":\"ReadAction\",\"target\":[\"https:\\\/\\\/modernniagara.com\\\/fr\\\/nos-services\\\/\"]}]},{\"@type\":\"BreadcrumbList\",\"@id\":\"https:\\\/\\\/modernniagara.com\\\/fr\\\/nos-services\\\/#breadcrumb\",\"itemListElement\":[{\"@type\":\"ListItem\",\"position\":1,\"name\":\"Accueil\",\"item\":\"https:\\\/\\\/modernniagara.com\\\/fr\\\/\"},{\"@type\":\"ListItem\",\"position\":2,\"name\":\"Nos services\"}]},{\"@type\":\"WebSite\",\"@id\":\"https:\\\/\\\/modernniagara.com\\\/#website\",\"url\":\"https:\\\/\\\/modernniagara.com\\\/\",\"name\":\"Modern Niagara\",\"description\":\"\",\"potentialAction\":[{\"@type\":\"SearchAction\",\"target\":{\"@type\":\"EntryPoint\",\"urlTemplate\":\"https:\\\/\\\/modernniagara.com\\\/?s={search_term_string}\"},\"query-input\":{\"@type\":\"PropertyValueSpecification\",\"valueRequired\":true,\"valueName\":\"search_term_string\"}}],\"inLanguage\":\"fr-FR\"}]}<\/script>\n<!-- \/ Yoast SEO plugin. -->","yoast_head_json":{"title":"Services | Modern Niagara | M\u00e9canique, \u00e9lectricit\u00e9, CVC et plomberie","description":"Les services de m\u00e9canique, d'\u00e9lectricit\u00e9, de contr\u00f4le des b\u00e2timents et de construction de Modern Niagara am\u00e9liorent le rendement de votre propri\u00e9t\u00e9.","robots":{"index":"index","follow":"follow","max-snippet":"max-snippet:-1","max-image-preview":"max-image-preview:large","max-video-preview":"max-video-preview:-1"},"canonical":"https:\/\/modernniagara.com\/fr\/nos-services\/","og_locale":"fr_FR","og_type":"article","og_title":"Services | Modern Niagara | M\u00e9canique, \u00e9lectricit\u00e9, CVC et plomberie","og_description":"Les services de m\u00e9canique, d'\u00e9lectricit\u00e9, de contr\u00f4le des b\u00e2timents et de construction de Modern Niagara am\u00e9liorent le rendement de votre propri\u00e9t\u00e9.","og_url":"https:\/\/modernniagara.com\/fr\/nos-services\/","og_site_name":"Modern Niagara","article_modified_time":"2020-08-19T18:36:42+00:00","twitter_card":"summary_large_image","schema":{"@context":"https:\/\/schema.org","@graph":[{"@type":"WebPage","@id":"https:\/\/modernniagara.com\/fr\/nos-services\/","url":"https:\/\/modernniagara.com\/fr\/nos-services\/","name":"Services | Modern Niagara | M\u00e9canique, \u00e9lectricit\u00e9, CVC et plomberie","isPartOf":{"@id":"https:\/\/modernniagara.com\/#website"},"datePublished":"2020-08-19T18:28:43+00:00","dateModified":"2020-08-19T18:36:42+00:00","description":"Les services de m\u00e9canique, d'\u00e9lectricit\u00e9, de contr\u00f4le des b\u00e2timents et de construction de Modern Niagara am\u00e9liorent le rendement de votre propri\u00e9t\u00e9.","breadcrumb":{"@id":"https:\/\/modernniagara.com\/fr\/nos-services\/#breadcrumb"},"inLanguage":"fr-FR","potentialAction":[{"@type":"ReadAction","target":["https:\/\/modernniagara.com\/fr\/nos-services\/"]}]},{"@type":"BreadcrumbList","@id":"https:\/\/modernniagara.com\/fr\/nos-services\/#breadcrumb","itemListElement":[{"@type":"ListItem","position":1,"name":"Accueil","item":"https:\/\/modernniagara.com\/fr\/"},{"@type":"ListItem","position":2,"name":"Nos services"}]},{"@type":"WebSite","@id":"https:\/\/modernniagara.com\/#website","url":"https:\/\/modernniagara.com\/","name":"Modern Niagara","description":"","potentialAction":[{"@type":"SearchAction","target":{"@type":"EntryPoint","urlTemplate":"https:\/\/modernniagara.com\/?s={search_term_string}"},"query-input":{"@type":"PropertyValueSpecification","valueRequired":true,"valueName":"search_term_string"}}],"inLanguage":"fr-FR"}]}},"_links":{"self":[{"href":"https:\/\/modernniagara.com\/fr\/wp-json\/wp\/v2\/pages\/3289","targetHints":{"allow":["GET"]}}],"collection":[{"href":"https:\/\/modernniagara.com\/fr\/wp-json\/wp\/v2\/pages"}],"about":[{"href":"https:\/\/modernniagara.com\/fr\/wp-json\/wp\/v2\/types\/page"}],"author":[{"embeddable":true,"href":"https:\/\/modernniagara.com\/fr\/wp-json\/wp\/v2\/users\/1"}],"replies":[{"embeddable":true,"href":"https:\/\/modernniagara.com\/fr\/wp-json\/wp\/v2\/comments?post=3289"}],"version-history":[{"count":4,"href":"https:\/\/modernniagara.com\/fr\/wp-json\/wp\/v2\/pages\/3289\/revisions"}],"predecessor-version":[{"id":3299,"href":"https:\/\/modernniagara.com\/fr\/wp-json\/wp\/v2\/pages\/3289\/revisions\/3299"}],"wp:attachment":[{"href":"https:\/\/modernniagara.com\/fr\/wp-json\/wp\/v2\/media?parent=3289"}],"curies":[{"name":"wp","href":"https:\/\/api.w.org\/{rel}","templated":true}]}}