{"id":3278,"date":"2020-08-19T13:35:09","date_gmt":"2020-08-19T17:35:09","guid":{"rendered":"https:\/\/modernniagara.com\/?page_id=3278"},"modified":"2020-08-19T13:36:08","modified_gmt":"2020-08-19T17:36:08","slug":"possibilites-demploi","status":"publish","type":"page","link":"https:\/\/modernniagara.com\/fr\/carrieres\/possibilites-demploi\/","title":{"rendered":"Possibilit\u00e9s d\u2019emploi"},"content":{"rendered":"<h2>Joignez-vous \u00e0 notre \u00e9quipe!<\/h2>\n<p>Parcourez la liste des offres d\u2019emploi actuelles \u00e0 Modern Niagara. Nous avons des bureaux \u00e0 Vancouver, Calgary, Edmonton, Toronto et Ottawa.<\/p>\n<p>Inscrivez-vous si vous souhaitez recevoir des notifications concernant les plus r\u00e9centes occasions de carri\u00e8re.<\/p>\n<div id=\"BambooHR\">\n<script src=\"https:\/\/modernniagaraepic.bamboohr.com\/js\/jobs2.php\" type=\"text\/javascript\"><\/script><\/p>\n<div id=\"BambooHR-Footer\">Powered by<a href=\"http:\/\/www.bamboohr.com\" target=\"_blank\" rel=\"external noopener noreferrer\"><img decoding=\"async\" src=\"https:\/\/resources.bamboohr.com\/images\/footer-logo.png\" alt=\"BambooHR - HR software\" \/><\/a><\/div>\n<\/div>\n","protected":false},"excerpt":{"rendered":"<p>Parcourez les offres d\u2019emploi de Modern Niagara pour les postes de gestionnaire de projet, de gestionnaire de compte, d\u2019\u00e9valuateur, ainsi que les occasions de carri\u00e8re pour les artisans, techniciens, etc.<\/p>\n","protected":false},"author":1,"featured_media":0,"parent":3256,"menu_order":5,"comment_status":"closed","ping_status":"closed","template":"","meta":{"_acf_changed":false,"footnotes":""},"class_list":["post-3278","page","type-page","status-publish","hentry"],"acf":[],"yoast_head":"<!-- This site is optimized with the Yoast SEO plugin v27.3 - https:\/\/yoast.com\/product\/yoast-seo-wordpress\/ -->\n<title>Offres d\u2019emploi | Modern Niagara | M\u00e9canique, \u00e9lectricit\u00e9, CVC<\/title>\n<meta name=\"description\" content=\"Parcourez les offres d\u2019emploi de Modern Niagara pour les postes de gestionnaire de projet, de gestionnaire de compte, d\u2019\u00e9valuateur, ainsi que les occasions de carri\u00e8re pour les artisans, techniciens, etc.\" \/>\n<meta name=\"robots\" content=\"index, follow, max-snippet:-1, max-image-preview:large, max-video-preview:-1\" \/>\n<link rel=\"canonical\" href=\"https:\/\/modernniagara.com\/fr\/carrieres\/possibilites-demploi\/\" \/>\n<meta property=\"og:locale\" content=\"fr_FR\" \/>\n<meta property=\"og:type\" content=\"article\" \/>\n<meta property=\"og:title\" content=\"Offres d\u2019emploi | Modern Niagara | M\u00e9canique, \u00e9lectricit\u00e9, CVC\" \/>\n<meta property=\"og:description\" content=\"Parcourez les offres d\u2019emploi de Modern Niagara pour les postes de gestionnaire de projet, de gestionnaire de compte, d\u2019\u00e9valuateur, ainsi que les occasions de carri\u00e8re pour les artisans, techniciens, etc.\" \/>\n<meta property=\"og:url\" content=\"https:\/\/modernniagara.com\/fr\/carrieres\/possibilites-demploi\/\" \/>\n<meta property=\"og:site_name\" content=\"Modern Niagara\" \/>\n<meta property=\"article:modified_time\" content=\"2020-08-19T17:36:08+00:00\" \/>\n<meta property=\"og:image\" content=\"https:\/\/resources.bamboohr.com\/images\/footer-logo.png\" \/>\n<meta name=\"twitter:card\" content=\"summary_large_image\" \/>\n<script type=\"application\/ld+json\" class=\"yoast-schema-graph\">{\"@context\":\"https:\\\/\\\/schema.org\",\"@graph\":[{\"@type\":\"WebPage\",\"@id\":\"https:\\\/\\\/modernniagara.com\\\/fr\\\/carrieres\\\/possibilites-demploi\\\/\",\"url\":\"https:\\\/\\\/modernniagara.com\\\/fr\\\/carrieres\\\/possibilites-demploi\\\/\",\"name\":\"Offres d\u2019emploi | Modern Niagara | M\u00e9canique, \u00e9lectricit\u00e9, CVC\",\"isPartOf\":{\"@id\":\"https:\\\/\\\/modernniagara.com\\\/#website\"},\"primaryImageOfPage\":{\"@id\":\"https:\\\/\\\/modernniagara.com\\\/fr\\\/carrieres\\\/possibilites-demploi\\\/#primaryimage\"},\"image\":{\"@id\":\"https:\\\/\\\/modernniagara.com\\\/fr\\\/carrieres\\\/possibilites-demploi\\\/#primaryimage\"},\"thumbnailUrl\":\"https:\\\/\\\/resources.bamboohr.com\\\/images\\\/footer-logo.png\",\"datePublished\":\"2020-08-19T17:35:09+00:00\",\"dateModified\":\"2020-08-19T17:36:08+00:00\",\"description\":\"Parcourez les offres d\u2019emploi de Modern Niagara pour les postes de gestionnaire de projet, de gestionnaire de compte, d\u2019\u00e9valuateur, ainsi que les occasions de carri\u00e8re pour les artisans, techniciens, etc.\",\"breadcrumb\":{\"@id\":\"https:\\\/\\\/modernniagara.com\\\/fr\\\/carrieres\\\/possibilites-demploi\\\/#breadcrumb\"},\"inLanguage\":\"fr-FR\",\"potentialAction\":[{\"@type\":\"ReadAction\",\"target\":[\"https:\\\/\\\/modernniagara.com\\\/fr\\\/carrieres\\\/possibilites-demploi\\\/\"]}]},{\"@type\":\"ImageObject\",\"inLanguage\":\"fr-FR\",\"@id\":\"https:\\\/\\\/modernniagara.com\\\/fr\\\/carrieres\\\/possibilites-demploi\\\/#primaryimage\",\"url\":\"https:\\\/\\\/resources.bamboohr.com\\\/images\\\/footer-logo.png\",\"contentUrl\":\"https:\\\/\\\/resources.bamboohr.com\\\/images\\\/footer-logo.png\"},{\"@type\":\"BreadcrumbList\",\"@id\":\"https:\\\/\\\/modernniagara.com\\\/fr\\\/carrieres\\\/possibilites-demploi\\\/#breadcrumb\",\"itemListElement\":[{\"@type\":\"ListItem\",\"position\":1,\"name\":\"Accueil\",\"item\":\"https:\\\/\\\/modernniagara.com\\\/fr\\\/\"},{\"@type\":\"ListItem\",\"position\":2,\"name\":\"Carri\u00e8res\",\"item\":\"https:\\\/\\\/modernniagara.com\\\/fr\\\/carrieres\\\/\"},{\"@type\":\"ListItem\",\"position\":3,\"name\":\"Possibilit\u00e9s d\u2019emploi\"}]},{\"@type\":\"WebSite\",\"@id\":\"https:\\\/\\\/modernniagara.com\\\/#website\",\"url\":\"https:\\\/\\\/modernniagara.com\\\/\",\"name\":\"Modern Niagara\",\"description\":\"\",\"potentialAction\":[{\"@type\":\"SearchAction\",\"target\":{\"@type\":\"EntryPoint\",\"urlTemplate\":\"https:\\\/\\\/modernniagara.com\\\/?s={search_term_string}\"},\"query-input\":{\"@type\":\"PropertyValueSpecification\",\"valueRequired\":true,\"valueName\":\"search_term_string\"}}],\"inLanguage\":\"fr-FR\"}]}<\/script>\n<!-- \/ Yoast SEO plugin. -->","yoast_head_json":{"title":"Offres d\u2019emploi | Modern Niagara | M\u00e9canique, \u00e9lectricit\u00e9, CVC","description":"Parcourez les offres d\u2019emploi de Modern Niagara pour les postes de gestionnaire de projet, de gestionnaire de compte, d\u2019\u00e9valuateur, ainsi que les occasions de carri\u00e8re pour les artisans, techniciens, etc.","robots":{"index":"index","follow":"follow","max-snippet":"max-snippet:-1","max-image-preview":"max-image-preview:large","max-video-preview":"max-video-preview:-1"},"canonical":"https:\/\/modernniagara.com\/fr\/carrieres\/possibilites-demploi\/","og_locale":"fr_FR","og_type":"article","og_title":"Offres d\u2019emploi | Modern Niagara | M\u00e9canique, \u00e9lectricit\u00e9, CVC","og_description":"Parcourez les offres d\u2019emploi de Modern Niagara pour les postes de gestionnaire de projet, de gestionnaire de compte, d\u2019\u00e9valuateur, ainsi que les occasions de carri\u00e8re pour les artisans, techniciens, etc.","og_url":"https:\/\/modernniagara.com\/fr\/carrieres\/possibilites-demploi\/","og_site_name":"Modern Niagara","article_modified_time":"2020-08-19T17:36:08+00:00","og_image":[{"url":"https:\/\/resources.bamboohr.com\/images\/footer-logo.png","type":"","width":"","height":""}],"twitter_card":"summary_large_image","schema":{"@context":"https:\/\/schema.org","@graph":[{"@type":"WebPage","@id":"https:\/\/modernniagara.com\/fr\/carrieres\/possibilites-demploi\/","url":"https:\/\/modernniagara.com\/fr\/carrieres\/possibilites-demploi\/","name":"Offres d\u2019emploi | Modern Niagara | M\u00e9canique, \u00e9lectricit\u00e9, CVC","isPartOf":{"@id":"https:\/\/modernniagara.com\/#website"},"primaryImageOfPage":{"@id":"https:\/\/modernniagara.com\/fr\/carrieres\/possibilites-demploi\/#primaryimage"},"image":{"@id":"https:\/\/modernniagara.com\/fr\/carrieres\/possibilites-demploi\/#primaryimage"},"thumbnailUrl":"https:\/\/resources.bamboohr.com\/images\/footer-logo.png","datePublished":"2020-08-19T17:35:09+00:00","dateModified":"2020-08-19T17:36:08+00:00","description":"Parcourez les offres d\u2019emploi de Modern Niagara pour les postes de gestionnaire de projet, de gestionnaire de compte, d\u2019\u00e9valuateur, ainsi que les occasions de carri\u00e8re pour les artisans, techniciens, etc.","breadcrumb":{"@id":"https:\/\/modernniagara.com\/fr\/carrieres\/possibilites-demploi\/#breadcrumb"},"inLanguage":"fr-FR","potentialAction":[{"@type":"ReadAction","target":["https:\/\/modernniagara.com\/fr\/carrieres\/possibilites-demploi\/"]}]},{"@type":"ImageObject","inLanguage":"fr-FR","@id":"https:\/\/modernniagara.com\/fr\/carrieres\/possibilites-demploi\/#primaryimage","url":"https:\/\/resources.bamboohr.com\/images\/footer-logo.png","contentUrl":"https:\/\/resources.bamboohr.com\/images\/footer-logo.png"},{"@type":"BreadcrumbList","@id":"https:\/\/modernniagara.com\/fr\/carrieres\/possibilites-demploi\/#breadcrumb","itemListElement":[{"@type":"ListItem","position":1,"name":"Accueil","item":"https:\/\/modernniagara.com\/fr\/"},{"@type":"ListItem","position":2,"name":"Carri\u00e8res","item":"https:\/\/modernniagara.com\/fr\/carrieres\/"},{"@type":"ListItem","position":3,"name":"Possibilit\u00e9s d\u2019emploi"}]},{"@type":"WebSite","@id":"https:\/\/modernniagara.com\/#website","url":"https:\/\/modernniagara.com\/","name":"Modern Niagara","description":"","potentialAction":[{"@type":"SearchAction","target":{"@type":"EntryPoint","urlTemplate":"https:\/\/modernniagara.com\/?s={search_term_string}"},"query-input":{"@type":"PropertyValueSpecification","valueRequired":true,"valueName":"search_term_string"}}],"inLanguage":"fr-FR"}]}},"_links":{"self":[{"href":"https:\/\/modernniagara.com\/fr\/wp-json\/wp\/v2\/pages\/3278","targetHints":{"allow":["GET"]}}],"collection":[{"href":"https:\/\/modernniagara.com\/fr\/wp-json\/wp\/v2\/pages"}],"about":[{"href":"https:\/\/modernniagara.com\/fr\/wp-json\/wp\/v2\/types\/page"}],"author":[{"embeddable":true,"href":"https:\/\/modernniagara.com\/fr\/wp-json\/wp\/v2\/users\/1"}],"replies":[{"embeddable":true,"href":"https:\/\/modernniagara.com\/fr\/wp-json\/wp\/v2\/comments?post=3278"}],"version-history":[{"count":1,"href":"https:\/\/modernniagara.com\/fr\/wp-json\/wp\/v2\/pages\/3278\/revisions"}],"predecessor-version":[{"id":3279,"href":"https:\/\/modernniagara.com\/fr\/wp-json\/wp\/v2\/pages\/3278\/revisions\/3279"}],"up":[{"embeddable":true,"href":"https:\/\/modernniagara.com\/fr\/wp-json\/wp\/v2\/pages\/3256"}],"wp:attachment":[{"href":"https:\/\/modernniagara.com\/fr\/wp-json\/wp\/v2\/media?parent=3278"}],"curies":[{"name":"wp","href":"https:\/\/api.w.org\/{rel}","templated":true}]}}