{"id":3273,"date":"2020-08-19T13:31:09","date_gmt":"2020-08-19T17:31:09","guid":{"rendered":"https:\/\/modernniagara.com\/?page_id=3273"},"modified":"2020-08-19T13:31:09","modified_gmt":"2020-08-19T17:31:09","slug":"etudiants-de-programmes-cooperatifs-et-jeunes-diplomes","status":"publish","type":"page","link":"https:\/\/modernniagara.com\/fr\/carrieres\/etudiants-de-programmes-cooperatifs-et-jeunes-diplomes\/","title":{"rendered":"\u00c9tudiants de programmes coop\u00e9ratifs et jeunes dipl\u00f4m\u00e9s"},"content":{"rendered":"<h2>Apprentissage pratique pour lancer votre carri\u00e8re.<\/h2>\n<p>Modern Niagara constitue un excellent milieu de travail pour l\u2019apprentissage et le d\u00e9veloppement des \u00e9tudiants de programmes coop\u00e9ratifs et des jeunes dipl\u00f4m\u00e9s. Nous vous donnons l\u2019occasion d&rsquo;\u0153uvrer dans le domaine dans lequel vous avez \u00e9tudi\u00e9.<\/p>\n<p>Nous sommes ravis d\u2019aider les \u00e9tudiants et les dipl\u00f4m\u00e9s \u00e0 se familiariser avec notre industrie et \u00e0 d\u00e9velopper les comp\u00e9tences dont nous avons besoin au sein de notre \u00e9quipe. De nombreux \u00e9tudiants et dipl\u00f4m\u00e9s finissent par devenir des employ\u00e9s \u00e0 long terme, car ils appr\u00e9cient le mentorat et l\u2019apprentissage au travail que nous offrons, en plus de constater les nombreuses occasions qui s\u2019offrent \u00e0 eux \u00e0 Modern Niagara.<\/p>\n","protected":false},"excerpt":{"rendered":"<p>Apprentissage pratique pour lancer votre carri\u00e8re. Modern Niagara constitue un excellent milieu de travail pour l\u2019apprentissage et le d\u00e9veloppement des \u00e9tudiants de programmes coop\u00e9ratifs et des jeunes dipl\u00f4m\u00e9s. Nous vous donnons l\u2019occasion d&rsquo;\u0153uvrer dans le domaine dans lequel vous avez \u00e9tudi\u00e9. Nous sommes ravis d\u2019aider les \u00e9tudiants et les dipl\u00f4m\u00e9s \u00e0 se familiariser avec notre&#8230;  <a class=\"excerpt-read-more\" href=\"https:\/\/modernniagara.com\/fr\/carrieres\/etudiants-de-programmes-cooperatifs-et-jeunes-diplomes\/\" title=\"Read\u00c9tudiants de programmes coop\u00e9ratifs et jeunes dipl\u00f4m\u00e9s\">Read more &raquo;<\/a><\/p>\n","protected":false},"author":1,"featured_media":4821,"parent":3256,"menu_order":4,"comment_status":"closed","ping_status":"closed","template":"","meta":{"_acf_changed":false,"footnotes":""},"class_list":["post-3273","page","type-page","status-publish","has-post-thumbnail","hentry"],"acf":[],"yoast_head":"<!-- This site is optimized with the Yoast SEO plugin v27.5 - https:\/\/yoast.com\/product\/yoast-seo-wordpress\/ -->\n<title>\u00c9tudiants de programmes coop\u00e9ratifs et jeunes dipl\u00f4m\u00e9s | Modern Niagara | M\u00e9canique, \u00e9lectricit\u00e9, CVC<\/title>\n<meta name=\"description\" content=\"Modern Niagara offre aux \u00e9tudiants de programmes coop\u00e9ratifs et aux jeunes dipl\u00f4m\u00e9s des occasions d\u2019acqu\u00e9rir de nouvelles comp\u00e9tences et connaissances qui aideront leur carri\u00e8re.\" \/>\n<meta name=\"robots\" content=\"index, follow, max-snippet:-1, max-image-preview:large, max-video-preview:-1\" \/>\n<link rel=\"canonical\" href=\"https:\/\/modernniagara.com\/fr\/carrieres\/etudiants-de-programmes-cooperatifs-et-jeunes-diplomes\/\" \/>\n<meta property=\"og:locale\" content=\"fr_FR\" \/>\n<meta property=\"og:type\" content=\"article\" \/>\n<meta property=\"og:title\" content=\"\u00c9tudiants de programmes coop\u00e9ratifs et jeunes dipl\u00f4m\u00e9s | Modern Niagara | M\u00e9canique, \u00e9lectricit\u00e9, CVC\" \/>\n<meta property=\"og:description\" content=\"Modern Niagara offre aux \u00e9tudiants de programmes coop\u00e9ratifs et aux jeunes dipl\u00f4m\u00e9s des occasions d\u2019acqu\u00e9rir de nouvelles comp\u00e9tences et connaissances qui aideront leur carri\u00e8re.\" \/>\n<meta property=\"og:url\" content=\"https:\/\/modernniagara.com\/fr\/carrieres\/etudiants-de-programmes-cooperatifs-et-jeunes-diplomes\/\" \/>\n<meta property=\"og:site_name\" content=\"Modern Niagara\" \/>\n<meta property=\"og:image\" content=\"https:\/\/modernniagara.com\/wp-content\/uploads\/careers_co-op_student_opportunities_feature_317x195_blue_f.jpg\" \/>\n\t<meta property=\"og:image:width\" content=\"317\" \/>\n\t<meta property=\"og:image:height\" content=\"195\" \/>\n\t<meta property=\"og:image:type\" content=\"image\/jpeg\" \/>\n<meta name=\"twitter:card\" content=\"summary_large_image\" \/>\n<script type=\"application\/ld+json\" class=\"yoast-schema-graph\">{\"@context\":\"https:\\\/\\\/schema.org\",\"@graph\":[{\"@type\":\"WebPage\",\"@id\":\"https:\\\/\\\/modernniagara.com\\\/fr\\\/carrieres\\\/etudiants-de-programmes-cooperatifs-et-jeunes-diplomes\\\/\",\"url\":\"https:\\\/\\\/modernniagara.com\\\/fr\\\/carrieres\\\/etudiants-de-programmes-cooperatifs-et-jeunes-diplomes\\\/\",\"name\":\"\u00c9tudiants de programmes coop\u00e9ratifs et jeunes dipl\u00f4m\u00e9s | Modern Niagara | M\u00e9canique, \u00e9lectricit\u00e9, CVC\",\"isPartOf\":{\"@id\":\"https:\\\/\\\/modernniagara.com\\\/#website\"},\"primaryImageOfPage\":{\"@id\":\"https:\\\/\\\/modernniagara.com\\\/fr\\\/carrieres\\\/etudiants-de-programmes-cooperatifs-et-jeunes-diplomes\\\/#primaryimage\"},\"image\":{\"@id\":\"https:\\\/\\\/modernniagara.com\\\/fr\\\/carrieres\\\/etudiants-de-programmes-cooperatifs-et-jeunes-diplomes\\\/#primaryimage\"},\"thumbnailUrl\":\"https:\\\/\\\/modernniagara.com\\\/wp-content\\\/uploads\\\/careers_co-op_student_opportunities_feature_317x195_blue_f.jpg\",\"datePublished\":\"2020-08-19T17:31:09+00:00\",\"description\":\"Modern Niagara offre aux \u00e9tudiants de programmes coop\u00e9ratifs et aux jeunes dipl\u00f4m\u00e9s des occasions d\u2019acqu\u00e9rir de nouvelles comp\u00e9tences et connaissances qui aideront leur carri\u00e8re.\",\"breadcrumb\":{\"@id\":\"https:\\\/\\\/modernniagara.com\\\/fr\\\/carrieres\\\/etudiants-de-programmes-cooperatifs-et-jeunes-diplomes\\\/#breadcrumb\"},\"inLanguage\":\"fr-FR\",\"potentialAction\":[{\"@type\":\"ReadAction\",\"target\":[\"https:\\\/\\\/modernniagara.com\\\/fr\\\/carrieres\\\/etudiants-de-programmes-cooperatifs-et-jeunes-diplomes\\\/\"]}]},{\"@type\":\"ImageObject\",\"inLanguage\":\"fr-FR\",\"@id\":\"https:\\\/\\\/modernniagara.com\\\/fr\\\/carrieres\\\/etudiants-de-programmes-cooperatifs-et-jeunes-diplomes\\\/#primaryimage\",\"url\":\"https:\\\/\\\/modernniagara.com\\\/wp-content\\\/uploads\\\/careers_co-op_student_opportunities_feature_317x195_blue_f.jpg\",\"contentUrl\":\"https:\\\/\\\/modernniagara.com\\\/wp-content\\\/uploads\\\/careers_co-op_student_opportunities_feature_317x195_blue_f.jpg\",\"width\":317,\"height\":195,\"caption\":\"Modern Niagara employee in safety equipment standing in front of truck with logo on the side.\"},{\"@type\":\"BreadcrumbList\",\"@id\":\"https:\\\/\\\/modernniagara.com\\\/fr\\\/carrieres\\\/etudiants-de-programmes-cooperatifs-et-jeunes-diplomes\\\/#breadcrumb\",\"itemListElement\":[{\"@type\":\"ListItem\",\"position\":1,\"name\":\"Accueil\",\"item\":\"https:\\\/\\\/modernniagara.com\\\/fr\\\/\"},{\"@type\":\"ListItem\",\"position\":2,\"name\":\"Carri\u00e8res\",\"item\":\"https:\\\/\\\/modernniagara.com\\\/fr\\\/carrieres\\\/\"},{\"@type\":\"ListItem\",\"position\":3,\"name\":\"\u00c9tudiants de programmes coop\u00e9ratifs et jeunes dipl\u00f4m\u00e9s\"}]},{\"@type\":\"WebSite\",\"@id\":\"https:\\\/\\\/modernniagara.com\\\/#website\",\"url\":\"https:\\\/\\\/modernniagara.com\\\/\",\"name\":\"Modern Niagara\",\"description\":\"\",\"potentialAction\":[{\"@type\":\"SearchAction\",\"target\":{\"@type\":\"EntryPoint\",\"urlTemplate\":\"https:\\\/\\\/modernniagara.com\\\/?s={search_term_string}\"},\"query-input\":{\"@type\":\"PropertyValueSpecification\",\"valueRequired\":true,\"valueName\":\"search_term_string\"}}],\"inLanguage\":\"fr-FR\"}]}<\/script>\n<!-- \/ Yoast SEO plugin. -->","yoast_head_json":{"title":"\u00c9tudiants de programmes coop\u00e9ratifs et jeunes dipl\u00f4m\u00e9s | Modern Niagara | M\u00e9canique, \u00e9lectricit\u00e9, CVC","description":"Modern Niagara offre aux \u00e9tudiants de programmes coop\u00e9ratifs et aux jeunes dipl\u00f4m\u00e9s des occasions d\u2019acqu\u00e9rir de nouvelles comp\u00e9tences et connaissances qui aideront leur carri\u00e8re.","robots":{"index":"index","follow":"follow","max-snippet":"max-snippet:-1","max-image-preview":"max-image-preview:large","max-video-preview":"max-video-preview:-1"},"canonical":"https:\/\/modernniagara.com\/fr\/carrieres\/etudiants-de-programmes-cooperatifs-et-jeunes-diplomes\/","og_locale":"fr_FR","og_type":"article","og_title":"\u00c9tudiants de programmes coop\u00e9ratifs et jeunes dipl\u00f4m\u00e9s | Modern Niagara | M\u00e9canique, \u00e9lectricit\u00e9, CVC","og_description":"Modern Niagara offre aux \u00e9tudiants de programmes coop\u00e9ratifs et aux jeunes dipl\u00f4m\u00e9s des occasions d\u2019acqu\u00e9rir de nouvelles comp\u00e9tences et connaissances qui aideront leur carri\u00e8re.","og_url":"https:\/\/modernniagara.com\/fr\/carrieres\/etudiants-de-programmes-cooperatifs-et-jeunes-diplomes\/","og_site_name":"Modern Niagara","og_image":[{"width":317,"height":195,"url":"https:\/\/modernniagara.com\/wp-content\/uploads\/careers_co-op_student_opportunities_feature_317x195_blue_f.jpg","type":"image\/jpeg"}],"twitter_card":"summary_large_image","schema":{"@context":"https:\/\/schema.org","@graph":[{"@type":"WebPage","@id":"https:\/\/modernniagara.com\/fr\/carrieres\/etudiants-de-programmes-cooperatifs-et-jeunes-diplomes\/","url":"https:\/\/modernniagara.com\/fr\/carrieres\/etudiants-de-programmes-cooperatifs-et-jeunes-diplomes\/","name":"\u00c9tudiants de programmes coop\u00e9ratifs et jeunes dipl\u00f4m\u00e9s | Modern Niagara | M\u00e9canique, \u00e9lectricit\u00e9, CVC","isPartOf":{"@id":"https:\/\/modernniagara.com\/#website"},"primaryImageOfPage":{"@id":"https:\/\/modernniagara.com\/fr\/carrieres\/etudiants-de-programmes-cooperatifs-et-jeunes-diplomes\/#primaryimage"},"image":{"@id":"https:\/\/modernniagara.com\/fr\/carrieres\/etudiants-de-programmes-cooperatifs-et-jeunes-diplomes\/#primaryimage"},"thumbnailUrl":"https:\/\/modernniagara.com\/wp-content\/uploads\/careers_co-op_student_opportunities_feature_317x195_blue_f.jpg","datePublished":"2020-08-19T17:31:09+00:00","description":"Modern Niagara offre aux \u00e9tudiants de programmes coop\u00e9ratifs et aux jeunes dipl\u00f4m\u00e9s des occasions d\u2019acqu\u00e9rir de nouvelles comp\u00e9tences et connaissances qui aideront leur carri\u00e8re.","breadcrumb":{"@id":"https:\/\/modernniagara.com\/fr\/carrieres\/etudiants-de-programmes-cooperatifs-et-jeunes-diplomes\/#breadcrumb"},"inLanguage":"fr-FR","potentialAction":[{"@type":"ReadAction","target":["https:\/\/modernniagara.com\/fr\/carrieres\/etudiants-de-programmes-cooperatifs-et-jeunes-diplomes\/"]}]},{"@type":"ImageObject","inLanguage":"fr-FR","@id":"https:\/\/modernniagara.com\/fr\/carrieres\/etudiants-de-programmes-cooperatifs-et-jeunes-diplomes\/#primaryimage","url":"https:\/\/modernniagara.com\/wp-content\/uploads\/careers_co-op_student_opportunities_feature_317x195_blue_f.jpg","contentUrl":"https:\/\/modernniagara.com\/wp-content\/uploads\/careers_co-op_student_opportunities_feature_317x195_blue_f.jpg","width":317,"height":195,"caption":"Modern Niagara employee in safety equipment standing in front of truck with logo on the side."},{"@type":"BreadcrumbList","@id":"https:\/\/modernniagara.com\/fr\/carrieres\/etudiants-de-programmes-cooperatifs-et-jeunes-diplomes\/#breadcrumb","itemListElement":[{"@type":"ListItem","position":1,"name":"Accueil","item":"https:\/\/modernniagara.com\/fr\/"},{"@type":"ListItem","position":2,"name":"Carri\u00e8res","item":"https:\/\/modernniagara.com\/fr\/carrieres\/"},{"@type":"ListItem","position":3,"name":"\u00c9tudiants de programmes coop\u00e9ratifs et jeunes dipl\u00f4m\u00e9s"}]},{"@type":"WebSite","@id":"https:\/\/modernniagara.com\/#website","url":"https:\/\/modernniagara.com\/","name":"Modern Niagara","description":"","potentialAction":[{"@type":"SearchAction","target":{"@type":"EntryPoint","urlTemplate":"https:\/\/modernniagara.com\/?s={search_term_string}"},"query-input":{"@type":"PropertyValueSpecification","valueRequired":true,"valueName":"search_term_string"}}],"inLanguage":"fr-FR"}]}},"_links":{"self":[{"href":"https:\/\/modernniagara.com\/fr\/wp-json\/wp\/v2\/pages\/3273","targetHints":{"allow":["GET"]}}],"collection":[{"href":"https:\/\/modernniagara.com\/fr\/wp-json\/wp\/v2\/pages"}],"about":[{"href":"https:\/\/modernniagara.com\/fr\/wp-json\/wp\/v2\/types\/page"}],"author":[{"embeddable":true,"href":"https:\/\/modernniagara.com\/fr\/wp-json\/wp\/v2\/users\/1"}],"replies":[{"embeddable":true,"href":"https:\/\/modernniagara.com\/fr\/wp-json\/wp\/v2\/comments?post=3273"}],"version-history":[{"count":1,"href":"https:\/\/modernniagara.com\/fr\/wp-json\/wp\/v2\/pages\/3273\/revisions"}],"predecessor-version":[{"id":3276,"href":"https:\/\/modernniagara.com\/fr\/wp-json\/wp\/v2\/pages\/3273\/revisions\/3276"}],"up":[{"embeddable":true,"href":"https:\/\/modernniagara.com\/fr\/wp-json\/wp\/v2\/pages\/3256"}],"wp:featuredmedia":[{"embeddable":true,"href":"https:\/\/modernniagara.com\/fr\/wp-json\/wp\/v2\/media\/4821"}],"wp:attachment":[{"href":"https:\/\/modernniagara.com\/fr\/wp-json\/wp\/v2\/media?parent=3273"}],"curies":[{"name":"wp","href":"https:\/\/api.w.org\/{rel}","templated":true}]}}