{"id":3264,"date":"2020-08-19T11:58:21","date_gmt":"2020-08-19T15:58:21","guid":{"rendered":"https:\/\/modernniagara.com\/?page_id=3264"},"modified":"2020-08-19T11:59:08","modified_gmt":"2020-08-19T15:59:08","slug":"sante-et-securite","status":"publish","type":"page","link":"https:\/\/modernniagara.com\/fr\/carrieres\/sante-et-securite\/","title":{"rendered":"Sant\u00e9 et s\u00e9curit\u00e9"},"content":{"rendered":"<h2>La s\u00e9curit\u00e9 fait partie int\u00e9grante de toutes nos activit\u00e9s.<\/h2>\n<p>Ce qui compte le plus, c\u2019est que tout le monde puisse rentrer chez soi \u00e0 la fin de la journ\u00e9e.<\/p>\n<p>Notre bilan en mati\u00e8re de sant\u00e9 et de s\u00e9curit\u00e9 est bien sup\u00e9rieur aux normes de l\u2019industrie. C\u2019est parce qu\u2019au <em>sein<\/em> de notre entreprise, la s\u00e9curit\u00e9 est une culture plut\u00f4t qu\u2019un simple programme. Tous les employ\u00e9s de Modern Niagara jouent un r\u00f4le dans la promotion de la sant\u00e9 et du bien-\u00eatre, et la s\u00e9curit\u00e9 est int\u00e9gr\u00e9e dans tous nos processus\u00a0: la conception, l\u2019approvisionnement, les services aux immeubles, ainsi que notre service et nos relations avec la client\u00e8le. Chaque mois, les rapports sur la sant\u00e9 et la s\u00e9curit\u00e9 sont partag\u00e9s \u00e0 l\u2019\u00e9chelle de l\u2019entreprise pour que nous soyons tous sur la m\u00eame longueur d&rsquo;onde. Nous pratiquons la pr\u00e9vention, ce qui signifie que nous n\u2019h\u00e9siterons pas \u00e0 arr\u00eater un projet si nous avons des pr\u00e9occupations li\u00e9es \u00e0 la sant\u00e9 ou \u00e0 la s\u00e9curit\u00e9.<\/p>\n<p>Le service de sant\u00e9 et s\u00e9curit\u00e9 de Modern Niagara soutient ces objectifs, notamment gr\u00e2ce aux efforts d\u2019une \u00e9quipe nationale de coordonnateurs de la s\u00e9curit\u00e9 \u0153uvrant \u00e0 temps plein. Nous investissons massivement dans les processus, les proc\u00e9dures et la formation en plus de collaborer avec des chercheurs et des universitaires afin de promouvoir davantage la s\u00e9curit\u00e9 et de nous conformer \u00e0 toutes les lois et r\u00e9glementations de l\u2019industrie en mati\u00e8re de s\u00e9curit\u00e9, sans exception. Nous nous assurons \u00e9galement que nos \u00e9quipes sur le terrain disposent de tous les outils et de l\u2019\u00e9quipement de protection dont ils ont besoin pour travailler en toute s\u00e9curit\u00e9.<\/p>\n<p>En 2019, Modern Niagara a remport\u00e9 la premi\u00e8re place du Safety Excellence Award Program (SSEAP) de <a href=\"https:\/\/www.smacna.org\/\" target=\"_blank\" rel=\"noopener noreferrer\">la SMACNA au Canada<\/a>. La m\u00eame ann\u00e9e, Modern Niagara a re\u00e7u <a href=\"https:\/\/www.thesafetymag.com\/ca\/topics\/leadership-and-culture\/congratulations-to-the-2019-canadas-safest-employers\/185491\" target=\"_blank\" rel=\"noopener noreferrer\">le prix Canada\u2019s Best Health + Safety Culture 2019<\/a> (argent) et <a href=\"https:\/\/www.thesafetymag.com\/ca\/multimedia\/leadership\/canadas-safest-employers-2019-modern-niagara-wins-gold-in-building-and-construction\/191973\">le prix 2019 des employeurs les plus s\u00fbrs dans la cat\u00e9gorie B\u00e2timent et construction<\/a> (or) du magazine <a href=\"https:\/\/www.thesafetymag.com\/ca\" target=\"_blank\" rel=\"noopener noreferrer\">Canadian Occupational Safety (COS)<\/a>.<\/p>\n","protected":false},"excerpt":{"rendered":"<p>La forte culture de Modern Niagara en mati\u00e8re de sant\u00e9 et de s\u00e9curit\u00e9 est bien \u00e9tablie. Le bilan de l\u2019entreprise dans le domaine de la sant\u00e9 et de la s\u00e9curit\u00e9 reste donc bien sup\u00e9rieur aux normes de l\u2019industrie.<\/p>\n","protected":false},"author":1,"featured_media":2684,"parent":3256,"menu_order":3,"comment_status":"closed","ping_status":"closed","template":"","meta":{"_acf_changed":false,"footnotes":""},"class_list":["post-3264","page","type-page","status-publish","has-post-thumbnail","hentry"],"acf":[],"yoast_head":"<!-- This site is optimized with the Yoast SEO plugin v27.3 - https:\/\/yoast.com\/product\/yoast-seo-wordpress\/ -->\n<title>Sant\u00e9 et s\u00e9curit\u00e9 | Modern Niagara | M\u00e9canique, \u00e9lectricit\u00e9, CVC<\/title>\n<meta name=\"description\" content=\"La forte culture de Modern Niagara en mati\u00e8re de sant\u00e9 et de s\u00e9curit\u00e9 est bien \u00e9tablie. Le bilan de l\u2019entreprise dans le domaine de la sant\u00e9 et de la s\u00e9curit\u00e9 reste donc bien sup\u00e9rieur aux normes de l\u2019industrie.\" \/>\n<meta name=\"robots\" content=\"index, follow, max-snippet:-1, max-image-preview:large, max-video-preview:-1\" \/>\n<link rel=\"canonical\" href=\"https:\/\/modernniagara.com\/fr\/carrieres\/sante-et-securite\/\" \/>\n<meta property=\"og:locale\" content=\"fr_FR\" \/>\n<meta property=\"og:type\" content=\"article\" \/>\n<meta property=\"og:title\" content=\"Sant\u00e9 et s\u00e9curit\u00e9 | Modern Niagara | M\u00e9canique, \u00e9lectricit\u00e9, CVC\" \/>\n<meta property=\"og:description\" content=\"La forte culture de Modern Niagara en mati\u00e8re de sant\u00e9 et de s\u00e9curit\u00e9 est bien \u00e9tablie. Le bilan de l\u2019entreprise dans le domaine de la sant\u00e9 et de la s\u00e9curit\u00e9 reste donc bien sup\u00e9rieur aux normes de l\u2019industrie.\" \/>\n<meta property=\"og:url\" content=\"https:\/\/modernniagara.com\/fr\/carrieres\/sante-et-securite\/\" \/>\n<meta property=\"og:site_name\" content=\"Modern Niagara\" \/>\n<meta property=\"article:modified_time\" content=\"2020-08-19T15:59:08+00:00\" \/>\n<meta property=\"og:image\" content=\"https:\/\/modernniagara.com\/wp-content\/uploads\/2019\/05\/image-careers-02.png\" \/>\n\t<meta property=\"og:image:width\" content=\"317\" \/>\n\t<meta property=\"og:image:height\" content=\"195\" \/>\n\t<meta property=\"og:image:type\" content=\"image\/png\" \/>\n<meta name=\"twitter:card\" content=\"summary_large_image\" \/>\n<script type=\"application\/ld+json\" class=\"yoast-schema-graph\">{\"@context\":\"https:\\\/\\\/schema.org\",\"@graph\":[{\"@type\":\"WebPage\",\"@id\":\"https:\\\/\\\/modernniagara.com\\\/fr\\\/carrieres\\\/sante-et-securite\\\/\",\"url\":\"https:\\\/\\\/modernniagara.com\\\/fr\\\/carrieres\\\/sante-et-securite\\\/\",\"name\":\"Sant\u00e9 et s\u00e9curit\u00e9 | Modern Niagara | M\u00e9canique, \u00e9lectricit\u00e9, CVC\",\"isPartOf\":{\"@id\":\"https:\\\/\\\/modernniagara.com\\\/#website\"},\"primaryImageOfPage\":{\"@id\":\"https:\\\/\\\/modernniagara.com\\\/fr\\\/carrieres\\\/sante-et-securite\\\/#primaryimage\"},\"image\":{\"@id\":\"https:\\\/\\\/modernniagara.com\\\/fr\\\/carrieres\\\/sante-et-securite\\\/#primaryimage\"},\"thumbnailUrl\":\"https:\\\/\\\/modernniagara.com\\\/wp-content\\\/uploads\\\/2019\\\/05\\\/image-careers-02.png\",\"datePublished\":\"2020-08-19T15:58:21+00:00\",\"dateModified\":\"2020-08-19T15:59:08+00:00\",\"description\":\"La forte culture de Modern Niagara en mati\u00e8re de sant\u00e9 et de s\u00e9curit\u00e9 est bien \u00e9tablie. Le bilan de l\u2019entreprise dans le domaine de la sant\u00e9 et de la s\u00e9curit\u00e9 reste donc bien sup\u00e9rieur aux normes de l\u2019industrie.\",\"breadcrumb\":{\"@id\":\"https:\\\/\\\/modernniagara.com\\\/fr\\\/carrieres\\\/sante-et-securite\\\/#breadcrumb\"},\"inLanguage\":\"fr-FR\",\"potentialAction\":[{\"@type\":\"ReadAction\",\"target\":[\"https:\\\/\\\/modernniagara.com\\\/fr\\\/carrieres\\\/sante-et-securite\\\/\"]}]},{\"@type\":\"ImageObject\",\"inLanguage\":\"fr-FR\",\"@id\":\"https:\\\/\\\/modernniagara.com\\\/fr\\\/carrieres\\\/sante-et-securite\\\/#primaryimage\",\"url\":\"https:\\\/\\\/modernniagara.com\\\/wp-content\\\/uploads\\\/2019\\\/05\\\/image-careers-02.png\",\"contentUrl\":\"https:\\\/\\\/modernniagara.com\\\/wp-content\\\/uploads\\\/2019\\\/05\\\/image-careers-02.png\",\"width\":317,\"height\":195,\"caption\":\"Two Modern Niagara employees sit at a table, speaking with one another. Both men are wearing safety equipment.\"},{\"@type\":\"BreadcrumbList\",\"@id\":\"https:\\\/\\\/modernniagara.com\\\/fr\\\/carrieres\\\/sante-et-securite\\\/#breadcrumb\",\"itemListElement\":[{\"@type\":\"ListItem\",\"position\":1,\"name\":\"Accueil\",\"item\":\"https:\\\/\\\/modernniagara.com\\\/fr\\\/\"},{\"@type\":\"ListItem\",\"position\":2,\"name\":\"Carri\u00e8res\",\"item\":\"https:\\\/\\\/modernniagara.com\\\/fr\\\/carrieres\\\/\"},{\"@type\":\"ListItem\",\"position\":3,\"name\":\"Sant\u00e9 et s\u00e9curit\u00e9\"}]},{\"@type\":\"WebSite\",\"@id\":\"https:\\\/\\\/modernniagara.com\\\/#website\",\"url\":\"https:\\\/\\\/modernniagara.com\\\/\",\"name\":\"Modern Niagara\",\"description\":\"\",\"potentialAction\":[{\"@type\":\"SearchAction\",\"target\":{\"@type\":\"EntryPoint\",\"urlTemplate\":\"https:\\\/\\\/modernniagara.com\\\/?s={search_term_string}\"},\"query-input\":{\"@type\":\"PropertyValueSpecification\",\"valueRequired\":true,\"valueName\":\"search_term_string\"}}],\"inLanguage\":\"fr-FR\"}]}<\/script>\n<!-- \/ Yoast SEO plugin. -->","yoast_head_json":{"title":"Sant\u00e9 et s\u00e9curit\u00e9 | Modern Niagara | M\u00e9canique, \u00e9lectricit\u00e9, CVC","description":"La forte culture de Modern Niagara en mati\u00e8re de sant\u00e9 et de s\u00e9curit\u00e9 est bien \u00e9tablie. Le bilan de l\u2019entreprise dans le domaine de la sant\u00e9 et de la s\u00e9curit\u00e9 reste donc bien sup\u00e9rieur aux normes de l\u2019industrie.","robots":{"index":"index","follow":"follow","max-snippet":"max-snippet:-1","max-image-preview":"max-image-preview:large","max-video-preview":"max-video-preview:-1"},"canonical":"https:\/\/modernniagara.com\/fr\/carrieres\/sante-et-securite\/","og_locale":"fr_FR","og_type":"article","og_title":"Sant\u00e9 et s\u00e9curit\u00e9 | Modern Niagara | M\u00e9canique, \u00e9lectricit\u00e9, CVC","og_description":"La forte culture de Modern Niagara en mati\u00e8re de sant\u00e9 et de s\u00e9curit\u00e9 est bien \u00e9tablie. Le bilan de l\u2019entreprise dans le domaine de la sant\u00e9 et de la s\u00e9curit\u00e9 reste donc bien sup\u00e9rieur aux normes de l\u2019industrie.","og_url":"https:\/\/modernniagara.com\/fr\/carrieres\/sante-et-securite\/","og_site_name":"Modern Niagara","article_modified_time":"2020-08-19T15:59:08+00:00","og_image":[{"width":317,"height":195,"url":"https:\/\/modernniagara.com\/wp-content\/uploads\/2019\/05\/image-careers-02.png","type":"image\/png"}],"twitter_card":"summary_large_image","schema":{"@context":"https:\/\/schema.org","@graph":[{"@type":"WebPage","@id":"https:\/\/modernniagara.com\/fr\/carrieres\/sante-et-securite\/","url":"https:\/\/modernniagara.com\/fr\/carrieres\/sante-et-securite\/","name":"Sant\u00e9 et s\u00e9curit\u00e9 | Modern Niagara | M\u00e9canique, \u00e9lectricit\u00e9, CVC","isPartOf":{"@id":"https:\/\/modernniagara.com\/#website"},"primaryImageOfPage":{"@id":"https:\/\/modernniagara.com\/fr\/carrieres\/sante-et-securite\/#primaryimage"},"image":{"@id":"https:\/\/modernniagara.com\/fr\/carrieres\/sante-et-securite\/#primaryimage"},"thumbnailUrl":"https:\/\/modernniagara.com\/wp-content\/uploads\/2019\/05\/image-careers-02.png","datePublished":"2020-08-19T15:58:21+00:00","dateModified":"2020-08-19T15:59:08+00:00","description":"La forte culture de Modern Niagara en mati\u00e8re de sant\u00e9 et de s\u00e9curit\u00e9 est bien \u00e9tablie. Le bilan de l\u2019entreprise dans le domaine de la sant\u00e9 et de la s\u00e9curit\u00e9 reste donc bien sup\u00e9rieur aux normes de l\u2019industrie.","breadcrumb":{"@id":"https:\/\/modernniagara.com\/fr\/carrieres\/sante-et-securite\/#breadcrumb"},"inLanguage":"fr-FR","potentialAction":[{"@type":"ReadAction","target":["https:\/\/modernniagara.com\/fr\/carrieres\/sante-et-securite\/"]}]},{"@type":"ImageObject","inLanguage":"fr-FR","@id":"https:\/\/modernniagara.com\/fr\/carrieres\/sante-et-securite\/#primaryimage","url":"https:\/\/modernniagara.com\/wp-content\/uploads\/2019\/05\/image-careers-02.png","contentUrl":"https:\/\/modernniagara.com\/wp-content\/uploads\/2019\/05\/image-careers-02.png","width":317,"height":195,"caption":"Two Modern Niagara employees sit at a table, speaking with one another. Both men are wearing safety equipment."},{"@type":"BreadcrumbList","@id":"https:\/\/modernniagara.com\/fr\/carrieres\/sante-et-securite\/#breadcrumb","itemListElement":[{"@type":"ListItem","position":1,"name":"Accueil","item":"https:\/\/modernniagara.com\/fr\/"},{"@type":"ListItem","position":2,"name":"Carri\u00e8res","item":"https:\/\/modernniagara.com\/fr\/carrieres\/"},{"@type":"ListItem","position":3,"name":"Sant\u00e9 et s\u00e9curit\u00e9"}]},{"@type":"WebSite","@id":"https:\/\/modernniagara.com\/#website","url":"https:\/\/modernniagara.com\/","name":"Modern Niagara","description":"","potentialAction":[{"@type":"SearchAction","target":{"@type":"EntryPoint","urlTemplate":"https:\/\/modernniagara.com\/?s={search_term_string}"},"query-input":{"@type":"PropertyValueSpecification","valueRequired":true,"valueName":"search_term_string"}}],"inLanguage":"fr-FR"}]}},"_links":{"self":[{"href":"https:\/\/modernniagara.com\/fr\/wp-json\/wp\/v2\/pages\/3264","targetHints":{"allow":["GET"]}}],"collection":[{"href":"https:\/\/modernniagara.com\/fr\/wp-json\/wp\/v2\/pages"}],"about":[{"href":"https:\/\/modernniagara.com\/fr\/wp-json\/wp\/v2\/types\/page"}],"author":[{"embeddable":true,"href":"https:\/\/modernniagara.com\/fr\/wp-json\/wp\/v2\/users\/1"}],"replies":[{"embeddable":true,"href":"https:\/\/modernniagara.com\/fr\/wp-json\/wp\/v2\/comments?post=3264"}],"version-history":[{"count":2,"href":"https:\/\/modernniagara.com\/fr\/wp-json\/wp\/v2\/pages\/3264\/revisions"}],"predecessor-version":[{"id":3267,"href":"https:\/\/modernniagara.com\/fr\/wp-json\/wp\/v2\/pages\/3264\/revisions\/3267"}],"up":[{"embeddable":true,"href":"https:\/\/modernniagara.com\/fr\/wp-json\/wp\/v2\/pages\/3256"}],"wp:featuredmedia":[{"embeddable":true,"href":"https:\/\/modernniagara.com\/fr\/wp-json\/wp\/v2\/media\/2684"}],"wp:attachment":[{"href":"https:\/\/modernniagara.com\/fr\/wp-json\/wp\/v2\/media?parent=3264"}],"curies":[{"name":"wp","href":"https:\/\/api.w.org\/{rel}","templated":true}]}}