{"id":3247,"date":"2020-08-19T11:12:28","date_gmt":"2020-08-19T15:12:28","guid":{"rendered":"https:\/\/modernniagara.com\/?page_id=3247"},"modified":"2020-08-19T11:12:28","modified_gmt":"2020-08-19T15:12:28","slug":"engagement-communautaire","status":"publish","type":"page","link":"https:\/\/modernniagara.com\/fr\/a-propos-de-modern\/engagement-communautaire\/","title":{"rendered":"Engagement communautaire"},"content":{"rendered":"<h2>Modern Niagara redonne \u00e0 la Communaute.<\/h2>\n<p><img loading=\"lazy\" decoding=\"async\" class=\"alignright size-full wp-image-2776\" src=\"https:\/\/modernniagara.com\/wp-content\/uploads\/2019\/05\/Ottawa_Ruddy-Shenkman-Hospice_21.png\" alt=\"\" width=\"317\" height=\"200\" srcset=\"https:\/\/modernniagara.com\/wp-content\/uploads\/2019\/05\/Ottawa_Ruddy-Shenkman-Hospice_21.png 317w, https:\/\/modernniagara.com\/wp-content\/uploads\/2019\/05\/Ottawa_Ruddy-Shenkman-Hospice_21-300x189.png 300w\" sizes=\"auto, (max-width: 317px) 100vw, 317px\" \/>Nos communautees nous enrichissent et nous soutiennent. Voici comment Modern Niagara s&rsquo;implique\u00a0:<\/p>\n<ul>\n<li>Nous soutenons les organismes de bienfaisance \u00e0 l\u2019\u00e9chelle nationale et locale dans les r\u00e9gions o\u00f9 nous sommes implant\u00e9s.<\/li>\n<li>Chaque ann\u00e9e, nous organisons une journ\u00e9e o\u00f9 des milliers d\u2019employ\u00e9s de Modern Niagara se portent volontaires pour aider \u00e0 faire une diff\u00e9rence au sein de leur collectivit\u00e9.<\/li>\n<li>Nous soutenons des causes qui comptent pour nos employ\u00e9s en faisant un don \u00e0 un organisme de bienfaisance de leur choix dans le cadre des \u00e9valuations de rendement annuelles.<\/li>\n<li>Nous investissons dans l\u2019\u00e9ducation des jeunes gr\u00e2ce \u00e0 des dons \u00e0 des \u00e9tablissements postsecondaires au Canada et dans le monde.<\/li>\n<\/ul>\n","protected":false},"excerpt":{"rendered":"<p>Modern Niagara fait une diff\u00e9rence dans les collectivit\u00e9s en organisant des journ\u00e9es de b\u00e9n\u00e9volat, en effectuant des dons de bienfaisance et des investissements dans l\u2019\u00e9ducation des jeunes et plus encore.<\/p>\n","protected":false},"author":1,"featured_media":2680,"parent":3234,"menu_order":7,"comment_status":"closed","ping_status":"closed","template":"","meta":{"_acf_changed":false,"footnotes":""},"class_list":["post-3247","page","type-page","status-publish","has-post-thumbnail","hentry"],"acf":[],"yoast_head":"<!-- This site is optimized with the Yoast SEO plugin v27.3 - https:\/\/yoast.com\/product\/yoast-seo-wordpress\/ -->\n<title>Engagement communautaire | Modern Niagara<\/title>\n<meta name=\"description\" content=\"Modern Niagara fait une diff\u00e9rence dans les collectivit\u00e9s en organisant des journ\u00e9es de b\u00e9n\u00e9volat, en effectuant des dons de bienfaisance et des investissements dans l\u2019\u00e9ducation des jeunes et plus encore.\" \/>\n<meta name=\"robots\" content=\"index, follow, max-snippet:-1, max-image-preview:large, max-video-preview:-1\" \/>\n<link rel=\"canonical\" href=\"https:\/\/modernniagara.com\/fr\/a-propos-de-modern\/engagement-communautaire\/\" \/>\n<meta property=\"og:locale\" content=\"fr_FR\" \/>\n<meta property=\"og:type\" content=\"article\" \/>\n<meta property=\"og:title\" content=\"Engagement communautaire | Modern Niagara\" \/>\n<meta property=\"og:description\" content=\"Modern Niagara fait une diff\u00e9rence dans les collectivit\u00e9s en organisant des journ\u00e9es de b\u00e9n\u00e9volat, en effectuant des dons de bienfaisance et des investissements dans l\u2019\u00e9ducation des jeunes et plus encore.\" \/>\n<meta property=\"og:url\" content=\"https:\/\/modernniagara.com\/fr\/a-propos-de-modern\/engagement-communautaire\/\" \/>\n<meta property=\"og:site_name\" content=\"Modern Niagara\" \/>\n<meta property=\"og:image\" content=\"https:\/\/modernniagara.com\/wp-content\/uploads\/2019\/05\/image-about-06.png\" \/>\n\t<meta property=\"og:image:width\" content=\"317\" \/>\n\t<meta property=\"og:image:height\" content=\"195\" \/>\n\t<meta property=\"og:image:type\" content=\"image\/png\" \/>\n<meta name=\"twitter:card\" content=\"summary_large_image\" \/>\n<script type=\"application\/ld+json\" class=\"yoast-schema-graph\">{\"@context\":\"https:\\\/\\\/schema.org\",\"@graph\":[{\"@type\":\"WebPage\",\"@id\":\"https:\\\/\\\/modernniagara.com\\\/fr\\\/a-propos-de-modern\\\/engagement-communautaire\\\/\",\"url\":\"https:\\\/\\\/modernniagara.com\\\/fr\\\/a-propos-de-modern\\\/engagement-communautaire\\\/\",\"name\":\"Engagement communautaire | Modern Niagara\",\"isPartOf\":{\"@id\":\"https:\\\/\\\/modernniagara.com\\\/#website\"},\"primaryImageOfPage\":{\"@id\":\"https:\\\/\\\/modernniagara.com\\\/fr\\\/a-propos-de-modern\\\/engagement-communautaire\\\/#primaryimage\"},\"image\":{\"@id\":\"https:\\\/\\\/modernniagara.com\\\/fr\\\/a-propos-de-modern\\\/engagement-communautaire\\\/#primaryimage\"},\"thumbnailUrl\":\"https:\\\/\\\/modernniagara.com\\\/wp-content\\\/uploads\\\/2019\\\/05\\\/image-about-06.png\",\"datePublished\":\"2020-08-19T15:12:28+00:00\",\"description\":\"Modern Niagara fait une diff\u00e9rence dans les collectivit\u00e9s en organisant des journ\u00e9es de b\u00e9n\u00e9volat, en effectuant des dons de bienfaisance et des investissements dans l\u2019\u00e9ducation des jeunes et plus encore.\",\"breadcrumb\":{\"@id\":\"https:\\\/\\\/modernniagara.com\\\/fr\\\/a-propos-de-modern\\\/engagement-communautaire\\\/#breadcrumb\"},\"inLanguage\":\"fr-FR\",\"potentialAction\":[{\"@type\":\"ReadAction\",\"target\":[\"https:\\\/\\\/modernniagara.com\\\/fr\\\/a-propos-de-modern\\\/engagement-communautaire\\\/\"]}]},{\"@type\":\"ImageObject\",\"inLanguage\":\"fr-FR\",\"@id\":\"https:\\\/\\\/modernniagara.com\\\/fr\\\/a-propos-de-modern\\\/engagement-communautaire\\\/#primaryimage\",\"url\":\"https:\\\/\\\/modernniagara.com\\\/wp-content\\\/uploads\\\/2019\\\/05\\\/image-about-06.png\",\"contentUrl\":\"https:\\\/\\\/modernniagara.com\\\/wp-content\\\/uploads\\\/2019\\\/05\\\/image-about-06.png\",\"width\":317,\"height\":195,\"caption\":\"Seven Modern Niagara Employees stand around a large box. All are wearing blue t-shirts which read \u201cModern Niagara Community Day.\u201d\"},{\"@type\":\"BreadcrumbList\",\"@id\":\"https:\\\/\\\/modernniagara.com\\\/fr\\\/a-propos-de-modern\\\/engagement-communautaire\\\/#breadcrumb\",\"itemListElement\":[{\"@type\":\"ListItem\",\"position\":1,\"name\":\"Accueil\",\"item\":\"https:\\\/\\\/modernniagara.com\\\/fr\\\/\"},{\"@type\":\"ListItem\",\"position\":2,\"name\":\"\u00c0 propos de Modern\",\"item\":\"https:\\\/\\\/modernniagara.com\\\/fr\\\/a-propos-de-modern\\\/\"},{\"@type\":\"ListItem\",\"position\":3,\"name\":\"Engagement communautaire\"}]},{\"@type\":\"WebSite\",\"@id\":\"https:\\\/\\\/modernniagara.com\\\/#website\",\"url\":\"https:\\\/\\\/modernniagara.com\\\/\",\"name\":\"Modern Niagara\",\"description\":\"\",\"potentialAction\":[{\"@type\":\"SearchAction\",\"target\":{\"@type\":\"EntryPoint\",\"urlTemplate\":\"https:\\\/\\\/modernniagara.com\\\/?s={search_term_string}\"},\"query-input\":{\"@type\":\"PropertyValueSpecification\",\"valueRequired\":true,\"valueName\":\"search_term_string\"}}],\"inLanguage\":\"fr-FR\"}]}<\/script>\n<!-- \/ Yoast SEO plugin. -->","yoast_head_json":{"title":"Engagement communautaire | Modern Niagara","description":"Modern Niagara fait une diff\u00e9rence dans les collectivit\u00e9s en organisant des journ\u00e9es de b\u00e9n\u00e9volat, en effectuant des dons de bienfaisance et des investissements dans l\u2019\u00e9ducation des jeunes et plus encore.","robots":{"index":"index","follow":"follow","max-snippet":"max-snippet:-1","max-image-preview":"max-image-preview:large","max-video-preview":"max-video-preview:-1"},"canonical":"https:\/\/modernniagara.com\/fr\/a-propos-de-modern\/engagement-communautaire\/","og_locale":"fr_FR","og_type":"article","og_title":"Engagement communautaire | Modern Niagara","og_description":"Modern Niagara fait une diff\u00e9rence dans les collectivit\u00e9s en organisant des journ\u00e9es de b\u00e9n\u00e9volat, en effectuant des dons de bienfaisance et des investissements dans l\u2019\u00e9ducation des jeunes et plus encore.","og_url":"https:\/\/modernniagara.com\/fr\/a-propos-de-modern\/engagement-communautaire\/","og_site_name":"Modern Niagara","og_image":[{"width":317,"height":195,"url":"https:\/\/modernniagara.com\/wp-content\/uploads\/2019\/05\/image-about-06.png","type":"image\/png"}],"twitter_card":"summary_large_image","schema":{"@context":"https:\/\/schema.org","@graph":[{"@type":"WebPage","@id":"https:\/\/modernniagara.com\/fr\/a-propos-de-modern\/engagement-communautaire\/","url":"https:\/\/modernniagara.com\/fr\/a-propos-de-modern\/engagement-communautaire\/","name":"Engagement communautaire | Modern Niagara","isPartOf":{"@id":"https:\/\/modernniagara.com\/#website"},"primaryImageOfPage":{"@id":"https:\/\/modernniagara.com\/fr\/a-propos-de-modern\/engagement-communautaire\/#primaryimage"},"image":{"@id":"https:\/\/modernniagara.com\/fr\/a-propos-de-modern\/engagement-communautaire\/#primaryimage"},"thumbnailUrl":"https:\/\/modernniagara.com\/wp-content\/uploads\/2019\/05\/image-about-06.png","datePublished":"2020-08-19T15:12:28+00:00","description":"Modern Niagara fait une diff\u00e9rence dans les collectivit\u00e9s en organisant des journ\u00e9es de b\u00e9n\u00e9volat, en effectuant des dons de bienfaisance et des investissements dans l\u2019\u00e9ducation des jeunes et plus encore.","breadcrumb":{"@id":"https:\/\/modernniagara.com\/fr\/a-propos-de-modern\/engagement-communautaire\/#breadcrumb"},"inLanguage":"fr-FR","potentialAction":[{"@type":"ReadAction","target":["https:\/\/modernniagara.com\/fr\/a-propos-de-modern\/engagement-communautaire\/"]}]},{"@type":"ImageObject","inLanguage":"fr-FR","@id":"https:\/\/modernniagara.com\/fr\/a-propos-de-modern\/engagement-communautaire\/#primaryimage","url":"https:\/\/modernniagara.com\/wp-content\/uploads\/2019\/05\/image-about-06.png","contentUrl":"https:\/\/modernniagara.com\/wp-content\/uploads\/2019\/05\/image-about-06.png","width":317,"height":195,"caption":"Seven Modern Niagara Employees stand around a large box. All are wearing blue t-shirts which read \u201cModern Niagara Community Day.\u201d"},{"@type":"BreadcrumbList","@id":"https:\/\/modernniagara.com\/fr\/a-propos-de-modern\/engagement-communautaire\/#breadcrumb","itemListElement":[{"@type":"ListItem","position":1,"name":"Accueil","item":"https:\/\/modernniagara.com\/fr\/"},{"@type":"ListItem","position":2,"name":"\u00c0 propos de Modern","item":"https:\/\/modernniagara.com\/fr\/a-propos-de-modern\/"},{"@type":"ListItem","position":3,"name":"Engagement communautaire"}]},{"@type":"WebSite","@id":"https:\/\/modernniagara.com\/#website","url":"https:\/\/modernniagara.com\/","name":"Modern Niagara","description":"","potentialAction":[{"@type":"SearchAction","target":{"@type":"EntryPoint","urlTemplate":"https:\/\/modernniagara.com\/?s={search_term_string}"},"query-input":{"@type":"PropertyValueSpecification","valueRequired":true,"valueName":"search_term_string"}}],"inLanguage":"fr-FR"}]}},"_links":{"self":[{"href":"https:\/\/modernniagara.com\/fr\/wp-json\/wp\/v2\/pages\/3247","targetHints":{"allow":["GET"]}}],"collection":[{"href":"https:\/\/modernniagara.com\/fr\/wp-json\/wp\/v2\/pages"}],"about":[{"href":"https:\/\/modernniagara.com\/fr\/wp-json\/wp\/v2\/types\/page"}],"author":[{"embeddable":true,"href":"https:\/\/modernniagara.com\/fr\/wp-json\/wp\/v2\/users\/1"}],"replies":[{"embeddable":true,"href":"https:\/\/modernniagara.com\/fr\/wp-json\/wp\/v2\/comments?post=3247"}],"version-history":[{"count":1,"href":"https:\/\/modernniagara.com\/fr\/wp-json\/wp\/v2\/pages\/3247\/revisions"}],"predecessor-version":[{"id":3248,"href":"https:\/\/modernniagara.com\/fr\/wp-json\/wp\/v2\/pages\/3247\/revisions\/3248"}],"up":[{"embeddable":true,"href":"https:\/\/modernniagara.com\/fr\/wp-json\/wp\/v2\/pages\/3234"}],"wp:featuredmedia":[{"embeddable":true,"href":"https:\/\/modernniagara.com\/fr\/wp-json\/wp\/v2\/media\/2680"}],"wp:attachment":[{"href":"https:\/\/modernniagara.com\/fr\/wp-json\/wp\/v2\/media?parent=3247"}],"curies":[{"name":"wp","href":"https:\/\/api.w.org\/{rel}","templated":true}]}}