{"id":3243,"date":"2020-08-19T11:06:27","date_gmt":"2020-08-19T15:06:27","guid":{"rendered":"https:\/\/modernniagara.com\/?page_id=3243"},"modified":"2020-08-19T11:18:46","modified_gmt":"2020-08-19T15:18:46","slug":"notre-impact","status":"publish","type":"page","link":"https:\/\/modernniagara.com\/fr\/a-propos-de-modern\/notre-impact\/","title":{"rendered":"Notre impact"},"content":{"rendered":"<p>&nbsp;<br \/>\n<img loading=\"lazy\" decoding=\"async\" class=\"alignnone size-full wp-image-2852\" src=\"https:\/\/modernniagara.com\/wp-content\/uploads\/2019\/05\/MNG_CEO_infographic-R6-1.png\" alt=\"\" width=\"1190\" height=\"1399\" srcset=\"https:\/\/modernniagara.com\/wp-content\/uploads\/2019\/05\/MNG_CEO_infographic-R6-1.png 1190w, https:\/\/modernniagara.com\/wp-content\/uploads\/2019\/05\/MNG_CEO_infographic-R6-1-255x300.png 255w, https:\/\/modernniagara.com\/wp-content\/uploads\/2019\/05\/MNG_CEO_infographic-R6-1-768x903.png 768w, https:\/\/modernniagara.com\/wp-content\/uploads\/2019\/05\/MNG_CEO_infographic-R6-1-871x1024.png 871w\" sizes=\"auto, (max-width: 1190px) 100vw, 1190px\" \/><\/p>\n","protected":false},"excerpt":{"rendered":"<p>Les travaux de Modern Niagara ont une incidence positive sur l\u2019infrastructure du Canada\u00a0: h\u00f4pitaux, gouvernement, installations de fabrication, etc.<\/p>\n","protected":false},"author":1,"featured_media":2852,"parent":3234,"menu_order":3,"comment_status":"closed","ping_status":"closed","template":"","meta":{"_acf_changed":false,"footnotes":""},"class_list":["post-3243","page","type-page","status-publish","has-post-thumbnail","hentry"],"acf":[],"yoast_head":"<!-- This site is optimized with the Yoast SEO plugin v27.5 - https:\/\/yoast.com\/product\/yoast-seo-wordpress\/ -->\n<title>Notre impact | Modern Niagara | M\u00e9canique, \u00e9lectricit\u00e9, CVC et plomberie<\/title>\n<meta name=\"description\" content=\"Les travaux de Modern Niagara ont une incidence positive sur l\u2019infrastructure du Canada\u00a0: h\u00f4pitaux, gouvernement, installations de fabrication, etc.\" \/>\n<meta name=\"robots\" content=\"index, follow, max-snippet:-1, max-image-preview:large, max-video-preview:-1\" \/>\n<link rel=\"canonical\" href=\"https:\/\/modernniagara.com\/fr\/a-propos-de-modern\/notre-impact\/\" \/>\n<meta property=\"og:locale\" content=\"fr_FR\" \/>\n<meta property=\"og:type\" content=\"article\" \/>\n<meta property=\"og:title\" content=\"Notre impact | Modern Niagara | M\u00e9canique, \u00e9lectricit\u00e9, CVC et plomberie\" \/>\n<meta property=\"og:description\" content=\"Les travaux de Modern Niagara ont une incidence positive sur l\u2019infrastructure du Canada\u00a0: h\u00f4pitaux, gouvernement, installations de fabrication, etc.\" \/>\n<meta property=\"og:url\" content=\"https:\/\/modernniagara.com\/fr\/a-propos-de-modern\/notre-impact\/\" \/>\n<meta property=\"og:site_name\" content=\"Modern Niagara\" \/>\n<meta property=\"article:modified_time\" content=\"2020-08-19T15:18:46+00:00\" \/>\n<meta property=\"og:image\" content=\"https:\/\/modernniagara.com\/wp-content\/uploads\/2019\/05\/MNG_CEO_infographic-R6-1-871x1024.png\" \/>\n\t<meta property=\"og:image:width\" content=\"871\" \/>\n\t<meta property=\"og:image:height\" content=\"1024\" \/>\n\t<meta property=\"og:image:type\" content=\"image\/png\" \/>\n<meta name=\"twitter:card\" content=\"summary_large_image\" \/>\n<script type=\"application\/ld+json\" class=\"yoast-schema-graph\">{\"@context\":\"https:\\\/\\\/schema.org\",\"@graph\":[{\"@type\":\"WebPage\",\"@id\":\"https:\\\/\\\/modernniagara.com\\\/fr\\\/a-propos-de-modern\\\/notre-impact\\\/\",\"url\":\"https:\\\/\\\/modernniagara.com\\\/fr\\\/a-propos-de-modern\\\/notre-impact\\\/\",\"name\":\"Notre impact | Modern Niagara | M\u00e9canique, \u00e9lectricit\u00e9, CVC et plomberie\",\"isPartOf\":{\"@id\":\"https:\\\/\\\/modernniagara.com\\\/#website\"},\"primaryImageOfPage\":{\"@id\":\"https:\\\/\\\/modernniagara.com\\\/fr\\\/a-propos-de-modern\\\/notre-impact\\\/#primaryimage\"},\"image\":{\"@id\":\"https:\\\/\\\/modernniagara.com\\\/fr\\\/a-propos-de-modern\\\/notre-impact\\\/#primaryimage\"},\"thumbnailUrl\":\"https:\\\/\\\/modernniagara.com\\\/wp-content\\\/uploads\\\/2019\\\/05\\\/MNG_CEO_infographic-R6-1.png\",\"datePublished\":\"2020-08-19T15:06:27+00:00\",\"dateModified\":\"2020-08-19T15:18:46+00:00\",\"description\":\"Les travaux de Modern Niagara ont une incidence positive sur l\u2019infrastructure du Canada\u00a0: h\u00f4pitaux, gouvernement, installations de fabrication, etc.\",\"breadcrumb\":{\"@id\":\"https:\\\/\\\/modernniagara.com\\\/fr\\\/a-propos-de-modern\\\/notre-impact\\\/#breadcrumb\"},\"inLanguage\":\"fr-FR\",\"potentialAction\":[{\"@type\":\"ReadAction\",\"target\":[\"https:\\\/\\\/modernniagara.com\\\/fr\\\/a-propos-de-modern\\\/notre-impact\\\/\"]}]},{\"@type\":\"ImageObject\",\"inLanguage\":\"fr-FR\",\"@id\":\"https:\\\/\\\/modernniagara.com\\\/fr\\\/a-propos-de-modern\\\/notre-impact\\\/#primaryimage\",\"url\":\"https:\\\/\\\/modernniagara.com\\\/wp-content\\\/uploads\\\/2019\\\/05\\\/MNG_CEO_infographic-R6-1.png\",\"contentUrl\":\"https:\\\/\\\/modernniagara.com\\\/wp-content\\\/uploads\\\/2019\\\/05\\\/MNG_CEO_infographic-R6-1.png\",\"width\":1190,\"height\":1399},{\"@type\":\"BreadcrumbList\",\"@id\":\"https:\\\/\\\/modernniagara.com\\\/fr\\\/a-propos-de-modern\\\/notre-impact\\\/#breadcrumb\",\"itemListElement\":[{\"@type\":\"ListItem\",\"position\":1,\"name\":\"Accueil\",\"item\":\"https:\\\/\\\/modernniagara.com\\\/fr\\\/\"},{\"@type\":\"ListItem\",\"position\":2,\"name\":\"\u00c0 propos de Modern\",\"item\":\"https:\\\/\\\/modernniagara.com\\\/fr\\\/a-propos-de-modern\\\/\"},{\"@type\":\"ListItem\",\"position\":3,\"name\":\"Notre impact\"}]},{\"@type\":\"WebSite\",\"@id\":\"https:\\\/\\\/modernniagara.com\\\/#website\",\"url\":\"https:\\\/\\\/modernniagara.com\\\/\",\"name\":\"Modern Niagara\",\"description\":\"\",\"potentialAction\":[{\"@type\":\"SearchAction\",\"target\":{\"@type\":\"EntryPoint\",\"urlTemplate\":\"https:\\\/\\\/modernniagara.com\\\/?s={search_term_string}\"},\"query-input\":{\"@type\":\"PropertyValueSpecification\",\"valueRequired\":true,\"valueName\":\"search_term_string\"}}],\"inLanguage\":\"fr-FR\"}]}<\/script>\n<!-- \/ Yoast SEO plugin. -->","yoast_head_json":{"title":"Notre impact | Modern Niagara | M\u00e9canique, \u00e9lectricit\u00e9, CVC et plomberie","description":"Les travaux de Modern Niagara ont une incidence positive sur l\u2019infrastructure du Canada\u00a0: h\u00f4pitaux, gouvernement, installations de fabrication, etc.","robots":{"index":"index","follow":"follow","max-snippet":"max-snippet:-1","max-image-preview":"max-image-preview:large","max-video-preview":"max-video-preview:-1"},"canonical":"https:\/\/modernniagara.com\/fr\/a-propos-de-modern\/notre-impact\/","og_locale":"fr_FR","og_type":"article","og_title":"Notre impact | Modern Niagara | M\u00e9canique, \u00e9lectricit\u00e9, CVC et plomberie","og_description":"Les travaux de Modern Niagara ont une incidence positive sur l\u2019infrastructure du Canada\u00a0: h\u00f4pitaux, gouvernement, installations de fabrication, etc.","og_url":"https:\/\/modernniagara.com\/fr\/a-propos-de-modern\/notre-impact\/","og_site_name":"Modern Niagara","article_modified_time":"2020-08-19T15:18:46+00:00","og_image":[{"width":871,"height":1024,"url":"https:\/\/modernniagara.com\/wp-content\/uploads\/2019\/05\/MNG_CEO_infographic-R6-1-871x1024.png","type":"image\/png"}],"twitter_card":"summary_large_image","schema":{"@context":"https:\/\/schema.org","@graph":[{"@type":"WebPage","@id":"https:\/\/modernniagara.com\/fr\/a-propos-de-modern\/notre-impact\/","url":"https:\/\/modernniagara.com\/fr\/a-propos-de-modern\/notre-impact\/","name":"Notre impact | Modern Niagara | M\u00e9canique, \u00e9lectricit\u00e9, CVC et plomberie","isPartOf":{"@id":"https:\/\/modernniagara.com\/#website"},"primaryImageOfPage":{"@id":"https:\/\/modernniagara.com\/fr\/a-propos-de-modern\/notre-impact\/#primaryimage"},"image":{"@id":"https:\/\/modernniagara.com\/fr\/a-propos-de-modern\/notre-impact\/#primaryimage"},"thumbnailUrl":"https:\/\/modernniagara.com\/wp-content\/uploads\/2019\/05\/MNG_CEO_infographic-R6-1.png","datePublished":"2020-08-19T15:06:27+00:00","dateModified":"2020-08-19T15:18:46+00:00","description":"Les travaux de Modern Niagara ont une incidence positive sur l\u2019infrastructure du Canada\u00a0: h\u00f4pitaux, gouvernement, installations de fabrication, etc.","breadcrumb":{"@id":"https:\/\/modernniagara.com\/fr\/a-propos-de-modern\/notre-impact\/#breadcrumb"},"inLanguage":"fr-FR","potentialAction":[{"@type":"ReadAction","target":["https:\/\/modernniagara.com\/fr\/a-propos-de-modern\/notre-impact\/"]}]},{"@type":"ImageObject","inLanguage":"fr-FR","@id":"https:\/\/modernniagara.com\/fr\/a-propos-de-modern\/notre-impact\/#primaryimage","url":"https:\/\/modernniagara.com\/wp-content\/uploads\/2019\/05\/MNG_CEO_infographic-R6-1.png","contentUrl":"https:\/\/modernniagara.com\/wp-content\/uploads\/2019\/05\/MNG_CEO_infographic-R6-1.png","width":1190,"height":1399},{"@type":"BreadcrumbList","@id":"https:\/\/modernniagara.com\/fr\/a-propos-de-modern\/notre-impact\/#breadcrumb","itemListElement":[{"@type":"ListItem","position":1,"name":"Accueil","item":"https:\/\/modernniagara.com\/fr\/"},{"@type":"ListItem","position":2,"name":"\u00c0 propos de Modern","item":"https:\/\/modernniagara.com\/fr\/a-propos-de-modern\/"},{"@type":"ListItem","position":3,"name":"Notre impact"}]},{"@type":"WebSite","@id":"https:\/\/modernniagara.com\/#website","url":"https:\/\/modernniagara.com\/","name":"Modern Niagara","description":"","potentialAction":[{"@type":"SearchAction","target":{"@type":"EntryPoint","urlTemplate":"https:\/\/modernniagara.com\/?s={search_term_string}"},"query-input":{"@type":"PropertyValueSpecification","valueRequired":true,"valueName":"search_term_string"}}],"inLanguage":"fr-FR"}]}},"_links":{"self":[{"href":"https:\/\/modernniagara.com\/fr\/wp-json\/wp\/v2\/pages\/3243","targetHints":{"allow":["GET"]}}],"collection":[{"href":"https:\/\/modernniagara.com\/fr\/wp-json\/wp\/v2\/pages"}],"about":[{"href":"https:\/\/modernniagara.com\/fr\/wp-json\/wp\/v2\/types\/page"}],"author":[{"embeddable":true,"href":"https:\/\/modernniagara.com\/fr\/wp-json\/wp\/v2\/users\/1"}],"replies":[{"embeddable":true,"href":"https:\/\/modernniagara.com\/fr\/wp-json\/wp\/v2\/comments?post=3243"}],"version-history":[{"count":2,"href":"https:\/\/modernniagara.com\/fr\/wp-json\/wp\/v2\/pages\/3243\/revisions"}],"predecessor-version":[{"id":3251,"href":"https:\/\/modernniagara.com\/fr\/wp-json\/wp\/v2\/pages\/3243\/revisions\/3251"}],"up":[{"embeddable":true,"href":"https:\/\/modernniagara.com\/fr\/wp-json\/wp\/v2\/pages\/3234"}],"wp:featuredmedia":[{"embeddable":true,"href":"https:\/\/modernniagara.com\/fr\/wp-json\/wp\/v2\/media\/2852"}],"wp:attachment":[{"href":"https:\/\/modernniagara.com\/fr\/wp-json\/wp\/v2\/media?parent=3243"}],"curies":[{"name":"wp","href":"https:\/\/api.w.org\/{rel}","templated":true}]}}