{"id":3241,"date":"2020-08-19T11:00:08","date_gmt":"2020-08-19T15:00:08","guid":{"rendered":"https:\/\/modernniagara.com\/?page_id=3241"},"modified":"2020-08-19T11:17:04","modified_gmt":"2020-08-19T15:17:04","slug":"nos-valeurs-fondamentales","status":"publish","type":"page","link":"https:\/\/modernniagara.com\/fr\/a-propos-de-modern\/nos-valeurs-fondamentales\/","title":{"rendered":"Nos valeurs fondamentales"},"content":{"rendered":"<p><strong>Une culture qui favorise la r\u00e9ussite.<\/strong><\/p>\n<p>Travail d\u2019\u00e9quipe. Initiative. D\u00e9termination. Professionnalisme. Passion. Voil\u00e0 ce qui compte le plus pour les employ\u00e9s de Modern Niagara.  Nos nombreux clients satisfaits ainsi que les niveaux exceptionnels d\u2019engagement et de satisfaction professionnelle au sein de nos \u00e9quipes en font foi.<\/p>\n<p>Nous incarnons nos valeurs communes\u00a0:<\/p>\n<ul>\n<li><strong>Travail d\u2019\u00e9quipe\u00a0:<\/strong> Chaque employ\u00e9 de Modern Niagara conna\u00eet son r\u00f4le et exerce ses fonctions selon les normes les plus \u00e9lev\u00e9es, en plus d\u2019\u00eatre toujours pr\u00eat \u00e0 aider un coll\u00e8gue.<\/li>\n<li><strong>Initiative\u00a0:<\/strong> Nos employ\u00e9s sont ravis de faire appel \u00e0 leur ing\u00e9niosit\u00e9 pour trouver des solutions plus efficaces et rentables aux probl\u00e8mes.<\/li>\n<li><strong>D\u00e9termination\u00a0:<\/strong> Nous ne baissons pas les bras lorsque nous faisons face \u00e0 des d\u00e9fis complexes. Nous trouvons des solutions, co\u00fbte que co\u00fbte.<\/li>\n<li><strong>Professionnalisme\u00a0:<\/strong> Nos clients sont notre priorit\u00e9. Nous les traitons avec respect et leur offrons un excellent service \u00e0 la client\u00e8le \u00e0 toutes les \u00e9tapes.<\/li>\n<li><strong>Passion\u00a0:<\/strong> Un rendement exceptionnel compte plus que tout pour nous. Nous n&rsquo;acceptons pas les demi-mesures, de nous-m\u00eames ou des membres de notre \u00e9quipe.<\/li>\n<\/ul>\n","protected":false},"excerpt":{"rendered":"<p>Les valeurs fondamentales de Modern Niagara, soit le travail d\u2019\u00e9quipe, l\u2019initiative, la d\u00e9termination, le professionnalisme et la passion procurent des r\u00e9sultats aux clients.<\/p>\n","protected":false},"author":1,"featured_media":4813,"parent":3234,"menu_order":2,"comment_status":"closed","ping_status":"closed","template":"","meta":{"_acf_changed":false,"footnotes":""},"class_list":["post-3241","page","type-page","status-publish","has-post-thumbnail","hentry"],"acf":[],"yoast_head":"<!-- This site is optimized with the Yoast SEO plugin v27.3 - https:\/\/yoast.com\/product\/yoast-seo-wordpress\/ -->\n<title>Nos valeurs fondamentales | Modern Niagara | M\u00e9canique, \u00e9lectricit\u00e9, CVC et plomberie<\/title>\n<meta name=\"description\" content=\"Les valeurs fondamentales de Modern Niagara, soit le travail d\u2019\u00e9quipe, l\u2019initiative, la d\u00e9termination, le professionnalisme et la passion procurent des r\u00e9sultats aux clients.\" \/>\n<meta name=\"robots\" content=\"index, follow, max-snippet:-1, max-image-preview:large, max-video-preview:-1\" \/>\n<link rel=\"canonical\" href=\"https:\/\/modernniagara.com\/fr\/a-propos-de-modern\/nos-valeurs-fondamentales\/\" \/>\n<meta property=\"og:locale\" content=\"fr_FR\" \/>\n<meta property=\"og:type\" content=\"article\" \/>\n<meta property=\"og:title\" content=\"Nos valeurs fondamentales | Modern Niagara | M\u00e9canique, \u00e9lectricit\u00e9, CVC et plomberie\" \/>\n<meta property=\"og:description\" content=\"Les valeurs fondamentales de Modern Niagara, soit le travail d\u2019\u00e9quipe, l\u2019initiative, la d\u00e9termination, le professionnalisme et la passion procurent des r\u00e9sultats aux clients.\" \/>\n<meta property=\"og:url\" content=\"https:\/\/modernniagara.com\/fr\/a-propos-de-modern\/nos-valeurs-fondamentales\/\" \/>\n<meta property=\"og:site_name\" content=\"Modern Niagara\" \/>\n<meta property=\"article:modified_time\" content=\"2020-08-19T15:17:04+00:00\" \/>\n<meta property=\"og:image\" content=\"https:\/\/modernniagara.com\/wp-content\/uploads\/about_modern_our_core_values_feature_317x195_blue.jpg\" \/>\n\t<meta property=\"og:image:width\" content=\"317\" \/>\n\t<meta property=\"og:image:height\" content=\"195\" \/>\n\t<meta property=\"og:image:type\" content=\"image\/jpeg\" \/>\n<meta name=\"twitter:card\" content=\"summary_large_image\" \/>\n<script type=\"application\/ld+json\" class=\"yoast-schema-graph\">{\"@context\":\"https:\\\/\\\/schema.org\",\"@graph\":[{\"@type\":\"WebPage\",\"@id\":\"https:\\\/\\\/modernniagara.com\\\/fr\\\/a-propos-de-modern\\\/nos-valeurs-fondamentales\\\/\",\"url\":\"https:\\\/\\\/modernniagara.com\\\/fr\\\/a-propos-de-modern\\\/nos-valeurs-fondamentales\\\/\",\"name\":\"Nos valeurs fondamentales | Modern Niagara | M\u00e9canique, \u00e9lectricit\u00e9, CVC et plomberie\",\"isPartOf\":{\"@id\":\"https:\\\/\\\/modernniagara.com\\\/#website\"},\"primaryImageOfPage\":{\"@id\":\"https:\\\/\\\/modernniagara.com\\\/fr\\\/a-propos-de-modern\\\/nos-valeurs-fondamentales\\\/#primaryimage\"},\"image\":{\"@id\":\"https:\\\/\\\/modernniagara.com\\\/fr\\\/a-propos-de-modern\\\/nos-valeurs-fondamentales\\\/#primaryimage\"},\"thumbnailUrl\":\"https:\\\/\\\/modernniagara.com\\\/wp-content\\\/uploads\\\/about_modern_our_core_values_feature_317x195_blue.jpg\",\"datePublished\":\"2020-08-19T15:00:08+00:00\",\"dateModified\":\"2020-08-19T15:17:04+00:00\",\"description\":\"Les valeurs fondamentales de Modern Niagara, soit le travail d\u2019\u00e9quipe, l\u2019initiative, la d\u00e9termination, le professionnalisme et la passion procurent des r\u00e9sultats aux clients.\",\"breadcrumb\":{\"@id\":\"https:\\\/\\\/modernniagara.com\\\/fr\\\/a-propos-de-modern\\\/nos-valeurs-fondamentales\\\/#breadcrumb\"},\"inLanguage\":\"fr-FR\",\"potentialAction\":[{\"@type\":\"ReadAction\",\"target\":[\"https:\\\/\\\/modernniagara.com\\\/fr\\\/a-propos-de-modern\\\/nos-valeurs-fondamentales\\\/\"]}]},{\"@type\":\"ImageObject\",\"inLanguage\":\"fr-FR\",\"@id\":\"https:\\\/\\\/modernniagara.com\\\/fr\\\/a-propos-de-modern\\\/nos-valeurs-fondamentales\\\/#primaryimage\",\"url\":\"https:\\\/\\\/modernniagara.com\\\/wp-content\\\/uploads\\\/about_modern_our_core_values_feature_317x195_blue.jpg\",\"contentUrl\":\"https:\\\/\\\/modernniagara.com\\\/wp-content\\\/uploads\\\/about_modern_our_core_values_feature_317x195_blue.jpg\",\"width\":317,\"height\":195,\"caption\":\"Two Modern Niagara employees with safety equipment working on a project site\"},{\"@type\":\"BreadcrumbList\",\"@id\":\"https:\\\/\\\/modernniagara.com\\\/fr\\\/a-propos-de-modern\\\/nos-valeurs-fondamentales\\\/#breadcrumb\",\"itemListElement\":[{\"@type\":\"ListItem\",\"position\":1,\"name\":\"Accueil\",\"item\":\"https:\\\/\\\/modernniagara.com\\\/fr\\\/\"},{\"@type\":\"ListItem\",\"position\":2,\"name\":\"\u00c0 propos de Modern\",\"item\":\"https:\\\/\\\/modernniagara.com\\\/fr\\\/a-propos-de-modern\\\/\"},{\"@type\":\"ListItem\",\"position\":3,\"name\":\"Nos valeurs fondamentales\"}]},{\"@type\":\"WebSite\",\"@id\":\"https:\\\/\\\/modernniagara.com\\\/#website\",\"url\":\"https:\\\/\\\/modernniagara.com\\\/\",\"name\":\"Modern Niagara\",\"description\":\"\",\"potentialAction\":[{\"@type\":\"SearchAction\",\"target\":{\"@type\":\"EntryPoint\",\"urlTemplate\":\"https:\\\/\\\/modernniagara.com\\\/?s={search_term_string}\"},\"query-input\":{\"@type\":\"PropertyValueSpecification\",\"valueRequired\":true,\"valueName\":\"search_term_string\"}}],\"inLanguage\":\"fr-FR\"}]}<\/script>\n<!-- \/ Yoast SEO plugin. -->","yoast_head_json":{"title":"Nos valeurs fondamentales | Modern Niagara | M\u00e9canique, \u00e9lectricit\u00e9, CVC et plomberie","description":"Les valeurs fondamentales de Modern Niagara, soit le travail d\u2019\u00e9quipe, l\u2019initiative, la d\u00e9termination, le professionnalisme et la passion procurent des r\u00e9sultats aux clients.","robots":{"index":"index","follow":"follow","max-snippet":"max-snippet:-1","max-image-preview":"max-image-preview:large","max-video-preview":"max-video-preview:-1"},"canonical":"https:\/\/modernniagara.com\/fr\/a-propos-de-modern\/nos-valeurs-fondamentales\/","og_locale":"fr_FR","og_type":"article","og_title":"Nos valeurs fondamentales | Modern Niagara | M\u00e9canique, \u00e9lectricit\u00e9, CVC et plomberie","og_description":"Les valeurs fondamentales de Modern Niagara, soit le travail d\u2019\u00e9quipe, l\u2019initiative, la d\u00e9termination, le professionnalisme et la passion procurent des r\u00e9sultats aux clients.","og_url":"https:\/\/modernniagara.com\/fr\/a-propos-de-modern\/nos-valeurs-fondamentales\/","og_site_name":"Modern Niagara","article_modified_time":"2020-08-19T15:17:04+00:00","og_image":[{"width":317,"height":195,"url":"https:\/\/modernniagara.com\/wp-content\/uploads\/about_modern_our_core_values_feature_317x195_blue.jpg","type":"image\/jpeg"}],"twitter_card":"summary_large_image","schema":{"@context":"https:\/\/schema.org","@graph":[{"@type":"WebPage","@id":"https:\/\/modernniagara.com\/fr\/a-propos-de-modern\/nos-valeurs-fondamentales\/","url":"https:\/\/modernniagara.com\/fr\/a-propos-de-modern\/nos-valeurs-fondamentales\/","name":"Nos valeurs fondamentales | Modern Niagara | M\u00e9canique, \u00e9lectricit\u00e9, CVC et plomberie","isPartOf":{"@id":"https:\/\/modernniagara.com\/#website"},"primaryImageOfPage":{"@id":"https:\/\/modernniagara.com\/fr\/a-propos-de-modern\/nos-valeurs-fondamentales\/#primaryimage"},"image":{"@id":"https:\/\/modernniagara.com\/fr\/a-propos-de-modern\/nos-valeurs-fondamentales\/#primaryimage"},"thumbnailUrl":"https:\/\/modernniagara.com\/wp-content\/uploads\/about_modern_our_core_values_feature_317x195_blue.jpg","datePublished":"2020-08-19T15:00:08+00:00","dateModified":"2020-08-19T15:17:04+00:00","description":"Les valeurs fondamentales de Modern Niagara, soit le travail d\u2019\u00e9quipe, l\u2019initiative, la d\u00e9termination, le professionnalisme et la passion procurent des r\u00e9sultats aux clients.","breadcrumb":{"@id":"https:\/\/modernniagara.com\/fr\/a-propos-de-modern\/nos-valeurs-fondamentales\/#breadcrumb"},"inLanguage":"fr-FR","potentialAction":[{"@type":"ReadAction","target":["https:\/\/modernniagara.com\/fr\/a-propos-de-modern\/nos-valeurs-fondamentales\/"]}]},{"@type":"ImageObject","inLanguage":"fr-FR","@id":"https:\/\/modernniagara.com\/fr\/a-propos-de-modern\/nos-valeurs-fondamentales\/#primaryimage","url":"https:\/\/modernniagara.com\/wp-content\/uploads\/about_modern_our_core_values_feature_317x195_blue.jpg","contentUrl":"https:\/\/modernniagara.com\/wp-content\/uploads\/about_modern_our_core_values_feature_317x195_blue.jpg","width":317,"height":195,"caption":"Two Modern Niagara employees with safety equipment working on a project site"},{"@type":"BreadcrumbList","@id":"https:\/\/modernniagara.com\/fr\/a-propos-de-modern\/nos-valeurs-fondamentales\/#breadcrumb","itemListElement":[{"@type":"ListItem","position":1,"name":"Accueil","item":"https:\/\/modernniagara.com\/fr\/"},{"@type":"ListItem","position":2,"name":"\u00c0 propos de Modern","item":"https:\/\/modernniagara.com\/fr\/a-propos-de-modern\/"},{"@type":"ListItem","position":3,"name":"Nos valeurs fondamentales"}]},{"@type":"WebSite","@id":"https:\/\/modernniagara.com\/#website","url":"https:\/\/modernniagara.com\/","name":"Modern Niagara","description":"","potentialAction":[{"@type":"SearchAction","target":{"@type":"EntryPoint","urlTemplate":"https:\/\/modernniagara.com\/?s={search_term_string}"},"query-input":{"@type":"PropertyValueSpecification","valueRequired":true,"valueName":"search_term_string"}}],"inLanguage":"fr-FR"}]}},"_links":{"self":[{"href":"https:\/\/modernniagara.com\/fr\/wp-json\/wp\/v2\/pages\/3241","targetHints":{"allow":["GET"]}}],"collection":[{"href":"https:\/\/modernniagara.com\/fr\/wp-json\/wp\/v2\/pages"}],"about":[{"href":"https:\/\/modernniagara.com\/fr\/wp-json\/wp\/v2\/types\/page"}],"author":[{"embeddable":true,"href":"https:\/\/modernniagara.com\/fr\/wp-json\/wp\/v2\/users\/1"}],"replies":[{"embeddable":true,"href":"https:\/\/modernniagara.com\/fr\/wp-json\/wp\/v2\/comments?post=3241"}],"version-history":[{"count":1,"href":"https:\/\/modernniagara.com\/fr\/wp-json\/wp\/v2\/pages\/3241\/revisions"}],"predecessor-version":[{"id":3242,"href":"https:\/\/modernniagara.com\/fr\/wp-json\/wp\/v2\/pages\/3241\/revisions\/3242"}],"up":[{"embeddable":true,"href":"https:\/\/modernniagara.com\/fr\/wp-json\/wp\/v2\/pages\/3234"}],"wp:featuredmedia":[{"embeddable":true,"href":"https:\/\/modernniagara.com\/fr\/wp-json\/wp\/v2\/media\/4813"}],"wp:attachment":[{"href":"https:\/\/modernniagara.com\/fr\/wp-json\/wp\/v2\/media?parent=3241"}],"curies":[{"name":"wp","href":"https:\/\/api.w.org\/{rel}","templated":true}]}}