{"id":3239,"date":"2020-08-19T10:56:11","date_gmt":"2020-08-19T14:56:11","guid":{"rendered":"https:\/\/modernniagara.com\/?page_id=3239"},"modified":"2020-08-19T11:16:11","modified_gmt":"2020-08-19T15:16:11","slug":"pourquoi-modern-niagara","status":"publish","type":"page","link":"https:\/\/modernniagara.com\/fr\/a-propos-de-modern\/pourquoi-modern-niagara\/","title":{"rendered":"Pourquoi Modern Niagara?"},"content":{"rendered":"<h2>Un entrepreneur digne de confiance<\/h2>\n<p>Gr\u00e2ce \u00e0 sa comp\u00e9tence et \u00e0 sa souplesse, Modern Niagara peut entreprendre les travaux les plus importants et les plus complexes et changer de cap lorsque les circonstances l\u2019exigent pour que votre projet demeure sur la bonne voie. Nos \u00e9quipes exp\u00e9riment\u00e9es, compos\u00e9es des meilleurs dans leur domaine, mettent \u00e0 profit leurs vastes connaissances, leur passion et leur ing\u00e9niosit\u00e9 pour mener \u00e0 bien chaque projet.<\/p>\n<p>Nous entreprenons des projets de services de m\u00e9canique, d\u2019\u00e9lectricit\u00e9, de contr\u00f4le des b\u00e2timents et d\u2019immeubles \u00e0 grande et \u00e0 petite \u00e9chelle. Nous soutenons votre investissement \u00e0 chaque \u00e9tape du processus, de la conception et la livraison \u00e0 l\u2019entretien continu.<\/p>\n<p>Avec Modern Niagara, vous obtenez le r\u00e9sultat que vous recherchez parce que nous accordons la priorit\u00e9 \u00e0 vos besoins.<\/p>\n<h3>Un entrepreneur de qualit\u00e9 sup\u00e9rieure<\/h3>\n<p>\u00c9coutez ce que nos clients et nos employ\u00e9s ont \u00e0 dire sur ce qui distingue Modern Niagara.<\/p>\n<div class=\"video-container\"><iframe class=\"mn-video\" src=\"https:\/\/www.youtube.com\/embed\/qsBMA3r8N98?rel=0\" frameborder=\"0\" allowfullscreen=\"allowfullscreen\"><\/iframe><\/div>\n","protected":false},"excerpt":{"rendered":"<p>Modern Niagara est une esp\u00e8ce rare d\u2019entrepreneur qui offre comp\u00e9tence, souplesse, vaste exp\u00e9rience et expertise approfondie pour r\u00e9aliser des projets selon les directives du client.<\/p>\n","protected":false},"author":1,"featured_media":4817,"parent":3234,"menu_order":1,"comment_status":"closed","ping_status":"closed","template":"","meta":{"_acf_changed":false,"footnotes":""},"class_list":["post-3239","page","type-page","status-publish","has-post-thumbnail","hentry"],"acf":[],"yoast_head":"<!-- This site is optimized with the Yoast SEO plugin v27.3 - https:\/\/yoast.com\/product\/yoast-seo-wordpress\/ -->\n<title>Pourquoi Modern Niagara? | M\u00e9canique, \u00e9lectricit\u00e9, CVC et plomberie<\/title>\n<meta name=\"description\" content=\"Modern Niagara est une esp\u00e8ce rare d\u2019entrepreneur qui offre comp\u00e9tence, souplesse, vaste exp\u00e9rience et expertise approfondie pour r\u00e9aliser des projets selon les directives du client.\" \/>\n<meta name=\"robots\" content=\"index, follow, max-snippet:-1, max-image-preview:large, max-video-preview:-1\" \/>\n<link rel=\"canonical\" href=\"https:\/\/modernniagara.com\/fr\/a-propos-de-modern\/pourquoi-modern-niagara\/\" \/>\n<meta property=\"og:locale\" content=\"fr_FR\" \/>\n<meta property=\"og:type\" content=\"article\" \/>\n<meta property=\"og:title\" content=\"Pourquoi Modern Niagara? | M\u00e9canique, \u00e9lectricit\u00e9, CVC et plomberie\" \/>\n<meta property=\"og:description\" content=\"Modern Niagara est une esp\u00e8ce rare d\u2019entrepreneur qui offre comp\u00e9tence, souplesse, vaste exp\u00e9rience et expertise approfondie pour r\u00e9aliser des projets selon les directives du client.\" \/>\n<meta property=\"og:url\" content=\"https:\/\/modernniagara.com\/fr\/a-propos-de-modern\/pourquoi-modern-niagara\/\" \/>\n<meta property=\"og:site_name\" content=\"Modern Niagara\" \/>\n<meta property=\"article:modified_time\" content=\"2020-08-19T15:16:11+00:00\" \/>\n<meta property=\"og:image\" content=\"https:\/\/modernniagara.com\/wp-content\/uploads\/about_modern_why_modern_niagara_feature_317x195_blue_f.jpg\" \/>\n\t<meta property=\"og:image:width\" content=\"317\" \/>\n\t<meta property=\"og:image:height\" content=\"195\" \/>\n\t<meta property=\"og:image:type\" content=\"image\/jpeg\" \/>\n<meta name=\"twitter:card\" content=\"summary_large_image\" \/>\n<script type=\"application\/ld+json\" class=\"yoast-schema-graph\">{\"@context\":\"https:\\\/\\\/schema.org\",\"@graph\":[{\"@type\":\"WebPage\",\"@id\":\"https:\\\/\\\/modernniagara.com\\\/fr\\\/a-propos-de-modern\\\/pourquoi-modern-niagara\\\/\",\"url\":\"https:\\\/\\\/modernniagara.com\\\/fr\\\/a-propos-de-modern\\\/pourquoi-modern-niagara\\\/\",\"name\":\"Pourquoi Modern Niagara? | M\u00e9canique, \u00e9lectricit\u00e9, CVC et plomberie\",\"isPartOf\":{\"@id\":\"https:\\\/\\\/modernniagara.com\\\/#website\"},\"primaryImageOfPage\":{\"@id\":\"https:\\\/\\\/modernniagara.com\\\/fr\\\/a-propos-de-modern\\\/pourquoi-modern-niagara\\\/#primaryimage\"},\"image\":{\"@id\":\"https:\\\/\\\/modernniagara.com\\\/fr\\\/a-propos-de-modern\\\/pourquoi-modern-niagara\\\/#primaryimage\"},\"thumbnailUrl\":\"https:\\\/\\\/modernniagara.com\\\/wp-content\\\/uploads\\\/about_modern_why_modern_niagara_feature_317x195_blue_f.jpg\",\"datePublished\":\"2020-08-19T14:56:11+00:00\",\"dateModified\":\"2020-08-19T15:16:11+00:00\",\"description\":\"Modern Niagara est une esp\u00e8ce rare d\u2019entrepreneur qui offre comp\u00e9tence, souplesse, vaste exp\u00e9rience et expertise approfondie pour r\u00e9aliser des projets selon les directives du client.\",\"breadcrumb\":{\"@id\":\"https:\\\/\\\/modernniagara.com\\\/fr\\\/a-propos-de-modern\\\/pourquoi-modern-niagara\\\/#breadcrumb\"},\"inLanguage\":\"fr-FR\",\"potentialAction\":[{\"@type\":\"ReadAction\",\"target\":[\"https:\\\/\\\/modernniagara.com\\\/fr\\\/a-propos-de-modern\\\/pourquoi-modern-niagara\\\/\"]}]},{\"@type\":\"ImageObject\",\"inLanguage\":\"fr-FR\",\"@id\":\"https:\\\/\\\/modernniagara.com\\\/fr\\\/a-propos-de-modern\\\/pourquoi-modern-niagara\\\/#primaryimage\",\"url\":\"https:\\\/\\\/modernniagara.com\\\/wp-content\\\/uploads\\\/about_modern_why_modern_niagara_feature_317x195_blue_f.jpg\",\"contentUrl\":\"https:\\\/\\\/modernniagara.com\\\/wp-content\\\/uploads\\\/about_modern_why_modern_niagara_feature_317x195_blue_f.jpg\",\"width\":317,\"height\":195,\"caption\":\"Two Modern Niagara employees in winter gear stand next to a service truck\"},{\"@type\":\"BreadcrumbList\",\"@id\":\"https:\\\/\\\/modernniagara.com\\\/fr\\\/a-propos-de-modern\\\/pourquoi-modern-niagara\\\/#breadcrumb\",\"itemListElement\":[{\"@type\":\"ListItem\",\"position\":1,\"name\":\"Accueil\",\"item\":\"https:\\\/\\\/modernniagara.com\\\/fr\\\/\"},{\"@type\":\"ListItem\",\"position\":2,\"name\":\"\u00c0 propos de Modern\",\"item\":\"https:\\\/\\\/modernniagara.com\\\/fr\\\/a-propos-de-modern\\\/\"},{\"@type\":\"ListItem\",\"position\":3,\"name\":\"Pourquoi Modern Niagara?\"}]},{\"@type\":\"WebSite\",\"@id\":\"https:\\\/\\\/modernniagara.com\\\/#website\",\"url\":\"https:\\\/\\\/modernniagara.com\\\/\",\"name\":\"Modern Niagara\",\"description\":\"\",\"potentialAction\":[{\"@type\":\"SearchAction\",\"target\":{\"@type\":\"EntryPoint\",\"urlTemplate\":\"https:\\\/\\\/modernniagara.com\\\/?s={search_term_string}\"},\"query-input\":{\"@type\":\"PropertyValueSpecification\",\"valueRequired\":true,\"valueName\":\"search_term_string\"}}],\"inLanguage\":\"fr-FR\"}]}<\/script>\n<!-- \/ Yoast SEO plugin. -->","yoast_head_json":{"title":"Pourquoi Modern Niagara? | M\u00e9canique, \u00e9lectricit\u00e9, CVC et plomberie","description":"Modern Niagara est une esp\u00e8ce rare d\u2019entrepreneur qui offre comp\u00e9tence, souplesse, vaste exp\u00e9rience et expertise approfondie pour r\u00e9aliser des projets selon les directives du client.","robots":{"index":"index","follow":"follow","max-snippet":"max-snippet:-1","max-image-preview":"max-image-preview:large","max-video-preview":"max-video-preview:-1"},"canonical":"https:\/\/modernniagara.com\/fr\/a-propos-de-modern\/pourquoi-modern-niagara\/","og_locale":"fr_FR","og_type":"article","og_title":"Pourquoi Modern Niagara? | M\u00e9canique, \u00e9lectricit\u00e9, CVC et plomberie","og_description":"Modern Niagara est une esp\u00e8ce rare d\u2019entrepreneur qui offre comp\u00e9tence, souplesse, vaste exp\u00e9rience et expertise approfondie pour r\u00e9aliser des projets selon les directives du client.","og_url":"https:\/\/modernniagara.com\/fr\/a-propos-de-modern\/pourquoi-modern-niagara\/","og_site_name":"Modern Niagara","article_modified_time":"2020-08-19T15:16:11+00:00","og_image":[{"width":317,"height":195,"url":"https:\/\/modernniagara.com\/wp-content\/uploads\/about_modern_why_modern_niagara_feature_317x195_blue_f.jpg","type":"image\/jpeg"}],"twitter_card":"summary_large_image","schema":{"@context":"https:\/\/schema.org","@graph":[{"@type":"WebPage","@id":"https:\/\/modernniagara.com\/fr\/a-propos-de-modern\/pourquoi-modern-niagara\/","url":"https:\/\/modernniagara.com\/fr\/a-propos-de-modern\/pourquoi-modern-niagara\/","name":"Pourquoi Modern Niagara? | M\u00e9canique, \u00e9lectricit\u00e9, CVC et plomberie","isPartOf":{"@id":"https:\/\/modernniagara.com\/#website"},"primaryImageOfPage":{"@id":"https:\/\/modernniagara.com\/fr\/a-propos-de-modern\/pourquoi-modern-niagara\/#primaryimage"},"image":{"@id":"https:\/\/modernniagara.com\/fr\/a-propos-de-modern\/pourquoi-modern-niagara\/#primaryimage"},"thumbnailUrl":"https:\/\/modernniagara.com\/wp-content\/uploads\/about_modern_why_modern_niagara_feature_317x195_blue_f.jpg","datePublished":"2020-08-19T14:56:11+00:00","dateModified":"2020-08-19T15:16:11+00:00","description":"Modern Niagara est une esp\u00e8ce rare d\u2019entrepreneur qui offre comp\u00e9tence, souplesse, vaste exp\u00e9rience et expertise approfondie pour r\u00e9aliser des projets selon les directives du client.","breadcrumb":{"@id":"https:\/\/modernniagara.com\/fr\/a-propos-de-modern\/pourquoi-modern-niagara\/#breadcrumb"},"inLanguage":"fr-FR","potentialAction":[{"@type":"ReadAction","target":["https:\/\/modernniagara.com\/fr\/a-propos-de-modern\/pourquoi-modern-niagara\/"]}]},{"@type":"ImageObject","inLanguage":"fr-FR","@id":"https:\/\/modernniagara.com\/fr\/a-propos-de-modern\/pourquoi-modern-niagara\/#primaryimage","url":"https:\/\/modernniagara.com\/wp-content\/uploads\/about_modern_why_modern_niagara_feature_317x195_blue_f.jpg","contentUrl":"https:\/\/modernniagara.com\/wp-content\/uploads\/about_modern_why_modern_niagara_feature_317x195_blue_f.jpg","width":317,"height":195,"caption":"Two Modern Niagara employees in winter gear stand next to a service truck"},{"@type":"BreadcrumbList","@id":"https:\/\/modernniagara.com\/fr\/a-propos-de-modern\/pourquoi-modern-niagara\/#breadcrumb","itemListElement":[{"@type":"ListItem","position":1,"name":"Accueil","item":"https:\/\/modernniagara.com\/fr\/"},{"@type":"ListItem","position":2,"name":"\u00c0 propos de Modern","item":"https:\/\/modernniagara.com\/fr\/a-propos-de-modern\/"},{"@type":"ListItem","position":3,"name":"Pourquoi Modern Niagara?"}]},{"@type":"WebSite","@id":"https:\/\/modernniagara.com\/#website","url":"https:\/\/modernniagara.com\/","name":"Modern Niagara","description":"","potentialAction":[{"@type":"SearchAction","target":{"@type":"EntryPoint","urlTemplate":"https:\/\/modernniagara.com\/?s={search_term_string}"},"query-input":{"@type":"PropertyValueSpecification","valueRequired":true,"valueName":"search_term_string"}}],"inLanguage":"fr-FR"}]}},"_links":{"self":[{"href":"https:\/\/modernniagara.com\/fr\/wp-json\/wp\/v2\/pages\/3239","targetHints":{"allow":["GET"]}}],"collection":[{"href":"https:\/\/modernniagara.com\/fr\/wp-json\/wp\/v2\/pages"}],"about":[{"href":"https:\/\/modernniagara.com\/fr\/wp-json\/wp\/v2\/types\/page"}],"author":[{"embeddable":true,"href":"https:\/\/modernniagara.com\/fr\/wp-json\/wp\/v2\/users\/1"}],"replies":[{"embeddable":true,"href":"https:\/\/modernniagara.com\/fr\/wp-json\/wp\/v2\/comments?post=3239"}],"version-history":[{"count":1,"href":"https:\/\/modernniagara.com\/fr\/wp-json\/wp\/v2\/pages\/3239\/revisions"}],"predecessor-version":[{"id":3240,"href":"https:\/\/modernniagara.com\/fr\/wp-json\/wp\/v2\/pages\/3239\/revisions\/3240"}],"up":[{"embeddable":true,"href":"https:\/\/modernniagara.com\/fr\/wp-json\/wp\/v2\/pages\/3234"}],"wp:featuredmedia":[{"embeddable":true,"href":"https:\/\/modernniagara.com\/fr\/wp-json\/wp\/v2\/media\/4817"}],"wp:attachment":[{"href":"https:\/\/modernniagara.com\/fr\/wp-json\/wp\/v2\/media?parent=3239"}],"curies":[{"name":"wp","href":"https:\/\/api.w.org\/{rel}","templated":true}]}}