{"id":3226,"date":"2020-08-18T14:52:11","date_gmt":"2020-08-18T18:52:11","guid":{"rendered":"https:\/\/modernniagara.com\/?page_id=3226"},"modified":"2020-08-24T17:31:38","modified_gmt":"2020-08-24T21:31:38","slug":"projets","status":"publish","type":"page","link":"https:\/\/modernniagara.com\/fr\/projets\/","title":{"rendered":"Projets"},"content":{"rendered":"<h2>Des r\u00e9sultats records<\/h2>\n<p>Nos \u00e9quipes entreprennent des projets de toutes les tailles comportant diff\u00e9rents niveaux de complexit\u00e9, de la conception et la construction au service continu en passant par l\u2019entretien pr\u00e9ventif. Nous avons effectu\u00e9 des travaux sur quelques-uns des principaux b\u00e2timents institutionnels et industriels du Canada.<\/p>\n<p>Utilisez les filtres ci-apr\u00e8s pour consulter nos r\u00e9alisations. Recherche par service ou emplacement.<\/p>\n","protected":false},"excerpt":{"rendered":"<p>Des r\u00e9sultats records Nos \u00e9quipes entreprennent des projets de toutes les tailles comportant diff\u00e9rents niveaux de complexit\u00e9, de la conception et la construction au service continu en passant par l\u2019entretien pr\u00e9ventif. Nous avons effectu\u00e9 des travaux sur quelques-uns des principaux b\u00e2timents institutionnels et industriels du Canada. Utilisez les filtres ci-apr\u00e8s pour consulter nos r\u00e9alisations. Recherche&#8230;  <a class=\"excerpt-read-more\" href=\"https:\/\/modernniagara.com\/fr\/projets\/\" title=\"ReadProjets\">Read more &raquo;<\/a><\/p>\n","protected":false},"author":1,"featured_media":0,"parent":0,"menu_order":3,"comment_status":"closed","ping_status":"closed","template":"page-projects.php","meta":{"_acf_changed":false,"footnotes":""},"class_list":["post-3226","page","type-page","status-publish","hentry"],"acf":[],"yoast_head":"<!-- This site is optimized with the Yoast SEO plugin v27.5 - https:\/\/yoast.com\/product\/yoast-seo-wordpress\/ -->\n<title>Projets - Modern Niagara<\/title>\n<meta name=\"description\" content=\"\u00c0 l\u2019\u00e9chelle nationale, Modern Niagara entreprend des projets de toutes les tailles provenant de tous secteurs. L\u2019entreprise offre des services de conception et de construction ainsi qu\u2019un service d\u2019entretien continu.\" \/>\n<meta name=\"robots\" content=\"index, follow, max-snippet:-1, max-image-preview:large, max-video-preview:-1\" \/>\n<link rel=\"canonical\" href=\"https:\/\/modernniagara.com\/fr\/projets\/\" \/>\n<meta property=\"og:locale\" content=\"fr_FR\" \/>\n<meta property=\"og:type\" content=\"article\" \/>\n<meta property=\"og:title\" content=\"Projets - Modern Niagara\" \/>\n<meta property=\"og:description\" content=\"\u00c0 l\u2019\u00e9chelle nationale, Modern Niagara entreprend des projets de toutes les tailles provenant de tous secteurs. L\u2019entreprise offre des services de conception et de construction ainsi qu\u2019un service d\u2019entretien continu.\" \/>\n<meta property=\"og:url\" content=\"https:\/\/modernniagara.com\/fr\/projets\/\" \/>\n<meta property=\"og:site_name\" content=\"Modern Niagara\" \/>\n<meta property=\"article:modified_time\" content=\"2020-08-24T21:31:38+00:00\" \/>\n<meta name=\"twitter:card\" content=\"summary_large_image\" \/>\n<script type=\"application\/ld+json\" class=\"yoast-schema-graph\">{\"@context\":\"https:\\\/\\\/schema.org\",\"@graph\":[{\"@type\":\"WebPage\",\"@id\":\"https:\\\/\\\/modernniagara.com\\\/fr\\\/projets\\\/\",\"url\":\"https:\\\/\\\/modernniagara.com\\\/fr\\\/projets\\\/\",\"name\":\"Projets - Modern Niagara\",\"isPartOf\":{\"@id\":\"https:\\\/\\\/modernniagara.com\\\/#website\"},\"datePublished\":\"2020-08-18T18:52:11+00:00\",\"dateModified\":\"2020-08-24T21:31:38+00:00\",\"description\":\"\u00c0 l\u2019\u00e9chelle nationale, Modern Niagara entreprend des projets de toutes les tailles provenant de tous secteurs. L\u2019entreprise offre des services de conception et de construction ainsi qu\u2019un service d\u2019entretien continu.\",\"breadcrumb\":{\"@id\":\"https:\\\/\\\/modernniagara.com\\\/fr\\\/projets\\\/#breadcrumb\"},\"inLanguage\":\"fr-FR\",\"potentialAction\":[{\"@type\":\"ReadAction\",\"target\":[\"https:\\\/\\\/modernniagara.com\\\/fr\\\/projets\\\/\"]}]},{\"@type\":\"BreadcrumbList\",\"@id\":\"https:\\\/\\\/modernniagara.com\\\/fr\\\/projets\\\/#breadcrumb\",\"itemListElement\":[{\"@type\":\"ListItem\",\"position\":1,\"name\":\"Accueil\",\"item\":\"https:\\\/\\\/modernniagara.com\\\/fr\\\/\"},{\"@type\":\"ListItem\",\"position\":2,\"name\":\"Projets\"}]},{\"@type\":\"WebSite\",\"@id\":\"https:\\\/\\\/modernniagara.com\\\/#website\",\"url\":\"https:\\\/\\\/modernniagara.com\\\/\",\"name\":\"Modern Niagara\",\"description\":\"\",\"potentialAction\":[{\"@type\":\"SearchAction\",\"target\":{\"@type\":\"EntryPoint\",\"urlTemplate\":\"https:\\\/\\\/modernniagara.com\\\/?s={search_term_string}\"},\"query-input\":{\"@type\":\"PropertyValueSpecification\",\"valueRequired\":true,\"valueName\":\"search_term_string\"}}],\"inLanguage\":\"fr-FR\"}]}<\/script>\n<!-- \/ Yoast SEO plugin. -->","yoast_head_json":{"title":"Projets - Modern Niagara","description":"\u00c0 l\u2019\u00e9chelle nationale, Modern Niagara entreprend des projets de toutes les tailles provenant de tous secteurs. L\u2019entreprise offre des services de conception et de construction ainsi qu\u2019un service d\u2019entretien continu.","robots":{"index":"index","follow":"follow","max-snippet":"max-snippet:-1","max-image-preview":"max-image-preview:large","max-video-preview":"max-video-preview:-1"},"canonical":"https:\/\/modernniagara.com\/fr\/projets\/","og_locale":"fr_FR","og_type":"article","og_title":"Projets - Modern Niagara","og_description":"\u00c0 l\u2019\u00e9chelle nationale, Modern Niagara entreprend des projets de toutes les tailles provenant de tous secteurs. L\u2019entreprise offre des services de conception et de construction ainsi qu\u2019un service d\u2019entretien continu.","og_url":"https:\/\/modernniagara.com\/fr\/projets\/","og_site_name":"Modern Niagara","article_modified_time":"2020-08-24T21:31:38+00:00","twitter_card":"summary_large_image","schema":{"@context":"https:\/\/schema.org","@graph":[{"@type":"WebPage","@id":"https:\/\/modernniagara.com\/fr\/projets\/","url":"https:\/\/modernniagara.com\/fr\/projets\/","name":"Projets - Modern Niagara","isPartOf":{"@id":"https:\/\/modernniagara.com\/#website"},"datePublished":"2020-08-18T18:52:11+00:00","dateModified":"2020-08-24T21:31:38+00:00","description":"\u00c0 l\u2019\u00e9chelle nationale, Modern Niagara entreprend des projets de toutes les tailles provenant de tous secteurs. L\u2019entreprise offre des services de conception et de construction ainsi qu\u2019un service d\u2019entretien continu.","breadcrumb":{"@id":"https:\/\/modernniagara.com\/fr\/projets\/#breadcrumb"},"inLanguage":"fr-FR","potentialAction":[{"@type":"ReadAction","target":["https:\/\/modernniagara.com\/fr\/projets\/"]}]},{"@type":"BreadcrumbList","@id":"https:\/\/modernniagara.com\/fr\/projets\/#breadcrumb","itemListElement":[{"@type":"ListItem","position":1,"name":"Accueil","item":"https:\/\/modernniagara.com\/fr\/"},{"@type":"ListItem","position":2,"name":"Projets"}]},{"@type":"WebSite","@id":"https:\/\/modernniagara.com\/#website","url":"https:\/\/modernniagara.com\/","name":"Modern Niagara","description":"","potentialAction":[{"@type":"SearchAction","target":{"@type":"EntryPoint","urlTemplate":"https:\/\/modernniagara.com\/?s={search_term_string}"},"query-input":{"@type":"PropertyValueSpecification","valueRequired":true,"valueName":"search_term_string"}}],"inLanguage":"fr-FR"}]}},"_links":{"self":[{"href":"https:\/\/modernniagara.com\/fr\/wp-json\/wp\/v2\/pages\/3226","targetHints":{"allow":["GET"]}}],"collection":[{"href":"https:\/\/modernniagara.com\/fr\/wp-json\/wp\/v2\/pages"}],"about":[{"href":"https:\/\/modernniagara.com\/fr\/wp-json\/wp\/v2\/types\/page"}],"author":[{"embeddable":true,"href":"https:\/\/modernniagara.com\/fr\/wp-json\/wp\/v2\/users\/1"}],"replies":[{"embeddable":true,"href":"https:\/\/modernniagara.com\/fr\/wp-json\/wp\/v2\/comments?post=3226"}],"version-history":[{"count":5,"href":"https:\/\/modernniagara.com\/fr\/wp-json\/wp\/v2\/pages\/3226\/revisions"}],"predecessor-version":[{"id":3589,"href":"https:\/\/modernniagara.com\/fr\/wp-json\/wp\/v2\/pages\/3226\/revisions\/3589"}],"wp:attachment":[{"href":"https:\/\/modernniagara.com\/fr\/wp-json\/wp\/v2\/media?parent=3226"}],"curies":[{"name":"wp","href":"https:\/\/api.w.org\/{rel}","templated":true}]}}